{"id":9447,"date":"2023-09-06T15:45:49","date_gmt":"2023-09-06T15:45:49","guid":{"rendered":"http:\/\/elixirdivers.com\/about\/"},"modified":"2023-09-24T03:50:46","modified_gmt":"2023-09-24T03:50:46","slug":"o-nas","status":"publish","type":"page","link":"https:\/\/elixirdivers.com\/cs\/o-nas\/","title":{"rendered":"O n\u00e1s"},"content":{"rendered":"<section class=\"wpb-content-wrapper\"><p>[vc_row el_class=&#8220;st-become-feature-wrapper text-center&#8220;][vc_column][vc_empty_space height=&#8220;60px&#8220;][vc_column_text]<\/p>\n<h2 style=\"text-align: center;\">O \u010dem byste se cht\u011bli dozv\u011bd\u011bt v\u00edce?<\/h2>\n<p>[\/vc_column_text][vc_empty_space height=&#8220;15px&#8220;][vc_row_inner el_class=&#8220;st-become-feature text-center&#8220;][vc_column_inner el_class=&#8220;column1&#8243; width=&#8220;1\/3&#8243;][vc_single_image image=&#8220;8413&#8243; img_size=&#8220;medium&#8220; alignment=&#8220;center&#8220; onclick=&#8220;custom_link&#8220; link=&#8220;https:\/\/www.elixirdivers.com\/about\/elixir-divers\/&#8220;][vc_column_text]<\/p>\n<h3>About Elixir Divers<\/h3>\n<p>Founded in 2004, Elixir Divers has grown on Koh Yao Yai, a hidden treasure of the region. Over the years, we&#8217;ve built a trusted dive shop that reflects the beauty of our location.[\/vc_column_text][vc_btn title=&#8220;More information&#8220; style=&#8220;flat&#8220; color=&#8220;primary&#8220; size=&#8220;sm&#8220; link=&#8220;url:%2Fabout%2Felixir-divers%2F&#8220;][\/vc_column_inner][vc_column_inner width=&#8220;1\/3&#8243;][vc_single_image image=&#8220;8404&#8243; img_size=&#8220;medium&#8220; alignment=&#8220;center&#8220; onclick=&#8220;custom_link&#8220; link=&#8220;https:\/\/www.elixirdivers.com\/about\/our-speedboats\/&#8220;][vc_column_text]<\/p>\n<h3>About Our Speedboats<\/h3>\n<p>Find out more about the advantages of diving from a speedboat.[\/vc_column_text][vc_btn title=&#8220;More information&#8220; style=&#8220;flat&#8220; color=&#8220;primary&#8220; size=&#8220;sm&#8220; link=&#8220;url:%2Fabout%2Four-speedboats%2F&#8220;][\/vc_column_inner][vc_column_inner width=&#8220;1\/3&#8243;][vc_single_image image=&#8220;8540&#8243; img_size=&#8220;medium&#8220; alignment=&#8220;center&#8220; onclick=&#8220;custom_link&#8220; link=&#8220;https:\/\/www.elixirdivers.com\/about\/koh-yao-yai\/&#8220;][vc_column_text]<\/p>\n<h3>About Koh Yao Yai<\/h3>\n<p>Find out more about the Yao Yai island.[\/vc_column_text][vc_btn title=&#8220;More information&#8220; style=&#8220;flat&#8220; color=&#8220;primary&#8220; size=&#8220;sm&#8220; link=&#8220;url:http%3A%2F%2Felixirdivers.com%2Fabout%2Fkoh-yao-yai%2F&#8220;][\/vc_column_inner][\/vc_row_inner][vc_empty_space height=&#8220;60px&#8220;][\/vc_column][\/vc_row]<\/p>\n<\/section>","protected":false},"excerpt":{"rendered":"<p>[vc_row el_class=&#8220;st-become-feature-wrapper text-center&#8220;][vc_column][vc_empty_space height=&#8220;60px&#8220;][vc_column_text] O \u010dem byste se cht\u011bli dozv\u011bd\u011bt v\u00edce? [\/vc_column_text][vc_empty_space height=&#8220;15px&#8220;][vc_row_inner el_class=&#8220;st-become-feature text-center&#8220;][vc_column_inner el_class=&#8220;column1&#8243; width=&#8220;1\/3&#8243;][vc_single_image image=&#8220;8413&#8243; img_size=&#8220;medium&#8220; alignment=&#8220;center&#8220; onclick=&#8220;custom_link&#8220; link=&#8220;https:\/\/www.elixirdivers.com\/about\/elixir-divers\/&#8220;][vc_column_text] About Elixir Divers Founded in 2004, Elixir Divers has grown on Koh Yao Yai, a hidden treasure of the region. Over the years, we&#8217;ve built a trusted dive shop that reflects the beauty [&hellip;]<\/p>\n","protected":false},"author":1,"featured_media":9399,"parent":0,"menu_order":0,"comment_status":"closed","ping_status":"closed","template":"template-home-modern.php","meta":{"footnotes":""},"class_list":["post-9447","page","type-page","status-publish","has-post-thumbnail","hentry"],"yoast_head":"<!-- This site is optimized with the Yoast SEO plugin v26.8 - https:\/\/yoast.com\/product\/yoast-seo-wordpress\/ -->\n<title>O n\u00e1s - Elixir Divers<\/title>\n<meta name=\"robots\" content=\"index, follow, max-snippet:-1, max-image-preview:large, max-video-preview:-1\" \/>\n<link rel=\"canonical\" href=\"https:\/\/elixirdivers.com\/cs\/o-nas\/\" \/>\n<meta property=\"og:locale\" content=\"cs_CZ\" \/>\n<meta property=\"og:type\" content=\"article\" \/>\n<meta property=\"og:title\" content=\"O n\u00e1s - Elixir Divers\" \/>\n<meta property=\"og:description\" content=\"[vc_row el_class=&#8220;st-become-feature-wrapper text-center&#8220;][vc_column][vc_empty_space height=&#8220;60px&#8220;][vc_column_text] O \u010dem byste se cht\u011bli dozv\u011bd\u011bt v\u00edce? [\/vc_column_text][vc_empty_space height=&#8220;15px&#8220;][vc_row_inner el_class=&#8220;st-become-feature text-center&#8220;][vc_column_inner el_class=&#8220;column1&#8243; width=&#8220;1\/3&#8243;][vc_single_image image=&#8220;8413&#8243; img_size=&#8220;medium&#8220; alignment=&#8220;center&#8220; onclick=&#8220;custom_link&#8220; link=&#8220;https:\/\/www.elixirdivers.com\/about\/elixir-divers\/&#8220;][vc_column_text] About Elixir Divers Founded in 2004, Elixir Divers has grown on Koh Yao Yai, a hidden treasure of the region. Over the years, we&#8217;ve built a trusted dive shop that reflects the beauty [&hellip;]\" \/>\n<meta property=\"og:url\" content=\"https:\/\/elixirdivers.com\/cs\/o-nas\/\" \/>\n<meta property=\"og:site_name\" content=\"Elixir Divers\" \/>\n<meta property=\"article:publisher\" content=\"https:\/\/www.facebook.com\/Elixir.Divers\/\" \/>\n<meta property=\"article:modified_time\" content=\"2023-09-24T03:50:46+00:00\" \/>\n<meta property=\"og:image\" content=\"https:\/\/elixirdivers.com\/wp-content\/uploads\/2023\/08\/padi-open-water-diver-course.jpg\" \/>\n\t<meta property=\"og:image:width\" content=\"1200\" \/>\n\t<meta property=\"og:image:height\" content=\"684\" \/>\n\t<meta property=\"og:image:type\" content=\"image\/jpeg\" \/>\n<meta name=\"twitter:card\" content=\"summary_large_image\" \/>\n<meta name=\"twitter:label1\" content=\"Odhadovan\u00e1 doba \u010dten\u00ed\" \/>\n\t<meta name=\"twitter:data1\" content=\"1 minuta\" \/>\n<script type=\"application\/ld+json\" class=\"yoast-schema-graph\">{\"@context\":\"https:\/\/schema.org\",\"@graph\":[{\"@type\":\"WebPage\",\"@id\":\"https:\/\/elixirdivers.com\/cs\/o-nas\/\",\"url\":\"https:\/\/elixirdivers.com\/cs\/o-nas\/\",\"name\":\"O n\u00e1s - Elixir Divers\",\"isPartOf\":{\"@id\":\"https:\/\/elixirdivers.com\/#website\"},\"primaryImageOfPage\":{\"@id\":\"https:\/\/elixirdivers.com\/cs\/o-nas\/#primaryimage\"},\"image\":{\"@id\":\"https:\/\/elixirdivers.com\/cs\/o-nas\/#primaryimage\"},\"thumbnailUrl\":\"https:\/\/elixirdivers.com\/wp-content\/uploads\/2023\/08\/padi-open-water-diver-course.jpg\",\"datePublished\":\"2023-09-06T15:45:49+00:00\",\"dateModified\":\"2023-09-24T03:50:46+00:00\",\"breadcrumb\":{\"@id\":\"https:\/\/elixirdivers.com\/cs\/o-nas\/#breadcrumb\"},\"inLanguage\":\"cs\",\"potentialAction\":[{\"@type\":\"ReadAction\",\"target\":[\"https:\/\/elixirdivers.com\/cs\/o-nas\/\"]}]},{\"@type\":\"ImageObject\",\"inLanguage\":\"cs\",\"@id\":\"https:\/\/elixirdivers.com\/cs\/o-nas\/#primaryimage\",\"url\":\"https:\/\/elixirdivers.com\/wp-content\/uploads\/2023\/08\/padi-open-water-diver-course.jpg\",\"contentUrl\":\"https:\/\/elixirdivers.com\/wp-content\/uploads\/2023\/08\/padi-open-water-diver-course.jpg\",\"width\":1200,\"height\":684},{\"@type\":\"BreadcrumbList\",\"@id\":\"https:\/\/elixirdivers.com\/cs\/o-nas\/#breadcrumb\",\"itemListElement\":[{\"@type\":\"ListItem\",\"position\":1,\"name\":\"Home\",\"item\":\"https:\/\/elixirdivers.com\/cs\/\"},{\"@type\":\"ListItem\",\"position\":2,\"name\":\"O n\u00e1s\"}]},{\"@type\":\"WebSite\",\"@id\":\"https:\/\/elixirdivers.com\/#website\",\"url\":\"https:\/\/elixirdivers.com\/\",\"name\":\"Elixir Divers\",\"description\":\"\",\"publisher\":{\"@id\":\"https:\/\/elixirdivers.com\/#organization\"},\"potentialAction\":[{\"@type\":\"SearchAction\",\"target\":{\"@type\":\"EntryPoint\",\"urlTemplate\":\"https:\/\/elixirdivers.com\/?s={search_term_string}\"},\"query-input\":{\"@type\":\"PropertyValueSpecification\",\"valueRequired\":true,\"valueName\":\"search_term_string\"}}],\"inLanguage\":\"cs\"},{\"@type\":\"Organization\",\"@id\":\"https:\/\/elixirdivers.com\/#organization\",\"name\":\"Elixir Divers\",\"url\":\"https:\/\/elixirdivers.com\/\",\"logo\":{\"@type\":\"ImageObject\",\"inLanguage\":\"cs\",\"@id\":\"https:\/\/elixirdivers.com\/#\/schema\/logo\/image\/\",\"url\":\"https:\/\/elixirdivers.com\/wp-content\/uploads\/2018\/12\/elixirdivers-logo-blue-1.svg\",\"contentUrl\":\"https:\/\/elixirdivers.com\/wp-content\/uploads\/2018\/12\/elixirdivers-logo-blue-1.svg\",\"width\":800,\"height\":314,\"caption\":\"Elixir Divers\"},\"image\":{\"@id\":\"https:\/\/elixirdivers.com\/#\/schema\/logo\/image\/\"},\"sameAs\":[\"https:\/\/www.facebook.com\/Elixir.Divers\/\",\"https:\/\/www.instagram.com\/elixirdivers\/\",\"https:\/\/www.youtube.com\/@elixirdivers\"]}]}<\/script>\n<!-- \/ Yoast SEO plugin. -->","yoast_head_json":{"title":"O n\u00e1s - Elixir Divers","robots":{"index":"index","follow":"follow","max-snippet":"max-snippet:-1","max-image-preview":"max-image-preview:large","max-video-preview":"max-video-preview:-1"},"canonical":"https:\/\/elixirdivers.com\/cs\/o-nas\/","og_locale":"cs_CZ","og_type":"article","og_title":"O n\u00e1s - Elixir Divers","og_description":"[vc_row el_class=&#8220;st-become-feature-wrapper text-center&#8220;][vc_column][vc_empty_space height=&#8220;60px&#8220;][vc_column_text] O \u010dem byste se cht\u011bli dozv\u011bd\u011bt v\u00edce? [\/vc_column_text][vc_empty_space height=&#8220;15px&#8220;][vc_row_inner el_class=&#8220;st-become-feature text-center&#8220;][vc_column_inner el_class=&#8220;column1&#8243; width=&#8220;1\/3&#8243;][vc_single_image image=&#8220;8413&#8243; img_size=&#8220;medium&#8220; alignment=&#8220;center&#8220; onclick=&#8220;custom_link&#8220; link=&#8220;https:\/\/www.elixirdivers.com\/about\/elixir-divers\/&#8220;][vc_column_text] About Elixir Divers Founded in 2004, Elixir Divers has grown on Koh Yao Yai, a hidden treasure of the region. Over the years, we&#8217;ve built a trusted dive shop that reflects the beauty [&hellip;]","og_url":"https:\/\/elixirdivers.com\/cs\/o-nas\/","og_site_name":"Elixir Divers","article_publisher":"https:\/\/www.facebook.com\/Elixir.Divers\/","article_modified_time":"2023-09-24T03:50:46+00:00","og_image":[{"width":1200,"height":684,"url":"https:\/\/elixirdivers.com\/wp-content\/uploads\/2023\/08\/padi-open-water-diver-course.jpg","type":"image\/jpeg"}],"twitter_card":"summary_large_image","twitter_misc":{"Odhadovan\u00e1 doba \u010dten\u00ed":"1 minuta"},"schema":{"@context":"https:\/\/schema.org","@graph":[{"@type":"WebPage","@id":"https:\/\/elixirdivers.com\/cs\/o-nas\/","url":"https:\/\/elixirdivers.com\/cs\/o-nas\/","name":"O n\u00e1s - Elixir Divers","isPartOf":{"@id":"https:\/\/elixirdivers.com\/#website"},"primaryImageOfPage":{"@id":"https:\/\/elixirdivers.com\/cs\/o-nas\/#primaryimage"},"image":{"@id":"https:\/\/elixirdivers.com\/cs\/o-nas\/#primaryimage"},"thumbnailUrl":"https:\/\/elixirdivers.com\/wp-content\/uploads\/2023\/08\/padi-open-water-diver-course.jpg","datePublished":"2023-09-06T15:45:49+00:00","dateModified":"2023-09-24T03:50:46+00:00","breadcrumb":{"@id":"https:\/\/elixirdivers.com\/cs\/o-nas\/#breadcrumb"},"inLanguage":"cs","potentialAction":[{"@type":"ReadAction","target":["https:\/\/elixirdivers.com\/cs\/o-nas\/"]}]},{"@type":"ImageObject","inLanguage":"cs","@id":"https:\/\/elixirdivers.com\/cs\/o-nas\/#primaryimage","url":"https:\/\/elixirdivers.com\/wp-content\/uploads\/2023\/08\/padi-open-water-diver-course.jpg","contentUrl":"https:\/\/elixirdivers.com\/wp-content\/uploads\/2023\/08\/padi-open-water-diver-course.jpg","width":1200,"height":684},{"@type":"BreadcrumbList","@id":"https:\/\/elixirdivers.com\/cs\/o-nas\/#breadcrumb","itemListElement":[{"@type":"ListItem","position":1,"name":"Home","item":"https:\/\/elixirdivers.com\/cs\/"},{"@type":"ListItem","position":2,"name":"O n\u00e1s"}]},{"@type":"WebSite","@id":"https:\/\/elixirdivers.com\/#website","url":"https:\/\/elixirdivers.com\/","name":"Elixir Divers","description":"","publisher":{"@id":"https:\/\/elixirdivers.com\/#organization"},"potentialAction":[{"@type":"SearchAction","target":{"@type":"EntryPoint","urlTemplate":"https:\/\/elixirdivers.com\/?s={search_term_string}"},"query-input":{"@type":"PropertyValueSpecification","valueRequired":true,"valueName":"search_term_string"}}],"inLanguage":"cs"},{"@type":"Organization","@id":"https:\/\/elixirdivers.com\/#organization","name":"Elixir Divers","url":"https:\/\/elixirdivers.com\/","logo":{"@type":"ImageObject","inLanguage":"cs","@id":"https:\/\/elixirdivers.com\/#\/schema\/logo\/image\/","url":"https:\/\/elixirdivers.com\/wp-content\/uploads\/2018\/12\/elixirdivers-logo-blue-1.svg","contentUrl":"https:\/\/elixirdivers.com\/wp-content\/uploads\/2018\/12\/elixirdivers-logo-blue-1.svg","width":800,"height":314,"caption":"Elixir Divers"},"image":{"@id":"https:\/\/elixirdivers.com\/#\/schema\/logo\/image\/"},"sameAs":["https:\/\/www.facebook.com\/Elixir.Divers\/","https:\/\/www.instagram.com\/elixirdivers\/","https:\/\/www.youtube.com\/@elixirdivers"]}]}},"jetpack_sharing_enabled":true,"_links":{"self":[{"href":"https:\/\/elixirdivers.com\/cs\/wp-json\/wp\/v2\/pages\/9447","targetHints":{"allow":["GET"]}}],"collection":[{"href":"https:\/\/elixirdivers.com\/cs\/wp-json\/wp\/v2\/pages"}],"about":[{"href":"https:\/\/elixirdivers.com\/cs\/wp-json\/wp\/v2\/types\/page"}],"author":[{"embeddable":true,"href":"https:\/\/elixirdivers.com\/cs\/wp-json\/wp\/v2\/users\/1"}],"replies":[{"embeddable":true,"href":"https:\/\/elixirdivers.com\/cs\/wp-json\/wp\/v2\/comments?post=9447"}],"version-history":[{"count":2,"href":"https:\/\/elixirdivers.com\/cs\/wp-json\/wp\/v2\/pages\/9447\/revisions"}],"predecessor-version":[{"id":9476,"href":"https:\/\/elixirdivers.com\/cs\/wp-json\/wp\/v2\/pages\/9447\/revisions\/9476"}],"wp:featuredmedia":[{"embeddable":true,"href":"https:\/\/elixirdivers.com\/cs\/wp-json\/wp\/v2\/media\/9399"}],"wp:attachment":[{"href":"https:\/\/elixirdivers.com\/cs\/wp-json\/wp\/v2\/media?parent=9447"}],"curies":[{"name":"wp","href":"https:\/\/api.w.org\/{rel}","templated":true}]}}