{"id":9449,"date":"2018-12-10T03:06:47","date_gmt":"2018-12-10T03:06:47","guid":{"rendered":"http:\/\/elixirdivers.com\/about\/elixir-divers\/"},"modified":"2024-01-24T05:22:24","modified_gmt":"2024-01-24T05:22:24","slug":"elixir-divers","status":"publish","type":"page","link":"https:\/\/elixirdivers.com\/cs\/o-nas\/elixir-divers\/","title":{"rendered":"O Elixir Divers"},"content":{"rendered":"<section class=\"wpb-content-wrapper\"><p>[vc_row][vc_column][vc_empty_space height=&#8220;60px&#8220;][\/vc_column][\/vc_row][vc_row][vc_column width=&#8220;1\/2&#8243;][vc_single_image image=&#8220;9712&#8243; img_size=&#8220;full&#8220; alignment=&#8220;center&#8220; css_animation=&#8220;none&#8220;][vc_column_text el_class=&#8220;st-aboutus-title&#8220;]<\/p>\n<h3>N\u00e1\u0161 p\u0159\u00edb\u011bh<\/h3>\n<p>[\/vc_column_text][vc_column_text el_class=&#8220;st-aboutus-content&#8220;]Pot\u00e1p\u011b\u010dsk\u00e9 centrum a cestovn\u00ed agentura Elixir Divers, zalo\u017een\u00e9 v roce 2004 na ostrov\u011b Koh Yao Yai, bylo prvn\u00edm \u010desk\u00fdm pot\u00e1p\u011b\u010dsk\u00fdm centrem v Thajsku. Jeho zakladatel, instruktor Martin Vrti\u0161ka z pra\u017esk\u00e9 pot\u00e1p\u011b\u010dsk\u00e9 \u0161koly Happy Divers otev\u0159el centrum v r\u00e1mci prostor tehdy nov\u00e9ho Elixir resortu, se kter\u00fdm n\u00e1s dodnes spojuje stejn\u00e9 jm\u00e9no a \u00fazk\u00e1 spolupr\u00e1ce. V t\u00e9 dob\u011b to byl jen druh\u00fd resort na ostrov\u011b. Koh Yao Yai za\u010dali objevovat pot\u00e1p\u011b\u010di z \u010cech a Slovenska. Dnes u\u017e je na\u0161e klientela mezin\u00e1rodn\u00ed a pestr\u00e1. Od roku 2010 postupn\u011b p\u0159ibyli i sloven\u0161t\u00ed spolumajitel\u00e9 spole\u010dnosti. Od roku 2016 s\u00eddl\u00edme ve vesnici Phrunai a jsme dlouh\u00e1 l\u00e9ta sou\u010d\u00e1st\u00ed m\u00edstn\u00ed muslimsk\u00e9 komunity. Dodnes zde \u017eije a podnik\u00e1 jen p\u00e1r lid\u00ed ze zahrani\u010d\u00ed, co\u017e je v Thajsku raritou. Tento ostrov je skryt\u00fd poklad Andamansk\u00e9ho mo\u0159e a Phang Nga z\u00e1livu. V nejbli\u017e\u0161\u00ed dek\u00e1d\u011b ostrov \u010dekaj\u00ed velk\u00e9 zm\u011bny a rozvoj. Vy m\u00e1te \u0161anci ho poznat d\u00edky n\u00e1m u\u017e dnes. T\u011b\u0161\u00edme se na va\u0161i n\u00e1v\u0161t\u011bvu.[\/vc_column_text][vc_empty_space height=&#8220;30px&#8220;][\/vc_column][vc_column width=&#8220;1\/2&#8243;][vc_single_image image=&#8220;8545&#8243; img_size=&#8220;full&#8220; alignment=&#8220;center&#8220; css_animation=&#8220;none&#8220;][vc_column_text el_class=&#8220;st-aboutus-title&#8220;]<\/p>\n<h3>Na\u0161e mise<\/h3>\n<p>[\/vc_column_text][vc_column_text el_class=&#8220;st-aboutus-content&#8220;]Elixir Divers chce p\u0159in\u00e1\u0161et \u010desk\u00fdm a slovensk\u00fdm pot\u00e1p\u011b\u010d\u016fm a turist\u016fm ty nejlep\u0161\u00ed z\u00e1\u017eitky z pot\u00e1p\u011bn\u00ed a \u0161norchlov\u00e1n\u00ed na kr\u00e1sn\u00fdch m\u00edstech Andamansk\u00e9ho mo\u0159e. Cestov\u00e1n\u00ed s n\u00e1mi je v\u017edy o priv\u00e1tn\u00ed zku\u0161enosti a kvalit\u011b slu\u017eeb od luxusn\u00edch minivan\u016f pro transfery a\u017e po na\u0161i kr\u00e1snou lo\u010f.<\/p>\n<p>Kam do Thajska zn\u00ed \u010dasto ot\u00e1zka cestovatel\u016f? Jako m\u00edstn\u00ed cestovn\u00ed agentura v Thajsku p\u0159in\u00e1\u0161\u00edme dovolenou v Thajsku s autentick\u00fdmi z\u00e1\u017eitky a nab\u00edz\u00edme klient\u016fm kompletn\u00ed itiner\u00e1\u0159e sestaven\u00e9 na m\u00edru as osobn\u00edm p\u0159\u00edstupem. V\u017edy se sna\u017e\u00edme lidem poradit a splnit jejich individu\u00e1ln\u00ed po\u017eadavky a p\u0159edstavy.<\/p>\n<p>Disponujeme v\u0161emi thajsk\u00fdmi \u00fa\u0159edn\u00edmi licencemi a poji\u0161t\u011bn\u00edmi.<\/p>\n<p>Organizujeme skupinov\u00e9 z\u00e1jezdy na sever Thajska, do Bangkoku \u010di Kambo\u010f\u017ee.[\/vc_column_text][vc_empty_space height=&#8220;30px&#8220;][\/vc_column][\/vc_row][vc_row][vc_column][vc_empty_space height=&#8220;20px&#8220;]<div class=\"st-list-statistic\"><div class=\"row\">            <div class=\"col-md-3 col-sm-6\">\r\n                <div class=\"item-wrapper\">\r\n                    <div class=\"item\">\r\n                        <div class=\"front\">\r\n                            <div class=\"inner\">\r\n                                <h4>19+<\/h4>\r\n                                <p class=\"sub-text\">let zku\u0161enosti<\/p>\r\n                            <\/div>\r\n                        <\/div>\r\n                        <div class=\"end\">\r\n                            <p class=\"desc\">V okol\u00ed Koh Yao Yai se pot\u00e1p\u00edme od roku 2004.<\/p>\r\n                        <\/div>\r\n                    <\/div>\r\n                <\/div>\r\n            <\/div>\r\n                        <div class=\"col-md-3 col-sm-6\">\r\n                <div class=\"item-wrapper\">\r\n                    <div class=\"item\">\r\n                        <div class=\"front\">\r\n                            <div class=\"inner\">\r\n                                <h4>2<\/h4>\r\n                                <p class=\"sub-text\">\u010desk\u00e9 instruktory<\/p>\r\n                            <\/div>\r\n                        <\/div>\r\n                        <div class=\"end\">\r\n                            <p class=\"desc\">...<\/p>\r\n                        <\/div>\r\n                    <\/div>\r\n                <\/div>\r\n            <\/div>\r\n                        <div class=\"col-md-3 col-sm-6\">\r\n                <div class=\"item-wrapper\">\r\n                    <div class=\"item\">\r\n                        <div class=\"front\">\r\n                            <div class=\"inner\">\r\n                                <h4>4000+<\/h4>\r\n                                <p class=\"sub-text\">ponor\u016f<\/p>\r\n                            <\/div>\r\n                        <\/div>\r\n                        <div class=\"end\">\r\n                            <p class=\"desc\">Na\u0161i instrukto\u0159i maj\u00ed dohromady v\u00edce ne\u017e \u010dty\u0159i tis\u00edce ponor\u016f.<\/p>\r\n                        <\/div>\r\n                    <\/div>\r\n                <\/div>\r\n            <\/div>\r\n                        <div class=\"col-md-3 col-sm-6\">\r\n                <div class=\"item-wrapper\">\r\n                    <div class=\"item\">\r\n                        <div class=\"front\">\r\n                            <div class=\"inner\">\r\n                                <h4>500+<\/h4>\r\n                                <p class=\"sub-text\">v\u00edce ne\u017e 500 spokojen\u00fdch pot\u00e1p\u011b\u010d\u016f z \u010cesk\u00e9 republiky<\/p>\r\n                            <\/div>\r\n                        <\/div>\r\n                        <div class=\"end\">\r\n                            <p class=\"desc\">...<\/p>\r\n                        <\/div>\r\n                    <\/div>\r\n                <\/div>\r\n            <\/div>\r\n            <\/div><\/div>[vc_empty_space height=&#8220;65px&#8220;]<div class=\"st-aboutus-info\">\r\n        <p class=\"message\">\"Jsme hrd\u00ed na to, \u017ee jsme nejd\u00e9le funguj\u00edc\u00edm \u010desk\u00fdm pot\u00e1p\u011b\u010dsk\u00fdm centrem v Thajsku a m\u016f\u017eeme poskytovat slu\u017eby na\u0161im krajan\u016fm.\"<\/p>\r\n        <img decoding=\"async\" src=\"https:\/\/elixirdivers.com\/wp-content\/uploads\/2024\/01\/Elixir-Divers-owner.jpeg\" alt=\"O Elixir Divers\"\/>            <p class=\"name\">Igor B\u00e1lint<\/p>\r\n                <p class=\"pos\">Majitel<\/p>\r\n    <\/div>[vc_empty_space height=&#8220;65px&#8220;][\/vc_column][\/vc_row][vc_row full_width=&#8220;stretch_row_content_no_spaces&#8220; row_fullwidth=&#8220;yes&#8220;][vc_column css=&#8220;.vc_custom_1543386510262{padding-right: 0px !important;padding-left: 0px !important;}&#8220;]<div class=\"st-aboutus-gallery\">\r\n            <div class=\"st-flickity st-gallery\">\r\n            <div class=\"carousel\"\r\n                 data-flickity='{ \"wrapAround\": true, \"pageDots\": true , \"autoPlay\" : true}'>\r\n                                    <div class=\"item\" style=\"background-image: url('https:\/\/elixirdivers.com\/wp-content\/uploads\/2023\/08\/Discover-Scuba-Diving.jpg')\"><\/div>\r\n                                        <div class=\"item\" style=\"background-image: url('https:\/\/elixirdivers.com\/wp-content\/uploads\/2023\/08\/discover-scuba-diving-1.jpg')\"><\/div>\r\n                                        <div class=\"item\" style=\"background-image: url('https:\/\/elixirdivers.com\/wp-content\/uploads\/2023\/08\/padi-scuba-diver-course.jpg')\"><\/div>\r\n                                        <div class=\"item\" style=\"background-image: url('https:\/\/elixirdivers.com\/wp-content\/uploads\/2023\/08\/Discover-Scuba-Diving1.jpg')\"><\/div>\r\n                                        <div class=\"item\" style=\"background-image: url('https:\/\/elixirdivers.com\/wp-content\/uploads\/2023\/08\/Discover-Scuba-Diving2.jpg')\"><\/div>\r\n                                        <div class=\"item\" style=\"background-image: url('https:\/\/elixirdivers.com\/wp-content\/uploads\/2023\/08\/Discover-Scuba-Diving3.jpg')\"><\/div>\r\n                                        <div class=\"item\" style=\"background-image: url('https:\/\/elixirdivers.com\/wp-content\/uploads\/2023\/08\/Discover-Scuba-Diving5.jpg')\"><\/div>\r\n                                        <div class=\"item\" style=\"background-image: url('https:\/\/elixirdivers.com\/wp-content\/uploads\/2023\/08\/Koh-Hong-Islands-Trip10.jpg')\"><\/div>\r\n                                        <div class=\"item\" style=\"background-image: url('https:\/\/elixirdivers.com\/wp-content\/uploads\/2023\/08\/Phi-Phi-Islands-Trip17.jpg')\"><\/div>\r\n                                <\/div>\r\n            <div class=\"slogan\">\r\n                <h4>\u017divot na Koh Yao Yai<\/h4>\r\n                                        <a href=\"https:\/\/elixirdivers.com\/cs\/o-nas\/koh-yao-yai\/\" target=\"\" class=\"btn btn-primary\">Za\u017eite Koh Yao Yai<\/a>\r\n                                <\/div>\r\n        <\/div>\r\n    <\/div>\r\n[vc_empty_space height=&#8220;130px&#8220;][\/vc_column][\/vc_row][vc_row disable_element=&#8220;yes&#8220;][vc_column][vc_row_inner][vc_column_inner width=&#8220;1\/3&#8243;][vc_single_image image=&#8220;8297&#8243; alignment=&#8220;center&#8220;][vc_column_text]<\/p>\n<h3>Kamila Bart\u00e1k<\/h3>\n<p><em>Diving since 2015<\/em><\/p>\n<p>Kamila discovered her passion for diving and underwater world in 2015 in Bali, Indonesia and after that she focused on diving very intensively. She has experiences in recreational, wreck and technical diving in seas (Sri Lanka, Mauritius, Egypt, Croatia) and also in lakes and quarries in Czech Republic, Slovakia, Germany. To share her passion she became diving instructor in 2017 and gained working experience in Honduras, Greece and Thailand. She also likes making underwater video &amp; photography.<\/p>\n<p>She has been member of Elixir Divers team since 2018.<\/p>\n<p><em>Instructor PADI #403082<\/em><br \/>\n<em>Advanced Nitrox<\/em><br \/>\n<em>EFR instructor<\/em><br \/>\n<em>Dry suit diver<\/em><br \/>\n<em>Ice diver<\/em>[\/vc_column_text][\/vc_column_inner][vc_column_inner width=&#8220;1\/3&#8243;][vc_single_image image=&#8220;8297&#8243; alignment=&#8220;center&#8220;][vc_column_text]<\/p>\n<h3>Tom\u00e1\u0161 Bart\u00e1k<\/h3>\n<p><em>Diving since 2015<\/em><\/p>\n<p>Tomas had first diving experince during his military service in Czech Army, but he got certified many years later in 2015 in Bali Indonesia. Diving has become his favorite sport consuming all of his free time. He passed several another courses and mastered his skills heading to technical diving. Tomas is interested especially in wreck diving and plan to gain more experince in the future in this field.<br \/>\nHe dives in quarries and lakes and also in seas and oceans in various parts of the world. In 2017 he became a scuba instructor and worked in Honduras, Greece and recently in Thailand.<\/p>\n<p>He has been member of Elixir Divers team since 2018.<\/p>\n<p><em>Instructor PADI #403080<\/em><br \/>\n<em>Advanced Nitrox<\/em><br \/>\n<em>EFR instructor<\/em><br \/>\n<em>Dry suit diver<\/em><br \/>\n<em>Ice diver<\/em>[\/vc_column_text][\/vc_column_inner][vc_column_inner width=&#8220;1\/3&#8243;][\/vc_column_inner][\/vc_row_inner][vc_empty_space height=&#8220;70px&#8220;][\/vc_column][\/vc_row]<\/p>\n<\/section>","protected":false},"excerpt":{"rendered":"<p>[vc_row][vc_column][vc_empty_space height=&#8220;60px&#8220;][\/vc_column][\/vc_row][vc_row][vc_column width=&#8220;1\/2&#8243;][vc_single_image image=&#8220;9712&#8243; img_size=&#8220;full&#8220; alignment=&#8220;center&#8220; css_animation=&#8220;none&#8220;][vc_column_text el_class=&#8220;st-aboutus-title&#8220;] N\u00e1\u0161 p\u0159\u00edb\u011bh [\/vc_column_text][vc_column_text el_class=&#8220;st-aboutus-content&#8220;]Pot\u00e1p\u011b\u010dsk\u00e9 centrum a cestovn\u00ed agentura Elixir Divers, zalo\u017een\u00e9 v roce 2004 na ostrov\u011b Koh Yao Yai, bylo prvn\u00edm \u010desk\u00fdm pot\u00e1p\u011b\u010dsk\u00fdm centrem v Thajsku. Jeho zakladatel, instruktor Martin Vrti\u0161ka z pra\u017esk\u00e9 pot\u00e1p\u011b\u010dsk\u00e9 \u0161koly Happy Divers otev\u0159el centrum v r\u00e1mci prostor tehdy nov\u00e9ho Elixir resortu, se [&hellip;]<\/p>\n","protected":false},"author":1,"featured_media":8967,"parent":9447,"menu_order":0,"comment_status":"closed","ping_status":"closed","template":"template-home-modern.php","meta":{"footnotes":""},"class_list":["post-9449","page","type-page","status-publish","has-post-thumbnail","hentry"],"yoast_head":"<!-- This site is optimized with the Yoast SEO plugin v26.8 - https:\/\/yoast.com\/product\/yoast-seo-wordpress\/ -->\n<title>O Elixir Divers - Elixir Divers<\/title>\n<meta name=\"robots\" content=\"index, follow, max-snippet:-1, max-image-preview:large, max-video-preview:-1\" \/>\n<link rel=\"canonical\" href=\"http:\/\/elixirdivers.com\/cs\/o-nas\/elixir-divers\/\" \/>\n<meta property=\"og:locale\" content=\"cs_CZ\" \/>\n<meta property=\"og:type\" content=\"article\" \/>\n<meta property=\"og:title\" content=\"O Elixir Divers - Elixir Divers\" \/>\n<meta property=\"og:description\" content=\"[vc_row][vc_column][vc_empty_space height=&#8220;60px&#8220;][\/vc_column][\/vc_row][vc_row][vc_column width=&#8220;1\/2&#8243;][vc_single_image image=&#8220;9712&#8243; img_size=&#8220;full&#8220; alignment=&#8220;center&#8220; css_animation=&#8220;none&#8220;][vc_column_text el_class=&#8220;st-aboutus-title&#8220;] N\u00e1\u0161 p\u0159\u00edb\u011bh [\/vc_column_text][vc_column_text el_class=&#8220;st-aboutus-content&#8220;]Pot\u00e1p\u011b\u010dsk\u00e9 centrum a cestovn\u00ed agentura Elixir Divers, zalo\u017een\u00e9 v roce 2004 na ostrov\u011b Koh Yao Yai, bylo prvn\u00edm \u010desk\u00fdm pot\u00e1p\u011b\u010dsk\u00fdm centrem v Thajsku. Jeho zakladatel, instruktor Martin Vrti\u0161ka z pra\u017esk\u00e9 pot\u00e1p\u011b\u010dsk\u00e9 \u0161koly Happy Divers otev\u0159el centrum v r\u00e1mci prostor tehdy nov\u00e9ho Elixir resortu, se [&hellip;]\" \/>\n<meta property=\"og:url\" content=\"http:\/\/elixirdivers.com\/cs\/o-nas\/elixir-divers\/\" \/>\n<meta property=\"og:site_name\" content=\"Elixir Divers\" \/>\n<meta property=\"article:publisher\" content=\"https:\/\/www.facebook.com\/Elixir.Divers\/\" \/>\n<meta property=\"article:modified_time\" content=\"2024-01-24T05:22:24+00:00\" \/>\n<meta property=\"og:image\" content=\"http:\/\/elixirdivers.com\/wp-content\/uploads\/2023\/08\/Discover-Scuba-Diving6.jpg\" \/>\n\t<meta property=\"og:image:width\" content=\"1800\" \/>\n\t<meta property=\"og:image:height\" content=\"1350\" \/>\n\t<meta property=\"og:image:type\" content=\"image\/jpeg\" \/>\n<meta name=\"twitter:card\" content=\"summary_large_image\" \/>\n<meta name=\"twitter:label1\" content=\"Odhadovan\u00e1 doba \u010dten\u00ed\" \/>\n\t<meta name=\"twitter:data1\" content=\"3 minuty\" \/>\n<script type=\"application\/ld+json\" class=\"yoast-schema-graph\">{\"@context\":\"https:\/\/schema.org\",\"@graph\":[{\"@type\":\"WebPage\",\"@id\":\"http:\/\/elixirdivers.com\/cs\/o-nas\/elixir-divers\/\",\"url\":\"http:\/\/elixirdivers.com\/cs\/o-nas\/elixir-divers\/\",\"name\":\"O Elixir Divers - Elixir Divers\",\"isPartOf\":{\"@id\":\"https:\/\/elixirdivers.com\/#website\"},\"primaryImageOfPage\":{\"@id\":\"http:\/\/elixirdivers.com\/cs\/o-nas\/elixir-divers\/#primaryimage\"},\"image\":{\"@id\":\"http:\/\/elixirdivers.com\/cs\/o-nas\/elixir-divers\/#primaryimage\"},\"thumbnailUrl\":\"https:\/\/elixirdivers.com\/wp-content\/uploads\/2023\/08\/Discover-Scuba-Diving6.jpg\",\"datePublished\":\"2018-12-10T03:06:47+00:00\",\"dateModified\":\"2024-01-24T05:22:24+00:00\",\"breadcrumb\":{\"@id\":\"http:\/\/elixirdivers.com\/cs\/o-nas\/elixir-divers\/#breadcrumb\"},\"inLanguage\":\"cs\",\"potentialAction\":[{\"@type\":\"ReadAction\",\"target\":[\"http:\/\/elixirdivers.com\/cs\/o-nas\/elixir-divers\/\"]}]},{\"@type\":\"ImageObject\",\"inLanguage\":\"cs\",\"@id\":\"http:\/\/elixirdivers.com\/cs\/o-nas\/elixir-divers\/#primaryimage\",\"url\":\"https:\/\/elixirdivers.com\/wp-content\/uploads\/2023\/08\/Discover-Scuba-Diving6.jpg\",\"contentUrl\":\"https:\/\/elixirdivers.com\/wp-content\/uploads\/2023\/08\/Discover-Scuba-Diving6.jpg\",\"width\":1800,\"height\":1350,\"caption\":\"About Elixir Divers\"},{\"@type\":\"BreadcrumbList\",\"@id\":\"http:\/\/elixirdivers.com\/cs\/o-nas\/elixir-divers\/#breadcrumb\",\"itemListElement\":[{\"@type\":\"ListItem\",\"position\":1,\"name\":\"Home\",\"item\":\"https:\/\/elixirdivers.com\/cs\/\"},{\"@type\":\"ListItem\",\"position\":2,\"name\":\"O n\u00e1s\",\"item\":\"https:\/\/elixirdivers.com\/cs\/o-nas\/\"},{\"@type\":\"ListItem\",\"position\":3,\"name\":\"O Elixir Divers\"}]},{\"@type\":\"WebSite\",\"@id\":\"https:\/\/elixirdivers.com\/#website\",\"url\":\"https:\/\/elixirdivers.com\/\",\"name\":\"Elixir Divers\",\"description\":\"\",\"publisher\":{\"@id\":\"https:\/\/elixirdivers.com\/#organization\"},\"potentialAction\":[{\"@type\":\"SearchAction\",\"target\":{\"@type\":\"EntryPoint\",\"urlTemplate\":\"https:\/\/elixirdivers.com\/?s={search_term_string}\"},\"query-input\":{\"@type\":\"PropertyValueSpecification\",\"valueRequired\":true,\"valueName\":\"search_term_string\"}}],\"inLanguage\":\"cs\"},{\"@type\":\"Organization\",\"@id\":\"https:\/\/elixirdivers.com\/#organization\",\"name\":\"Elixir Divers\",\"url\":\"https:\/\/elixirdivers.com\/\",\"logo\":{\"@type\":\"ImageObject\",\"inLanguage\":\"cs\",\"@id\":\"https:\/\/elixirdivers.com\/#\/schema\/logo\/image\/\",\"url\":\"https:\/\/elixirdivers.com\/wp-content\/uploads\/2018\/12\/elixirdivers-logo-blue-1.svg\",\"contentUrl\":\"https:\/\/elixirdivers.com\/wp-content\/uploads\/2018\/12\/elixirdivers-logo-blue-1.svg\",\"width\":800,\"height\":314,\"caption\":\"Elixir Divers\"},\"image\":{\"@id\":\"https:\/\/elixirdivers.com\/#\/schema\/logo\/image\/\"},\"sameAs\":[\"https:\/\/www.facebook.com\/Elixir.Divers\/\",\"https:\/\/www.instagram.com\/elixirdivers\/\",\"https:\/\/www.youtube.com\/@elixirdivers\"]}]}<\/script>\n<!-- \/ Yoast SEO plugin. -->","yoast_head_json":{"title":"O Elixir Divers - Elixir Divers","robots":{"index":"index","follow":"follow","max-snippet":"max-snippet:-1","max-image-preview":"max-image-preview:large","max-video-preview":"max-video-preview:-1"},"canonical":"http:\/\/elixirdivers.com\/cs\/o-nas\/elixir-divers\/","og_locale":"cs_CZ","og_type":"article","og_title":"O Elixir Divers - Elixir Divers","og_description":"[vc_row][vc_column][vc_empty_space height=&#8220;60px&#8220;][\/vc_column][\/vc_row][vc_row][vc_column width=&#8220;1\/2&#8243;][vc_single_image image=&#8220;9712&#8243; img_size=&#8220;full&#8220; alignment=&#8220;center&#8220; css_animation=&#8220;none&#8220;][vc_column_text el_class=&#8220;st-aboutus-title&#8220;] N\u00e1\u0161 p\u0159\u00edb\u011bh [\/vc_column_text][vc_column_text el_class=&#8220;st-aboutus-content&#8220;]Pot\u00e1p\u011b\u010dsk\u00e9 centrum a cestovn\u00ed agentura Elixir Divers, zalo\u017een\u00e9 v roce 2004 na ostrov\u011b Koh Yao Yai, bylo prvn\u00edm \u010desk\u00fdm pot\u00e1p\u011b\u010dsk\u00fdm centrem v Thajsku. Jeho zakladatel, instruktor Martin Vrti\u0161ka z pra\u017esk\u00e9 pot\u00e1p\u011b\u010dsk\u00e9 \u0161koly Happy Divers otev\u0159el centrum v r\u00e1mci prostor tehdy nov\u00e9ho Elixir resortu, se [&hellip;]","og_url":"http:\/\/elixirdivers.com\/cs\/o-nas\/elixir-divers\/","og_site_name":"Elixir Divers","article_publisher":"https:\/\/www.facebook.com\/Elixir.Divers\/","article_modified_time":"2024-01-24T05:22:24+00:00","og_image":[{"width":1800,"height":1350,"url":"http:\/\/elixirdivers.com\/wp-content\/uploads\/2023\/08\/Discover-Scuba-Diving6.jpg","type":"image\/jpeg"}],"twitter_card":"summary_large_image","twitter_misc":{"Odhadovan\u00e1 doba \u010dten\u00ed":"3 minuty"},"schema":{"@context":"https:\/\/schema.org","@graph":[{"@type":"WebPage","@id":"http:\/\/elixirdivers.com\/cs\/o-nas\/elixir-divers\/","url":"http:\/\/elixirdivers.com\/cs\/o-nas\/elixir-divers\/","name":"O Elixir Divers - Elixir Divers","isPartOf":{"@id":"https:\/\/elixirdivers.com\/#website"},"primaryImageOfPage":{"@id":"http:\/\/elixirdivers.com\/cs\/o-nas\/elixir-divers\/#primaryimage"},"image":{"@id":"http:\/\/elixirdivers.com\/cs\/o-nas\/elixir-divers\/#primaryimage"},"thumbnailUrl":"https:\/\/elixirdivers.com\/wp-content\/uploads\/2023\/08\/Discover-Scuba-Diving6.jpg","datePublished":"2018-12-10T03:06:47+00:00","dateModified":"2024-01-24T05:22:24+00:00","breadcrumb":{"@id":"http:\/\/elixirdivers.com\/cs\/o-nas\/elixir-divers\/#breadcrumb"},"inLanguage":"cs","potentialAction":[{"@type":"ReadAction","target":["http:\/\/elixirdivers.com\/cs\/o-nas\/elixir-divers\/"]}]},{"@type":"ImageObject","inLanguage":"cs","@id":"http:\/\/elixirdivers.com\/cs\/o-nas\/elixir-divers\/#primaryimage","url":"https:\/\/elixirdivers.com\/wp-content\/uploads\/2023\/08\/Discover-Scuba-Diving6.jpg","contentUrl":"https:\/\/elixirdivers.com\/wp-content\/uploads\/2023\/08\/Discover-Scuba-Diving6.jpg","width":1800,"height":1350,"caption":"About Elixir Divers"},{"@type":"BreadcrumbList","@id":"http:\/\/elixirdivers.com\/cs\/o-nas\/elixir-divers\/#breadcrumb","itemListElement":[{"@type":"ListItem","position":1,"name":"Home","item":"https:\/\/elixirdivers.com\/cs\/"},{"@type":"ListItem","position":2,"name":"O n\u00e1s","item":"https:\/\/elixirdivers.com\/cs\/o-nas\/"},{"@type":"ListItem","position":3,"name":"O Elixir Divers"}]},{"@type":"WebSite","@id":"https:\/\/elixirdivers.com\/#website","url":"https:\/\/elixirdivers.com\/","name":"Elixir Divers","description":"","publisher":{"@id":"https:\/\/elixirdivers.com\/#organization"},"potentialAction":[{"@type":"SearchAction","target":{"@type":"EntryPoint","urlTemplate":"https:\/\/elixirdivers.com\/?s={search_term_string}"},"query-input":{"@type":"PropertyValueSpecification","valueRequired":true,"valueName":"search_term_string"}}],"inLanguage":"cs"},{"@type":"Organization","@id":"https:\/\/elixirdivers.com\/#organization","name":"Elixir Divers","url":"https:\/\/elixirdivers.com\/","logo":{"@type":"ImageObject","inLanguage":"cs","@id":"https:\/\/elixirdivers.com\/#\/schema\/logo\/image\/","url":"https:\/\/elixirdivers.com\/wp-content\/uploads\/2018\/12\/elixirdivers-logo-blue-1.svg","contentUrl":"https:\/\/elixirdivers.com\/wp-content\/uploads\/2018\/12\/elixirdivers-logo-blue-1.svg","width":800,"height":314,"caption":"Elixir Divers"},"image":{"@id":"https:\/\/elixirdivers.com\/#\/schema\/logo\/image\/"},"sameAs":["https:\/\/www.facebook.com\/Elixir.Divers\/","https:\/\/www.instagram.com\/elixirdivers\/","https:\/\/www.youtube.com\/@elixirdivers"]}]}},"jetpack_sharing_enabled":true,"_links":{"self":[{"href":"https:\/\/elixirdivers.com\/cs\/wp-json\/wp\/v2\/pages\/9449","targetHints":{"allow":["GET"]}}],"collection":[{"href":"https:\/\/elixirdivers.com\/cs\/wp-json\/wp\/v2\/pages"}],"about":[{"href":"https:\/\/elixirdivers.com\/cs\/wp-json\/wp\/v2\/types\/page"}],"author":[{"embeddable":true,"href":"https:\/\/elixirdivers.com\/cs\/wp-json\/wp\/v2\/users\/1"}],"replies":[{"embeddable":true,"href":"https:\/\/elixirdivers.com\/cs\/wp-json\/wp\/v2\/comments?post=9449"}],"version-history":[{"count":7,"href":"https:\/\/elixirdivers.com\/cs\/wp-json\/wp\/v2\/pages\/9449\/revisions"}],"predecessor-version":[{"id":10761,"href":"https:\/\/elixirdivers.com\/cs\/wp-json\/wp\/v2\/pages\/9449\/revisions\/10761"}],"up":[{"embeddable":true,"href":"https:\/\/elixirdivers.com\/cs\/wp-json\/wp\/v2\/pages\/9447"}],"wp:featuredmedia":[{"embeddable":true,"href":"https:\/\/elixirdivers.com\/cs\/wp-json\/wp\/v2\/media\/8967"}],"wp:attachment":[{"href":"https:\/\/elixirdivers.com\/cs\/wp-json\/wp\/v2\/media?parent=9449"}],"curies":[{"name":"wp","href":"https:\/\/api.w.org\/{rel}","templated":true}]}}