{"id":9451,"date":"2023-09-23T05:06:08","date_gmt":"2023-09-23T05:06:08","guid":{"rendered":"http:\/\/elixirdivers.com\/about\/koh-yao-yai\/"},"modified":"2024-01-23T06:54:27","modified_gmt":"2024-01-23T06:54:27","slug":"koh-yao-yai","status":"publish","type":"page","link":"https:\/\/elixirdivers.com\/cs\/o-nas\/koh-yao-yai\/","title":{"rendered":"O Koh Yao Yai"},"content":{"rendered":"<section class=\"wpb-content-wrapper\"><p>[vc_row][vc_column][vc_empty_space height=&#8220;60px&#8220;][vc_column_text]<\/p>\n<h2 style=\"text-align: center;\">V\u00fdhody n\u00e1v\u0161t\u011bvy Koh Yao Yai<\/h2>\n<p>[\/vc_column_text][vc_empty_space height=&#8220;10px&#8220;][\/vc_column][\/vc_row][vc_row el_class=&#8220;st-number-box&#8220;][vc_column width=&#8220;1\/3&#8243;][vc_row_inner][vc_column_inner width=&#8220;1\/4&#8243;][vc_column_text el_class=&#8220;st-number-circle&#8220;]1[\/vc_column_text][\/vc_column_inner][vc_column_inner width=&#8220;3\/4&#8243;][vc_column_text el_class=&#8220;st-aboutus-content&#8220;]<\/p>\n<h3>M\u00e9n\u011b turist\u016f<\/h3>\n<p>Na rozd\u00edl od turisticky ru\u0161n\u00fdch m\u00edst, jako je Phuket, Koh Samui nebo Pattaya, Koh Yao Yai nab\u00edz\u00ed klidn\u011bj\u0161\u00ed prost\u0159ed\u00ed. D\u00edky tomu je ide\u00e1ln\u00ed destinac\u00ed pro ty, kte\u0159\u00ed cht\u011bj\u00ed uniknout shonu velkom\u011bst a hledaj\u00ed na dovolen\u00e9 klid.[\/vc_column_text][\/vc_column_inner][\/vc_row_inner][\/vc_column][vc_column width=&#8220;1\/3&#8243;][vc_row_inner][vc_column_inner width=&#8220;1\/4&#8243;][vc_column_text el_class=&#8220;st-number-circle&#8220;]2[\/vc_column_text][\/vc_column_inner][vc_column_inner width=&#8220;3\/4&#8243;][vc_column_text el_class=&#8220;st-aboutus-content&#8220;]<\/p>\n<h3>Autentick\u00e9 Thajsko<\/h3>\n<p>Koh Yao Yai je m\u00e9n\u011b komercializovan\u00fd a umo\u017e\u0148uje n\u00e1v\u0161t\u011bvn\u00edk\u016fm za\u017e\u00edt autentickou thajskou moslimskou kulturu. Od m\u00edstn\u00edho j\u00eddla po tradi\u010dn\u00ed \u0159emesla, z\u00edsk\u00e1te p\u0159edstavu o tom, jak\u00fd je \u017eivot v Thajsku doopravdy a jak\u00fd byl na jin\u00fdch m\u00edstech p\u0159ed 20 lety.[\/vc_column_text][\/vc_column_inner][\/vc_row_inner][\/vc_column][vc_column width=&#8220;1\/3&#8243;][vc_row_inner][vc_column_inner width=&#8220;1\/4&#8243;][vc_column_text el_class=&#8220;st-number-circle&#8220;]3[\/vc_column_text][\/vc_column_inner][vc_column_inner width=&#8220;3\/4&#8243;][vc_column_text el_class=&#8220;st-aboutus-content&#8220;]<\/p>\n<h3>Ohromuj\u00edc\u00ed p\u0159\u00edrodn\u00ed kr\u00e1sa<\/h3>\n<p>Ostrov je zn\u00e1m\u00fd sv\u00fdmi nedot\u010den\u00fdmi divok\u00fdmi pl\u00e1\u017eemi, k\u0159i\u0161\u0165\u00e1lov\u011b \u010distou vodou a kau\u010dukov\u00fdmi plant\u00e1\u017eemi. Je to r\u00e1j pro milovn\u00edky p\u0159\u00edrody a nab\u00edz\u00ed skv\u011bl\u00e9 p\u0159\u00edle\u017eitosti v bl\u00edzkem okol\u00ed pro \u0161norchlov\u00e1n\u00ed a pot\u00e1p\u011bn\u00ed.<br \/>\n[\/vc_column_text][\/vc_column_inner][\/vc_row_inner][\/vc_column][\/vc_row][vc_row el_class=&#8220;st-number-box&#8220;][vc_column width=&#8220;1\/3&#8243;][vc_row_inner][vc_column_inner width=&#8220;1\/4&#8243;][vc_column_text el_class=&#8220;st-number-circle&#8220;]4[\/vc_column_text][\/vc_column_inner][vc_column_inner width=&#8220;3\/4&#8243;][vc_column_text el_class=&#8220;st-aboutus-content&#8220;]<\/p>\n<h3>Cenova dostupnost<\/h3>\n<p>Obecn\u011b lze \u0159\u00edci, \u017ee Koh Yao Yai m\u016f\u017ee b\u00fdt cenov\u011b dostupn\u011bj\u0161\u00ed ne\u017e jin\u00e1 zn\u00e1m\u00e1 thajsk\u00e1 turistick\u00e1 m\u00edsta. To plat\u00ed zejm\u00e9na pro ubytov\u00e1n\u00ed a m\u00edstn\u00ed z\u00e1\u017eitky, kter\u00e9 b\u00fdvaj\u00ed cenov\u011b p\u0159\u00edzniv\u011bj\u0161\u00ed. Net\u0159eba se b\u00e1t vyzkou\u0161et m\u00edstn\u00ed restaurace.<br \/>\n[\/vc_column_text][\/vc_column_inner][\/vc_row_inner][\/vc_column][vc_column width=&#8220;1\/3&#8243;][vc_row_inner][vc_column_inner width=&#8220;1\/4&#8243;][vc_column_text el_class=&#8220;st-number-circle&#8220;]5[\/vc_column_text][\/vc_column_inner][vc_column_inner width=&#8220;3\/4&#8243;][vc_column_text el_class=&#8220;st-aboutus-content&#8220;]<\/p>\n<h3>Bl\u00edzkost dal\u0161\u00edch ostrov\u016f<\/h3>\n<p>Koh Yao Yai je na k\u0159i\u017eovatce cest, m\u00e1 v\u00fdhodnou polohu v bl\u00edzkosti dal\u0161\u00edch obl\u00edben\u00fdch ostrov\u016f a \u010d\u00e1sti Thajska, zejm\u00e9na Phuket, Krabi a Phi Phi. D\u00edky tomu je snadn\u00e9 podnikat jednodenn\u00ed v\u00fdlety nebo se lehce p\u0159esunout na jin\u00e9 ostrovy.<br \/>\n[\/vc_column_text][\/vc_column_inner][\/vc_row_inner][\/vc_column][vc_column width=&#8220;1\/3&#8243;][vc_row_inner][vc_column_inner width=&#8220;1\/4&#8243;][vc_column_text el_class=&#8220;st-number-circle&#8220;]6[\/vc_column_text][\/vc_column_inner][vc_column_inner width=&#8220;3\/4&#8243;][vc_column_text el_class=&#8220;st-aboutus-content&#8220;]<\/p>\n<h3>Zachoval\u00e9 lokality pro pot\u00e1p\u011bn\u00ed<\/h3>\n<p>Pot\u00e1p\u011b\u010dsk\u00e9 lokality bl\u00edzko Koh Yao Yai jsou m\u00e9n\u011b nav\u0161t\u011bvovan\u00e9, d\u00edky \u010demu\u017e jsou m\u00e9n\u011b dot\u010den\u00e9 a ide\u00e1ln\u00ed pro priv\u00e1tn\u011bj\u0161\u00ed pot\u00e1p\u011b\u010dsk\u00e9 z\u00e1\u017eitky. Oblast se m\u016f\u017ee pochlubit bohat\u00fdm mo\u0159sk\u00fdm ekosyst\u00e9mem s \u0159adou kor\u00e1lov\u00fdch \u00fatvar\u016f a bohat\u00fdm vodn\u00edm \u017eivotem. D\u00edky tomu je vynikaj\u00edc\u00ed volbou pro pot\u00e1p\u011b\u010de v\u0161ech \u00farovn\u00ed.<br \/>\n[\/vc_column_text][\/vc_column_inner][\/vc_row_inner][\/vc_column][\/vc_row][vc_row][vc_column][vc_empty_space height=&#8220;30px&#8220;][\/vc_column][\/vc_row][vc_row full_width=&#8220;stretch_row_content_no_spaces&#8220; row_fullwidth=&#8220;yes&#8220; css=&#8220;.vc_custom_1695445939656{background-color: #ffffff !important;}&#8220;][vc_column css=&#8220;.vc_custom_1695446130567{padding-right: 0px !important;padding-left: 0px !important;}&#8220;]<div class=\"st-aboutus-gallery\">\r\n            <div class=\"st-flickity st-gallery\">\r\n            <div class=\"carousel\"\r\n                 data-flickity='{ \"wrapAround\": true, \"pageDots\": true , \"autoPlay\" : true}'>\r\n                                    <div class=\"item\" style=\"background-image: url('https:\/\/elixirdivers.com\/wp-content\/uploads\/2023\/08\/Koh-Yao-Yai-Laam-Haad-Beach.jpg')\"><\/div>\r\n                                        <div class=\"item\" style=\"background-image: url('https:\/\/elixirdivers.com\/wp-content\/uploads\/2023\/08\/Koh-Yao-Yai-sunset2.jpg')\"><\/div>\r\n                                        <div class=\"item\" style=\"background-image: url('https:\/\/elixirdivers.com\/wp-content\/uploads\/2023\/08\/Koh-Yao-Yai-rice-field.jpg')\"><\/div>\r\n                                        <div class=\"item\" style=\"background-image: url('https:\/\/elixirdivers.com\/wp-content\/uploads\/2023\/08\/Koh-Yao-Yai5.jpg')\"><\/div>\r\n                                        <div class=\"item\" style=\"background-image: url('https:\/\/elixirdivers.com\/wp-content\/uploads\/2023\/08\/Koh-Yao-Yai3.jpg')\"><\/div>\r\n                                        <div class=\"item\" style=\"background-image: url('https:\/\/elixirdivers.com\/wp-content\/uploads\/2023\/08\/Koh-Yao-Yai-bull.jpg')\"><\/div>\r\n                                        <div class=\"item\" style=\"background-image: url('https:\/\/elixirdivers.com\/wp-content\/uploads\/2023\/08\/Koh-Yao-Yai-floating-house.jpg')\"><\/div>\r\n                                        <div class=\"item\" style=\"background-image: url('https:\/\/elixirdivers.com\/wp-content\/uploads\/2023\/08\/yao-yai-island-day-tour.jpg')\"><\/div>\r\n                                <\/div>\r\n            <div class=\"slogan\">\r\n                <h4>Krasa ostrova Koh Yao Yai<\/h4>\r\n                                        <a href=\"https:\/\/elixirdivers.com\/cs\/transfery\/\" target=\"\" class=\"btn btn-primary\">Jak se dostat na Koh Yao Yai<\/a>\r\n                                <\/div>\r\n        <\/div>\r\n    <\/div>\r\n[vc_empty_space height=&#8220;120px&#8220;][\/vc_column][\/vc_row]<\/p>\n<\/section>","protected":false},"excerpt":{"rendered":"<p>[vc_row][vc_column][vc_empty_space height=&#8220;60px&#8220;][vc_column_text] V\u00fdhody n\u00e1v\u0161t\u011bvy Koh Yao Yai [\/vc_column_text][vc_empty_space height=&#8220;10px&#8220;][\/vc_column][\/vc_row][vc_row el_class=&#8220;st-number-box&#8220;][vc_column width=&#8220;1\/3&#8243;][vc_row_inner][vc_column_inner width=&#8220;1\/4&#8243;][vc_column_text el_class=&#8220;st-number-circle&#8220;]1[\/vc_column_text][\/vc_column_inner][vc_column_inner width=&#8220;3\/4&#8243;][vc_column_text el_class=&#8220;st-aboutus-content&#8220;] M\u00e9n\u011b turist\u016f Na rozd\u00edl od turisticky ru\u0161n\u00fdch m\u00edst, jako je Phuket, Koh Samui nebo Pattaya, Koh Yao Yai nab\u00edz\u00ed klidn\u011bj\u0161\u00ed prost\u0159ed\u00ed. D\u00edky tomu je ide\u00e1ln\u00ed destinac\u00ed pro ty, kte\u0159\u00ed cht\u011bj\u00ed uniknout shonu velkom\u011bst a hledaj\u00ed na dovolen\u00e9 klid.[\/vc_column_text][\/vc_column_inner][\/vc_row_inner][\/vc_column][vc_column width=&#8220;1\/3&#8243;][vc_row_inner][vc_column_inner width=&#8220;1\/4&#8243;][vc_column_text [&hellip;]<\/p>\n","protected":false},"author":1,"featured_media":9253,"parent":9447,"menu_order":0,"comment_status":"closed","ping_status":"closed","template":"template-home-modern.php","meta":{"footnotes":""},"class_list":["post-9451","page","type-page","status-publish","has-post-thumbnail","hentry"],"yoast_head":"<!-- This site is optimized with the Yoast SEO plugin v26.8 - https:\/\/yoast.com\/product\/yoast-seo-wordpress\/ -->\n<title>O Koh Yao Yai - Elixir Divers<\/title>\n<meta name=\"description\" content=\"Koh Yao Yai je ostrov v Andamansk\u00e9m mo\u0159i v Thajsku. &quot;Koh&quot; znamen\u00e1 ostrov a &quot;Yao Yai&quot; je p\u0159eklad pro velk\u00fd dlh\u00fd ostrov. Koh Yao Yai je zn\u00e1m\u00fd svou klidnou atmosf\u00e9rou, kr\u00e1sn\u00fdmi pl\u00e1\u017eemi a p\u0159\u00edrodn\u00edmi scen\u00e9riemi.\" \/>\n<meta name=\"robots\" content=\"index, follow, max-snippet:-1, max-image-preview:large, max-video-preview:-1\" \/>\n<link rel=\"canonical\" href=\"https:\/\/elixirdivers.com\/about\/koh-yao-yai\/\" \/>\n<meta property=\"og:locale\" content=\"cs_CZ\" \/>\n<meta property=\"og:type\" content=\"article\" \/>\n<meta property=\"og:title\" content=\"O Koh Yao Yai - Elixir Divers\" \/>\n<meta property=\"og:description\" content=\"Koh Yao Yai je ostrov v Andamansk\u00e9m mo\u0159i v Thajsku. &quot;Koh&quot; znamen\u00e1 ostrov a &quot;Yao Yai&quot; je p\u0159eklad pro velk\u00fd dlh\u00fd ostrov. Koh Yao Yai je zn\u00e1m\u00fd svou klidnou atmosf\u00e9rou, kr\u00e1sn\u00fdmi pl\u00e1\u017eemi a p\u0159\u00edrodn\u00edmi scen\u00e9riemi.\" \/>\n<meta property=\"og:url\" content=\"https:\/\/elixirdivers.com\/about\/koh-yao-yai\/\" \/>\n<meta property=\"og:site_name\" content=\"Elixir Divers\" \/>\n<meta property=\"article:publisher\" content=\"https:\/\/www.facebook.com\/Elixir.Divers\/\" \/>\n<meta property=\"article:modified_time\" content=\"2024-01-23T06:54:27+00:00\" \/>\n<meta property=\"og:image\" content=\"https:\/\/elixirdivers.com\/wp-content\/uploads\/2023\/08\/Koh-Yao-Yai4.jpg\" \/>\n\t<meta property=\"og:image:width\" content=\"1800\" \/>\n\t<meta property=\"og:image:height\" content=\"1200\" \/>\n\t<meta property=\"og:image:type\" content=\"image\/jpeg\" \/>\n<meta name=\"twitter:card\" content=\"summary_large_image\" \/>\n<meta name=\"twitter:label1\" content=\"Odhadovan\u00e1 doba \u010dten\u00ed\" \/>\n\t<meta name=\"twitter:data1\" content=\"2 minuty\" \/>\n<script type=\"application\/ld+json\" class=\"yoast-schema-graph\">{\"@context\":\"https:\/\/schema.org\",\"@graph\":[{\"@type\":\"WebPage\",\"@id\":\"https:\/\/elixirdivers.com\/about\/koh-yao-yai\/\",\"url\":\"https:\/\/elixirdivers.com\/about\/koh-yao-yai\/\",\"name\":\"O Koh Yao Yai - Elixir Divers\",\"isPartOf\":{\"@id\":\"https:\/\/elixirdivers.com\/#website\"},\"primaryImageOfPage\":{\"@id\":\"https:\/\/elixirdivers.com\/about\/koh-yao-yai\/#primaryimage\"},\"image\":{\"@id\":\"https:\/\/elixirdivers.com\/about\/koh-yao-yai\/#primaryimage\"},\"thumbnailUrl\":\"https:\/\/elixirdivers.com\/wp-content\/uploads\/2023\/08\/Koh-Yao-Yai4.jpg\",\"datePublished\":\"2023-09-23T05:06:08+00:00\",\"dateModified\":\"2024-01-23T06:54:27+00:00\",\"description\":\"Koh Yao Yai je ostrov v Andamansk\u00e9m mo\u0159i v Thajsku. \\\"Koh\\\" znamen\u00e1 ostrov a \\\"Yao Yai\\\" je p\u0159eklad pro velk\u00fd dlh\u00fd ostrov. Koh Yao Yai je zn\u00e1m\u00fd svou klidnou atmosf\u00e9rou, kr\u00e1sn\u00fdmi pl\u00e1\u017eemi a p\u0159\u00edrodn\u00edmi scen\u00e9riemi.\",\"breadcrumb\":{\"@id\":\"https:\/\/elixirdivers.com\/about\/koh-yao-yai\/#breadcrumb\"},\"inLanguage\":\"cs\",\"potentialAction\":[{\"@type\":\"ReadAction\",\"target\":[\"https:\/\/elixirdivers.com\/about\/koh-yao-yai\/\"]}]},{\"@type\":\"ImageObject\",\"inLanguage\":\"cs\",\"@id\":\"https:\/\/elixirdivers.com\/about\/koh-yao-yai\/#primaryimage\",\"url\":\"https:\/\/elixirdivers.com\/wp-content\/uploads\/2023\/08\/Koh-Yao-Yai4.jpg\",\"contentUrl\":\"https:\/\/elixirdivers.com\/wp-content\/uploads\/2023\/08\/Koh-Yao-Yai4.jpg\",\"width\":1800,\"height\":1200,\"caption\":\"things to do in koh yao yai\"},{\"@type\":\"BreadcrumbList\",\"@id\":\"https:\/\/elixirdivers.com\/about\/koh-yao-yai\/#breadcrumb\",\"itemListElement\":[{\"@type\":\"ListItem\",\"position\":1,\"name\":\"Home\",\"item\":\"https:\/\/elixirdivers.com\/cs\/\"},{\"@type\":\"ListItem\",\"position\":2,\"name\":\"O n\u00e1s\",\"item\":\"https:\/\/elixirdivers.com\/cs\/o-nas\/\"},{\"@type\":\"ListItem\",\"position\":3,\"name\":\"O Koh Yao Yai\"}]},{\"@type\":\"WebSite\",\"@id\":\"https:\/\/elixirdivers.com\/#website\",\"url\":\"https:\/\/elixirdivers.com\/\",\"name\":\"Elixir Divers\",\"description\":\"\",\"publisher\":{\"@id\":\"https:\/\/elixirdivers.com\/#organization\"},\"potentialAction\":[{\"@type\":\"SearchAction\",\"target\":{\"@type\":\"EntryPoint\",\"urlTemplate\":\"https:\/\/elixirdivers.com\/?s={search_term_string}\"},\"query-input\":{\"@type\":\"PropertyValueSpecification\",\"valueRequired\":true,\"valueName\":\"search_term_string\"}}],\"inLanguage\":\"cs\"},{\"@type\":\"Organization\",\"@id\":\"https:\/\/elixirdivers.com\/#organization\",\"name\":\"Elixir Divers\",\"url\":\"https:\/\/elixirdivers.com\/\",\"logo\":{\"@type\":\"ImageObject\",\"inLanguage\":\"cs\",\"@id\":\"https:\/\/elixirdivers.com\/#\/schema\/logo\/image\/\",\"url\":\"https:\/\/elixirdivers.com\/wp-content\/uploads\/2018\/12\/elixirdivers-logo-blue-1.svg\",\"contentUrl\":\"https:\/\/elixirdivers.com\/wp-content\/uploads\/2018\/12\/elixirdivers-logo-blue-1.svg\",\"width\":800,\"height\":314,\"caption\":\"Elixir Divers\"},\"image\":{\"@id\":\"https:\/\/elixirdivers.com\/#\/schema\/logo\/image\/\"},\"sameAs\":[\"https:\/\/www.facebook.com\/Elixir.Divers\/\",\"https:\/\/www.instagram.com\/elixirdivers\/\",\"https:\/\/www.youtube.com\/@elixirdivers\"]}]}<\/script>\n<!-- \/ Yoast SEO plugin. -->","yoast_head_json":{"title":"O Koh Yao Yai - Elixir Divers","description":"Koh Yao Yai je ostrov v Andamansk\u00e9m mo\u0159i v Thajsku. \"Koh\" znamen\u00e1 ostrov a \"Yao Yai\" je p\u0159eklad pro velk\u00fd dlh\u00fd ostrov. Koh Yao Yai je zn\u00e1m\u00fd svou klidnou atmosf\u00e9rou, kr\u00e1sn\u00fdmi pl\u00e1\u017eemi a p\u0159\u00edrodn\u00edmi scen\u00e9riemi.","robots":{"index":"index","follow":"follow","max-snippet":"max-snippet:-1","max-image-preview":"max-image-preview:large","max-video-preview":"max-video-preview:-1"},"canonical":"https:\/\/elixirdivers.com\/about\/koh-yao-yai\/","og_locale":"cs_CZ","og_type":"article","og_title":"O Koh Yao Yai - Elixir Divers","og_description":"Koh Yao Yai je ostrov v Andamansk\u00e9m mo\u0159i v Thajsku. \"Koh\" znamen\u00e1 ostrov a \"Yao Yai\" je p\u0159eklad pro velk\u00fd dlh\u00fd ostrov. Koh Yao Yai je zn\u00e1m\u00fd svou klidnou atmosf\u00e9rou, kr\u00e1sn\u00fdmi pl\u00e1\u017eemi a p\u0159\u00edrodn\u00edmi scen\u00e9riemi.","og_url":"https:\/\/elixirdivers.com\/about\/koh-yao-yai\/","og_site_name":"Elixir Divers","article_publisher":"https:\/\/www.facebook.com\/Elixir.Divers\/","article_modified_time":"2024-01-23T06:54:27+00:00","og_image":[{"width":1800,"height":1200,"url":"https:\/\/elixirdivers.com\/wp-content\/uploads\/2023\/08\/Koh-Yao-Yai4.jpg","type":"image\/jpeg"}],"twitter_card":"summary_large_image","twitter_misc":{"Odhadovan\u00e1 doba \u010dten\u00ed":"2 minuty"},"schema":{"@context":"https:\/\/schema.org","@graph":[{"@type":"WebPage","@id":"https:\/\/elixirdivers.com\/about\/koh-yao-yai\/","url":"https:\/\/elixirdivers.com\/about\/koh-yao-yai\/","name":"O Koh Yao Yai - Elixir Divers","isPartOf":{"@id":"https:\/\/elixirdivers.com\/#website"},"primaryImageOfPage":{"@id":"https:\/\/elixirdivers.com\/about\/koh-yao-yai\/#primaryimage"},"image":{"@id":"https:\/\/elixirdivers.com\/about\/koh-yao-yai\/#primaryimage"},"thumbnailUrl":"https:\/\/elixirdivers.com\/wp-content\/uploads\/2023\/08\/Koh-Yao-Yai4.jpg","datePublished":"2023-09-23T05:06:08+00:00","dateModified":"2024-01-23T06:54:27+00:00","description":"Koh Yao Yai je ostrov v Andamansk\u00e9m mo\u0159i v Thajsku. \"Koh\" znamen\u00e1 ostrov a \"Yao Yai\" je p\u0159eklad pro velk\u00fd dlh\u00fd ostrov. Koh Yao Yai je zn\u00e1m\u00fd svou klidnou atmosf\u00e9rou, kr\u00e1sn\u00fdmi pl\u00e1\u017eemi a p\u0159\u00edrodn\u00edmi scen\u00e9riemi.","breadcrumb":{"@id":"https:\/\/elixirdivers.com\/about\/koh-yao-yai\/#breadcrumb"},"inLanguage":"cs","potentialAction":[{"@type":"ReadAction","target":["https:\/\/elixirdivers.com\/about\/koh-yao-yai\/"]}]},{"@type":"ImageObject","inLanguage":"cs","@id":"https:\/\/elixirdivers.com\/about\/koh-yao-yai\/#primaryimage","url":"https:\/\/elixirdivers.com\/wp-content\/uploads\/2023\/08\/Koh-Yao-Yai4.jpg","contentUrl":"https:\/\/elixirdivers.com\/wp-content\/uploads\/2023\/08\/Koh-Yao-Yai4.jpg","width":1800,"height":1200,"caption":"things to do in koh yao yai"},{"@type":"BreadcrumbList","@id":"https:\/\/elixirdivers.com\/about\/koh-yao-yai\/#breadcrumb","itemListElement":[{"@type":"ListItem","position":1,"name":"Home","item":"https:\/\/elixirdivers.com\/cs\/"},{"@type":"ListItem","position":2,"name":"O n\u00e1s","item":"https:\/\/elixirdivers.com\/cs\/o-nas\/"},{"@type":"ListItem","position":3,"name":"O Koh Yao Yai"}]},{"@type":"WebSite","@id":"https:\/\/elixirdivers.com\/#website","url":"https:\/\/elixirdivers.com\/","name":"Elixir Divers","description":"","publisher":{"@id":"https:\/\/elixirdivers.com\/#organization"},"potentialAction":[{"@type":"SearchAction","target":{"@type":"EntryPoint","urlTemplate":"https:\/\/elixirdivers.com\/?s={search_term_string}"},"query-input":{"@type":"PropertyValueSpecification","valueRequired":true,"valueName":"search_term_string"}}],"inLanguage":"cs"},{"@type":"Organization","@id":"https:\/\/elixirdivers.com\/#organization","name":"Elixir Divers","url":"https:\/\/elixirdivers.com\/","logo":{"@type":"ImageObject","inLanguage":"cs","@id":"https:\/\/elixirdivers.com\/#\/schema\/logo\/image\/","url":"https:\/\/elixirdivers.com\/wp-content\/uploads\/2018\/12\/elixirdivers-logo-blue-1.svg","contentUrl":"https:\/\/elixirdivers.com\/wp-content\/uploads\/2018\/12\/elixirdivers-logo-blue-1.svg","width":800,"height":314,"caption":"Elixir Divers"},"image":{"@id":"https:\/\/elixirdivers.com\/#\/schema\/logo\/image\/"},"sameAs":["https:\/\/www.facebook.com\/Elixir.Divers\/","https:\/\/www.instagram.com\/elixirdivers\/","https:\/\/www.youtube.com\/@elixirdivers"]}]}},"jetpack_sharing_enabled":true,"_links":{"self":[{"href":"https:\/\/elixirdivers.com\/cs\/wp-json\/wp\/v2\/pages\/9451","targetHints":{"allow":["GET"]}}],"collection":[{"href":"https:\/\/elixirdivers.com\/cs\/wp-json\/wp\/v2\/pages"}],"about":[{"href":"https:\/\/elixirdivers.com\/cs\/wp-json\/wp\/v2\/types\/page"}],"author":[{"embeddable":true,"href":"https:\/\/elixirdivers.com\/cs\/wp-json\/wp\/v2\/users\/1"}],"replies":[{"embeddable":true,"href":"https:\/\/elixirdivers.com\/cs\/wp-json\/wp\/v2\/comments?post=9451"}],"version-history":[{"count":5,"href":"https:\/\/elixirdivers.com\/cs\/wp-json\/wp\/v2\/pages\/9451\/revisions"}],"predecessor-version":[{"id":10717,"href":"https:\/\/elixirdivers.com\/cs\/wp-json\/wp\/v2\/pages\/9451\/revisions\/10717"}],"up":[{"embeddable":true,"href":"https:\/\/elixirdivers.com\/cs\/wp-json\/wp\/v2\/pages\/9447"}],"wp:featuredmedia":[{"embeddable":true,"href":"https:\/\/elixirdivers.com\/cs\/wp-json\/wp\/v2\/media\/9253"}],"wp:attachment":[{"href":"https:\/\/elixirdivers.com\/cs\/wp-json\/wp\/v2\/media?parent=9451"}],"curies":[{"name":"wp","href":"https:\/\/api.w.org\/{rel}","templated":true}]}}