{"id":9453,"date":"2023-09-06T13:00:36","date_gmt":"2023-09-06T13:00:36","guid":{"rendered":"http:\/\/elixirdivers.com\/about\/our-speedboats\/"},"modified":"2024-01-14T02:49:21","modified_gmt":"2024-01-14T02:49:21","slug":"motorove-cluny","status":"publish","type":"page","link":"https:\/\/elixirdivers.com\/cs\/o-nas\/motorove-cluny\/","title":{"rendered":"Motorov\u00fd \u010dlun Elixir Divers"},"content":{"rendered":"<section class=\"wpb-content-wrapper\"><p>[vc_row][vc_column][vc_empty_space height=&#8220;60px&#8220;][vc_column_text]<\/p>\n<h2 style=\"text-align: center;\">V\u00fdhody pot\u00e1p\u011bn\u00ed z motorov\u00e9ho \u010dlunu<\/h2>\n<p>[\/vc_column_text][vc_empty_space height=&#8220;10px&#8220;][\/vc_column][\/vc_row][vc_row el_class=&#8220;st-number-box&#8220;][vc_column width=&#8220;1\/3&#8243;][vc_row_inner][vc_column_inner width=&#8220;1\/4&#8243;][vc_column_text el_class=&#8220;st-number-circle&#8220;]1[\/vc_column_text][\/vc_column_inner][vc_column_inner width=&#8220;3\/4&#8243;][vc_column_text el_class=&#8220;st-aboutus-content&#8220;]<\/p>\n<h3>Kr\u00e1tk\u00e9 \u010dasy plavby k lokalit\u00e1m<\/h3>\n<p>V\u011bt\u0161ina lokalit je vzd\u00e1len\u00e1 25 minut plavby.[\/vc_column_text][\/vc_column_inner][\/vc_row_inner][\/vc_column][vc_column width=&#8220;1\/3&#8243;][vc_row_inner][vc_column_inner width=&#8220;1\/4&#8243;][vc_column_text el_class=&#8220;st-number-circle&#8220;]2[\/vc_column_text][\/vc_column_inner][vc_column_inner width=&#8220;3\/4&#8243;][vc_column_text el_class=&#8220;st-aboutus-content&#8220;]<\/p>\n<h3>Pot\u00e1p\u011bjte se na nejlep\u0161\u00edch lokalit\u00e1ch v Thajsku<\/h3>\n<p>Na\u0161e lo\u010f nab\u00edz\u00ed ve\u0161ker\u00e9 vybaven\u00ed a pohodl\u00ed.[\/vc_column_text][\/vc_column_inner][\/vc_row_inner][\/vc_column][vc_column width=&#8220;1\/3&#8243;][vc_row_inner][vc_column_inner width=&#8220;1\/4&#8243;][vc_column_text el_class=&#8220;st-number-circle&#8220;]3[\/vc_column_text][\/vc_column_inner][vc_column_inner width=&#8220;3\/4&#8243;][vc_column_text el_class=&#8220;st-aboutus-content&#8220;]<\/p>\n<h3>Pot\u00e1p\u011bjte se s v mal\u00fdch skupin\u00e1ch<\/h3>\n<p>Maxim\u00e1ln\u011b 10 pot\u00e1p\u011b\u010d\u016f na palub\u011b \u2013 osobn\u00ed p\u00e9\u010de a mal\u00e9 pot\u00e1p\u011b\u010dsk\u00e9 skupiny.[\/vc_column_text][\/vc_column_inner][\/vc_row_inner][\/vc_column][\/vc_row][vc_row el_class=&#8220;st-become-feature-wrapper text-center&#8220;][vc_column][vc_column_text]<\/p>\n<h2 style=\"text-align: center;\">Speedboat Elixir II<\/h2>\n<p>[\/vc_column_text][vc_empty_space height=&#8220;10px&#8220;][\/vc_column][\/vc_row][vc_row][vc_column][vc_column_text el_class=&#8220;st-aboutus-content&#8220;]Elixir II je lamin\u00e1tov\u00fd pot\u00e1p\u011b\u010dsk\u00fd motorov\u00fd \u010dlun navr\u017een\u00fd pot\u00e1p\u011b\u010di pro pot\u00e1p\u011b\u010de. Unik\u00e1tn\u00ed konstrukce umo\u017e\u0148uje pohodln\u00fd vstup\/v\u00fdstup z mo\u0159e, jak jej zn\u00e1te na b\u011b\u017en\u00fdch pot\u00e1p\u011b\u010dsk\u00fdch lod\u00edch. Maxim\u00e1ln\u00ed po\u010det cestuj\u00edc\u00edch je 20, ale pro va\u0161e pohodl\u00ed bereme maxim\u00e1ln\u011b 10 pot\u00e1p\u011b\u010d\u016f.<\/p>\n<p><strong>Specifikace lodi Elixir II<\/strong><\/p>\n<p><strong>D\u00e9lka<\/strong>: 12 m (38 stop)<br \/>\n<strong>\u0160\u00ed\u0159ka<\/strong>: 2,8m<br \/>\n<strong>Ponor<\/strong>: 0,6m<br \/>\n<strong>Motory<\/strong>: 2x 300 HP 6V Suzuki<br \/>\n<strong>Max. rychlost<\/strong>: 45 uzl\u016f<br \/>\n<strong>Kapacita<\/strong>: 600 l benz\u00ednu \/ 200 l \u010derstv\u00e9 vody<br \/>\n<strong>Vybaven\u00ed<\/strong>: kysl\u00edk a prvn\u00ed pomoc, WC, sladkovodn\u00ed sprchy<br \/>\n<strong>Pot\u00e1p\u011b\u010dsk\u00e9 vybaven\u00ed<\/strong>: 12L ALU n\u00e1dr\u017ee (DIN\/INT ventilace), Scubapro a Aqua Lung BCD, regul\u00e1tory Apeks, 3mm kr\u00e1tky neopreny, masky a ploutve<br \/>\n<strong>Datum v\u00fdroby<\/strong>: 2006 (2019 \u2013 kompletn\u00ed rekonstrukce)[\/vc_column_text][vc_empty_space height=&#8220;30px&#8220;][\/vc_column][\/vc_row][vc_row full_width=&#8220;stretch_row_content_no_spaces&#8220; row_fullwidth=&#8220;yes&#8220; css=&#8220;.vc_custom_1694013534714{background-color: #ffffff !important;}&#8220;][vc_column css=&#8220;.vc_custom_1695446154826{padding-right: 0px !important;padding-left: 0px !important;}&#8220;]<div class=\"st-aboutus-gallery\">\r\n            <div class=\"st-flickity st-gallery\">\r\n            <div class=\"carousel\"\r\n                 data-flickity='{ \"wrapAround\": true, \"pageDots\": true , \"autoPlay\" : true}'>\r\n                                    <div class=\"item\" style=\"background-image: url('https:\/\/elixirdivers.com\/wp-content\/uploads\/2023\/08\/Speedboat-charter4.jpg')\"><\/div>\r\n                                        <div class=\"item\" style=\"background-image: url('https:\/\/elixirdivers.com\/wp-content\/uploads\/2023\/08\/Speedboat-charter3.jpg')\"><\/div>\r\n                                        <div class=\"item\" style=\"background-image: url('https:\/\/elixirdivers.com\/wp-content\/uploads\/2023\/08\/Speedboat-charter2.jpg')\"><\/div>\r\n                                        <div class=\"item\" style=\"background-image: url('https:\/\/elixirdivers.com\/wp-content\/uploads\/2023\/08\/Speedboat-charter1.jpg')\"><\/div>\r\n                                        <div class=\"item\" style=\"background-image: url('https:\/\/elixirdivers.com\/wp-content\/uploads\/2023\/08\/Speedboat-charter.jpg')\"><\/div>\r\n                                <\/div>\r\n            <div class=\"slogan\">\r\n                <h4>Our Speedboat Elixir II<\/h4>\r\n                                        <a href=\"http:\/\/mikacz.savana-hosting.cz\/ed23\/transfers\/speedboat-transfers\/\" target=\"\" class=\"btn btn-primary\">Speedboat Transfers<\/a>\r\n                                <\/div>\r\n        <\/div>\r\n    <\/div>\r\n[vc_empty_space height=&#8220;120px&#8220;][\/vc_column][\/vc_row]<\/p>\n<\/section>","protected":false},"excerpt":{"rendered":"<p>[vc_row][vc_column][vc_empty_space height=&#8220;60px&#8220;][vc_column_text] V\u00fdhody pot\u00e1p\u011bn\u00ed z motorov\u00e9ho \u010dlunu [\/vc_column_text][vc_empty_space height=&#8220;10px&#8220;][\/vc_column][\/vc_row][vc_row el_class=&#8220;st-number-box&#8220;][vc_column width=&#8220;1\/3&#8243;][vc_row_inner][vc_column_inner width=&#8220;1\/4&#8243;][vc_column_text el_class=&#8220;st-number-circle&#8220;]1[\/vc_column_text][\/vc_column_inner][vc_column_inner width=&#8220;3\/4&#8243;][vc_column_text el_class=&#8220;st-aboutus-content&#8220;] Kr\u00e1tk\u00e9 \u010dasy plavby k lokalit\u00e1m V\u011bt\u0161ina lokalit je vzd\u00e1len\u00e1 25 minut plavby.[\/vc_column_text][\/vc_column_inner][\/vc_row_inner][\/vc_column][vc_column width=&#8220;1\/3&#8243;][vc_row_inner][vc_column_inner width=&#8220;1\/4&#8243;][vc_column_text el_class=&#8220;st-number-circle&#8220;]2[\/vc_column_text][\/vc_column_inner][vc_column_inner width=&#8220;3\/4&#8243;][vc_column_text el_class=&#8220;st-aboutus-content&#8220;] Pot\u00e1p\u011bjte se na nejlep\u0161\u00edch lokalit\u00e1ch v Thajsku Na\u0161e lo\u010f nab\u00edz\u00ed ve\u0161ker\u00e9 vybaven\u00ed a pohodl\u00ed.[\/vc_column_text][\/vc_column_inner][\/vc_row_inner][\/vc_column][vc_column width=&#8220;1\/3&#8243;][vc_row_inner][vc_column_inner width=&#8220;1\/4&#8243;][vc_column_text el_class=&#8220;st-number-circle&#8220;]3[\/vc_column_text][\/vc_column_inner][vc_column_inner width=&#8220;3\/4&#8243;][vc_column_text el_class=&#8220;st-aboutus-content&#8220;] Pot\u00e1p\u011bjte se s v [&hellip;]<\/p>\n","protected":false},"author":1,"featured_media":12190,"parent":9447,"menu_order":0,"comment_status":"closed","ping_status":"closed","template":"template-home-modern.php","meta":{"footnotes":""},"class_list":["post-9453","page","type-page","status-publish","has-post-thumbnail","hentry"],"yoast_head":"<!-- This site is optimized with the Yoast SEO plugin v26.8 - https:\/\/yoast.com\/product\/yoast-seo-wordpress\/ -->\n<title>Motorov\u00fd \u010dlun Elixir Divers - Elixir Divers<\/title>\n<meta name=\"robots\" content=\"index, follow, max-snippet:-1, max-image-preview:large, max-video-preview:-1\" \/>\n<link rel=\"canonical\" href=\"https:\/\/elixirdivers.com\/cs\/o-nas\/motorove-cluny\/\" \/>\n<meta property=\"og:locale\" content=\"cs_CZ\" \/>\n<meta property=\"og:type\" content=\"article\" \/>\n<meta property=\"og:title\" content=\"Motorov\u00fd \u010dlun Elixir Divers - Elixir Divers\" \/>\n<meta property=\"og:description\" content=\"[vc_row][vc_column][vc_empty_space height=&#8220;60px&#8220;][vc_column_text] V\u00fdhody pot\u00e1p\u011bn\u00ed z motorov\u00e9ho \u010dlunu [\/vc_column_text][vc_empty_space height=&#8220;10px&#8220;][\/vc_column][\/vc_row][vc_row el_class=&#8220;st-number-box&#8220;][vc_column width=&#8220;1\/3&#8243;][vc_row_inner][vc_column_inner width=&#8220;1\/4&#8243;][vc_column_text el_class=&#8220;st-number-circle&#8220;]1[\/vc_column_text][\/vc_column_inner][vc_column_inner width=&#8220;3\/4&#8243;][vc_column_text el_class=&#8220;st-aboutus-content&#8220;] Kr\u00e1tk\u00e9 \u010dasy plavby k lokalit\u00e1m V\u011bt\u0161ina lokalit je vzd\u00e1len\u00e1 25 minut plavby.[\/vc_column_text][\/vc_column_inner][\/vc_row_inner][\/vc_column][vc_column width=&#8220;1\/3&#8243;][vc_row_inner][vc_column_inner width=&#8220;1\/4&#8243;][vc_column_text el_class=&#8220;st-number-circle&#8220;]2[\/vc_column_text][\/vc_column_inner][vc_column_inner width=&#8220;3\/4&#8243;][vc_column_text el_class=&#8220;st-aboutus-content&#8220;] Pot\u00e1p\u011bjte se na nejlep\u0161\u00edch lokalit\u00e1ch v Thajsku Na\u0161e lo\u010f nab\u00edz\u00ed ve\u0161ker\u00e9 vybaven\u00ed a pohodl\u00ed.[\/vc_column_text][\/vc_column_inner][\/vc_row_inner][\/vc_column][vc_column width=&#8220;1\/3&#8243;][vc_row_inner][vc_column_inner width=&#8220;1\/4&#8243;][vc_column_text el_class=&#8220;st-number-circle&#8220;]3[\/vc_column_text][\/vc_column_inner][vc_column_inner width=&#8220;3\/4&#8243;][vc_column_text el_class=&#8220;st-aboutus-content&#8220;] Pot\u00e1p\u011bjte se s v [&hellip;]\" \/>\n<meta property=\"og:url\" content=\"https:\/\/elixirdivers.com\/cs\/o-nas\/motorove-cluny\/\" \/>\n<meta property=\"og:site_name\" content=\"Elixir Divers\" \/>\n<meta property=\"article:publisher\" content=\"https:\/\/www.facebook.com\/Elixir.Divers\/\" \/>\n<meta property=\"article:modified_time\" content=\"2024-01-14T02:49:21+00:00\" \/>\n<meta property=\"og:image\" content=\"https:\/\/elixirdivers.com\/wp-content\/uploads\/2023\/08\/Speedboat-charter.jpg\" \/>\n\t<meta property=\"og:image:width\" content=\"1800\" \/>\n\t<meta property=\"og:image:height\" content=\"1200\" \/>\n\t<meta property=\"og:image:type\" content=\"image\/jpeg\" \/>\n<meta name=\"twitter:card\" content=\"summary_large_image\" \/>\n<meta name=\"twitter:label1\" content=\"Odhadovan\u00e1 doba \u010dten\u00ed\" \/>\n\t<meta name=\"twitter:data1\" content=\"3 minuty\" \/>\n<script type=\"application\/ld+json\" class=\"yoast-schema-graph\">{\"@context\":\"https:\/\/schema.org\",\"@graph\":[{\"@type\":\"WebPage\",\"@id\":\"https:\/\/elixirdivers.com\/cs\/o-nas\/motorove-cluny\/\",\"url\":\"https:\/\/elixirdivers.com\/cs\/o-nas\/motorove-cluny\/\",\"name\":\"Motorov\u00fd \u010dlun Elixir Divers - Elixir Divers\",\"isPartOf\":{\"@id\":\"https:\/\/elixirdivers.com\/#website\"},\"primaryImageOfPage\":{\"@id\":\"https:\/\/elixirdivers.com\/cs\/o-nas\/motorove-cluny\/#primaryimage\"},\"image\":{\"@id\":\"https:\/\/elixirdivers.com\/cs\/o-nas\/motorove-cluny\/#primaryimage\"},\"thumbnailUrl\":\"https:\/\/elixirdivers.com\/wp-content\/uploads\/2025\/10\/IMG_5979.jpeg\",\"datePublished\":\"2023-09-06T13:00:36+00:00\",\"dateModified\":\"2024-01-14T02:49:21+00:00\",\"breadcrumb\":{\"@id\":\"https:\/\/elixirdivers.com\/cs\/o-nas\/motorove-cluny\/#breadcrumb\"},\"inLanguage\":\"cs\",\"potentialAction\":[{\"@type\":\"ReadAction\",\"target\":[\"https:\/\/elixirdivers.com\/cs\/o-nas\/motorove-cluny\/\"]}]},{\"@type\":\"ImageObject\",\"inLanguage\":\"cs\",\"@id\":\"https:\/\/elixirdivers.com\/cs\/o-nas\/motorove-cluny\/#primaryimage\",\"url\":\"https:\/\/elixirdivers.com\/wp-content\/uploads\/2025\/10\/IMG_5979.jpeg\",\"contentUrl\":\"https:\/\/elixirdivers.com\/wp-content\/uploads\/2025\/10\/IMG_5979.jpeg\",\"width\":1800,\"height\":1350},{\"@type\":\"BreadcrumbList\",\"@id\":\"https:\/\/elixirdivers.com\/cs\/o-nas\/motorove-cluny\/#breadcrumb\",\"itemListElement\":[{\"@type\":\"ListItem\",\"position\":1,\"name\":\"Home\",\"item\":\"https:\/\/elixirdivers.com\/cs\/\"},{\"@type\":\"ListItem\",\"position\":2,\"name\":\"O n\u00e1s\",\"item\":\"https:\/\/elixirdivers.com\/cs\/o-nas\/\"},{\"@type\":\"ListItem\",\"position\":3,\"name\":\"Motorov\u00fd \u010dlun Elixir Divers\"}]},{\"@type\":\"WebSite\",\"@id\":\"https:\/\/elixirdivers.com\/#website\",\"url\":\"https:\/\/elixirdivers.com\/\",\"name\":\"Elixir Divers\",\"description\":\"\",\"publisher\":{\"@id\":\"https:\/\/elixirdivers.com\/#organization\"},\"potentialAction\":[{\"@type\":\"SearchAction\",\"target\":{\"@type\":\"EntryPoint\",\"urlTemplate\":\"https:\/\/elixirdivers.com\/?s={search_term_string}\"},\"query-input\":{\"@type\":\"PropertyValueSpecification\",\"valueRequired\":true,\"valueName\":\"search_term_string\"}}],\"inLanguage\":\"cs\"},{\"@type\":\"Organization\",\"@id\":\"https:\/\/elixirdivers.com\/#organization\",\"name\":\"Elixir Divers\",\"url\":\"https:\/\/elixirdivers.com\/\",\"logo\":{\"@type\":\"ImageObject\",\"inLanguage\":\"cs\",\"@id\":\"https:\/\/elixirdivers.com\/#\/schema\/logo\/image\/\",\"url\":\"https:\/\/elixirdivers.com\/wp-content\/uploads\/2018\/12\/elixirdivers-logo-blue-1.svg\",\"contentUrl\":\"https:\/\/elixirdivers.com\/wp-content\/uploads\/2018\/12\/elixirdivers-logo-blue-1.svg\",\"width\":800,\"height\":314,\"caption\":\"Elixir Divers\"},\"image\":{\"@id\":\"https:\/\/elixirdivers.com\/#\/schema\/logo\/image\/\"},\"sameAs\":[\"https:\/\/www.facebook.com\/Elixir.Divers\/\",\"https:\/\/www.instagram.com\/elixirdivers\/\",\"https:\/\/www.youtube.com\/@elixirdivers\"]}]}<\/script>\n<!-- \/ Yoast SEO plugin. -->","yoast_head_json":{"title":"Motorov\u00fd \u010dlun Elixir Divers - Elixir Divers","robots":{"index":"index","follow":"follow","max-snippet":"max-snippet:-1","max-image-preview":"max-image-preview:large","max-video-preview":"max-video-preview:-1"},"canonical":"https:\/\/elixirdivers.com\/cs\/o-nas\/motorove-cluny\/","og_locale":"cs_CZ","og_type":"article","og_title":"Motorov\u00fd \u010dlun Elixir Divers - Elixir Divers","og_description":"[vc_row][vc_column][vc_empty_space height=&#8220;60px&#8220;][vc_column_text] V\u00fdhody pot\u00e1p\u011bn\u00ed z motorov\u00e9ho \u010dlunu [\/vc_column_text][vc_empty_space height=&#8220;10px&#8220;][\/vc_column][\/vc_row][vc_row el_class=&#8220;st-number-box&#8220;][vc_column width=&#8220;1\/3&#8243;][vc_row_inner][vc_column_inner width=&#8220;1\/4&#8243;][vc_column_text el_class=&#8220;st-number-circle&#8220;]1[\/vc_column_text][\/vc_column_inner][vc_column_inner width=&#8220;3\/4&#8243;][vc_column_text el_class=&#8220;st-aboutus-content&#8220;] Kr\u00e1tk\u00e9 \u010dasy plavby k lokalit\u00e1m V\u011bt\u0161ina lokalit je vzd\u00e1len\u00e1 25 minut plavby.[\/vc_column_text][\/vc_column_inner][\/vc_row_inner][\/vc_column][vc_column width=&#8220;1\/3&#8243;][vc_row_inner][vc_column_inner width=&#8220;1\/4&#8243;][vc_column_text el_class=&#8220;st-number-circle&#8220;]2[\/vc_column_text][\/vc_column_inner][vc_column_inner width=&#8220;3\/4&#8243;][vc_column_text el_class=&#8220;st-aboutus-content&#8220;] Pot\u00e1p\u011bjte se na nejlep\u0161\u00edch lokalit\u00e1ch v Thajsku Na\u0161e lo\u010f nab\u00edz\u00ed ve\u0161ker\u00e9 vybaven\u00ed a pohodl\u00ed.[\/vc_column_text][\/vc_column_inner][\/vc_row_inner][\/vc_column][vc_column width=&#8220;1\/3&#8243;][vc_row_inner][vc_column_inner width=&#8220;1\/4&#8243;][vc_column_text el_class=&#8220;st-number-circle&#8220;]3[\/vc_column_text][\/vc_column_inner][vc_column_inner width=&#8220;3\/4&#8243;][vc_column_text el_class=&#8220;st-aboutus-content&#8220;] Pot\u00e1p\u011bjte se s v [&hellip;]","og_url":"https:\/\/elixirdivers.com\/cs\/o-nas\/motorove-cluny\/","og_site_name":"Elixir Divers","article_publisher":"https:\/\/www.facebook.com\/Elixir.Divers\/","article_modified_time":"2024-01-14T02:49:21+00:00","og_image":[{"width":1800,"height":1200,"url":"https:\/\/elixirdivers.com\/wp-content\/uploads\/2023\/08\/Speedboat-charter.jpg","type":"image\/jpeg"}],"twitter_card":"summary_large_image","twitter_misc":{"Odhadovan\u00e1 doba \u010dten\u00ed":"3 minuty"},"schema":{"@context":"https:\/\/schema.org","@graph":[{"@type":"WebPage","@id":"https:\/\/elixirdivers.com\/cs\/o-nas\/motorove-cluny\/","url":"https:\/\/elixirdivers.com\/cs\/o-nas\/motorove-cluny\/","name":"Motorov\u00fd \u010dlun Elixir Divers - Elixir Divers","isPartOf":{"@id":"https:\/\/elixirdivers.com\/#website"},"primaryImageOfPage":{"@id":"https:\/\/elixirdivers.com\/cs\/o-nas\/motorove-cluny\/#primaryimage"},"image":{"@id":"https:\/\/elixirdivers.com\/cs\/o-nas\/motorove-cluny\/#primaryimage"},"thumbnailUrl":"https:\/\/elixirdivers.com\/wp-content\/uploads\/2025\/10\/IMG_5979.jpeg","datePublished":"2023-09-06T13:00:36+00:00","dateModified":"2024-01-14T02:49:21+00:00","breadcrumb":{"@id":"https:\/\/elixirdivers.com\/cs\/o-nas\/motorove-cluny\/#breadcrumb"},"inLanguage":"cs","potentialAction":[{"@type":"ReadAction","target":["https:\/\/elixirdivers.com\/cs\/o-nas\/motorove-cluny\/"]}]},{"@type":"ImageObject","inLanguage":"cs","@id":"https:\/\/elixirdivers.com\/cs\/o-nas\/motorove-cluny\/#primaryimage","url":"https:\/\/elixirdivers.com\/wp-content\/uploads\/2025\/10\/IMG_5979.jpeg","contentUrl":"https:\/\/elixirdivers.com\/wp-content\/uploads\/2025\/10\/IMG_5979.jpeg","width":1800,"height":1350},{"@type":"BreadcrumbList","@id":"https:\/\/elixirdivers.com\/cs\/o-nas\/motorove-cluny\/#breadcrumb","itemListElement":[{"@type":"ListItem","position":1,"name":"Home","item":"https:\/\/elixirdivers.com\/cs\/"},{"@type":"ListItem","position":2,"name":"O n\u00e1s","item":"https:\/\/elixirdivers.com\/cs\/o-nas\/"},{"@type":"ListItem","position":3,"name":"Motorov\u00fd \u010dlun Elixir Divers"}]},{"@type":"WebSite","@id":"https:\/\/elixirdivers.com\/#website","url":"https:\/\/elixirdivers.com\/","name":"Elixir Divers","description":"","publisher":{"@id":"https:\/\/elixirdivers.com\/#organization"},"potentialAction":[{"@type":"SearchAction","target":{"@type":"EntryPoint","urlTemplate":"https:\/\/elixirdivers.com\/?s={search_term_string}"},"query-input":{"@type":"PropertyValueSpecification","valueRequired":true,"valueName":"search_term_string"}}],"inLanguage":"cs"},{"@type":"Organization","@id":"https:\/\/elixirdivers.com\/#organization","name":"Elixir Divers","url":"https:\/\/elixirdivers.com\/","logo":{"@type":"ImageObject","inLanguage":"cs","@id":"https:\/\/elixirdivers.com\/#\/schema\/logo\/image\/","url":"https:\/\/elixirdivers.com\/wp-content\/uploads\/2018\/12\/elixirdivers-logo-blue-1.svg","contentUrl":"https:\/\/elixirdivers.com\/wp-content\/uploads\/2018\/12\/elixirdivers-logo-blue-1.svg","width":800,"height":314,"caption":"Elixir Divers"},"image":{"@id":"https:\/\/elixirdivers.com\/#\/schema\/logo\/image\/"},"sameAs":["https:\/\/www.facebook.com\/Elixir.Divers\/","https:\/\/www.instagram.com\/elixirdivers\/","https:\/\/www.youtube.com\/@elixirdivers"]}]}},"jetpack_sharing_enabled":true,"_links":{"self":[{"href":"https:\/\/elixirdivers.com\/cs\/wp-json\/wp\/v2\/pages\/9453","targetHints":{"allow":["GET"]}}],"collection":[{"href":"https:\/\/elixirdivers.com\/cs\/wp-json\/wp\/v2\/pages"}],"about":[{"href":"https:\/\/elixirdivers.com\/cs\/wp-json\/wp\/v2\/types\/page"}],"author":[{"embeddable":true,"href":"https:\/\/elixirdivers.com\/cs\/wp-json\/wp\/v2\/users\/1"}],"replies":[{"embeddable":true,"href":"https:\/\/elixirdivers.com\/cs\/wp-json\/wp\/v2\/comments?post=9453"}],"version-history":[{"count":4,"href":"https:\/\/elixirdivers.com\/cs\/wp-json\/wp\/v2\/pages\/9453\/revisions"}],"predecessor-version":[{"id":10640,"href":"https:\/\/elixirdivers.com\/cs\/wp-json\/wp\/v2\/pages\/9453\/revisions\/10640"}],"up":[{"embeddable":true,"href":"https:\/\/elixirdivers.com\/cs\/wp-json\/wp\/v2\/pages\/9447"}],"wp:featuredmedia":[{"embeddable":true,"href":"https:\/\/elixirdivers.com\/cs\/wp-json\/wp\/v2\/media\/12190"}],"wp:attachment":[{"href":"https:\/\/elixirdivers.com\/cs\/wp-json\/wp\/v2\/media?parent=9453"}],"curies":[{"name":"wp","href":"https:\/\/api.w.org\/{rel}","templated":true}]}}