{"id":9461,"date":"2023-09-23T04:36:37","date_gmt":"2023-09-23T04:36:37","guid":{"rendered":"http:\/\/elixirdivers.com\/pricelist\/"},"modified":"2024-09-04T14:19:05","modified_gmt":"2024-09-04T14:19:05","slug":"cenik","status":"publish","type":"page","link":"https:\/\/elixirdivers.com\/cs\/cenik\/","title":{"rendered":"Cen\u00edk"},"content":{"rendered":"<section class=\"wpb-content-wrapper\"><p>[vc_row][vc_column][vc_empty_space height=&#8220;60px&#8220;][vc_row_inner][vc_column_inner][vc_column_text]<\/p>\n<h2>Cen\u00edk pot\u00e1p\u011bn\u00ed<\/h2>\n<p>[\/vc_column_text][vc_raw_html]JTVCdGFibGUlMjBpZCUzRCUyMjclMjIlNUQ=[\/vc_raw_html][vc_column_text]<\/p>\n<h3>Cena nezahrnuje<\/h3>\n<ul>\n<li>Poplatek za n\u00e1rodn\u00ed park na ostrovech Phi Phi (600 THB\/pot\u00e1p\u011b\u010d) nen\u00ed zahrnut. Plat\u00ed se na palub\u011b v hotovosti, pokud p\u0159ijede pob\u0159e\u017en\u00ed str\u00e1\u017e<\/li>\n<li>Pron\u00e1jem kompletn\u00edho vybaven\u00ed je 1 000 THB\/den<\/li>\n<li>BCD (300 THB za polo\u017eku), regul\u00e1tor (300 THB), neopren (200 THB), maska \u200b\u200b+ ploutve (200 THB), pot\u00e1p\u011b\u010dsk\u00fd po\u010d\u00edta\u010d (300 THB)<\/li>\n<\/ul>\n<h3>Partner pro \u0161norchlov\u00e1n\u00ed p\u0159i pot\u00e1p\u011bn\u00ed<\/h3>\n<ul>\n<li>Cena za partnera pro \u0161norchlov\u00e1n\u00ed je 2 000 THB<\/li>\n<li>Cena za partnera pro \u0161norchlov\u00e1n\u00ed je 3 500 THB + poplatek za park p\u0159i pot\u00e1p\u011bn\u00ed na Phi Phi<\/li>\n<\/ul>\n<h3>V cen\u011b dvou ponor\u016f<\/h3>\n<ul>\n<li>Pr\u016fvodcovan\u00ed divemasterem<\/li>\n<li>Nealkoholick\u00e9 n\u00e1poje a \u010derstv\u00e9 ovoce<\/li>\n<li>Dv\u011b 12l n\u00e1dr\u017ee<\/li>\n<li>Z\u00e1va\u017e\u00ed a p\u00e1s<\/li>\n<li>Pot\u00e1p\u011bn\u00ed na r\u00fdchlo \u010dlunu<\/li>\n<li>Nitrox nenab\u00edz\u00edme<\/li>\n<\/ul>\n<h3>Pot\u00e1p\u011b\u010dsk\u00e9 bal\u00ed\u010dky<\/h3>\n<ul>\n<li>6+ ponor\u016f \u2013 z\u00edskejte 15% slevu<\/li>\n<li>8 a v\u00edce ponor\u016f \u2013 z\u00edskejte slevu 20 %<\/li>\n<li>10+ ponor\u016f \u2013 z\u00edskejte 25% slevu<\/li>\n<\/ul>\n<p>[\/vc_column_text][vc_btn title=&#8220;Rezervujte si pot\u00e1p\u011bn\u00ed&#8220; style=&#8220;flat&#8220; color=&#8220;primary&#8220; align=&#8220;left&#8220; link=&#8220;url:http%3A%2F%2Felixirdivers.com%2Fsearch%2F%3Ftaxonomy%255Bst_tour_type%255D%3D79&#8243;][\/vc_column_inner][\/vc_row_inner][vc_row_inner][vc_column_inner][vc_separator border_width=&#8220;2&#8243;][vc_column_text]<\/p>\n<h2>PADI kurzy<\/h2>\n<p>[\/vc_column_text][vc_raw_html]JTVCdGFibGUlMjBpZCUzRCUyMjUlMjIlNUQ=[\/vc_raw_html][vc_column_text]<\/p>\n<h3>Cena zahrnuje<\/h3>\n<ul>\n<li>E-learning teorie PADI<\/li>\n<li>Baz\u00e9nov\u00e9 lekce<\/li>\n<li>Ponory na otev\u0159en\u00e9 vod\u011b<\/li>\n<li>PADI poplatky<\/li>\n<li>Mal\u00e9 t\u0159\u00eddy, maxim\u00e1ln\u011b dva studenti na PADI instruktora<\/li>\n<\/ul>\n<p>[\/vc_column_text][vc_btn title=&#8220;Rezervujte si PADI kurz&#8220; style=&#8220;flat&#8220; color=&#8220;primary&#8220; align=&#8220;left&#8220; link=&#8220;url:http%3A%2F%2Felixirdivers.com%2Fsearch%2F%3Ftaxonomy%255Bst_tour_type%255D%3D80&#8243;][\/vc_column_inner][\/vc_row_inner][vc_row_inner][vc_column_inner][vc_separator border_width=&#8220;2&#8243;][vc_column_text]<\/p>\n<h2>Ceny denn\u00edch v\u00fdlet\u016f<\/h2>\n<p>[\/vc_column_text][vc_raw_html]JTVCdGFibGUlMjBpZCUzRCUyMjQlMjIlNUQ=[\/vc_raw_html][vc_column_text]<\/p>\n<h3>Cena zahrnuje<\/h3>\n<ul>\n<li>Poplatky za n\u00e1rodn\u00ed park (300\u2013400 THB na osobu)<\/li>\n<li>Ob\u011bd (sma\u017een\u00e1 r\u00fd\u017ee s ku\u0159ec\u00edm masem a zeleninou)<\/li>\n<li>Nealkoholick\u00e9 n\u00e1poje a \u010derstv\u00e9 ovoce<\/li>\n<li>Vybaven\u00ed pro \u0161norchlov\u00e1n\u00ed<\/li>\n<li>Mal\u00e9 skupiny max 14 lid\u00ed na speedboatu<\/li>\n<li>Priv\u00e1tn\u00ed v\u00fdlety na d\u0159ev\u011bn\u00e9 lodi<\/li>\n<\/ul>\n<p>[\/vc_column_text][vc_btn title=&#8220;Rezervujte si denn\u00ed v\u00fdlet&#8220; style=&#8220;flat&#8220; color=&#8220;primary&#8220; align=&#8220;left&#8220; link=&#8220;url:http%3A%2F%2Felixirdivers.com%2Fsearch%2F%3Ftaxonomy%255Bst_tour_type%255D%3D81&#8243;][vc_column_text]Ceny se mohou\u00a0zm\u011bnit.[\/vc_column_text][\/vc_column_inner][\/vc_row_inner][vc_row_inner][vc_column_inner][vc_separator border_width=&#8220;2&#8243;][vc_column_text]<\/p>\n<h2>Cena pot\u00e1p\u011bn\u00ed na safari lo\u010fech<\/h2>\n<p>[\/vc_column_text][vc_raw_html]JTVCdGFibGUlMjBpZCUzRCUyMjglMjIlNUQ=[\/vc_raw_html][vc_column_text]<\/p>\n<h3>Cena zahrnuje<\/h3>\n<ul>\n<li>Stravov\u00e1n\u00ed \u2013 pln\u00e1 penze, sva\u010diny<\/li>\n<li>K\u00e1va, \u010daj, nealko n\u00e1poje<\/li>\n<li>\u010cerstv\u00e9 ovoce<\/li>\n<li>Dive Master<\/li>\n<li>Transfery<\/li>\n<\/ul>\n<p>[\/vc_column_text][vc_btn title=&#8220;Rezervujte si pot\u00e1p\u011b\u010dsk\u00fd safari&#8220; style=&#8220;flat&#8220; color=&#8220;primary&#8220; align=&#8220;left&#8220; link=&#8220;url:http%3A%2F%2Felixirdivers.com%2Fsearch%2F%3Ftaxonomy%255Bst_tour_type%255D%3D78&#8243;][\/vc_column_inner][\/vc_row_inner][vc_empty_space height=&#8220;60px&#8220;][\/vc_column][\/vc_row]<\/p>\n<\/section>","protected":false},"excerpt":{"rendered":"<p>[vc_row][vc_column][vc_empty_space height=&#8220;60px&#8220;][vc_row_inner][vc_column_inner][vc_column_text] Cen\u00edk pot\u00e1p\u011bn\u00ed [\/vc_column_text][vc_raw_html]JTVCdGFibGUlMjBpZCUzRCUyMjclMjIlNUQ=[\/vc_raw_html][vc_column_text] Cena nezahrnuje Poplatek za n\u00e1rodn\u00ed park na ostrovech Phi Phi (600 THB\/pot\u00e1p\u011b\u010d) nen\u00ed zahrnut. Plat\u00ed se na palub\u011b v hotovosti, pokud p\u0159ijede pob\u0159e\u017en\u00ed str\u00e1\u017e Pron\u00e1jem kompletn\u00edho vybaven\u00ed je 1 000 THB\/den BCD (300 THB za polo\u017eku), regul\u00e1tor (300 THB), neopren (200 THB), maska \u200b\u200b+ ploutve (200 THB), pot\u00e1p\u011b\u010dsk\u00fd po\u010d\u00edta\u010d (300 [&hellip;]<\/p>\n","protected":false},"author":1,"featured_media":9403,"parent":0,"menu_order":0,"comment_status":"closed","ping_status":"closed","template":"template-home-modern.php","meta":{"footnotes":""},"class_list":["post-9461","page","type-page","status-publish","has-post-thumbnail","hentry"],"yoast_head":"<!-- This site is optimized with the Yoast SEO plugin v26.8 - https:\/\/yoast.com\/product\/yoast-seo-wordpress\/ -->\n<title>Cen\u00edk - Elixir Divers<\/title>\n<meta name=\"description\" content=\"Zde n\u00e1jdete kompletn\u00ed cen\u00edk slu\u017eeb Elixir Divers cestovn\u00ed agent\u00fary v Thajsku.\" \/>\n<meta name=\"robots\" content=\"index, follow, max-snippet:-1, max-image-preview:large, max-video-preview:-1\" \/>\n<link rel=\"canonical\" href=\"http:\/\/elixirdivers.com\/cs\/cenik\/\" \/>\n<meta property=\"og:locale\" content=\"cs_CZ\" \/>\n<meta property=\"og:type\" content=\"article\" \/>\n<meta property=\"og:title\" content=\"Cen\u00edk - Elixir Divers\" \/>\n<meta property=\"og:description\" content=\"Zde n\u00e1jdete kompletn\u00ed cen\u00edk slu\u017eeb Elixir Divers cestovn\u00ed agent\u00fary v Thajsku.\" \/>\n<meta property=\"og:url\" content=\"http:\/\/elixirdivers.com\/cs\/cenik\/\" \/>\n<meta property=\"og:site_name\" content=\"Elixir Divers\" \/>\n<meta property=\"article:publisher\" content=\"https:\/\/www.facebook.com\/Elixir.Divers\/\" \/>\n<meta property=\"article:modified_time\" content=\"2024-09-04T14:19:05+00:00\" \/>\n<meta property=\"og:image\" content=\"http:\/\/elixirdivers.com\/wp-content\/uploads\/2023\/08\/james-bond-island-tour.jpg\" \/>\n\t<meta property=\"og:image:width\" content=\"1334\" \/>\n\t<meta property=\"og:image:height\" content=\"750\" \/>\n\t<meta property=\"og:image:type\" content=\"image\/jpeg\" \/>\n<meta name=\"twitter:card\" content=\"summary_large_image\" \/>\n<meta name=\"twitter:label1\" content=\"Odhadovan\u00e1 doba \u010dten\u00ed\" \/>\n\t<meta name=\"twitter:data1\" content=\"2 minuty\" \/>\n<script type=\"application\/ld+json\" class=\"yoast-schema-graph\">{\"@context\":\"https:\/\/schema.org\",\"@graph\":[{\"@type\":\"WebPage\",\"@id\":\"http:\/\/elixirdivers.com\/cs\/cenik\/\",\"url\":\"http:\/\/elixirdivers.com\/cs\/cenik\/\",\"name\":\"Cen\u00edk - Elixir Divers\",\"isPartOf\":{\"@id\":\"https:\/\/elixirdivers.com\/#website\"},\"primaryImageOfPage\":{\"@id\":\"http:\/\/elixirdivers.com\/cs\/cenik\/#primaryimage\"},\"image\":{\"@id\":\"http:\/\/elixirdivers.com\/cs\/cenik\/#primaryimage\"},\"thumbnailUrl\":\"https:\/\/elixirdivers.com\/wp-content\/uploads\/2023\/08\/james-bond-island-tour.jpg\",\"datePublished\":\"2023-09-23T04:36:37+00:00\",\"dateModified\":\"2024-09-04T14:19:05+00:00\",\"description\":\"Zde n\u00e1jdete kompletn\u00ed cen\u00edk slu\u017eeb Elixir Divers cestovn\u00ed agent\u00fary v Thajsku.\",\"breadcrumb\":{\"@id\":\"http:\/\/elixirdivers.com\/cs\/cenik\/#breadcrumb\"},\"inLanguage\":\"cs\",\"potentialAction\":[{\"@type\":\"ReadAction\",\"target\":[\"http:\/\/elixirdivers.com\/cs\/cenik\/\"]}]},{\"@type\":\"ImageObject\",\"inLanguage\":\"cs\",\"@id\":\"http:\/\/elixirdivers.com\/cs\/cenik\/#primaryimage\",\"url\":\"https:\/\/elixirdivers.com\/wp-content\/uploads\/2023\/08\/james-bond-island-tour.jpg\",\"contentUrl\":\"https:\/\/elixirdivers.com\/wp-content\/uploads\/2023\/08\/james-bond-island-tour.jpg\",\"width\":1334,\"height\":750},{\"@type\":\"BreadcrumbList\",\"@id\":\"http:\/\/elixirdivers.com\/cs\/cenik\/#breadcrumb\",\"itemListElement\":[{\"@type\":\"ListItem\",\"position\":1,\"name\":\"Home\",\"item\":\"https:\/\/elixirdivers.com\/cs\/\"},{\"@type\":\"ListItem\",\"position\":2,\"name\":\"Cen\u00edk\"}]},{\"@type\":\"WebSite\",\"@id\":\"https:\/\/elixirdivers.com\/#website\",\"url\":\"https:\/\/elixirdivers.com\/\",\"name\":\"Elixir Divers\",\"description\":\"\",\"publisher\":{\"@id\":\"https:\/\/elixirdivers.com\/#organization\"},\"potentialAction\":[{\"@type\":\"SearchAction\",\"target\":{\"@type\":\"EntryPoint\",\"urlTemplate\":\"https:\/\/elixirdivers.com\/?s={search_term_string}\"},\"query-input\":{\"@type\":\"PropertyValueSpecification\",\"valueRequired\":true,\"valueName\":\"search_term_string\"}}],\"inLanguage\":\"cs\"},{\"@type\":\"Organization\",\"@id\":\"https:\/\/elixirdivers.com\/#organization\",\"name\":\"Elixir Divers\",\"url\":\"https:\/\/elixirdivers.com\/\",\"logo\":{\"@type\":\"ImageObject\",\"inLanguage\":\"cs\",\"@id\":\"https:\/\/elixirdivers.com\/#\/schema\/logo\/image\/\",\"url\":\"https:\/\/elixirdivers.com\/wp-content\/uploads\/2018\/12\/elixirdivers-logo-blue-1.svg\",\"contentUrl\":\"https:\/\/elixirdivers.com\/wp-content\/uploads\/2018\/12\/elixirdivers-logo-blue-1.svg\",\"width\":800,\"height\":314,\"caption\":\"Elixir Divers\"},\"image\":{\"@id\":\"https:\/\/elixirdivers.com\/#\/schema\/logo\/image\/\"},\"sameAs\":[\"https:\/\/www.facebook.com\/Elixir.Divers\/\",\"https:\/\/www.instagram.com\/elixirdivers\/\",\"https:\/\/www.youtube.com\/@elixirdivers\"]}]}<\/script>\n<!-- \/ Yoast SEO plugin. -->","yoast_head_json":{"title":"Cen\u00edk - Elixir Divers","description":"Zde n\u00e1jdete kompletn\u00ed cen\u00edk slu\u017eeb Elixir Divers cestovn\u00ed agent\u00fary v Thajsku.","robots":{"index":"index","follow":"follow","max-snippet":"max-snippet:-1","max-image-preview":"max-image-preview:large","max-video-preview":"max-video-preview:-1"},"canonical":"http:\/\/elixirdivers.com\/cs\/cenik\/","og_locale":"cs_CZ","og_type":"article","og_title":"Cen\u00edk - Elixir Divers","og_description":"Zde n\u00e1jdete kompletn\u00ed cen\u00edk slu\u017eeb Elixir Divers cestovn\u00ed agent\u00fary v Thajsku.","og_url":"http:\/\/elixirdivers.com\/cs\/cenik\/","og_site_name":"Elixir Divers","article_publisher":"https:\/\/www.facebook.com\/Elixir.Divers\/","article_modified_time":"2024-09-04T14:19:05+00:00","og_image":[{"width":1334,"height":750,"url":"http:\/\/elixirdivers.com\/wp-content\/uploads\/2023\/08\/james-bond-island-tour.jpg","type":"image\/jpeg"}],"twitter_card":"summary_large_image","twitter_misc":{"Odhadovan\u00e1 doba \u010dten\u00ed":"2 minuty"},"schema":{"@context":"https:\/\/schema.org","@graph":[{"@type":"WebPage","@id":"http:\/\/elixirdivers.com\/cs\/cenik\/","url":"http:\/\/elixirdivers.com\/cs\/cenik\/","name":"Cen\u00edk - Elixir Divers","isPartOf":{"@id":"https:\/\/elixirdivers.com\/#website"},"primaryImageOfPage":{"@id":"http:\/\/elixirdivers.com\/cs\/cenik\/#primaryimage"},"image":{"@id":"http:\/\/elixirdivers.com\/cs\/cenik\/#primaryimage"},"thumbnailUrl":"https:\/\/elixirdivers.com\/wp-content\/uploads\/2023\/08\/james-bond-island-tour.jpg","datePublished":"2023-09-23T04:36:37+00:00","dateModified":"2024-09-04T14:19:05+00:00","description":"Zde n\u00e1jdete kompletn\u00ed cen\u00edk slu\u017eeb Elixir Divers cestovn\u00ed agent\u00fary v Thajsku.","breadcrumb":{"@id":"http:\/\/elixirdivers.com\/cs\/cenik\/#breadcrumb"},"inLanguage":"cs","potentialAction":[{"@type":"ReadAction","target":["http:\/\/elixirdivers.com\/cs\/cenik\/"]}]},{"@type":"ImageObject","inLanguage":"cs","@id":"http:\/\/elixirdivers.com\/cs\/cenik\/#primaryimage","url":"https:\/\/elixirdivers.com\/wp-content\/uploads\/2023\/08\/james-bond-island-tour.jpg","contentUrl":"https:\/\/elixirdivers.com\/wp-content\/uploads\/2023\/08\/james-bond-island-tour.jpg","width":1334,"height":750},{"@type":"BreadcrumbList","@id":"http:\/\/elixirdivers.com\/cs\/cenik\/#breadcrumb","itemListElement":[{"@type":"ListItem","position":1,"name":"Home","item":"https:\/\/elixirdivers.com\/cs\/"},{"@type":"ListItem","position":2,"name":"Cen\u00edk"}]},{"@type":"WebSite","@id":"https:\/\/elixirdivers.com\/#website","url":"https:\/\/elixirdivers.com\/","name":"Elixir Divers","description":"","publisher":{"@id":"https:\/\/elixirdivers.com\/#organization"},"potentialAction":[{"@type":"SearchAction","target":{"@type":"EntryPoint","urlTemplate":"https:\/\/elixirdivers.com\/?s={search_term_string}"},"query-input":{"@type":"PropertyValueSpecification","valueRequired":true,"valueName":"search_term_string"}}],"inLanguage":"cs"},{"@type":"Organization","@id":"https:\/\/elixirdivers.com\/#organization","name":"Elixir Divers","url":"https:\/\/elixirdivers.com\/","logo":{"@type":"ImageObject","inLanguage":"cs","@id":"https:\/\/elixirdivers.com\/#\/schema\/logo\/image\/","url":"https:\/\/elixirdivers.com\/wp-content\/uploads\/2018\/12\/elixirdivers-logo-blue-1.svg","contentUrl":"https:\/\/elixirdivers.com\/wp-content\/uploads\/2018\/12\/elixirdivers-logo-blue-1.svg","width":800,"height":314,"caption":"Elixir Divers"},"image":{"@id":"https:\/\/elixirdivers.com\/#\/schema\/logo\/image\/"},"sameAs":["https:\/\/www.facebook.com\/Elixir.Divers\/","https:\/\/www.instagram.com\/elixirdivers\/","https:\/\/www.youtube.com\/@elixirdivers"]}]}},"jetpack_sharing_enabled":true,"_links":{"self":[{"href":"https:\/\/elixirdivers.com\/cs\/wp-json\/wp\/v2\/pages\/9461","targetHints":{"allow":["GET"]}}],"collection":[{"href":"https:\/\/elixirdivers.com\/cs\/wp-json\/wp\/v2\/pages"}],"about":[{"href":"https:\/\/elixirdivers.com\/cs\/wp-json\/wp\/v2\/types\/page"}],"author":[{"embeddable":true,"href":"https:\/\/elixirdivers.com\/cs\/wp-json\/wp\/v2\/users\/1"}],"replies":[{"embeddable":true,"href":"https:\/\/elixirdivers.com\/cs\/wp-json\/wp\/v2\/comments?post=9461"}],"version-history":[{"count":6,"href":"https:\/\/elixirdivers.com\/cs\/wp-json\/wp\/v2\/pages\/9461\/revisions"}],"predecessor-version":[{"id":11081,"href":"https:\/\/elixirdivers.com\/cs\/wp-json\/wp\/v2\/pages\/9461\/revisions\/11081"}],"wp:featuredmedia":[{"embeddable":true,"href":"https:\/\/elixirdivers.com\/cs\/wp-json\/wp\/v2\/media\/9403"}],"wp:attachment":[{"href":"https:\/\/elixirdivers.com\/cs\/wp-json\/wp\/v2\/media?parent=9461"}],"curies":[{"name":"wp","href":"https:\/\/api.w.org\/{rel}","templated":true}]}}