{"id":9463,"date":"2019-01-11T07:22:59","date_gmt":"2019-01-11T07:22:59","guid":{"rendered":"http:\/\/elixirdivers.com\/search\/"},"modified":"2024-01-07T00:48:59","modified_gmt":"2024-01-07T00:48:59","slug":"potapeni","status":"publish","type":"page","link":"https:\/\/elixirdivers.com\/cs\/potapeni\/","title":{"rendered":"Pot\u00e1p\u011bn\u00ed v Koh Yao Yai, Thajsko"},"content":{"rendered":"","protected":false},"excerpt":{"rendered":"","protected":false},"author":1,"featured_media":8925,"parent":0,"menu_order":0,"comment_status":"closed","ping_status":"closed","template":"template-tour-search.php","meta":{"footnotes":""},"class_list":["post-9463","page","type-page","status-publish","has-post-thumbnail","hentry"],"yoast_head":"<!-- This site is optimized with the Yoast SEO plugin v27.5 - https:\/\/yoast.com\/product\/yoast-seo-wordpress\/ -->\n<title>Pot\u00e1p\u011bn\u00ed v Koh Yao Yai, Thajsko - Elixir Divers<\/title>\n<meta name=\"description\" content=\"Pot\u00e1p\u011b\u010dsk\u00e1 \u0161kola v Thajsku - Objevte podmo\u0159sk\u00fd r\u00e1j s na\u0161\u00edm pot\u00e1p\u011b\u010dsk\u00fdm centrem! Nab\u00edz\u00edme kurzy pro za\u010d\u00e1te\u010dn\u00edky a pokro\u010dil\u00e9, pr\u016fvodce s bohat\u00fdmi zku\u0161enostmi a nezapomenuteln\u00e9 pot\u00e1p\u011b\u010dsk\u00e9 v\u00fdlety.\" \/>\n<meta name=\"robots\" content=\"index, follow, max-snippet:-1, max-image-preview:large, max-video-preview:-1\" \/>\n<link rel=\"canonical\" href=\"https:\/\/elixirdivers.com\/cs\/potapeni\/\" \/>\n<meta property=\"og:locale\" content=\"cs_CZ\" \/>\n<meta property=\"og:type\" content=\"article\" \/>\n<meta property=\"og:title\" content=\"Pot\u00e1p\u011bn\u00ed v Koh Yao Yai, Thajsko - Elixir Divers\" \/>\n<meta property=\"og:description\" content=\"Pot\u00e1p\u011b\u010dsk\u00e1 \u0161kola v Thajsku - Objevte podmo\u0159sk\u00fd r\u00e1j s na\u0161\u00edm pot\u00e1p\u011b\u010dsk\u00fdm centrem! Nab\u00edz\u00edme kurzy pro za\u010d\u00e1te\u010dn\u00edky a pokro\u010dil\u00e9, pr\u016fvodce s bohat\u00fdmi zku\u0161enostmi a nezapomenuteln\u00e9 pot\u00e1p\u011b\u010dsk\u00e9 v\u00fdlety.\" \/>\n<meta property=\"og:url\" content=\"https:\/\/elixirdivers.com\/cs\/potapeni\/\" \/>\n<meta property=\"og:site_name\" content=\"Elixir Divers\" \/>\n<meta property=\"article:publisher\" content=\"https:\/\/www.facebook.com\/Elixir.Divers\/\" \/>\n<meta property=\"article:modified_time\" content=\"2024-01-07T00:48:59+00:00\" \/>\n<meta property=\"og:image\" content=\"https:\/\/elixirdivers.com\/wp-content\/uploads\/2015\/01\/shark-point.jpg\" \/>\n\t<meta property=\"og:image:width\" content=\"1000\" \/>\n\t<meta property=\"og:image:height\" content=\"750\" \/>\n\t<meta property=\"og:image:type\" content=\"image\/jpeg\" \/>\n<meta name=\"twitter:card\" content=\"summary_large_image\" \/>\n<meta name=\"twitter:label1\" content=\"Odhadovan\u00e1 doba \u010dten\u00ed\" \/>\n\t<meta name=\"twitter:data1\" content=\"1 minuta\" \/>\n<script type=\"application\/ld+json\" class=\"yoast-schema-graph\">{\"@context\":\"https:\\\/\\\/schema.org\",\"@graph\":[{\"@type\":\"WebPage\",\"@id\":\"https:\\\/\\\/elixirdivers.com\\\/cs\\\/potapeni\\\/\",\"url\":\"https:\\\/\\\/elixirdivers.com\\\/cs\\\/potapeni\\\/\",\"name\":\"Pot\u00e1p\u011bn\u00ed v Koh Yao Yai, Thajsko - Elixir Divers\",\"isPartOf\":{\"@id\":\"https:\\\/\\\/elixirdivers.com\\\/#website\"},\"primaryImageOfPage\":{\"@id\":\"https:\\\/\\\/elixirdivers.com\\\/cs\\\/potapeni\\\/#primaryimage\"},\"image\":{\"@id\":\"https:\\\/\\\/elixirdivers.com\\\/cs\\\/potapeni\\\/#primaryimage\"},\"thumbnailUrl\":\"https:\\\/\\\/elixirdivers.com\\\/wp-content\\\/uploads\\\/2015\\\/01\\\/shark-point.jpg\",\"datePublished\":\"2019-01-11T07:22:59+00:00\",\"dateModified\":\"2024-01-07T00:48:59+00:00\",\"description\":\"Pot\u00e1p\u011b\u010dsk\u00e1 \u0161kola v Thajsku - Objevte podmo\u0159sk\u00fd r\u00e1j s na\u0161\u00edm pot\u00e1p\u011b\u010dsk\u00fdm centrem! Nab\u00edz\u00edme kurzy pro za\u010d\u00e1te\u010dn\u00edky a pokro\u010dil\u00e9, pr\u016fvodce s bohat\u00fdmi zku\u0161enostmi a nezapomenuteln\u00e9 pot\u00e1p\u011b\u010dsk\u00e9 v\u00fdlety.\",\"breadcrumb\":{\"@id\":\"https:\\\/\\\/elixirdivers.com\\\/cs\\\/potapeni\\\/#breadcrumb\"},\"inLanguage\":\"cs\",\"potentialAction\":[{\"@type\":\"ReadAction\",\"target\":[\"https:\\\/\\\/elixirdivers.com\\\/cs\\\/potapeni\\\/\"]}]},{\"@type\":\"ImageObject\",\"inLanguage\":\"cs\",\"@id\":\"https:\\\/\\\/elixirdivers.com\\\/cs\\\/potapeni\\\/#primaryimage\",\"url\":\"https:\\\/\\\/elixirdivers.com\\\/wp-content\\\/uploads\\\/2015\\\/01\\\/shark-point.jpg\",\"contentUrl\":\"https:\\\/\\\/elixirdivers.com\\\/wp-content\\\/uploads\\\/2015\\\/01\\\/shark-point.jpg\",\"width\":1000,\"height\":750,\"caption\":\"shark point\"},{\"@type\":\"BreadcrumbList\",\"@id\":\"https:\\\/\\\/elixirdivers.com\\\/cs\\\/potapeni\\\/#breadcrumb\",\"itemListElement\":[{\"@type\":\"ListItem\",\"position\":1,\"name\":\"Home\",\"item\":\"https:\\\/\\\/elixirdivers.com\\\/cs\\\/\"},{\"@type\":\"ListItem\",\"position\":2,\"name\":\"Pot\u00e1p\u011bn\u00ed v Koh Yao Yai, Thajsko\"}]},{\"@type\":\"WebSite\",\"@id\":\"https:\\\/\\\/elixirdivers.com\\\/#website\",\"url\":\"https:\\\/\\\/elixirdivers.com\\\/\",\"name\":\"Elixir Divers\",\"description\":\"\",\"publisher\":{\"@id\":\"https:\\\/\\\/elixirdivers.com\\\/#organization\"},\"potentialAction\":[{\"@type\":\"SearchAction\",\"target\":{\"@type\":\"EntryPoint\",\"urlTemplate\":\"https:\\\/\\\/elixirdivers.com\\\/?s={search_term_string}\"},\"query-input\":{\"@type\":\"PropertyValueSpecification\",\"valueRequired\":true,\"valueName\":\"search_term_string\"}}],\"inLanguage\":\"cs\"},{\"@type\":\"Organization\",\"@id\":\"https:\\\/\\\/elixirdivers.com\\\/#organization\",\"name\":\"Elixir Divers\",\"url\":\"https:\\\/\\\/elixirdivers.com\\\/\",\"logo\":{\"@type\":\"ImageObject\",\"inLanguage\":\"cs\",\"@id\":\"https:\\\/\\\/elixirdivers.com\\\/#\\\/schema\\\/logo\\\/image\\\/\",\"url\":\"https:\\\/\\\/elixirdivers.com\\\/wp-content\\\/uploads\\\/2018\\\/12\\\/elixirdivers-logo-blue-1.svg\",\"contentUrl\":\"https:\\\/\\\/elixirdivers.com\\\/wp-content\\\/uploads\\\/2018\\\/12\\\/elixirdivers-logo-blue-1.svg\",\"width\":800,\"height\":314,\"caption\":\"Elixir Divers\"},\"image\":{\"@id\":\"https:\\\/\\\/elixirdivers.com\\\/#\\\/schema\\\/logo\\\/image\\\/\"},\"sameAs\":[\"https:\\\/\\\/www.facebook.com\\\/Elixir.Divers\\\/\",\"https:\\\/\\\/www.instagram.com\\\/elixirdivers\\\/\",\"https:\\\/\\\/www.youtube.com\\\/@elixirdivers\"]}]}<\/script>\n<!-- \/ Yoast SEO plugin. -->","yoast_head_json":{"title":"Pot\u00e1p\u011bn\u00ed v Koh Yao Yai, Thajsko - Elixir Divers","description":"Pot\u00e1p\u011b\u010dsk\u00e1 \u0161kola v Thajsku - Objevte podmo\u0159sk\u00fd r\u00e1j s na\u0161\u00edm pot\u00e1p\u011b\u010dsk\u00fdm centrem! Nab\u00edz\u00edme kurzy pro za\u010d\u00e1te\u010dn\u00edky a pokro\u010dil\u00e9, pr\u016fvodce s bohat\u00fdmi zku\u0161enostmi a nezapomenuteln\u00e9 pot\u00e1p\u011b\u010dsk\u00e9 v\u00fdlety.","robots":{"index":"index","follow":"follow","max-snippet":"max-snippet:-1","max-image-preview":"max-image-preview:large","max-video-preview":"max-video-preview:-1"},"canonical":"https:\/\/elixirdivers.com\/cs\/potapeni\/","og_locale":"cs_CZ","og_type":"article","og_title":"Pot\u00e1p\u011bn\u00ed v Koh Yao Yai, Thajsko - Elixir Divers","og_description":"Pot\u00e1p\u011b\u010dsk\u00e1 \u0161kola v Thajsku - Objevte podmo\u0159sk\u00fd r\u00e1j s na\u0161\u00edm pot\u00e1p\u011b\u010dsk\u00fdm centrem! Nab\u00edz\u00edme kurzy pro za\u010d\u00e1te\u010dn\u00edky a pokro\u010dil\u00e9, pr\u016fvodce s bohat\u00fdmi zku\u0161enostmi a nezapomenuteln\u00e9 pot\u00e1p\u011b\u010dsk\u00e9 v\u00fdlety.","og_url":"https:\/\/elixirdivers.com\/cs\/potapeni\/","og_site_name":"Elixir Divers","article_publisher":"https:\/\/www.facebook.com\/Elixir.Divers\/","article_modified_time":"2024-01-07T00:48:59+00:00","og_image":[{"width":1000,"height":750,"url":"https:\/\/elixirdivers.com\/wp-content\/uploads\/2015\/01\/shark-point.jpg","type":"image\/jpeg"}],"twitter_card":"summary_large_image","twitter_misc":{"Odhadovan\u00e1 doba \u010dten\u00ed":"1 minuta"},"schema":{"@context":"https:\/\/schema.org","@graph":[{"@type":"WebPage","@id":"https:\/\/elixirdivers.com\/cs\/potapeni\/","url":"https:\/\/elixirdivers.com\/cs\/potapeni\/","name":"Pot\u00e1p\u011bn\u00ed v Koh Yao Yai, Thajsko - Elixir Divers","isPartOf":{"@id":"https:\/\/elixirdivers.com\/#website"},"primaryImageOfPage":{"@id":"https:\/\/elixirdivers.com\/cs\/potapeni\/#primaryimage"},"image":{"@id":"https:\/\/elixirdivers.com\/cs\/potapeni\/#primaryimage"},"thumbnailUrl":"https:\/\/elixirdivers.com\/wp-content\/uploads\/2015\/01\/shark-point.jpg","datePublished":"2019-01-11T07:22:59+00:00","dateModified":"2024-01-07T00:48:59+00:00","description":"Pot\u00e1p\u011b\u010dsk\u00e1 \u0161kola v Thajsku - Objevte podmo\u0159sk\u00fd r\u00e1j s na\u0161\u00edm pot\u00e1p\u011b\u010dsk\u00fdm centrem! Nab\u00edz\u00edme kurzy pro za\u010d\u00e1te\u010dn\u00edky a pokro\u010dil\u00e9, pr\u016fvodce s bohat\u00fdmi zku\u0161enostmi a nezapomenuteln\u00e9 pot\u00e1p\u011b\u010dsk\u00e9 v\u00fdlety.","breadcrumb":{"@id":"https:\/\/elixirdivers.com\/cs\/potapeni\/#breadcrumb"},"inLanguage":"cs","potentialAction":[{"@type":"ReadAction","target":["https:\/\/elixirdivers.com\/cs\/potapeni\/"]}]},{"@type":"ImageObject","inLanguage":"cs","@id":"https:\/\/elixirdivers.com\/cs\/potapeni\/#primaryimage","url":"https:\/\/elixirdivers.com\/wp-content\/uploads\/2015\/01\/shark-point.jpg","contentUrl":"https:\/\/elixirdivers.com\/wp-content\/uploads\/2015\/01\/shark-point.jpg","width":1000,"height":750,"caption":"shark point"},{"@type":"BreadcrumbList","@id":"https:\/\/elixirdivers.com\/cs\/potapeni\/#breadcrumb","itemListElement":[{"@type":"ListItem","position":1,"name":"Home","item":"https:\/\/elixirdivers.com\/cs\/"},{"@type":"ListItem","position":2,"name":"Pot\u00e1p\u011bn\u00ed v Koh Yao Yai, Thajsko"}]},{"@type":"WebSite","@id":"https:\/\/elixirdivers.com\/#website","url":"https:\/\/elixirdivers.com\/","name":"Elixir Divers","description":"","publisher":{"@id":"https:\/\/elixirdivers.com\/#organization"},"potentialAction":[{"@type":"SearchAction","target":{"@type":"EntryPoint","urlTemplate":"https:\/\/elixirdivers.com\/?s={search_term_string}"},"query-input":{"@type":"PropertyValueSpecification","valueRequired":true,"valueName":"search_term_string"}}],"inLanguage":"cs"},{"@type":"Organization","@id":"https:\/\/elixirdivers.com\/#organization","name":"Elixir Divers","url":"https:\/\/elixirdivers.com\/","logo":{"@type":"ImageObject","inLanguage":"cs","@id":"https:\/\/elixirdivers.com\/#\/schema\/logo\/image\/","url":"https:\/\/elixirdivers.com\/wp-content\/uploads\/2018\/12\/elixirdivers-logo-blue-1.svg","contentUrl":"https:\/\/elixirdivers.com\/wp-content\/uploads\/2018\/12\/elixirdivers-logo-blue-1.svg","width":800,"height":314,"caption":"Elixir Divers"},"image":{"@id":"https:\/\/elixirdivers.com\/#\/schema\/logo\/image\/"},"sameAs":["https:\/\/www.facebook.com\/Elixir.Divers\/","https:\/\/www.instagram.com\/elixirdivers\/","https:\/\/www.youtube.com\/@elixirdivers"]}]}},"jetpack_sharing_enabled":true,"_links":{"self":[{"href":"https:\/\/elixirdivers.com\/cs\/wp-json\/wp\/v2\/pages\/9463","targetHints":{"allow":["GET"]}}],"collection":[{"href":"https:\/\/elixirdivers.com\/cs\/wp-json\/wp\/v2\/pages"}],"about":[{"href":"https:\/\/elixirdivers.com\/cs\/wp-json\/wp\/v2\/types\/page"}],"author":[{"embeddable":true,"href":"https:\/\/elixirdivers.com\/cs\/wp-json\/wp\/v2\/users\/1"}],"replies":[{"embeddable":true,"href":"https:\/\/elixirdivers.com\/cs\/wp-json\/wp\/v2\/comments?post=9463"}],"version-history":[{"count":2,"href":"https:\/\/elixirdivers.com\/cs\/wp-json\/wp\/v2\/pages\/9463\/revisions"}],"predecessor-version":[{"id":9635,"href":"https:\/\/elixirdivers.com\/cs\/wp-json\/wp\/v2\/pages\/9463\/revisions\/9635"}],"wp:featuredmedia":[{"embeddable":true,"href":"https:\/\/elixirdivers.com\/cs\/wp-json\/wp\/v2\/media\/8925"}],"wp:attachment":[{"href":"https:\/\/elixirdivers.com\/cs\/wp-json\/wp\/v2\/media?parent=9463"}],"curies":[{"name":"wp","href":"https:\/\/api.w.org\/{rel}","templated":true}]}}