{"id":9465,"date":"2023-09-06T08:40:17","date_gmt":"2023-09-06T08:40:17","guid":{"rendered":"http:\/\/elixirdivers.com\/transfers\/"},"modified":"2024-01-14T02:01:33","modified_gmt":"2024-01-14T02:01:33","slug":"transfery","status":"publish","type":"page","link":"https:\/\/elixirdivers.com\/cs\/transfery\/","title":{"rendered":"Transfery"},"content":{"rendered":"<section class=\"wpb-content-wrapper\"><p>[vc_row el_class=&#8220;st-become-feature-wrapper text-center&#8220;][vc_column][vc_empty_space height=&#8220;60px&#8220;][vc_column_text]<\/p>\n<h2 style=\"text-align: center;\">Jak\u00e9 druhy transfer\u016f hled\u00e1te?<\/h2>\n<p>[\/vc_column_text][vc_empty_space height=&#8220;15px&#8220;][vc_row_inner el_class=&#8220;st-become-feature text-center&#8220;][vc_column_inner el_class=&#8220;column1&#8243; width=&#8220;1\/4&#8243;][vc_single_image image=&#8220;8406&#8243; img_size=&#8220;medium&#8220; alignment=&#8220;center&#8220; onclick=&#8220;custom_link&#8220; link=&#8220;https:\/\/www.elixirdivers.com\/transfers\/full-service-transfers\/&#8220;][vc_column_text]<\/p>\n<h3>Kompletn\u00ed transfery<\/h3>\n<p>Zajist\u00edme kompletn\u00ed transfery z mezin\u00e1rodn\u00edho leti\u0161t\u011b Phuket a Krabi, nebo z jin\u00fdch ostrov\u016f, do va\u0161eho resortu na Koh Yao Yai[\/vc_column_text][vc_btn title=&#8220;More information&#8220; style=&#8220;flat&#8220; color=&#8220;primary&#8220; size=&#8220;sm&#8220; link=&#8220;url:%2Ftransfers%2Ffull-service-transfers%2F|title:Full%20Service%20Transfers&#8220;][\/vc_column_inner][vc_column_inner width=&#8220;1\/4&#8243;][vc_single_image image=&#8220;8681&#8243; img_size=&#8220;medium&#8220; alignment=&#8220;center&#8220; onclick=&#8220;custom_link&#8220; link=&#8220;https:\/\/www.elixirdivers.com\/transfers\/public-boat-transfers\/&#8220;][vc_column_text]<\/p>\n<h3>Jak se dostat na Koh Yao Yai<\/h3>\n<p>Prohl\u00e9dn\u011bte si lodn\u00ed j\u00edzdn\u00ed \u0159\u00e1d pokud si chcete za\u0159\u00eddit p\u0159esun sami.[\/vc_column_text][vc_btn title=&#8220;More information&#8220; style=&#8220;flat&#8220; color=&#8220;primary&#8220; size=&#8220;sm&#8220; link=&#8220;url:%2Ftransfers%2Fpublic-boat-transfers%2F|title:Public%20Boat%20Transfers%20to%20and%20from%20Koh%20Yao%20Yai&#8220;][\/vc_column_inner][vc_column_inner width=&#8220;1\/4&#8243;][vc_single_image image=&#8220;8404&#8243; img_size=&#8220;medium&#8220; alignment=&#8220;center&#8220; onclick=&#8220;custom_link&#8220; link=&#8220;https:\/\/www.elixirdivers.com\/transfers\/speedboat-transfers\/&#8220;][vc_column_text]<\/p>\n<h3>Priv\u00e1tn\u00ed p\u0159esun rychlo\u010dlunem<\/h3>\n<p>Jednosm\u011brn\u00ed transfery rychlo\u010dlunem na ostrov a z Koh Yao Yai.[\/vc_column_text][vc_btn title=&#8220;More information&#8220; style=&#8220;flat&#8220; color=&#8220;primary&#8220; size=&#8220;sm&#8220; link=&#8220;url:%2Ftransfers%2Fspeedboat-transfers%2F|title:Speedboat%20Transfers%20to%20and%20from%20Koh%20Yao%20Yai&#8220;][\/vc_column_inner][vc_column_inner width=&#8220;1\/4&#8243;][vc_single_image image=&#8220;8403&#8243; img_size=&#8220;medium&#8220; alignment=&#8220;center&#8220; onclick=&#8220;custom_link&#8220; link=&#8220;https:\/\/www.elixirdivers.com\/transfers\/private-speedboat-charters\/&#8220;][vc_column_text]<\/p>\n<h3>Priv\u00e1tn\u00ed pron\u00e1jem rychlo\u010dlunu<\/h3>\n<p>Pro ty, kte\u0159\u00ed si cht\u011bj\u00ed u\u017e\u00edt absolutn\u011b soukrom\u00e9 pot\u00e1p\u011bn\u00ed nebo jednodenn\u00ed v\u00fdlet s p\u0159\u00e1teli a rodinou.[\/vc_column_text][vc_btn title=&#8220;More information&#8220; style=&#8220;flat&#8220; color=&#8220;primary&#8220; size=&#8220;sm&#8220; link=&#8220;url:%2Ftransfers%2Fprivate-speedboat-charters%2F|title:Private%20Speedboat%20Charters%20from%20Koh%20Yao%20Yai%20or%20Phuket&#8220;][\/vc_column_inner][\/vc_row_inner][vc_empty_space height=&#8220;60px&#8220;][\/vc_column][\/vc_row]<\/p>\n<\/section>","protected":false},"excerpt":{"rendered":"<p>[vc_row el_class=&#8220;st-become-feature-wrapper text-center&#8220;][vc_column][vc_empty_space height=&#8220;60px&#8220;][vc_column_text] Jak\u00e9 druhy transfer\u016f hled\u00e1te? [\/vc_column_text][vc_empty_space height=&#8220;15px&#8220;][vc_row_inner el_class=&#8220;st-become-feature text-center&#8220;][vc_column_inner el_class=&#8220;column1&#8243; width=&#8220;1\/4&#8243;][vc_single_image image=&#8220;8406&#8243; img_size=&#8220;medium&#8220; alignment=&#8220;center&#8220; onclick=&#8220;custom_link&#8220; link=&#8220;https:\/\/www.elixirdivers.com\/transfers\/full-service-transfers\/&#8220;][vc_column_text] Kompletn\u00ed transfery Zajist\u00edme kompletn\u00ed transfery z mezin\u00e1rodn\u00edho leti\u0161t\u011b Phuket a Krabi, nebo z jin\u00fdch ostrov\u016f, do va\u0161eho resortu na Koh Yao Yai[\/vc_column_text][vc_btn title=&#8220;More information&#8220; style=&#8220;flat&#8220; color=&#8220;primary&#8220; size=&#8220;sm&#8220; link=&#8220;url:%2Ftransfers%2Ffull-service-transfers%2F|title:Full%20Service%20Transfers&#8220;][\/vc_column_inner][vc_column_inner width=&#8220;1\/4&#8243;][vc_single_image image=&#8220;8681&#8243; img_size=&#8220;medium&#8220; alignment=&#8220;center&#8220; onclick=&#8220;custom_link&#8220; link=&#8220;https:\/\/www.elixirdivers.com\/transfers\/public-boat-transfers\/&#8220;][vc_column_text] Jak se [&hellip;]<\/p>\n","protected":false},"author":1,"featured_media":8963,"parent":0,"menu_order":0,"comment_status":"closed","ping_status":"closed","template":"template-home-modern.php","meta":{"footnotes":""},"class_list":["post-9465","page","type-page","status-publish","has-post-thumbnail","hentry"],"yoast_head":"<!-- This site is optimized with the Yoast SEO plugin v27.5 - https:\/\/yoast.com\/product\/yoast-seo-wordpress\/ -->\n<title>Transfery - Elixir Divers<\/title>\n<meta name=\"robots\" content=\"index, follow, max-snippet:-1, max-image-preview:large, max-video-preview:-1\" \/>\n<link rel=\"canonical\" href=\"http:\/\/elixirdivers.com\/cs\/transfery\/\" \/>\n<meta property=\"og:locale\" content=\"cs_CZ\" \/>\n<meta property=\"og:type\" content=\"article\" \/>\n<meta property=\"og:title\" content=\"Transfery - Elixir Divers\" \/>\n<meta property=\"og:description\" content=\"[vc_row el_class=&#8220;st-become-feature-wrapper text-center&#8220;][vc_column][vc_empty_space height=&#8220;60px&#8220;][vc_column_text] Jak\u00e9 druhy transfer\u016f hled\u00e1te? [\/vc_column_text][vc_empty_space height=&#8220;15px&#8220;][vc_row_inner el_class=&#8220;st-become-feature text-center&#8220;][vc_column_inner el_class=&#8220;column1&#8243; width=&#8220;1\/4&#8243;][vc_single_image image=&#8220;8406&#8243; img_size=&#8220;medium&#8220; alignment=&#8220;center&#8220; onclick=&#8220;custom_link&#8220; link=&#8220;https:\/\/www.elixirdivers.com\/transfers\/full-service-transfers\/&#8220;][vc_column_text] Kompletn\u00ed transfery Zajist\u00edme kompletn\u00ed transfery z mezin\u00e1rodn\u00edho leti\u0161t\u011b Phuket a Krabi, nebo z jin\u00fdch ostrov\u016f, do va\u0161eho resortu na Koh Yao Yai[\/vc_column_text][vc_btn title=&#8220;More information&#8220; style=&#8220;flat&#8220; color=&#8220;primary&#8220; size=&#8220;sm&#8220; link=&#8220;url:%2Ftransfers%2Ffull-service-transfers%2F|title:Full%20Service%20Transfers&#8220;][\/vc_column_inner][vc_column_inner width=&#8220;1\/4&#8243;][vc_single_image image=&#8220;8681&#8243; img_size=&#8220;medium&#8220; alignment=&#8220;center&#8220; onclick=&#8220;custom_link&#8220; link=&#8220;https:\/\/www.elixirdivers.com\/transfers\/public-boat-transfers\/&#8220;][vc_column_text] Jak se [&hellip;]\" \/>\n<meta property=\"og:url\" content=\"http:\/\/elixirdivers.com\/cs\/transfery\/\" \/>\n<meta property=\"og:site_name\" content=\"Elixir Divers\" \/>\n<meta property=\"article:publisher\" content=\"https:\/\/www.facebook.com\/Elixir.Divers\/\" \/>\n<meta property=\"article:modified_time\" content=\"2024-01-14T02:01:33+00:00\" \/>\n<meta property=\"og:image\" content=\"http:\/\/elixirdivers.com\/wp-content\/uploads\/2023\/08\/Speedboat-charter3.jpg\" \/>\n\t<meta property=\"og:image:width\" content=\"1800\" \/>\n\t<meta property=\"og:image:height\" content=\"1200\" \/>\n\t<meta property=\"og:image:type\" content=\"image\/jpeg\" \/>\n<meta name=\"twitter:card\" content=\"summary_large_image\" \/>\n<meta name=\"twitter:label1\" content=\"Odhadovan\u00e1 doba \u010dten\u00ed\" \/>\n\t<meta name=\"twitter:data1\" content=\"2 minuty\" \/>\n<script type=\"application\/ld+json\" class=\"yoast-schema-graph\">{\"@context\":\"https:\\\/\\\/schema.org\",\"@graph\":[{\"@type\":\"WebPage\",\"@id\":\"http:\\\/\\\/elixirdivers.com\\\/cs\\\/transfery\\\/\",\"url\":\"http:\\\/\\\/elixirdivers.com\\\/cs\\\/transfery\\\/\",\"name\":\"Transfery - Elixir Divers\",\"isPartOf\":{\"@id\":\"https:\\\/\\\/elixirdivers.com\\\/#website\"},\"primaryImageOfPage\":{\"@id\":\"http:\\\/\\\/elixirdivers.com\\\/cs\\\/transfery\\\/#primaryimage\"},\"image\":{\"@id\":\"http:\\\/\\\/elixirdivers.com\\\/cs\\\/transfery\\\/#primaryimage\"},\"thumbnailUrl\":\"https:\\\/\\\/elixirdivers.com\\\/wp-content\\\/uploads\\\/2023\\\/08\\\/Speedboat-charter3.jpg\",\"datePublished\":\"2023-09-06T08:40:17+00:00\",\"dateModified\":\"2024-01-14T02:01:33+00:00\",\"breadcrumb\":{\"@id\":\"http:\\\/\\\/elixirdivers.com\\\/cs\\\/transfery\\\/#breadcrumb\"},\"inLanguage\":\"cs\",\"potentialAction\":[{\"@type\":\"ReadAction\",\"target\":[\"http:\\\/\\\/elixirdivers.com\\\/cs\\\/transfery\\\/\"]}]},{\"@type\":\"ImageObject\",\"inLanguage\":\"cs\",\"@id\":\"http:\\\/\\\/elixirdivers.com\\\/cs\\\/transfery\\\/#primaryimage\",\"url\":\"https:\\\/\\\/elixirdivers.com\\\/wp-content\\\/uploads\\\/2023\\\/08\\\/Speedboat-charter3.jpg\",\"contentUrl\":\"https:\\\/\\\/elixirdivers.com\\\/wp-content\\\/uploads\\\/2023\\\/08\\\/Speedboat-charter3.jpg\",\"width\":1800,\"height\":1200,\"caption\":\"2-Engines Speedboat\"},{\"@type\":\"BreadcrumbList\",\"@id\":\"http:\\\/\\\/elixirdivers.com\\\/cs\\\/transfery\\\/#breadcrumb\",\"itemListElement\":[{\"@type\":\"ListItem\",\"position\":1,\"name\":\"Home\",\"item\":\"https:\\\/\\\/elixirdivers.com\\\/cs\\\/\"},{\"@type\":\"ListItem\",\"position\":2,\"name\":\"Transfery\"}]},{\"@type\":\"WebSite\",\"@id\":\"https:\\\/\\\/elixirdivers.com\\\/#website\",\"url\":\"https:\\\/\\\/elixirdivers.com\\\/\",\"name\":\"Elixir Divers\",\"description\":\"\",\"publisher\":{\"@id\":\"https:\\\/\\\/elixirdivers.com\\\/#organization\"},\"potentialAction\":[{\"@type\":\"SearchAction\",\"target\":{\"@type\":\"EntryPoint\",\"urlTemplate\":\"https:\\\/\\\/elixirdivers.com\\\/?s={search_term_string}\"},\"query-input\":{\"@type\":\"PropertyValueSpecification\",\"valueRequired\":true,\"valueName\":\"search_term_string\"}}],\"inLanguage\":\"cs\"},{\"@type\":\"Organization\",\"@id\":\"https:\\\/\\\/elixirdivers.com\\\/#organization\",\"name\":\"Elixir Divers\",\"url\":\"https:\\\/\\\/elixirdivers.com\\\/\",\"logo\":{\"@type\":\"ImageObject\",\"inLanguage\":\"cs\",\"@id\":\"https:\\\/\\\/elixirdivers.com\\\/#\\\/schema\\\/logo\\\/image\\\/\",\"url\":\"https:\\\/\\\/elixirdivers.com\\\/wp-content\\\/uploads\\\/2018\\\/12\\\/elixirdivers-logo-blue-1.svg\",\"contentUrl\":\"https:\\\/\\\/elixirdivers.com\\\/wp-content\\\/uploads\\\/2018\\\/12\\\/elixirdivers-logo-blue-1.svg\",\"width\":800,\"height\":314,\"caption\":\"Elixir Divers\"},\"image\":{\"@id\":\"https:\\\/\\\/elixirdivers.com\\\/#\\\/schema\\\/logo\\\/image\\\/\"},\"sameAs\":[\"https:\\\/\\\/www.facebook.com\\\/Elixir.Divers\\\/\",\"https:\\\/\\\/www.instagram.com\\\/elixirdivers\\\/\",\"https:\\\/\\\/www.youtube.com\\\/@elixirdivers\"]}]}<\/script>\n<!-- \/ Yoast SEO plugin. -->","yoast_head_json":{"title":"Transfery - Elixir Divers","robots":{"index":"index","follow":"follow","max-snippet":"max-snippet:-1","max-image-preview":"max-image-preview:large","max-video-preview":"max-video-preview:-1"},"canonical":"http:\/\/elixirdivers.com\/cs\/transfery\/","og_locale":"cs_CZ","og_type":"article","og_title":"Transfery - Elixir Divers","og_description":"[vc_row el_class=&#8220;st-become-feature-wrapper text-center&#8220;][vc_column][vc_empty_space height=&#8220;60px&#8220;][vc_column_text] Jak\u00e9 druhy transfer\u016f hled\u00e1te? [\/vc_column_text][vc_empty_space height=&#8220;15px&#8220;][vc_row_inner el_class=&#8220;st-become-feature text-center&#8220;][vc_column_inner el_class=&#8220;column1&#8243; width=&#8220;1\/4&#8243;][vc_single_image image=&#8220;8406&#8243; img_size=&#8220;medium&#8220; alignment=&#8220;center&#8220; onclick=&#8220;custom_link&#8220; link=&#8220;https:\/\/www.elixirdivers.com\/transfers\/full-service-transfers\/&#8220;][vc_column_text] Kompletn\u00ed transfery Zajist\u00edme kompletn\u00ed transfery z mezin\u00e1rodn\u00edho leti\u0161t\u011b Phuket a Krabi, nebo z jin\u00fdch ostrov\u016f, do va\u0161eho resortu na Koh Yao Yai[\/vc_column_text][vc_btn title=&#8220;More information&#8220; style=&#8220;flat&#8220; color=&#8220;primary&#8220; size=&#8220;sm&#8220; link=&#8220;url:%2Ftransfers%2Ffull-service-transfers%2F|title:Full%20Service%20Transfers&#8220;][\/vc_column_inner][vc_column_inner width=&#8220;1\/4&#8243;][vc_single_image image=&#8220;8681&#8243; img_size=&#8220;medium&#8220; alignment=&#8220;center&#8220; onclick=&#8220;custom_link&#8220; link=&#8220;https:\/\/www.elixirdivers.com\/transfers\/public-boat-transfers\/&#8220;][vc_column_text] Jak se [&hellip;]","og_url":"http:\/\/elixirdivers.com\/cs\/transfery\/","og_site_name":"Elixir Divers","article_publisher":"https:\/\/www.facebook.com\/Elixir.Divers\/","article_modified_time":"2024-01-14T02:01:33+00:00","og_image":[{"width":1800,"height":1200,"url":"http:\/\/elixirdivers.com\/wp-content\/uploads\/2023\/08\/Speedboat-charter3.jpg","type":"image\/jpeg"}],"twitter_card":"summary_large_image","twitter_misc":{"Odhadovan\u00e1 doba \u010dten\u00ed":"2 minuty"},"schema":{"@context":"https:\/\/schema.org","@graph":[{"@type":"WebPage","@id":"http:\/\/elixirdivers.com\/cs\/transfery\/","url":"http:\/\/elixirdivers.com\/cs\/transfery\/","name":"Transfery - Elixir Divers","isPartOf":{"@id":"https:\/\/elixirdivers.com\/#website"},"primaryImageOfPage":{"@id":"http:\/\/elixirdivers.com\/cs\/transfery\/#primaryimage"},"image":{"@id":"http:\/\/elixirdivers.com\/cs\/transfery\/#primaryimage"},"thumbnailUrl":"https:\/\/elixirdivers.com\/wp-content\/uploads\/2023\/08\/Speedboat-charter3.jpg","datePublished":"2023-09-06T08:40:17+00:00","dateModified":"2024-01-14T02:01:33+00:00","breadcrumb":{"@id":"http:\/\/elixirdivers.com\/cs\/transfery\/#breadcrumb"},"inLanguage":"cs","potentialAction":[{"@type":"ReadAction","target":["http:\/\/elixirdivers.com\/cs\/transfery\/"]}]},{"@type":"ImageObject","inLanguage":"cs","@id":"http:\/\/elixirdivers.com\/cs\/transfery\/#primaryimage","url":"https:\/\/elixirdivers.com\/wp-content\/uploads\/2023\/08\/Speedboat-charter3.jpg","contentUrl":"https:\/\/elixirdivers.com\/wp-content\/uploads\/2023\/08\/Speedboat-charter3.jpg","width":1800,"height":1200,"caption":"2-Engines Speedboat"},{"@type":"BreadcrumbList","@id":"http:\/\/elixirdivers.com\/cs\/transfery\/#breadcrumb","itemListElement":[{"@type":"ListItem","position":1,"name":"Home","item":"https:\/\/elixirdivers.com\/cs\/"},{"@type":"ListItem","position":2,"name":"Transfery"}]},{"@type":"WebSite","@id":"https:\/\/elixirdivers.com\/#website","url":"https:\/\/elixirdivers.com\/","name":"Elixir Divers","description":"","publisher":{"@id":"https:\/\/elixirdivers.com\/#organization"},"potentialAction":[{"@type":"SearchAction","target":{"@type":"EntryPoint","urlTemplate":"https:\/\/elixirdivers.com\/?s={search_term_string}"},"query-input":{"@type":"PropertyValueSpecification","valueRequired":true,"valueName":"search_term_string"}}],"inLanguage":"cs"},{"@type":"Organization","@id":"https:\/\/elixirdivers.com\/#organization","name":"Elixir Divers","url":"https:\/\/elixirdivers.com\/","logo":{"@type":"ImageObject","inLanguage":"cs","@id":"https:\/\/elixirdivers.com\/#\/schema\/logo\/image\/","url":"https:\/\/elixirdivers.com\/wp-content\/uploads\/2018\/12\/elixirdivers-logo-blue-1.svg","contentUrl":"https:\/\/elixirdivers.com\/wp-content\/uploads\/2018\/12\/elixirdivers-logo-blue-1.svg","width":800,"height":314,"caption":"Elixir Divers"},"image":{"@id":"https:\/\/elixirdivers.com\/#\/schema\/logo\/image\/"},"sameAs":["https:\/\/www.facebook.com\/Elixir.Divers\/","https:\/\/www.instagram.com\/elixirdivers\/","https:\/\/www.youtube.com\/@elixirdivers"]}]}},"jetpack_sharing_enabled":true,"_links":{"self":[{"href":"https:\/\/elixirdivers.com\/cs\/wp-json\/wp\/v2\/pages\/9465","targetHints":{"allow":["GET"]}}],"collection":[{"href":"https:\/\/elixirdivers.com\/cs\/wp-json\/wp\/v2\/pages"}],"about":[{"href":"https:\/\/elixirdivers.com\/cs\/wp-json\/wp\/v2\/types\/page"}],"author":[{"embeddable":true,"href":"https:\/\/elixirdivers.com\/cs\/wp-json\/wp\/v2\/users\/1"}],"replies":[{"embeddable":true,"href":"https:\/\/elixirdivers.com\/cs\/wp-json\/wp\/v2\/comments?post=9465"}],"version-history":[{"count":6,"href":"https:\/\/elixirdivers.com\/cs\/wp-json\/wp\/v2\/pages\/9465\/revisions"}],"predecessor-version":[{"id":10631,"href":"https:\/\/elixirdivers.com\/cs\/wp-json\/wp\/v2\/pages\/9465\/revisions\/10631"}],"wp:featuredmedia":[{"embeddable":true,"href":"https:\/\/elixirdivers.com\/cs\/wp-json\/wp\/v2\/media\/8963"}],"wp:attachment":[{"href":"https:\/\/elixirdivers.com\/cs\/wp-json\/wp\/v2\/media?parent=9465"}],"curies":[{"name":"wp","href":"https:\/\/api.w.org\/{rel}","templated":true}]}}