{"id":9467,"date":"2023-09-06T12:13:22","date_gmt":"2023-09-06T12:13:22","guid":{"rendered":"http:\/\/elixirdivers.com\/transfers\/full-service-transfers\/"},"modified":"2023-10-20T09:20:30","modified_gmt":"2023-10-20T09:20:30","slug":"kompletni-transfery","status":"publish","type":"page","link":"https:\/\/elixirdivers.com\/cs\/transfery\/kompletni-transfery\/","title":{"rendered":"Za\u0159\u00edd\u00edme transfery na Koh Yao Yai"},"content":{"rendered":"<section class=\"wpb-content-wrapper\"><p>[vc_row][vc_column][vc_empty_space height=&#8220;60px&#8220;][vc_column_text el_class=&#8220;st-aboutus-content&#8220;]Zaji\u0161\u0165ujeme kompletn\u00ed transfery z mezin\u00e1rodn\u00edho leti\u0161t\u011b Phuket \u010di jin\u00e9ho m\u00edsta na Phuketu a z\u00a0 Krabi do v\u0161ech hotel\u016f na ostrov\u011b Koh Yao Yai. Cena z\u00e1vis\u00ed na lokalit\u011b a velikosti skupiny.<\/p>\n<p>Pro n\u00e1ro\u010dn\u011bj\u0161\u00ed hosty nab\u00edz\u00edme i priv\u00e1tn\u00ed p\u0159epravu na\u0161\u00ed rychlou lod\u00ed z p\u0159\u00edstavu Laem Hin na Phukete na Koh Yao Yai.<\/p>\n<p>Napi\u0161te n\u00e1m pros\u00edm o cenovou kalkulaci.[\/vc_column_text][vc_custom_heading text=&#8220;Ste t\u0159i kroky od rezervace transferu na ostrov nebo z ostrova Koh Yao Yai&#8220; font_container=&#8220;tag:h2|text_align:center&#8220; use_theme_fonts=&#8220;yes&#8220; el_class=&#8220;st-aboutus-title&#8220;][vc_row_inner css=&#8220;.vc_custom_1693840740353{margin-top: 20px !important;}&#8220;][vc_column_inner width=&#8220;1\/3&#8243;][vc_icon icon_fontawesome=&#8220;fas fa-ship&#8220; color=&#8220;custom&#8220; align=&#8220;center&#8220; custom_color=&#8220;#0273c8&#8243;][vc_custom_heading text=&#8220;1. Zadejte destinace&#8220; font_container=&#8220;tag:h3|text_align:center&#8220; use_theme_fonts=&#8220;yes&#8220;][\/vc_column_inner][vc_column_inner width=&#8220;1\/3&#8243;][vc_icon icon_fontawesome=&#8220;fas fa-user-circle&#8220; color=&#8220;custom&#8220; align=&#8220;center&#8220; custom_color=&#8220;#0273c8&#8243;][vc_custom_heading text=&#8220;2. Uve\u010fte sv\u00e9 jm\u00e9na&#8220; font_container=&#8220;tag:h3|text_align:center&#8220; use_theme_fonts=&#8220;yes&#8220;][\/vc_column_inner][vc_column_inner width=&#8220;1\/3&#8243;][vc_icon icon_fontawesome=&#8220;far fa-money-bill-alt&#8220; color=&#8220;custom&#8220; align=&#8220;center&#8220; custom_color=&#8220;#0273c8&#8243;][vc_custom_heading text=&#8220;3. Plat\u00edte a\u017e po p\u0159\u00edjezdu&#8220; font_container=&#8220;tag:h3|text_align:center&#8220; use_theme_fonts=&#8220;yes&#8220;][\/vc_column_inner][\/vc_row_inner][vc_row_inner css=&#8220;.vc_custom_1693988814109{margin-top: 50px !important;padding-top: 30px !important;background-color: #ffffff !important;border-radius: 20px !important;}&#8220;][vc_column_inner][vc_custom_heading text=&#8220;Rezervujte si sv\u016fj transfer&#8220; font_container=&#8220;tag:h2|text_align:center&#8220; use_theme_fonts=&#8220;yes&#8220; el_class=&#8220;st-aboutus-title&#8220;][vc_raw_html]JTVCbmluamFfZm9ybSUyMGlkJTNEJTIyMiUyMiU1RA==[\/vc_raw_html][\/vc_column_inner][\/vc_row_inner][vc_empty_space height=&#8220;60px&#8220;][\/vc_column][\/vc_row]<\/p>\n<\/section>","protected":false},"excerpt":{"rendered":"<p>[vc_row][vc_column][vc_empty_space height=&#8220;60px&#8220;][vc_column_text el_class=&#8220;st-aboutus-content&#8220;]Zaji\u0161\u0165ujeme kompletn\u00ed transfery z mezin\u00e1rodn\u00edho leti\u0161t\u011b Phuket \u010di jin\u00e9ho m\u00edsta na Phuketu a z\u00a0 Krabi do v\u0161ech hotel\u016f na ostrov\u011b Koh Yao Yai. Cena z\u00e1vis\u00ed na lokalit\u011b a velikosti skupiny. Pro n\u00e1ro\u010dn\u011bj\u0161\u00ed hosty nab\u00edz\u00edme i priv\u00e1tn\u00ed p\u0159epravu na\u0161\u00ed rychlou lod\u00ed z p\u0159\u00edstavu Laem Hin na Phukete na Koh Yao Yai. Napi\u0161te n\u00e1m pros\u00edm [&hellip;]<\/p>\n","protected":false},"author":1,"featured_media":8965,"parent":9465,"menu_order":0,"comment_status":"closed","ping_status":"closed","template":"template-home-modern.php","meta":{"footnotes":""},"class_list":["post-9467","page","type-page","status-publish","has-post-thumbnail","hentry"],"yoast_head":"<!-- This site is optimized with the Yoast SEO plugin v26.8 - https:\/\/yoast.com\/product\/yoast-seo-wordpress\/ -->\n<title>Za\u0159\u00edd\u00edme transfery na Koh Yao Yai - Elixir Divers<\/title>\n<meta name=\"description\" content=\"Zaji\u0161\u0165ujeme kompletn\u00ed transfery z mezin\u00e1rodn\u00edho leti\u0161t\u011b Phuket \u010di jin\u00e9ho m\u00edsta na Phuketu do v\u0161ech hotel\u016f na ostrov\u011b Koh Yao Yai. Cena z\u00e1vis\u00ed na lokalit\u011b a velikosti skupiny. Pro n\u00e1ro\u010dn\u011bj\u0161\u00ed hosty nab\u00edz\u00edme i priv\u00e1tn\u00ed p\u0159epravu na\u0161\u00ed rychlou lod\u00ed z p\u0159\u00edstavu Laem Hin na Phukete na Koh Yao Yai.\" \/>\n<meta name=\"robots\" content=\"index, follow, max-snippet:-1, max-image-preview:large, max-video-preview:-1\" \/>\n<link rel=\"canonical\" href=\"https:\/\/elixirdivers.com\/transfer-to-koh-yao-yai\/transfers-to-koh-yao-yai\/\" \/>\n<meta property=\"og:locale\" content=\"cs_CZ\" \/>\n<meta property=\"og:type\" content=\"article\" \/>\n<meta property=\"og:title\" content=\"Za\u0159\u00edd\u00edme transfery na Koh Yao Yai - Elixir Divers\" \/>\n<meta property=\"og:description\" content=\"Zaji\u0161\u0165ujeme kompletn\u00ed transfery z mezin\u00e1rodn\u00edho leti\u0161t\u011b Phuket \u010di jin\u00e9ho m\u00edsta na Phuketu do v\u0161ech hotel\u016f na ostrov\u011b Koh Yao Yai. Cena z\u00e1vis\u00ed na lokalit\u011b a velikosti skupiny. Pro n\u00e1ro\u010dn\u011bj\u0161\u00ed hosty nab\u00edz\u00edme i priv\u00e1tn\u00ed p\u0159epravu na\u0161\u00ed rychlou lod\u00ed z p\u0159\u00edstavu Laem Hin na Phukete na Koh Yao Yai.\" \/>\n<meta property=\"og:url\" content=\"https:\/\/elixirdivers.com\/transfer-to-koh-yao-yai\/transfers-to-koh-yao-yai\/\" \/>\n<meta property=\"og:site_name\" content=\"Elixir Divers\" \/>\n<meta property=\"article:publisher\" content=\"https:\/\/www.facebook.com\/Elixir.Divers\/\" \/>\n<meta property=\"article:modified_time\" content=\"2023-10-20T09:20:30+00:00\" \/>\n<meta property=\"og:image\" content=\"https:\/\/elixirdivers.com\/wp-content\/uploads\/2023\/08\/Speedboat-charter4.jpg\" \/>\n\t<meta property=\"og:image:width\" content=\"1800\" \/>\n\t<meta property=\"og:image:height\" content=\"1200\" \/>\n\t<meta property=\"og:image:type\" content=\"image\/jpeg\" \/>\n<meta name=\"twitter:card\" content=\"summary_large_image\" \/>\n<meta name=\"twitter:label1\" content=\"Odhadovan\u00e1 doba \u010dten\u00ed\" \/>\n\t<meta name=\"twitter:data1\" content=\"1 minuta\" \/>\n<script type=\"application\/ld+json\" class=\"yoast-schema-graph\">{\"@context\":\"https:\/\/schema.org\",\"@graph\":[{\"@type\":\"WebPage\",\"@id\":\"https:\/\/elixirdivers.com\/transfer-to-koh-yao-yai\/transfers-to-koh-yao-yai\/\",\"url\":\"https:\/\/elixirdivers.com\/transfer-to-koh-yao-yai\/transfers-to-koh-yao-yai\/\",\"name\":\"Za\u0159\u00edd\u00edme transfery na Koh Yao Yai - Elixir Divers\",\"isPartOf\":{\"@id\":\"https:\/\/elixirdivers.com\/#website\"},\"primaryImageOfPage\":{\"@id\":\"https:\/\/elixirdivers.com\/transfer-to-koh-yao-yai\/transfers-to-koh-yao-yai\/#primaryimage\"},\"image\":{\"@id\":\"https:\/\/elixirdivers.com\/transfer-to-koh-yao-yai\/transfers-to-koh-yao-yai\/#primaryimage\"},\"thumbnailUrl\":\"https:\/\/elixirdivers.com\/wp-content\/uploads\/2023\/08\/Speedboat-charter4.jpg\",\"datePublished\":\"2023-09-06T12:13:22+00:00\",\"dateModified\":\"2023-10-20T09:20:30+00:00\",\"description\":\"Zaji\u0161\u0165ujeme kompletn\u00ed transfery z mezin\u00e1rodn\u00edho leti\u0161t\u011b Phuket \u010di jin\u00e9ho m\u00edsta na Phuketu do v\u0161ech hotel\u016f na ostrov\u011b Koh Yao Yai. Cena z\u00e1vis\u00ed na lokalit\u011b a velikosti skupiny. Pro n\u00e1ro\u010dn\u011bj\u0161\u00ed hosty nab\u00edz\u00edme i priv\u00e1tn\u00ed p\u0159epravu na\u0161\u00ed rychlou lod\u00ed z p\u0159\u00edstavu Laem Hin na Phukete na Koh Yao Yai.\",\"breadcrumb\":{\"@id\":\"https:\/\/elixirdivers.com\/transfer-to-koh-yao-yai\/transfers-to-koh-yao-yai\/#breadcrumb\"},\"inLanguage\":\"cs\",\"potentialAction\":[{\"@type\":\"ReadAction\",\"target\":[\"https:\/\/elixirdivers.com\/transfer-to-koh-yao-yai\/transfers-to-koh-yao-yai\/\"]}]},{\"@type\":\"ImageObject\",\"inLanguage\":\"cs\",\"@id\":\"https:\/\/elixirdivers.com\/transfer-to-koh-yao-yai\/transfers-to-koh-yao-yai\/#primaryimage\",\"url\":\"https:\/\/elixirdivers.com\/wp-content\/uploads\/2023\/08\/Speedboat-charter4.jpg\",\"contentUrl\":\"https:\/\/elixirdivers.com\/wp-content\/uploads\/2023\/08\/Speedboat-charter4.jpg\",\"width\":1800,\"height\":1200,\"caption\":\"2-Engines Speedboat\"},{\"@type\":\"BreadcrumbList\",\"@id\":\"https:\/\/elixirdivers.com\/transfer-to-koh-yao-yai\/transfers-to-koh-yao-yai\/#breadcrumb\",\"itemListElement\":[{\"@type\":\"ListItem\",\"position\":1,\"name\":\"Home\",\"item\":\"https:\/\/elixirdivers.com\/cs\/\"},{\"@type\":\"ListItem\",\"position\":2,\"name\":\"Transfery\",\"item\":\"http:\/\/elixirdivers.com\/cs\/transfery\/\"},{\"@type\":\"ListItem\",\"position\":3,\"name\":\"Za\u0159\u00edd\u00edme transfery na Koh Yao Yai\"}]},{\"@type\":\"WebSite\",\"@id\":\"https:\/\/elixirdivers.com\/#website\",\"url\":\"https:\/\/elixirdivers.com\/\",\"name\":\"Elixir Divers\",\"description\":\"\",\"publisher\":{\"@id\":\"https:\/\/elixirdivers.com\/#organization\"},\"potentialAction\":[{\"@type\":\"SearchAction\",\"target\":{\"@type\":\"EntryPoint\",\"urlTemplate\":\"https:\/\/elixirdivers.com\/?s={search_term_string}\"},\"query-input\":{\"@type\":\"PropertyValueSpecification\",\"valueRequired\":true,\"valueName\":\"search_term_string\"}}],\"inLanguage\":\"cs\"},{\"@type\":\"Organization\",\"@id\":\"https:\/\/elixirdivers.com\/#organization\",\"name\":\"Elixir Divers\",\"url\":\"https:\/\/elixirdivers.com\/\",\"logo\":{\"@type\":\"ImageObject\",\"inLanguage\":\"cs\",\"@id\":\"https:\/\/elixirdivers.com\/#\/schema\/logo\/image\/\",\"url\":\"https:\/\/elixirdivers.com\/wp-content\/uploads\/2018\/12\/elixirdivers-logo-blue-1.svg\",\"contentUrl\":\"https:\/\/elixirdivers.com\/wp-content\/uploads\/2018\/12\/elixirdivers-logo-blue-1.svg\",\"width\":800,\"height\":314,\"caption\":\"Elixir Divers\"},\"image\":{\"@id\":\"https:\/\/elixirdivers.com\/#\/schema\/logo\/image\/\"},\"sameAs\":[\"https:\/\/www.facebook.com\/Elixir.Divers\/\",\"https:\/\/www.instagram.com\/elixirdivers\/\",\"https:\/\/www.youtube.com\/@elixirdivers\"]}]}<\/script>\n<!-- \/ Yoast SEO plugin. -->","yoast_head_json":{"title":"Za\u0159\u00edd\u00edme transfery na Koh Yao Yai - Elixir Divers","description":"Zaji\u0161\u0165ujeme kompletn\u00ed transfery z mezin\u00e1rodn\u00edho leti\u0161t\u011b Phuket \u010di jin\u00e9ho m\u00edsta na Phuketu do v\u0161ech hotel\u016f na ostrov\u011b Koh Yao Yai. Cena z\u00e1vis\u00ed na lokalit\u011b a velikosti skupiny. Pro n\u00e1ro\u010dn\u011bj\u0161\u00ed hosty nab\u00edz\u00edme i priv\u00e1tn\u00ed p\u0159epravu na\u0161\u00ed rychlou lod\u00ed z p\u0159\u00edstavu Laem Hin na Phukete na Koh Yao Yai.","robots":{"index":"index","follow":"follow","max-snippet":"max-snippet:-1","max-image-preview":"max-image-preview:large","max-video-preview":"max-video-preview:-1"},"canonical":"https:\/\/elixirdivers.com\/transfer-to-koh-yao-yai\/transfers-to-koh-yao-yai\/","og_locale":"cs_CZ","og_type":"article","og_title":"Za\u0159\u00edd\u00edme transfery na Koh Yao Yai - Elixir Divers","og_description":"Zaji\u0161\u0165ujeme kompletn\u00ed transfery z mezin\u00e1rodn\u00edho leti\u0161t\u011b Phuket \u010di jin\u00e9ho m\u00edsta na Phuketu do v\u0161ech hotel\u016f na ostrov\u011b Koh Yao Yai. Cena z\u00e1vis\u00ed na lokalit\u011b a velikosti skupiny. Pro n\u00e1ro\u010dn\u011bj\u0161\u00ed hosty nab\u00edz\u00edme i priv\u00e1tn\u00ed p\u0159epravu na\u0161\u00ed rychlou lod\u00ed z p\u0159\u00edstavu Laem Hin na Phukete na Koh Yao Yai.","og_url":"https:\/\/elixirdivers.com\/transfer-to-koh-yao-yai\/transfers-to-koh-yao-yai\/","og_site_name":"Elixir Divers","article_publisher":"https:\/\/www.facebook.com\/Elixir.Divers\/","article_modified_time":"2023-10-20T09:20:30+00:00","og_image":[{"width":1800,"height":1200,"url":"https:\/\/elixirdivers.com\/wp-content\/uploads\/2023\/08\/Speedboat-charter4.jpg","type":"image\/jpeg"}],"twitter_card":"summary_large_image","twitter_misc":{"Odhadovan\u00e1 doba \u010dten\u00ed":"1 minuta"},"schema":{"@context":"https:\/\/schema.org","@graph":[{"@type":"WebPage","@id":"https:\/\/elixirdivers.com\/transfer-to-koh-yao-yai\/transfers-to-koh-yao-yai\/","url":"https:\/\/elixirdivers.com\/transfer-to-koh-yao-yai\/transfers-to-koh-yao-yai\/","name":"Za\u0159\u00edd\u00edme transfery na Koh Yao Yai - Elixir Divers","isPartOf":{"@id":"https:\/\/elixirdivers.com\/#website"},"primaryImageOfPage":{"@id":"https:\/\/elixirdivers.com\/transfer-to-koh-yao-yai\/transfers-to-koh-yao-yai\/#primaryimage"},"image":{"@id":"https:\/\/elixirdivers.com\/transfer-to-koh-yao-yai\/transfers-to-koh-yao-yai\/#primaryimage"},"thumbnailUrl":"https:\/\/elixirdivers.com\/wp-content\/uploads\/2023\/08\/Speedboat-charter4.jpg","datePublished":"2023-09-06T12:13:22+00:00","dateModified":"2023-10-20T09:20:30+00:00","description":"Zaji\u0161\u0165ujeme kompletn\u00ed transfery z mezin\u00e1rodn\u00edho leti\u0161t\u011b Phuket \u010di jin\u00e9ho m\u00edsta na Phuketu do v\u0161ech hotel\u016f na ostrov\u011b Koh Yao Yai. Cena z\u00e1vis\u00ed na lokalit\u011b a velikosti skupiny. Pro n\u00e1ro\u010dn\u011bj\u0161\u00ed hosty nab\u00edz\u00edme i priv\u00e1tn\u00ed p\u0159epravu na\u0161\u00ed rychlou lod\u00ed z p\u0159\u00edstavu Laem Hin na Phukete na Koh Yao Yai.","breadcrumb":{"@id":"https:\/\/elixirdivers.com\/transfer-to-koh-yao-yai\/transfers-to-koh-yao-yai\/#breadcrumb"},"inLanguage":"cs","potentialAction":[{"@type":"ReadAction","target":["https:\/\/elixirdivers.com\/transfer-to-koh-yao-yai\/transfers-to-koh-yao-yai\/"]}]},{"@type":"ImageObject","inLanguage":"cs","@id":"https:\/\/elixirdivers.com\/transfer-to-koh-yao-yai\/transfers-to-koh-yao-yai\/#primaryimage","url":"https:\/\/elixirdivers.com\/wp-content\/uploads\/2023\/08\/Speedboat-charter4.jpg","contentUrl":"https:\/\/elixirdivers.com\/wp-content\/uploads\/2023\/08\/Speedboat-charter4.jpg","width":1800,"height":1200,"caption":"2-Engines Speedboat"},{"@type":"BreadcrumbList","@id":"https:\/\/elixirdivers.com\/transfer-to-koh-yao-yai\/transfers-to-koh-yao-yai\/#breadcrumb","itemListElement":[{"@type":"ListItem","position":1,"name":"Home","item":"https:\/\/elixirdivers.com\/cs\/"},{"@type":"ListItem","position":2,"name":"Transfery","item":"http:\/\/elixirdivers.com\/cs\/transfery\/"},{"@type":"ListItem","position":3,"name":"Za\u0159\u00edd\u00edme transfery na Koh Yao Yai"}]},{"@type":"WebSite","@id":"https:\/\/elixirdivers.com\/#website","url":"https:\/\/elixirdivers.com\/","name":"Elixir Divers","description":"","publisher":{"@id":"https:\/\/elixirdivers.com\/#organization"},"potentialAction":[{"@type":"SearchAction","target":{"@type":"EntryPoint","urlTemplate":"https:\/\/elixirdivers.com\/?s={search_term_string}"},"query-input":{"@type":"PropertyValueSpecification","valueRequired":true,"valueName":"search_term_string"}}],"inLanguage":"cs"},{"@type":"Organization","@id":"https:\/\/elixirdivers.com\/#organization","name":"Elixir Divers","url":"https:\/\/elixirdivers.com\/","logo":{"@type":"ImageObject","inLanguage":"cs","@id":"https:\/\/elixirdivers.com\/#\/schema\/logo\/image\/","url":"https:\/\/elixirdivers.com\/wp-content\/uploads\/2018\/12\/elixirdivers-logo-blue-1.svg","contentUrl":"https:\/\/elixirdivers.com\/wp-content\/uploads\/2018\/12\/elixirdivers-logo-blue-1.svg","width":800,"height":314,"caption":"Elixir Divers"},"image":{"@id":"https:\/\/elixirdivers.com\/#\/schema\/logo\/image\/"},"sameAs":["https:\/\/www.facebook.com\/Elixir.Divers\/","https:\/\/www.instagram.com\/elixirdivers\/","https:\/\/www.youtube.com\/@elixirdivers"]}]}},"jetpack_sharing_enabled":true,"_links":{"self":[{"href":"https:\/\/elixirdivers.com\/cs\/wp-json\/wp\/v2\/pages\/9467","targetHints":{"allow":["GET"]}}],"collection":[{"href":"https:\/\/elixirdivers.com\/cs\/wp-json\/wp\/v2\/pages"}],"about":[{"href":"https:\/\/elixirdivers.com\/cs\/wp-json\/wp\/v2\/types\/page"}],"author":[{"embeddable":true,"href":"https:\/\/elixirdivers.com\/cs\/wp-json\/wp\/v2\/users\/1"}],"replies":[{"embeddable":true,"href":"https:\/\/elixirdivers.com\/cs\/wp-json\/wp\/v2\/comments?post=9467"}],"version-history":[{"count":5,"href":"https:\/\/elixirdivers.com\/cs\/wp-json\/wp\/v2\/pages\/9467\/revisions"}],"predecessor-version":[{"id":9892,"href":"https:\/\/elixirdivers.com\/cs\/wp-json\/wp\/v2\/pages\/9467\/revisions\/9892"}],"up":[{"embeddable":true,"href":"https:\/\/elixirdivers.com\/cs\/wp-json\/wp\/v2\/pages\/9465"}],"wp:featuredmedia":[{"embeddable":true,"href":"https:\/\/elixirdivers.com\/cs\/wp-json\/wp\/v2\/media\/8965"}],"wp:attachment":[{"href":"https:\/\/elixirdivers.com\/cs\/wp-json\/wp\/v2\/media?parent=9467"}],"curies":[{"name":"wp","href":"https:\/\/api.w.org\/{rel}","templated":true}]}}