{"id":9469,"date":"2023-09-06T12:38:19","date_gmt":"2023-09-06T12:38:19","guid":{"rendered":"http:\/\/elixirdivers.com\/transfers\/private-speedboat-charters\/"},"modified":"2023-10-20T09:29:34","modified_gmt":"2023-10-20T09:29:34","slug":"soukrome-chartery-motorovych-clunu","status":"publish","type":"page","link":"https:\/\/elixirdivers.com\/cs\/transfery\/soukrome-chartery-motorovych-clunu\/","title":{"rendered":"Soukrom\u00fd pron\u00e1jem motorov\u00e9ho \u010dlunu"},"content":{"rendered":"<section class=\"wpb-content-wrapper\"><p>[vc_row][vc_column][vc_empty_space height=&#8220;60px&#8220;][vc_column_text]Pron\u00e1jem cel\u00e9 lod\u011b je ur\u010den pro ty, kte\u0159\u00ed cht\u011bj\u00ed vyu\u017e\u00edt VIP soukrom\u00ed p\u0159i pot\u00e1p\u011bn\u00ed \u010di v\u00fdletu s rodinou a p\u0159\u00e1teli. T\u00e9to slu\u017eby \u010dasto vyu\u017e\u00edvaj\u00ed i firmy pro sv\u00e9 firemn\u00ed eventy. Program dan\u00e9ho dne z\u00e1vis\u00ed na po\u010das\u00ed a podm\u00ednk\u00e1ch na mo\u0159i. M\u016f\u017eete se jet pot\u00e1p\u011bt, vyrazit na m\u00edsta, kam b\u011b\u017en\u00ed turist\u00e9 nejezd\u00ed, objevovat nov\u00e9 ostrovy, a nebo si u\u017e\u00edvat romantiku na lodi.<\/p>\n<p>A pokud m\u00e1te n\u011bjak\u00fd speci\u00e1ln\u00ed po\u017eadavek nebo destinaci, dejte n\u00e1m v\u011bd\u011bt, zpracujeme V\u00e1m individu\u00e1ln\u00ed cenovou nab\u00eddku.<\/p>\n<p>Ceny plat\u00ed pri v\u00fdjezdu z mola Loh Jark Pier na Koh Yao Yai.<\/p>\n<h3>Pot\u00e1p\u011bc\u00ed lokality &amp; Ceny<\/h3>\n<p>[\/vc_column_text][vc_raw_html]JTVCdGFibGUlMjBpZCUzRCUyMjMlMjIlNUQ=[\/vc_raw_html][vc_column_text]<\/p>\n<h4>Cena zahrnuje<\/h4>\n<ul>\n<li>speedboat private charter<\/li>\n<li>kapit\u00e1n, plav\u010d\u00edk a\u00a0divemaster<\/li>\n<li>neomezen\u00e9 nealkoholick\u00e9 n\u00e1poje a ovoce<\/li>\n<li>maxim\u00e1ln\u011b 5\u00a0osob<\/li>\n<\/ul>\n<h4>Cena nezahrnuje<\/h4>\n<ul>\n<li>poplatek za n\u00e1rodn\u00ed park na Phi Phi &#8211; 600 THB\/pot\u00e1p\u011b\u010d, 400 THB\/nepot\u00e1p\u011b\u010d<\/li>\n<li>2 lahve, v\u00fdstroj a olova pro pot\u00e1p\u011b\u010de &#8211; 3000 THB\/diver<\/li>\n<\/ul>\n<p>[\/vc_column_text][vc_separator border_width=&#8220;2&#8243;][vc_column_text]<\/p>\n<h3>Pron\u00e1jem \u010dlunu na denn\u00ed z\u00e1jezd<\/h3>\n<p>[\/vc_column_text][vc_raw_html]JTVCdGFibGUlMjBpZCUzRCUyMjIlMjIlNUQ=[\/vc_raw_html][vc_column_text]<\/p>\n<h4>Cena zahrnuje<\/h4>\n<ul>\n<li>pron\u00e1jem r\u00fdchlo \u010dlunu<\/li>\n<li>kapit\u00e1n, plav\u010d\u00edk a\u00a0pr\u016fvodce<\/li>\n<li>neomezen\u00e9 nealkoholick\u00e9 n\u00e1poje a ovoce<\/li>\n<li>maxim\u00e1ln\u011b 6 osob<\/li>\n<li><em>Prices are subject to change.<\/em><\/li>\n<\/ul>\n<p>[\/vc_column_text][vc_empty_space height=&#8220;60px&#8220;][\/vc_column][\/vc_row]<\/p>\n<\/section>","protected":false},"excerpt":{"rendered":"<p>[vc_row][vc_column][vc_empty_space height=&#8220;60px&#8220;][vc_column_text]Pron\u00e1jem cel\u00e9 lod\u011b je ur\u010den pro ty, kte\u0159\u00ed cht\u011bj\u00ed vyu\u017e\u00edt VIP soukrom\u00ed p\u0159i pot\u00e1p\u011bn\u00ed \u010di v\u00fdletu s rodinou a p\u0159\u00e1teli. T\u00e9to slu\u017eby \u010dasto vyu\u017e\u00edvaj\u00ed i firmy pro sv\u00e9 firemn\u00ed eventy. Program dan\u00e9ho dne z\u00e1vis\u00ed na po\u010das\u00ed a podm\u00ednk\u00e1ch na mo\u0159i. M\u016f\u017eete se jet pot\u00e1p\u011bt, vyrazit na m\u00edsta, kam b\u011b\u017en\u00ed turist\u00e9 nejezd\u00ed, objevovat nov\u00e9 ostrovy, [&hellip;]<\/p>\n","protected":false},"author":1,"featured_media":8959,"parent":9465,"menu_order":0,"comment_status":"closed","ping_status":"closed","template":"template-home-modern.php","meta":{"footnotes":""},"class_list":["post-9469","page","type-page","status-publish","has-post-thumbnail","hentry"],"yoast_head":"<!-- This site is optimized with the Yoast SEO plugin v26.8 - https:\/\/yoast.com\/product\/yoast-seo-wordpress\/ -->\n<title>Soukrom\u00fd pron\u00e1jem motorov\u00e9ho \u010dlunu - Elixir Divers<\/title>\n<meta name=\"description\" content=\"Pron\u00e1jem cel\u00e9 lod\u011b je ur\u010den pro ty, kte\u0159\u00ed cht\u011bj\u00ed vyu\u017e\u00edt VIP soukrom\u00ed p\u0159i pot\u00e1p\u011bn\u00ed \u010di v\u00fdletu s rodinou a p\u0159\u00e1teli. T\u00e9to slu\u017eby \u010dasto vyu\u017e\u00edvaj\u00ed i firmy pro sv\u00e9 firemn\u00ed eventy. Program dan\u00e9ho dne z\u00e1vis\u00ed na po\u010das\u00ed a podm\u00ednk\u00e1ch na mo\u0159i. M\u016f\u017eete se jet pot\u00e1p\u011bt, vyrazit na m\u00edsta, kam b\u011b\u017en\u00ed turist\u00e9 nejezd\u00ed, objevovat nov\u00e9 ostrovy, a nebo si u\u017e\u00edvat romantiku na lodi.\" \/>\n<meta name=\"robots\" content=\"index, follow, max-snippet:-1, max-image-preview:large, max-video-preview:-1\" \/>\n<link rel=\"canonical\" href=\"https:\/\/elixirdivers.com\/cs\/transfery\/soukrome-chartery-motorovych-clunu\/\" \/>\n<meta property=\"og:locale\" content=\"cs_CZ\" \/>\n<meta property=\"og:type\" content=\"article\" \/>\n<meta property=\"og:title\" content=\"Soukrom\u00fd pron\u00e1jem motorov\u00e9ho \u010dlunu - Elixir Divers\" \/>\n<meta property=\"og:description\" content=\"Pron\u00e1jem cel\u00e9 lod\u011b je ur\u010den pro ty, kte\u0159\u00ed cht\u011bj\u00ed vyu\u017e\u00edt VIP soukrom\u00ed p\u0159i pot\u00e1p\u011bn\u00ed \u010di v\u00fdletu s rodinou a p\u0159\u00e1teli. T\u00e9to slu\u017eby \u010dasto vyu\u017e\u00edvaj\u00ed i firmy pro sv\u00e9 firemn\u00ed eventy. Program dan\u00e9ho dne z\u00e1vis\u00ed na po\u010das\u00ed a podm\u00ednk\u00e1ch na mo\u0159i. M\u016f\u017eete se jet pot\u00e1p\u011bt, vyrazit na m\u00edsta, kam b\u011b\u017en\u00ed turist\u00e9 nejezd\u00ed, objevovat nov\u00e9 ostrovy, a nebo si u\u017e\u00edvat romantiku na lodi.\" \/>\n<meta property=\"og:url\" content=\"https:\/\/elixirdivers.com\/cs\/transfery\/soukrome-chartery-motorovych-clunu\/\" \/>\n<meta property=\"og:site_name\" content=\"Elixir Divers\" \/>\n<meta property=\"article:publisher\" content=\"https:\/\/www.facebook.com\/Elixir.Divers\/\" \/>\n<meta property=\"article:modified_time\" content=\"2023-10-20T09:29:34+00:00\" \/>\n<meta property=\"og:image\" content=\"https:\/\/elixirdivers.com\/wp-content\/uploads\/2023\/08\/Speedboat-charter1.jpg\" \/>\n\t<meta property=\"og:image:width\" content=\"1800\" \/>\n\t<meta property=\"og:image:height\" content=\"1200\" \/>\n\t<meta property=\"og:image:type\" content=\"image\/jpeg\" \/>\n<meta name=\"twitter:card\" content=\"summary_large_image\" \/>\n<meta name=\"twitter:label1\" content=\"Odhadovan\u00e1 doba \u010dten\u00ed\" \/>\n\t<meta name=\"twitter:data1\" content=\"1 minuta\" \/>\n<script type=\"application\/ld+json\" class=\"yoast-schema-graph\">{\"@context\":\"https:\/\/schema.org\",\"@graph\":[{\"@type\":\"WebPage\",\"@id\":\"https:\/\/elixirdivers.com\/cs\/transfery\/soukrome-chartery-motorovych-clunu\/\",\"url\":\"https:\/\/elixirdivers.com\/cs\/transfery\/soukrome-chartery-motorovych-clunu\/\",\"name\":\"Soukrom\u00fd pron\u00e1jem motorov\u00e9ho \u010dlunu - Elixir Divers\",\"isPartOf\":{\"@id\":\"https:\/\/elixirdivers.com\/#website\"},\"primaryImageOfPage\":{\"@id\":\"https:\/\/elixirdivers.com\/cs\/transfery\/soukrome-chartery-motorovych-clunu\/#primaryimage\"},\"image\":{\"@id\":\"https:\/\/elixirdivers.com\/cs\/transfery\/soukrome-chartery-motorovych-clunu\/#primaryimage\"},\"thumbnailUrl\":\"https:\/\/elixirdivers.com\/wp-content\/uploads\/2023\/08\/Speedboat-charter1.jpg\",\"datePublished\":\"2023-09-06T12:38:19+00:00\",\"dateModified\":\"2023-10-20T09:29:34+00:00\",\"description\":\"Pron\u00e1jem cel\u00e9 lod\u011b je ur\u010den pro ty, kte\u0159\u00ed cht\u011bj\u00ed vyu\u017e\u00edt VIP soukrom\u00ed p\u0159i pot\u00e1p\u011bn\u00ed \u010di v\u00fdletu s rodinou a p\u0159\u00e1teli. T\u00e9to slu\u017eby \u010dasto vyu\u017e\u00edvaj\u00ed i firmy pro sv\u00e9 firemn\u00ed eventy. Program dan\u00e9ho dne z\u00e1vis\u00ed na po\u010das\u00ed a podm\u00ednk\u00e1ch na mo\u0159i. M\u016f\u017eete se jet pot\u00e1p\u011bt, vyrazit na m\u00edsta, kam b\u011b\u017en\u00ed turist\u00e9 nejezd\u00ed, objevovat nov\u00e9 ostrovy, a nebo si u\u017e\u00edvat romantiku na lodi.\",\"breadcrumb\":{\"@id\":\"https:\/\/elixirdivers.com\/cs\/transfery\/soukrome-chartery-motorovych-clunu\/#breadcrumb\"},\"inLanguage\":\"cs\",\"potentialAction\":[{\"@type\":\"ReadAction\",\"target\":[\"https:\/\/elixirdivers.com\/cs\/transfery\/soukrome-chartery-motorovych-clunu\/\"]}]},{\"@type\":\"ImageObject\",\"inLanguage\":\"cs\",\"@id\":\"https:\/\/elixirdivers.com\/cs\/transfery\/soukrome-chartery-motorovych-clunu\/#primaryimage\",\"url\":\"https:\/\/elixirdivers.com\/wp-content\/uploads\/2023\/08\/Speedboat-charter1.jpg\",\"contentUrl\":\"https:\/\/elixirdivers.com\/wp-content\/uploads\/2023\/08\/Speedboat-charter1.jpg\",\"width\":1800,\"height\":1200,\"caption\":\"2-Engines Speedboat\"},{\"@type\":\"BreadcrumbList\",\"@id\":\"https:\/\/elixirdivers.com\/cs\/transfery\/soukrome-chartery-motorovych-clunu\/#breadcrumb\",\"itemListElement\":[{\"@type\":\"ListItem\",\"position\":1,\"name\":\"Home\",\"item\":\"https:\/\/elixirdivers.com\/cs\/\"},{\"@type\":\"ListItem\",\"position\":2,\"name\":\"Transfery\",\"item\":\"http:\/\/elixirdivers.com\/cs\/transfery\/\"},{\"@type\":\"ListItem\",\"position\":3,\"name\":\"Soukrom\u00fd pron\u00e1jem motorov\u00e9ho \u010dlunu\"}]},{\"@type\":\"WebSite\",\"@id\":\"https:\/\/elixirdivers.com\/#website\",\"url\":\"https:\/\/elixirdivers.com\/\",\"name\":\"Elixir Divers\",\"description\":\"\",\"publisher\":{\"@id\":\"https:\/\/elixirdivers.com\/#organization\"},\"potentialAction\":[{\"@type\":\"SearchAction\",\"target\":{\"@type\":\"EntryPoint\",\"urlTemplate\":\"https:\/\/elixirdivers.com\/?s={search_term_string}\"},\"query-input\":{\"@type\":\"PropertyValueSpecification\",\"valueRequired\":true,\"valueName\":\"search_term_string\"}}],\"inLanguage\":\"cs\"},{\"@type\":\"Organization\",\"@id\":\"https:\/\/elixirdivers.com\/#organization\",\"name\":\"Elixir Divers\",\"url\":\"https:\/\/elixirdivers.com\/\",\"logo\":{\"@type\":\"ImageObject\",\"inLanguage\":\"cs\",\"@id\":\"https:\/\/elixirdivers.com\/#\/schema\/logo\/image\/\",\"url\":\"https:\/\/elixirdivers.com\/wp-content\/uploads\/2018\/12\/elixirdivers-logo-blue-1.svg\",\"contentUrl\":\"https:\/\/elixirdivers.com\/wp-content\/uploads\/2018\/12\/elixirdivers-logo-blue-1.svg\",\"width\":800,\"height\":314,\"caption\":\"Elixir Divers\"},\"image\":{\"@id\":\"https:\/\/elixirdivers.com\/#\/schema\/logo\/image\/\"},\"sameAs\":[\"https:\/\/www.facebook.com\/Elixir.Divers\/\",\"https:\/\/www.instagram.com\/elixirdivers\/\",\"https:\/\/www.youtube.com\/@elixirdivers\"]}]}<\/script>\n<!-- \/ Yoast SEO plugin. -->","yoast_head_json":{"title":"Soukrom\u00fd pron\u00e1jem motorov\u00e9ho \u010dlunu - Elixir Divers","description":"Pron\u00e1jem cel\u00e9 lod\u011b je ur\u010den pro ty, kte\u0159\u00ed cht\u011bj\u00ed vyu\u017e\u00edt VIP soukrom\u00ed p\u0159i pot\u00e1p\u011bn\u00ed \u010di v\u00fdletu s rodinou a p\u0159\u00e1teli. T\u00e9to slu\u017eby \u010dasto vyu\u017e\u00edvaj\u00ed i firmy pro sv\u00e9 firemn\u00ed eventy. Program dan\u00e9ho dne z\u00e1vis\u00ed na po\u010das\u00ed a podm\u00ednk\u00e1ch na mo\u0159i. M\u016f\u017eete se jet pot\u00e1p\u011bt, vyrazit na m\u00edsta, kam b\u011b\u017en\u00ed turist\u00e9 nejezd\u00ed, objevovat nov\u00e9 ostrovy, a nebo si u\u017e\u00edvat romantiku na lodi.","robots":{"index":"index","follow":"follow","max-snippet":"max-snippet:-1","max-image-preview":"max-image-preview:large","max-video-preview":"max-video-preview:-1"},"canonical":"https:\/\/elixirdivers.com\/cs\/transfery\/soukrome-chartery-motorovych-clunu\/","og_locale":"cs_CZ","og_type":"article","og_title":"Soukrom\u00fd pron\u00e1jem motorov\u00e9ho \u010dlunu - Elixir Divers","og_description":"Pron\u00e1jem cel\u00e9 lod\u011b je ur\u010den pro ty, kte\u0159\u00ed cht\u011bj\u00ed vyu\u017e\u00edt VIP soukrom\u00ed p\u0159i pot\u00e1p\u011bn\u00ed \u010di v\u00fdletu s rodinou a p\u0159\u00e1teli. T\u00e9to slu\u017eby \u010dasto vyu\u017e\u00edvaj\u00ed i firmy pro sv\u00e9 firemn\u00ed eventy. Program dan\u00e9ho dne z\u00e1vis\u00ed na po\u010das\u00ed a podm\u00ednk\u00e1ch na mo\u0159i. M\u016f\u017eete se jet pot\u00e1p\u011bt, vyrazit na m\u00edsta, kam b\u011b\u017en\u00ed turist\u00e9 nejezd\u00ed, objevovat nov\u00e9 ostrovy, a nebo si u\u017e\u00edvat romantiku na lodi.","og_url":"https:\/\/elixirdivers.com\/cs\/transfery\/soukrome-chartery-motorovych-clunu\/","og_site_name":"Elixir Divers","article_publisher":"https:\/\/www.facebook.com\/Elixir.Divers\/","article_modified_time":"2023-10-20T09:29:34+00:00","og_image":[{"width":1800,"height":1200,"url":"https:\/\/elixirdivers.com\/wp-content\/uploads\/2023\/08\/Speedboat-charter1.jpg","type":"image\/jpeg"}],"twitter_card":"summary_large_image","twitter_misc":{"Odhadovan\u00e1 doba \u010dten\u00ed":"1 minuta"},"schema":{"@context":"https:\/\/schema.org","@graph":[{"@type":"WebPage","@id":"https:\/\/elixirdivers.com\/cs\/transfery\/soukrome-chartery-motorovych-clunu\/","url":"https:\/\/elixirdivers.com\/cs\/transfery\/soukrome-chartery-motorovych-clunu\/","name":"Soukrom\u00fd pron\u00e1jem motorov\u00e9ho \u010dlunu - Elixir Divers","isPartOf":{"@id":"https:\/\/elixirdivers.com\/#website"},"primaryImageOfPage":{"@id":"https:\/\/elixirdivers.com\/cs\/transfery\/soukrome-chartery-motorovych-clunu\/#primaryimage"},"image":{"@id":"https:\/\/elixirdivers.com\/cs\/transfery\/soukrome-chartery-motorovych-clunu\/#primaryimage"},"thumbnailUrl":"https:\/\/elixirdivers.com\/wp-content\/uploads\/2023\/08\/Speedboat-charter1.jpg","datePublished":"2023-09-06T12:38:19+00:00","dateModified":"2023-10-20T09:29:34+00:00","description":"Pron\u00e1jem cel\u00e9 lod\u011b je ur\u010den pro ty, kte\u0159\u00ed cht\u011bj\u00ed vyu\u017e\u00edt VIP soukrom\u00ed p\u0159i pot\u00e1p\u011bn\u00ed \u010di v\u00fdletu s rodinou a p\u0159\u00e1teli. T\u00e9to slu\u017eby \u010dasto vyu\u017e\u00edvaj\u00ed i firmy pro sv\u00e9 firemn\u00ed eventy. Program dan\u00e9ho dne z\u00e1vis\u00ed na po\u010das\u00ed a podm\u00ednk\u00e1ch na mo\u0159i. M\u016f\u017eete se jet pot\u00e1p\u011bt, vyrazit na m\u00edsta, kam b\u011b\u017en\u00ed turist\u00e9 nejezd\u00ed, objevovat nov\u00e9 ostrovy, a nebo si u\u017e\u00edvat romantiku na lodi.","breadcrumb":{"@id":"https:\/\/elixirdivers.com\/cs\/transfery\/soukrome-chartery-motorovych-clunu\/#breadcrumb"},"inLanguage":"cs","potentialAction":[{"@type":"ReadAction","target":["https:\/\/elixirdivers.com\/cs\/transfery\/soukrome-chartery-motorovych-clunu\/"]}]},{"@type":"ImageObject","inLanguage":"cs","@id":"https:\/\/elixirdivers.com\/cs\/transfery\/soukrome-chartery-motorovych-clunu\/#primaryimage","url":"https:\/\/elixirdivers.com\/wp-content\/uploads\/2023\/08\/Speedboat-charter1.jpg","contentUrl":"https:\/\/elixirdivers.com\/wp-content\/uploads\/2023\/08\/Speedboat-charter1.jpg","width":1800,"height":1200,"caption":"2-Engines Speedboat"},{"@type":"BreadcrumbList","@id":"https:\/\/elixirdivers.com\/cs\/transfery\/soukrome-chartery-motorovych-clunu\/#breadcrumb","itemListElement":[{"@type":"ListItem","position":1,"name":"Home","item":"https:\/\/elixirdivers.com\/cs\/"},{"@type":"ListItem","position":2,"name":"Transfery","item":"http:\/\/elixirdivers.com\/cs\/transfery\/"},{"@type":"ListItem","position":3,"name":"Soukrom\u00fd pron\u00e1jem motorov\u00e9ho \u010dlunu"}]},{"@type":"WebSite","@id":"https:\/\/elixirdivers.com\/#website","url":"https:\/\/elixirdivers.com\/","name":"Elixir Divers","description":"","publisher":{"@id":"https:\/\/elixirdivers.com\/#organization"},"potentialAction":[{"@type":"SearchAction","target":{"@type":"EntryPoint","urlTemplate":"https:\/\/elixirdivers.com\/?s={search_term_string}"},"query-input":{"@type":"PropertyValueSpecification","valueRequired":true,"valueName":"search_term_string"}}],"inLanguage":"cs"},{"@type":"Organization","@id":"https:\/\/elixirdivers.com\/#organization","name":"Elixir Divers","url":"https:\/\/elixirdivers.com\/","logo":{"@type":"ImageObject","inLanguage":"cs","@id":"https:\/\/elixirdivers.com\/#\/schema\/logo\/image\/","url":"https:\/\/elixirdivers.com\/wp-content\/uploads\/2018\/12\/elixirdivers-logo-blue-1.svg","contentUrl":"https:\/\/elixirdivers.com\/wp-content\/uploads\/2018\/12\/elixirdivers-logo-blue-1.svg","width":800,"height":314,"caption":"Elixir Divers"},"image":{"@id":"https:\/\/elixirdivers.com\/#\/schema\/logo\/image\/"},"sameAs":["https:\/\/www.facebook.com\/Elixir.Divers\/","https:\/\/www.instagram.com\/elixirdivers\/","https:\/\/www.youtube.com\/@elixirdivers"]}]}},"jetpack_sharing_enabled":true,"_links":{"self":[{"href":"https:\/\/elixirdivers.com\/cs\/wp-json\/wp\/v2\/pages\/9469","targetHints":{"allow":["GET"]}}],"collection":[{"href":"https:\/\/elixirdivers.com\/cs\/wp-json\/wp\/v2\/pages"}],"about":[{"href":"https:\/\/elixirdivers.com\/cs\/wp-json\/wp\/v2\/types\/page"}],"author":[{"embeddable":true,"href":"https:\/\/elixirdivers.com\/cs\/wp-json\/wp\/v2\/users\/1"}],"replies":[{"embeddable":true,"href":"https:\/\/elixirdivers.com\/cs\/wp-json\/wp\/v2\/comments?post=9469"}],"version-history":[{"count":4,"href":"https:\/\/elixirdivers.com\/cs\/wp-json\/wp\/v2\/pages\/9469\/revisions"}],"predecessor-version":[{"id":9895,"href":"https:\/\/elixirdivers.com\/cs\/wp-json\/wp\/v2\/pages\/9469\/revisions\/9895"}],"up":[{"embeddable":true,"href":"https:\/\/elixirdivers.com\/cs\/wp-json\/wp\/v2\/pages\/9465"}],"wp:featuredmedia":[{"embeddable":true,"href":"https:\/\/elixirdivers.com\/cs\/wp-json\/wp\/v2\/media\/8959"}],"wp:attachment":[{"href":"https:\/\/elixirdivers.com\/cs\/wp-json\/wp\/v2\/media?parent=9469"}],"curies":[{"name":"wp","href":"https:\/\/api.w.org\/{rel}","templated":true}]}}