{"id":9471,"date":"2023-09-06T12:19:42","date_gmt":"2023-09-06T12:19:42","guid":{"rendered":"http:\/\/elixirdivers.com\/transfers\/public-boat-transfers\/"},"modified":"2023-10-20T09:42:52","modified_gmt":"2023-10-20T09:42:52","slug":"verejna-doprava-lodi","status":"publish","type":"page","link":"https:\/\/elixirdivers.com\/cs\/transfery\/verejna-doprava-lodi\/","title":{"rendered":"J\u00edzdn\u00ed \u0159\u00e1d lod\u00ed na Koh Yao Yai"},"content":{"rendered":"<section class=\"wpb-content-wrapper\"><p>[vc_row][vc_column][vc_empty_space height=&#8220;60px&#8220;][vc_column_text el_class=&#8220;st-aboutus-content&#8220;]J\u00edzdn\u00ed \u0159\u00e1d ve\u0159ejn\u00fdch lod\u00ed na Koh Yao Yai \u2013 kontaktujte n\u00e1s pros\u00edm ohledn\u011b j\u00edzdn\u00edho \u0159\u00e1du mimo sez\u00f3nu, proto\u017ee se \u010dasto m\u011bn\u00ed.<\/p>\n<p>N\u00ed\u017ee naleznete j\u00edzdn\u00ed \u0159\u00e1d ve\u0159ejn\u00fdch lod\u00ed platn\u00fd k 1.8.2023, pokud si rad\u011bji zajist\u00edte p\u0159epravu sami.<\/p>\n<p>Vezm\u011bte pros\u00edm na v\u011bdom\u00ed, \u017ee j\u00edzdn\u00ed \u0159\u00e1dy lod\u00ed se mohou bez varov\u00e1n\u00ed zm\u011bnit, proto doporu\u010dujeme kontaktovat n\u00e1s pro potvrzen\u00ed \u010dasu odjezdu.[\/vc_column_text][vc_row_inner][vc_column_inner][vc_separator border_width=&#8220;2&#8243;][vc_raw_html]JTVCdGFibGUlMjBpZCUzRCUyMjMxJTIyJTVE[\/vc_raw_html][\/vc_column_inner][\/vc_row_inner][vc_row_inner][vc_column_inner][vc_separator border_width=&#8220;2&#8243;][vc_raw_html]JTVCdGFibGUlMjBpZCUzRCUyMjM0JTIyJTVE[\/vc_raw_html][\/vc_column_inner][\/vc_row_inner][vc_row_inner][vc_column_inner][vc_separator border_width=&#8220;2&#8243;][vc_raw_html]JTVCdGFibGUlMjBpZCUzRCUyMjMyJTIyJTVE[\/vc_raw_html][\/vc_column_inner][\/vc_row_inner][vc_row_inner][vc_column_inner][vc_separator border_width=&#8220;2&#8243;][vc_raw_html]JTVCdGFibGUlMjBpZCUzRCUyMjMzJTIyJTVE[\/vc_raw_html][\/vc_column_inner][\/vc_row_inner][vc_empty_space height=&#8220;60px&#8220;][\/vc_column][\/vc_row]<\/p>\n<\/section>","protected":false},"excerpt":{"rendered":"<p>[vc_row][vc_column][vc_empty_space height=&#8220;60px&#8220;][vc_column_text el_class=&#8220;st-aboutus-content&#8220;]J\u00edzdn\u00ed \u0159\u00e1d ve\u0159ejn\u00fdch lod\u00ed na Koh Yao Yai \u2013 kontaktujte n\u00e1s pros\u00edm ohledn\u011b j\u00edzdn\u00edho \u0159\u00e1du mimo sez\u00f3nu, proto\u017ee se \u010dasto m\u011bn\u00ed. N\u00ed\u017ee naleznete j\u00edzdn\u00ed \u0159\u00e1d ve\u0159ejn\u00fdch lod\u00ed platn\u00fd k 1.8.2023, pokud si rad\u011bji zajist\u00edte p\u0159epravu sami. Vezm\u011bte pros\u00edm na v\u011bdom\u00ed, \u017ee j\u00edzdn\u00ed \u0159\u00e1dy lod\u00ed se mohou bez varov\u00e1n\u00ed zm\u011bnit, proto doporu\u010dujeme kontaktovat n\u00e1s [&hellip;]<\/p>\n","protected":false},"author":1,"featured_media":9235,"parent":9465,"menu_order":0,"comment_status":"closed","ping_status":"closed","template":"template-home-modern.php","meta":{"footnotes":""},"class_list":["post-9471","page","type-page","status-publish","has-post-thumbnail","hentry"],"yoast_head":"<!-- This site is optimized with the Yoast SEO plugin v26.8 - https:\/\/yoast.com\/product\/yoast-seo-wordpress\/ -->\n<title>J\u00edzdn\u00ed \u0159\u00e1d lod\u00ed na Koh Yao Yai - Elixir Divers<\/title>\n<meta name=\"description\" content=\"Zde naleznete aktu\u00e1ln\u00ed j\u00edzdn\u00ed \u0159\u00e1d pro ve\u0159ejn\u00e9 lode na Koh Yao Yai.\" \/>\n<meta name=\"robots\" content=\"index, follow, max-snippet:-1, max-image-preview:large, max-video-preview:-1\" \/>\n<link rel=\"canonical\" href=\"https:\/\/elixirdivers.com\/transfer-to-koh-yao-yai\/koh-yao-yai-public-boats-schedule\/\" \/>\n<meta property=\"og:locale\" content=\"cs_CZ\" \/>\n<meta property=\"og:type\" content=\"article\" \/>\n<meta property=\"og:title\" content=\"J\u00edzdn\u00ed \u0159\u00e1d lod\u00ed na Koh Yao Yai - Elixir Divers\" \/>\n<meta property=\"og:description\" content=\"Zde naleznete aktu\u00e1ln\u00ed j\u00edzdn\u00ed \u0159\u00e1d pro ve\u0159ejn\u00e9 lode na Koh Yao Yai.\" \/>\n<meta property=\"og:url\" content=\"https:\/\/elixirdivers.com\/transfer-to-koh-yao-yai\/koh-yao-yai-public-boats-schedule\/\" \/>\n<meta property=\"og:site_name\" content=\"Elixir Divers\" \/>\n<meta property=\"article:publisher\" content=\"https:\/\/www.facebook.com\/Elixir.Divers\/\" \/>\n<meta property=\"article:modified_time\" content=\"2023-10-20T09:42:52+00:00\" \/>\n<meta property=\"og:image\" content=\"https:\/\/elixirdivers.com\/wp-content\/uploads\/2023\/08\/Koh-Yao-Yai-Loh-Jark-pier.jpg\" \/>\n\t<meta property=\"og:image:width\" content=\"1800\" \/>\n\t<meta property=\"og:image:height\" content=\"1192\" \/>\n\t<meta property=\"og:image:type\" content=\"image\/jpeg\" \/>\n<meta name=\"twitter:card\" content=\"summary_large_image\" \/>\n<meta name=\"twitter:label1\" content=\"Odhadovan\u00e1 doba \u010dten\u00ed\" \/>\n\t<meta name=\"twitter:data1\" content=\"1 minuta\" \/>\n<script type=\"application\/ld+json\" class=\"yoast-schema-graph\">{\"@context\":\"https:\/\/schema.org\",\"@graph\":[{\"@type\":\"WebPage\",\"@id\":\"https:\/\/elixirdivers.com\/transfer-to-koh-yao-yai\/koh-yao-yai-public-boats-schedule\/\",\"url\":\"https:\/\/elixirdivers.com\/transfer-to-koh-yao-yai\/koh-yao-yai-public-boats-schedule\/\",\"name\":\"J\u00edzdn\u00ed \u0159\u00e1d lod\u00ed na Koh Yao Yai - Elixir Divers\",\"isPartOf\":{\"@id\":\"https:\/\/elixirdivers.com\/#website\"},\"primaryImageOfPage\":{\"@id\":\"https:\/\/elixirdivers.com\/transfer-to-koh-yao-yai\/koh-yao-yai-public-boats-schedule\/#primaryimage\"},\"image\":{\"@id\":\"https:\/\/elixirdivers.com\/transfer-to-koh-yao-yai\/koh-yao-yai-public-boats-schedule\/#primaryimage\"},\"thumbnailUrl\":\"https:\/\/elixirdivers.com\/wp-content\/uploads\/2023\/08\/Koh-Yao-Yai-Loh-Jark-pier.jpg\",\"datePublished\":\"2023-09-06T12:19:42+00:00\",\"dateModified\":\"2023-10-20T09:42:52+00:00\",\"description\":\"Zde naleznete aktu\u00e1ln\u00ed j\u00edzdn\u00ed \u0159\u00e1d pro ve\u0159ejn\u00e9 lode na Koh Yao Yai.\",\"breadcrumb\":{\"@id\":\"https:\/\/elixirdivers.com\/transfer-to-koh-yao-yai\/koh-yao-yai-public-boats-schedule\/#breadcrumb\"},\"inLanguage\":\"cs\",\"potentialAction\":[{\"@type\":\"ReadAction\",\"target\":[\"https:\/\/elixirdivers.com\/transfer-to-koh-yao-yai\/koh-yao-yai-public-boats-schedule\/\"]}]},{\"@type\":\"ImageObject\",\"inLanguage\":\"cs\",\"@id\":\"https:\/\/elixirdivers.com\/transfer-to-koh-yao-yai\/koh-yao-yai-public-boats-schedule\/#primaryimage\",\"url\":\"https:\/\/elixirdivers.com\/wp-content\/uploads\/2023\/08\/Koh-Yao-Yai-Loh-Jark-pier.jpg\",\"contentUrl\":\"https:\/\/elixirdivers.com\/wp-content\/uploads\/2023\/08\/Koh-Yao-Yai-Loh-Jark-pier.jpg\",\"width\":1800,\"height\":1192,\"caption\":\"Koh Yao Yai Public Boats Schedule\"},{\"@type\":\"BreadcrumbList\",\"@id\":\"https:\/\/elixirdivers.com\/transfer-to-koh-yao-yai\/koh-yao-yai-public-boats-schedule\/#breadcrumb\",\"itemListElement\":[{\"@type\":\"ListItem\",\"position\":1,\"name\":\"Home\",\"item\":\"https:\/\/elixirdivers.com\/cs\/\"},{\"@type\":\"ListItem\",\"position\":2,\"name\":\"Transfery\",\"item\":\"http:\/\/elixirdivers.com\/cs\/transfery\/\"},{\"@type\":\"ListItem\",\"position\":3,\"name\":\"J\u00edzdn\u00ed \u0159\u00e1d lod\u00ed na Koh Yao Yai\"}]},{\"@type\":\"WebSite\",\"@id\":\"https:\/\/elixirdivers.com\/#website\",\"url\":\"https:\/\/elixirdivers.com\/\",\"name\":\"Elixir Divers\",\"description\":\"\",\"publisher\":{\"@id\":\"https:\/\/elixirdivers.com\/#organization\"},\"potentialAction\":[{\"@type\":\"SearchAction\",\"target\":{\"@type\":\"EntryPoint\",\"urlTemplate\":\"https:\/\/elixirdivers.com\/?s={search_term_string}\"},\"query-input\":{\"@type\":\"PropertyValueSpecification\",\"valueRequired\":true,\"valueName\":\"search_term_string\"}}],\"inLanguage\":\"cs\"},{\"@type\":\"Organization\",\"@id\":\"https:\/\/elixirdivers.com\/#organization\",\"name\":\"Elixir Divers\",\"url\":\"https:\/\/elixirdivers.com\/\",\"logo\":{\"@type\":\"ImageObject\",\"inLanguage\":\"cs\",\"@id\":\"https:\/\/elixirdivers.com\/#\/schema\/logo\/image\/\",\"url\":\"https:\/\/elixirdivers.com\/wp-content\/uploads\/2018\/12\/elixirdivers-logo-blue-1.svg\",\"contentUrl\":\"https:\/\/elixirdivers.com\/wp-content\/uploads\/2018\/12\/elixirdivers-logo-blue-1.svg\",\"width\":800,\"height\":314,\"caption\":\"Elixir Divers\"},\"image\":{\"@id\":\"https:\/\/elixirdivers.com\/#\/schema\/logo\/image\/\"},\"sameAs\":[\"https:\/\/www.facebook.com\/Elixir.Divers\/\",\"https:\/\/www.instagram.com\/elixirdivers\/\",\"https:\/\/www.youtube.com\/@elixirdivers\"]}]}<\/script>\n<!-- \/ Yoast SEO plugin. -->","yoast_head_json":{"title":"J\u00edzdn\u00ed \u0159\u00e1d lod\u00ed na Koh Yao Yai - Elixir Divers","description":"Zde naleznete aktu\u00e1ln\u00ed j\u00edzdn\u00ed \u0159\u00e1d pro ve\u0159ejn\u00e9 lode na Koh Yao Yai.","robots":{"index":"index","follow":"follow","max-snippet":"max-snippet:-1","max-image-preview":"max-image-preview:large","max-video-preview":"max-video-preview:-1"},"canonical":"https:\/\/elixirdivers.com\/transfer-to-koh-yao-yai\/koh-yao-yai-public-boats-schedule\/","og_locale":"cs_CZ","og_type":"article","og_title":"J\u00edzdn\u00ed \u0159\u00e1d lod\u00ed na Koh Yao Yai - Elixir Divers","og_description":"Zde naleznete aktu\u00e1ln\u00ed j\u00edzdn\u00ed \u0159\u00e1d pro ve\u0159ejn\u00e9 lode na Koh Yao Yai.","og_url":"https:\/\/elixirdivers.com\/transfer-to-koh-yao-yai\/koh-yao-yai-public-boats-schedule\/","og_site_name":"Elixir Divers","article_publisher":"https:\/\/www.facebook.com\/Elixir.Divers\/","article_modified_time":"2023-10-20T09:42:52+00:00","og_image":[{"width":1800,"height":1192,"url":"https:\/\/elixirdivers.com\/wp-content\/uploads\/2023\/08\/Koh-Yao-Yai-Loh-Jark-pier.jpg","type":"image\/jpeg"}],"twitter_card":"summary_large_image","twitter_misc":{"Odhadovan\u00e1 doba \u010dten\u00ed":"1 minuta"},"schema":{"@context":"https:\/\/schema.org","@graph":[{"@type":"WebPage","@id":"https:\/\/elixirdivers.com\/transfer-to-koh-yao-yai\/koh-yao-yai-public-boats-schedule\/","url":"https:\/\/elixirdivers.com\/transfer-to-koh-yao-yai\/koh-yao-yai-public-boats-schedule\/","name":"J\u00edzdn\u00ed \u0159\u00e1d lod\u00ed na Koh Yao Yai - Elixir Divers","isPartOf":{"@id":"https:\/\/elixirdivers.com\/#website"},"primaryImageOfPage":{"@id":"https:\/\/elixirdivers.com\/transfer-to-koh-yao-yai\/koh-yao-yai-public-boats-schedule\/#primaryimage"},"image":{"@id":"https:\/\/elixirdivers.com\/transfer-to-koh-yao-yai\/koh-yao-yai-public-boats-schedule\/#primaryimage"},"thumbnailUrl":"https:\/\/elixirdivers.com\/wp-content\/uploads\/2023\/08\/Koh-Yao-Yai-Loh-Jark-pier.jpg","datePublished":"2023-09-06T12:19:42+00:00","dateModified":"2023-10-20T09:42:52+00:00","description":"Zde naleznete aktu\u00e1ln\u00ed j\u00edzdn\u00ed \u0159\u00e1d pro ve\u0159ejn\u00e9 lode na Koh Yao Yai.","breadcrumb":{"@id":"https:\/\/elixirdivers.com\/transfer-to-koh-yao-yai\/koh-yao-yai-public-boats-schedule\/#breadcrumb"},"inLanguage":"cs","potentialAction":[{"@type":"ReadAction","target":["https:\/\/elixirdivers.com\/transfer-to-koh-yao-yai\/koh-yao-yai-public-boats-schedule\/"]}]},{"@type":"ImageObject","inLanguage":"cs","@id":"https:\/\/elixirdivers.com\/transfer-to-koh-yao-yai\/koh-yao-yai-public-boats-schedule\/#primaryimage","url":"https:\/\/elixirdivers.com\/wp-content\/uploads\/2023\/08\/Koh-Yao-Yai-Loh-Jark-pier.jpg","contentUrl":"https:\/\/elixirdivers.com\/wp-content\/uploads\/2023\/08\/Koh-Yao-Yai-Loh-Jark-pier.jpg","width":1800,"height":1192,"caption":"Koh Yao Yai Public Boats Schedule"},{"@type":"BreadcrumbList","@id":"https:\/\/elixirdivers.com\/transfer-to-koh-yao-yai\/koh-yao-yai-public-boats-schedule\/#breadcrumb","itemListElement":[{"@type":"ListItem","position":1,"name":"Home","item":"https:\/\/elixirdivers.com\/cs\/"},{"@type":"ListItem","position":2,"name":"Transfery","item":"http:\/\/elixirdivers.com\/cs\/transfery\/"},{"@type":"ListItem","position":3,"name":"J\u00edzdn\u00ed \u0159\u00e1d lod\u00ed na Koh Yao Yai"}]},{"@type":"WebSite","@id":"https:\/\/elixirdivers.com\/#website","url":"https:\/\/elixirdivers.com\/","name":"Elixir Divers","description":"","publisher":{"@id":"https:\/\/elixirdivers.com\/#organization"},"potentialAction":[{"@type":"SearchAction","target":{"@type":"EntryPoint","urlTemplate":"https:\/\/elixirdivers.com\/?s={search_term_string}"},"query-input":{"@type":"PropertyValueSpecification","valueRequired":true,"valueName":"search_term_string"}}],"inLanguage":"cs"},{"@type":"Organization","@id":"https:\/\/elixirdivers.com\/#organization","name":"Elixir Divers","url":"https:\/\/elixirdivers.com\/","logo":{"@type":"ImageObject","inLanguage":"cs","@id":"https:\/\/elixirdivers.com\/#\/schema\/logo\/image\/","url":"https:\/\/elixirdivers.com\/wp-content\/uploads\/2018\/12\/elixirdivers-logo-blue-1.svg","contentUrl":"https:\/\/elixirdivers.com\/wp-content\/uploads\/2018\/12\/elixirdivers-logo-blue-1.svg","width":800,"height":314,"caption":"Elixir Divers"},"image":{"@id":"https:\/\/elixirdivers.com\/#\/schema\/logo\/image\/"},"sameAs":["https:\/\/www.facebook.com\/Elixir.Divers\/","https:\/\/www.instagram.com\/elixirdivers\/","https:\/\/www.youtube.com\/@elixirdivers"]}]}},"jetpack_sharing_enabled":true,"_links":{"self":[{"href":"https:\/\/elixirdivers.com\/cs\/wp-json\/wp\/v2\/pages\/9471","targetHints":{"allow":["GET"]}}],"collection":[{"href":"https:\/\/elixirdivers.com\/cs\/wp-json\/wp\/v2\/pages"}],"about":[{"href":"https:\/\/elixirdivers.com\/cs\/wp-json\/wp\/v2\/types\/page"}],"author":[{"embeddable":true,"href":"https:\/\/elixirdivers.com\/cs\/wp-json\/wp\/v2\/users\/1"}],"replies":[{"embeddable":true,"href":"https:\/\/elixirdivers.com\/cs\/wp-json\/wp\/v2\/comments?post=9471"}],"version-history":[{"count":6,"href":"https:\/\/elixirdivers.com\/cs\/wp-json\/wp\/v2\/pages\/9471\/revisions"}],"predecessor-version":[{"id":9908,"href":"https:\/\/elixirdivers.com\/cs\/wp-json\/wp\/v2\/pages\/9471\/revisions\/9908"}],"up":[{"embeddable":true,"href":"https:\/\/elixirdivers.com\/cs\/wp-json\/wp\/v2\/pages\/9465"}],"wp:featuredmedia":[{"embeddable":true,"href":"https:\/\/elixirdivers.com\/cs\/wp-json\/wp\/v2\/media\/9235"}],"wp:attachment":[{"href":"https:\/\/elixirdivers.com\/cs\/wp-json\/wp\/v2\/media?parent=9471"}],"curies":[{"name":"wp","href":"https:\/\/api.w.org\/{rel}","templated":true}]}}