{"id":9473,"date":"2023-09-06T12:29:16","date_gmt":"2023-09-06T12:29:16","guid":{"rendered":"http:\/\/elixirdivers.com\/transfers\/speedboat-transfers\/"},"modified":"2023-10-20T09:34:05","modified_gmt":"2023-10-20T09:34:05","slug":"transfery-motorovym-clunem","status":"publish","type":"page","link":"https:\/\/elixirdivers.com\/cs\/transfery\/transfery-motorovym-clunem\/","title":{"rendered":"Jednosm\u011brn\u00e9 transfery r\u00fdchlo \u010dlunem"},"content":{"rendered":"<section class=\"wpb-content-wrapper\"><p>[vc_row][vc_column][vc_empty_space height=&#8220;60px&#8220;][vc_column_text]<\/p>\n<h2>Jednosm\u011brn\u00e9 transfery r\u00fdchlo \u010dlunem<\/h2>\n<p>[\/vc_column_text][vc_raw_html]JTVCdGFibGUlMjBpZCUzRCUyMjElMjIlNUQ=[\/vc_raw_html][vc_column_text]V Royal Phuket Marine jsou extra poplatky za parkov\u00e1n\u00ed.<\/p>\n<p>Ceny se mohou zm\u011bnit.[\/vc_column_text][vc_empty_space height=&#8220;60px&#8220;][\/vc_column][\/vc_row]<\/p>\n<\/section>","protected":false},"excerpt":{"rendered":"<p>[vc_row][vc_column][vc_empty_space height=&#8220;60px&#8220;][vc_column_text] Jednosm\u011brn\u00e9 transfery r\u00fdchlo \u010dlunem [\/vc_column_text][vc_raw_html]JTVCdGFibGUlMjBpZCUzRCUyMjElMjIlNUQ=[\/vc_raw_html][vc_column_text]V Royal Phuket Marine jsou extra poplatky za parkov\u00e1n\u00ed. Ceny se mohou zm\u011bnit.[\/vc_column_text][vc_empty_space height=&#8220;60px&#8220;][\/vc_column][\/vc_row]<\/p>\n","protected":false},"author":1,"featured_media":8961,"parent":9465,"menu_order":0,"comment_status":"closed","ping_status":"closed","template":"template-home-modern.php","meta":{"footnotes":""},"class_list":["post-9473","page","type-page","status-publish","has-post-thumbnail","hentry"],"yoast_head":"<!-- This site is optimized with the Yoast SEO plugin v27.5 - https:\/\/yoast.com\/product\/yoast-seo-wordpress\/ -->\n<title>Jednosm\u011brn\u00e9 transfery r\u00fdchlo \u010dlunem - Elixir Divers<\/title>\n<meta name=\"description\" content=\"Poskytujeme jednosm\u011brn\u00e9 transfery motorov\u00fdm \u010dlunem na r\u016fzna m\u00edsta a ostrovy.\" \/>\n<meta name=\"robots\" content=\"index, follow, max-snippet:-1, max-image-preview:large, max-video-preview:-1\" \/>\n<link rel=\"canonical\" href=\"http:\/\/elixirdivers.com\/cs\/transfery\/transfery-motorovym-clunem\/\" \/>\n<meta property=\"og:locale\" content=\"cs_CZ\" \/>\n<meta property=\"og:type\" content=\"article\" \/>\n<meta property=\"og:title\" content=\"Jednosm\u011brn\u00e9 transfery r\u00fdchlo \u010dlunem - Elixir Divers\" \/>\n<meta property=\"og:description\" content=\"Poskytujeme jednosm\u011brn\u00e9 transfery motorov\u00fdm \u010dlunem na r\u016fzna m\u00edsta a ostrovy.\" \/>\n<meta property=\"og:url\" content=\"http:\/\/elixirdivers.com\/cs\/transfery\/transfery-motorovym-clunem\/\" \/>\n<meta property=\"og:site_name\" content=\"Elixir Divers\" \/>\n<meta property=\"article:publisher\" content=\"https:\/\/www.facebook.com\/Elixir.Divers\/\" \/>\n<meta property=\"article:modified_time\" content=\"2023-10-20T09:34:05+00:00\" \/>\n<meta property=\"og:image\" content=\"http:\/\/elixirdivers.com\/wp-content\/uploads\/2023\/08\/Speedboat-charter2.jpg\" \/>\n\t<meta property=\"og:image:width\" content=\"1800\" \/>\n\t<meta property=\"og:image:height\" content=\"1200\" \/>\n\t<meta property=\"og:image:type\" content=\"image\/jpeg\" \/>\n<meta name=\"twitter:card\" content=\"summary_large_image\" \/>\n<meta name=\"twitter:label1\" content=\"Odhadovan\u00e1 doba \u010dten\u00ed\" \/>\n\t<meta name=\"twitter:data1\" content=\"1 minuta\" \/>\n<script type=\"application\/ld+json\" class=\"yoast-schema-graph\">{\"@context\":\"https:\\\/\\\/schema.org\",\"@graph\":[{\"@type\":\"WebPage\",\"@id\":\"http:\\\/\\\/elixirdivers.com\\\/cs\\\/transfery\\\/transfery-motorovym-clunem\\\/\",\"url\":\"http:\\\/\\\/elixirdivers.com\\\/cs\\\/transfery\\\/transfery-motorovym-clunem\\\/\",\"name\":\"Jednosm\u011brn\u00e9 transfery r\u00fdchlo \u010dlunem - Elixir Divers\",\"isPartOf\":{\"@id\":\"https:\\\/\\\/elixirdivers.com\\\/#website\"},\"primaryImageOfPage\":{\"@id\":\"http:\\\/\\\/elixirdivers.com\\\/cs\\\/transfery\\\/transfery-motorovym-clunem\\\/#primaryimage\"},\"image\":{\"@id\":\"http:\\\/\\\/elixirdivers.com\\\/cs\\\/transfery\\\/transfery-motorovym-clunem\\\/#primaryimage\"},\"thumbnailUrl\":\"https:\\\/\\\/elixirdivers.com\\\/wp-content\\\/uploads\\\/2023\\\/08\\\/Speedboat-charter2.jpg\",\"datePublished\":\"2023-09-06T12:29:16+00:00\",\"dateModified\":\"2023-10-20T09:34:05+00:00\",\"description\":\"Poskytujeme jednosm\u011brn\u00e9 transfery motorov\u00fdm \u010dlunem na r\u016fzna m\u00edsta a ostrovy.\",\"breadcrumb\":{\"@id\":\"http:\\\/\\\/elixirdivers.com\\\/cs\\\/transfery\\\/transfery-motorovym-clunem\\\/#breadcrumb\"},\"inLanguage\":\"cs\",\"potentialAction\":[{\"@type\":\"ReadAction\",\"target\":[\"http:\\\/\\\/elixirdivers.com\\\/cs\\\/transfery\\\/transfery-motorovym-clunem\\\/\"]}]},{\"@type\":\"ImageObject\",\"inLanguage\":\"cs\",\"@id\":\"http:\\\/\\\/elixirdivers.com\\\/cs\\\/transfery\\\/transfery-motorovym-clunem\\\/#primaryimage\",\"url\":\"https:\\\/\\\/elixirdivers.com\\\/wp-content\\\/uploads\\\/2023\\\/08\\\/Speedboat-charter2.jpg\",\"contentUrl\":\"https:\\\/\\\/elixirdivers.com\\\/wp-content\\\/uploads\\\/2023\\\/08\\\/Speedboat-charter2.jpg\",\"width\":1800,\"height\":1200,\"caption\":\"2-Engines Speedboat\"},{\"@type\":\"BreadcrumbList\",\"@id\":\"http:\\\/\\\/elixirdivers.com\\\/cs\\\/transfery\\\/transfery-motorovym-clunem\\\/#breadcrumb\",\"itemListElement\":[{\"@type\":\"ListItem\",\"position\":1,\"name\":\"Home\",\"item\":\"https:\\\/\\\/elixirdivers.com\\\/cs\\\/\"},{\"@type\":\"ListItem\",\"position\":2,\"name\":\"Transfery\",\"item\":\"http:\\\/\\\/elixirdivers.com\\\/cs\\\/transfery\\\/\"},{\"@type\":\"ListItem\",\"position\":3,\"name\":\"Jednosm\u011brn\u00e9 transfery r\u00fdchlo \u010dlunem\"}]},{\"@type\":\"WebSite\",\"@id\":\"https:\\\/\\\/elixirdivers.com\\\/#website\",\"url\":\"https:\\\/\\\/elixirdivers.com\\\/\",\"name\":\"Elixir Divers\",\"description\":\"\",\"publisher\":{\"@id\":\"https:\\\/\\\/elixirdivers.com\\\/#organization\"},\"potentialAction\":[{\"@type\":\"SearchAction\",\"target\":{\"@type\":\"EntryPoint\",\"urlTemplate\":\"https:\\\/\\\/elixirdivers.com\\\/?s={search_term_string}\"},\"query-input\":{\"@type\":\"PropertyValueSpecification\",\"valueRequired\":true,\"valueName\":\"search_term_string\"}}],\"inLanguage\":\"cs\"},{\"@type\":\"Organization\",\"@id\":\"https:\\\/\\\/elixirdivers.com\\\/#organization\",\"name\":\"Elixir Divers\",\"url\":\"https:\\\/\\\/elixirdivers.com\\\/\",\"logo\":{\"@type\":\"ImageObject\",\"inLanguage\":\"cs\",\"@id\":\"https:\\\/\\\/elixirdivers.com\\\/#\\\/schema\\\/logo\\\/image\\\/\",\"url\":\"https:\\\/\\\/elixirdivers.com\\\/wp-content\\\/uploads\\\/2018\\\/12\\\/elixirdivers-logo-blue-1.svg\",\"contentUrl\":\"https:\\\/\\\/elixirdivers.com\\\/wp-content\\\/uploads\\\/2018\\\/12\\\/elixirdivers-logo-blue-1.svg\",\"width\":800,\"height\":314,\"caption\":\"Elixir Divers\"},\"image\":{\"@id\":\"https:\\\/\\\/elixirdivers.com\\\/#\\\/schema\\\/logo\\\/image\\\/\"},\"sameAs\":[\"https:\\\/\\\/www.facebook.com\\\/Elixir.Divers\\\/\",\"https:\\\/\\\/www.instagram.com\\\/elixirdivers\\\/\",\"https:\\\/\\\/www.youtube.com\\\/@elixirdivers\"]}]}<\/script>\n<!-- \/ Yoast SEO plugin. -->","yoast_head_json":{"title":"Jednosm\u011brn\u00e9 transfery r\u00fdchlo \u010dlunem - Elixir Divers","description":"Poskytujeme jednosm\u011brn\u00e9 transfery motorov\u00fdm \u010dlunem na r\u016fzna m\u00edsta a ostrovy.","robots":{"index":"index","follow":"follow","max-snippet":"max-snippet:-1","max-image-preview":"max-image-preview:large","max-video-preview":"max-video-preview:-1"},"canonical":"http:\/\/elixirdivers.com\/cs\/transfery\/transfery-motorovym-clunem\/","og_locale":"cs_CZ","og_type":"article","og_title":"Jednosm\u011brn\u00e9 transfery r\u00fdchlo \u010dlunem - Elixir Divers","og_description":"Poskytujeme jednosm\u011brn\u00e9 transfery motorov\u00fdm \u010dlunem na r\u016fzna m\u00edsta a ostrovy.","og_url":"http:\/\/elixirdivers.com\/cs\/transfery\/transfery-motorovym-clunem\/","og_site_name":"Elixir Divers","article_publisher":"https:\/\/www.facebook.com\/Elixir.Divers\/","article_modified_time":"2023-10-20T09:34:05+00:00","og_image":[{"width":1800,"height":1200,"url":"http:\/\/elixirdivers.com\/wp-content\/uploads\/2023\/08\/Speedboat-charter2.jpg","type":"image\/jpeg"}],"twitter_card":"summary_large_image","twitter_misc":{"Odhadovan\u00e1 doba \u010dten\u00ed":"1 minuta"},"schema":{"@context":"https:\/\/schema.org","@graph":[{"@type":"WebPage","@id":"http:\/\/elixirdivers.com\/cs\/transfery\/transfery-motorovym-clunem\/","url":"http:\/\/elixirdivers.com\/cs\/transfery\/transfery-motorovym-clunem\/","name":"Jednosm\u011brn\u00e9 transfery r\u00fdchlo \u010dlunem - Elixir Divers","isPartOf":{"@id":"https:\/\/elixirdivers.com\/#website"},"primaryImageOfPage":{"@id":"http:\/\/elixirdivers.com\/cs\/transfery\/transfery-motorovym-clunem\/#primaryimage"},"image":{"@id":"http:\/\/elixirdivers.com\/cs\/transfery\/transfery-motorovym-clunem\/#primaryimage"},"thumbnailUrl":"https:\/\/elixirdivers.com\/wp-content\/uploads\/2023\/08\/Speedboat-charter2.jpg","datePublished":"2023-09-06T12:29:16+00:00","dateModified":"2023-10-20T09:34:05+00:00","description":"Poskytujeme jednosm\u011brn\u00e9 transfery motorov\u00fdm \u010dlunem na r\u016fzna m\u00edsta a ostrovy.","breadcrumb":{"@id":"http:\/\/elixirdivers.com\/cs\/transfery\/transfery-motorovym-clunem\/#breadcrumb"},"inLanguage":"cs","potentialAction":[{"@type":"ReadAction","target":["http:\/\/elixirdivers.com\/cs\/transfery\/transfery-motorovym-clunem\/"]}]},{"@type":"ImageObject","inLanguage":"cs","@id":"http:\/\/elixirdivers.com\/cs\/transfery\/transfery-motorovym-clunem\/#primaryimage","url":"https:\/\/elixirdivers.com\/wp-content\/uploads\/2023\/08\/Speedboat-charter2.jpg","contentUrl":"https:\/\/elixirdivers.com\/wp-content\/uploads\/2023\/08\/Speedboat-charter2.jpg","width":1800,"height":1200,"caption":"2-Engines Speedboat"},{"@type":"BreadcrumbList","@id":"http:\/\/elixirdivers.com\/cs\/transfery\/transfery-motorovym-clunem\/#breadcrumb","itemListElement":[{"@type":"ListItem","position":1,"name":"Home","item":"https:\/\/elixirdivers.com\/cs\/"},{"@type":"ListItem","position":2,"name":"Transfery","item":"http:\/\/elixirdivers.com\/cs\/transfery\/"},{"@type":"ListItem","position":3,"name":"Jednosm\u011brn\u00e9 transfery r\u00fdchlo \u010dlunem"}]},{"@type":"WebSite","@id":"https:\/\/elixirdivers.com\/#website","url":"https:\/\/elixirdivers.com\/","name":"Elixir Divers","description":"","publisher":{"@id":"https:\/\/elixirdivers.com\/#organization"},"potentialAction":[{"@type":"SearchAction","target":{"@type":"EntryPoint","urlTemplate":"https:\/\/elixirdivers.com\/?s={search_term_string}"},"query-input":{"@type":"PropertyValueSpecification","valueRequired":true,"valueName":"search_term_string"}}],"inLanguage":"cs"},{"@type":"Organization","@id":"https:\/\/elixirdivers.com\/#organization","name":"Elixir Divers","url":"https:\/\/elixirdivers.com\/","logo":{"@type":"ImageObject","inLanguage":"cs","@id":"https:\/\/elixirdivers.com\/#\/schema\/logo\/image\/","url":"https:\/\/elixirdivers.com\/wp-content\/uploads\/2018\/12\/elixirdivers-logo-blue-1.svg","contentUrl":"https:\/\/elixirdivers.com\/wp-content\/uploads\/2018\/12\/elixirdivers-logo-blue-1.svg","width":800,"height":314,"caption":"Elixir Divers"},"image":{"@id":"https:\/\/elixirdivers.com\/#\/schema\/logo\/image\/"},"sameAs":["https:\/\/www.facebook.com\/Elixir.Divers\/","https:\/\/www.instagram.com\/elixirdivers\/","https:\/\/www.youtube.com\/@elixirdivers"]}]}},"jetpack_sharing_enabled":true,"_links":{"self":[{"href":"https:\/\/elixirdivers.com\/cs\/wp-json\/wp\/v2\/pages\/9473","targetHints":{"allow":["GET"]}}],"collection":[{"href":"https:\/\/elixirdivers.com\/cs\/wp-json\/wp\/v2\/pages"}],"about":[{"href":"https:\/\/elixirdivers.com\/cs\/wp-json\/wp\/v2\/types\/page"}],"author":[{"embeddable":true,"href":"https:\/\/elixirdivers.com\/cs\/wp-json\/wp\/v2\/users\/1"}],"replies":[{"embeddable":true,"href":"https:\/\/elixirdivers.com\/cs\/wp-json\/wp\/v2\/comments?post=9473"}],"version-history":[{"count":7,"href":"https:\/\/elixirdivers.com\/cs\/wp-json\/wp\/v2\/pages\/9473\/revisions"}],"predecessor-version":[{"id":9899,"href":"https:\/\/elixirdivers.com\/cs\/wp-json\/wp\/v2\/pages\/9473\/revisions\/9899"}],"up":[{"embeddable":true,"href":"https:\/\/elixirdivers.com\/cs\/wp-json\/wp\/v2\/pages\/9465"}],"wp:featuredmedia":[{"embeddable":true,"href":"https:\/\/elixirdivers.com\/cs\/wp-json\/wp\/v2\/media\/8961"}],"wp:attachment":[{"href":"https:\/\/elixirdivers.com\/cs\/wp-json\/wp\/v2\/media?parent=9473"}],"curies":[{"name":"wp","href":"https:\/\/api.w.org\/{rel}","templated":true}]}}