{"id":9448,"date":"2023-09-06T15:45:49","date_gmt":"2023-09-06T15:45:49","guid":{"rendered":"http:\/\/elixirdivers.com\/about\/"},"modified":"2023-11-12T08:49:17","modified_gmt":"2023-11-12T08:49:17","slug":"about","status":"publish","type":"page","link":"https:\/\/elixirdivers.com\/sk\/about\/","title":{"rendered":"O n\u00e1s"},"content":{"rendered":"<section class=\"wpb-content-wrapper\"><p>[vc_row el_class=&#8220;st-become-feature-wrapper text-center&#8220;][vc_column][vc_empty_space height=&#8220;60px&#8220;][vc_column_text]<\/p>\n<h2 style=\"text-align: center;\"><strong>What would you like to learn more about?<\/strong><\/h2>\n<p>[\/vc_column_text][vc_empty_space height=&#8220;15px&#8220;][vc_row_inner el_class=&#8220;st-become-feature text-center&#8220;][vc_column_inner el_class=&#8220;column1&#8243; width=&#8220;1\/3&#8243;][vc_single_image image=&#8220;8413&#8243; img_size=&#8220;medium&#8220; alignment=&#8220;center&#8220; onclick=&#8220;custom_link&#8220; link=&#8220;https:\/\/www.elixirdivers.com\/about\/elixir-divers\/&#8220;][vc_column_text]<\/p>\n<h3>O Elixir Divers<\/h3>\n<p>Elixir Divers, zalo\u017een\u00e1 v roku 2004, vyr\u00e1stla na Koh Yao Yai, v skrytom poklade regi\u00f3nu. V priebehu rokov sme vybudovali d\u00f4veryhodn\u00fa pot\u00e1pa\u010dsk\u00fa z\u00e1klad\u0148u, ktor\u00e1 odr\u00e1\u017ea kr\u00e1su na\u0161ej lokality.[\/vc_column_text][vc_btn title=&#8220;Viac inform\u00e1ci\u00ed&#8220; style=&#8220;flat&#8220; color=&#8220;primary&#8220; size=&#8220;sm&#8220; link=&#8220;url:%2Fabout%2Felixir-divers%2F&#8220;][\/vc_column_inner][vc_column_inner width=&#8220;1\/3&#8243;][vc_single_image image=&#8220;8404&#8243; img_size=&#8220;medium&#8220; alignment=&#8220;center&#8220; onclick=&#8220;custom_link&#8220; link=&#8220;https:\/\/www.elixirdivers.com\/about\/our-speedboats\/&#8220;][vc_column_text]<\/p>\n<h3>O na\u0161ich motorov\u00fdch \u010dlnoch<\/h3>\n<p>Zistite viac o v\u00fdhod\u00e1ch pot\u00e1pania z motorov\u00e9ho \u010dlna.[\/vc_column_text][vc_btn title=&#8220;Viac inform\u00e1ci\u00ed&#8220; style=&#8220;flat&#8220; color=&#8220;primary&#8220; size=&#8220;sm&#8220; link=&#8220;url:%2Fabout%2Four-speedboats%2F&#8220;][\/vc_column_inner][vc_column_inner width=&#8220;1\/3&#8243;][vc_single_image image=&#8220;8540&#8243; img_size=&#8220;medium&#8220; alignment=&#8220;center&#8220; onclick=&#8220;custom_link&#8220; link=&#8220;https:\/\/www.elixirdivers.com\/about\/koh-yao-yai\/&#8220;][vc_column_text]<\/p>\n<h3>O Koh Yao Yai<\/h3>\n<p>Zistite viac o ostrove Yao Yai.[\/vc_column_text][vc_btn title=&#8220;Viac inform\u00e1ci\u00ed&#8220; style=&#8220;flat&#8220; color=&#8220;primary&#8220; size=&#8220;sm&#8220; link=&#8220;url:http%3A%2F%2Felixirdivers.com%2Fabout%2Fkoh-yao-yai%2F&#8220;][\/vc_column_inner][\/vc_row_inner][vc_empty_space height=&#8220;60px&#8220;][\/vc_column][\/vc_row]<\/p>\n<\/section>","protected":false},"excerpt":{"rendered":"<p>[vc_row el_class=&#8220;st-become-feature-wrapper text-center&#8220;][vc_column][vc_empty_space height=&#8220;60px&#8220;][vc_column_text] What would you like to learn more about? [\/vc_column_text][vc_empty_space height=&#8220;15px&#8220;][vc_row_inner el_class=&#8220;st-become-feature text-center&#8220;][vc_column_inner el_class=&#8220;column1&#8243; width=&#8220;1\/3&#8243;][vc_single_image image=&#8220;8413&#8243; img_size=&#8220;medium&#8220; alignment=&#8220;center&#8220; onclick=&#8220;custom_link&#8220; link=&#8220;https:\/\/www.elixirdivers.com\/about\/elixir-divers\/&#8220;][vc_column_text] O Elixir Divers Elixir Divers, zalo\u017een\u00e1 v roku 2004, vyr\u00e1stla na Koh Yao Yai, v skrytom poklade regi\u00f3nu. V priebehu rokov sme vybudovali d\u00f4veryhodn\u00fa pot\u00e1pa\u010dsk\u00fa z\u00e1klad\u0148u, ktor\u00e1 odr\u00e1\u017ea kr\u00e1su na\u0161ej lokality.[\/vc_column_text][vc_btn title=&#8220;Viac [&hellip;]<\/p>\n","protected":false},"author":1,"featured_media":9400,"parent":0,"menu_order":0,"comment_status":"closed","ping_status":"closed","template":"template-home-modern.php","meta":{"footnotes":""},"class_list":["post-9448","page","type-page","status-publish","has-post-thumbnail","hentry"],"yoast_head":"<!-- This site is optimized with the Yoast SEO plugin v26.8 - https:\/\/yoast.com\/product\/yoast-seo-wordpress\/ -->\n<title>O n\u00e1s - Elixir Divers<\/title>\n<meta name=\"robots\" content=\"index, follow, max-snippet:-1, max-image-preview:large, max-video-preview:-1\" \/>\n<link rel=\"canonical\" href=\"http:\/\/elixirdivers.com\/sk\/about\/\" \/>\n<meta property=\"og:locale\" content=\"sk_SK\" \/>\n<meta property=\"og:type\" content=\"article\" \/>\n<meta property=\"og:title\" content=\"O n\u00e1s - Elixir Divers\" \/>\n<meta property=\"og:description\" content=\"[vc_row el_class=&#8220;st-become-feature-wrapper text-center&#8220;][vc_column][vc_empty_space height=&#8220;60px&#8220;][vc_column_text] What would you like to learn more about? [\/vc_column_text][vc_empty_space height=&#8220;15px&#8220;][vc_row_inner el_class=&#8220;st-become-feature text-center&#8220;][vc_column_inner el_class=&#8220;column1&#8243; width=&#8220;1\/3&#8243;][vc_single_image image=&#8220;8413&#8243; img_size=&#8220;medium&#8220; alignment=&#8220;center&#8220; onclick=&#8220;custom_link&#8220; link=&#8220;https:\/\/www.elixirdivers.com\/about\/elixir-divers\/&#8220;][vc_column_text] O Elixir Divers Elixir Divers, zalo\u017een\u00e1 v roku 2004, vyr\u00e1stla na Koh Yao Yai, v skrytom poklade regi\u00f3nu. V priebehu rokov sme vybudovali d\u00f4veryhodn\u00fa pot\u00e1pa\u010dsk\u00fa z\u00e1klad\u0148u, ktor\u00e1 odr\u00e1\u017ea kr\u00e1su na\u0161ej lokality.[\/vc_column_text][vc_btn title=&#8220;Viac [&hellip;]\" \/>\n<meta property=\"og:url\" content=\"http:\/\/elixirdivers.com\/sk\/about\/\" \/>\n<meta property=\"og:site_name\" content=\"Elixir Divers\" \/>\n<meta property=\"article:publisher\" content=\"https:\/\/www.facebook.com\/Elixir.Divers\/\" \/>\n<meta property=\"article:modified_time\" content=\"2023-11-12T08:49:17+00:00\" \/>\n<meta property=\"og:image\" content=\"http:\/\/elixirdivers.com\/wp-content\/uploads\/2023\/08\/padi-open-water-diver-course.jpg\" \/>\n\t<meta property=\"og:image:width\" content=\"1200\" \/>\n\t<meta property=\"og:image:height\" content=\"684\" \/>\n\t<meta property=\"og:image:type\" content=\"image\/jpeg\" \/>\n<meta name=\"twitter:card\" content=\"summary_large_image\" \/>\n<meta name=\"twitter:label1\" content=\"Predpokladan\u00fd \u010das \u010d\u00edtania\" \/>\n\t<meta name=\"twitter:data1\" content=\"1 min\u00fata\" \/>\n<script type=\"application\/ld+json\" class=\"yoast-schema-graph\">{\"@context\":\"https:\/\/schema.org\",\"@graph\":[{\"@type\":\"WebPage\",\"@id\":\"http:\/\/elixirdivers.com\/sk\/about\/\",\"url\":\"http:\/\/elixirdivers.com\/sk\/about\/\",\"name\":\"O n\u00e1s - Elixir Divers\",\"isPartOf\":{\"@id\":\"https:\/\/elixirdivers.com\/#website\"},\"primaryImageOfPage\":{\"@id\":\"http:\/\/elixirdivers.com\/sk\/about\/#primaryimage\"},\"image\":{\"@id\":\"http:\/\/elixirdivers.com\/sk\/about\/#primaryimage\"},\"thumbnailUrl\":\"https:\/\/elixirdivers.com\/wp-content\/uploads\/2023\/08\/padi-open-water-diver-course.jpg\",\"datePublished\":\"2023-09-06T15:45:49+00:00\",\"dateModified\":\"2023-11-12T08:49:17+00:00\",\"breadcrumb\":{\"@id\":\"http:\/\/elixirdivers.com\/sk\/about\/#breadcrumb\"},\"inLanguage\":\"sk-SK\",\"potentialAction\":[{\"@type\":\"ReadAction\",\"target\":[\"http:\/\/elixirdivers.com\/sk\/about\/\"]}]},{\"@type\":\"ImageObject\",\"inLanguage\":\"sk-SK\",\"@id\":\"http:\/\/elixirdivers.com\/sk\/about\/#primaryimage\",\"url\":\"https:\/\/elixirdivers.com\/wp-content\/uploads\/2023\/08\/padi-open-water-diver-course.jpg\",\"contentUrl\":\"https:\/\/elixirdivers.com\/wp-content\/uploads\/2023\/08\/padi-open-water-diver-course.jpg\",\"width\":1200,\"height\":684},{\"@type\":\"BreadcrumbList\",\"@id\":\"http:\/\/elixirdivers.com\/sk\/about\/#breadcrumb\",\"itemListElement\":[{\"@type\":\"ListItem\",\"position\":1,\"name\":\"Home\",\"item\":\"https:\/\/elixirdivers.com\/sk\/\"},{\"@type\":\"ListItem\",\"position\":2,\"name\":\"O n\u00e1s\"}]},{\"@type\":\"WebSite\",\"@id\":\"https:\/\/elixirdivers.com\/#website\",\"url\":\"https:\/\/elixirdivers.com\/\",\"name\":\"Elixir Divers\",\"description\":\"\",\"publisher\":{\"@id\":\"https:\/\/elixirdivers.com\/#organization\"},\"potentialAction\":[{\"@type\":\"SearchAction\",\"target\":{\"@type\":\"EntryPoint\",\"urlTemplate\":\"https:\/\/elixirdivers.com\/?s={search_term_string}\"},\"query-input\":{\"@type\":\"PropertyValueSpecification\",\"valueRequired\":true,\"valueName\":\"search_term_string\"}}],\"inLanguage\":\"sk-SK\"},{\"@type\":\"Organization\",\"@id\":\"https:\/\/elixirdivers.com\/#organization\",\"name\":\"Elixir Divers\",\"url\":\"https:\/\/elixirdivers.com\/\",\"logo\":{\"@type\":\"ImageObject\",\"inLanguage\":\"sk-SK\",\"@id\":\"https:\/\/elixirdivers.com\/#\/schema\/logo\/image\/\",\"url\":\"https:\/\/elixirdivers.com\/wp-content\/uploads\/2018\/12\/elixirdivers-logo-blue-1.svg\",\"contentUrl\":\"https:\/\/elixirdivers.com\/wp-content\/uploads\/2018\/12\/elixirdivers-logo-blue-1.svg\",\"width\":800,\"height\":314,\"caption\":\"Elixir Divers\"},\"image\":{\"@id\":\"https:\/\/elixirdivers.com\/#\/schema\/logo\/image\/\"},\"sameAs\":[\"https:\/\/www.facebook.com\/Elixir.Divers\/\",\"https:\/\/www.instagram.com\/elixirdivers\/\",\"https:\/\/www.youtube.com\/@elixirdivers\"]}]}<\/script>\n<!-- \/ Yoast SEO plugin. -->","yoast_head_json":{"title":"O n\u00e1s - Elixir Divers","robots":{"index":"index","follow":"follow","max-snippet":"max-snippet:-1","max-image-preview":"max-image-preview:large","max-video-preview":"max-video-preview:-1"},"canonical":"http:\/\/elixirdivers.com\/sk\/about\/","og_locale":"sk_SK","og_type":"article","og_title":"O n\u00e1s - Elixir Divers","og_description":"[vc_row el_class=&#8220;st-become-feature-wrapper text-center&#8220;][vc_column][vc_empty_space height=&#8220;60px&#8220;][vc_column_text] What would you like to learn more about? [\/vc_column_text][vc_empty_space height=&#8220;15px&#8220;][vc_row_inner el_class=&#8220;st-become-feature text-center&#8220;][vc_column_inner el_class=&#8220;column1&#8243; width=&#8220;1\/3&#8243;][vc_single_image image=&#8220;8413&#8243; img_size=&#8220;medium&#8220; alignment=&#8220;center&#8220; onclick=&#8220;custom_link&#8220; link=&#8220;https:\/\/www.elixirdivers.com\/about\/elixir-divers\/&#8220;][vc_column_text] O Elixir Divers Elixir Divers, zalo\u017een\u00e1 v roku 2004, vyr\u00e1stla na Koh Yao Yai, v skrytom poklade regi\u00f3nu. V priebehu rokov sme vybudovali d\u00f4veryhodn\u00fa pot\u00e1pa\u010dsk\u00fa z\u00e1klad\u0148u, ktor\u00e1 odr\u00e1\u017ea kr\u00e1su na\u0161ej lokality.[\/vc_column_text][vc_btn title=&#8220;Viac [&hellip;]","og_url":"http:\/\/elixirdivers.com\/sk\/about\/","og_site_name":"Elixir Divers","article_publisher":"https:\/\/www.facebook.com\/Elixir.Divers\/","article_modified_time":"2023-11-12T08:49:17+00:00","og_image":[{"width":1200,"height":684,"url":"http:\/\/elixirdivers.com\/wp-content\/uploads\/2023\/08\/padi-open-water-diver-course.jpg","type":"image\/jpeg"}],"twitter_card":"summary_large_image","twitter_misc":{"Predpokladan\u00fd \u010das \u010d\u00edtania":"1 min\u00fata"},"schema":{"@context":"https:\/\/schema.org","@graph":[{"@type":"WebPage","@id":"http:\/\/elixirdivers.com\/sk\/about\/","url":"http:\/\/elixirdivers.com\/sk\/about\/","name":"O n\u00e1s - Elixir Divers","isPartOf":{"@id":"https:\/\/elixirdivers.com\/#website"},"primaryImageOfPage":{"@id":"http:\/\/elixirdivers.com\/sk\/about\/#primaryimage"},"image":{"@id":"http:\/\/elixirdivers.com\/sk\/about\/#primaryimage"},"thumbnailUrl":"https:\/\/elixirdivers.com\/wp-content\/uploads\/2023\/08\/padi-open-water-diver-course.jpg","datePublished":"2023-09-06T15:45:49+00:00","dateModified":"2023-11-12T08:49:17+00:00","breadcrumb":{"@id":"http:\/\/elixirdivers.com\/sk\/about\/#breadcrumb"},"inLanguage":"sk-SK","potentialAction":[{"@type":"ReadAction","target":["http:\/\/elixirdivers.com\/sk\/about\/"]}]},{"@type":"ImageObject","inLanguage":"sk-SK","@id":"http:\/\/elixirdivers.com\/sk\/about\/#primaryimage","url":"https:\/\/elixirdivers.com\/wp-content\/uploads\/2023\/08\/padi-open-water-diver-course.jpg","contentUrl":"https:\/\/elixirdivers.com\/wp-content\/uploads\/2023\/08\/padi-open-water-diver-course.jpg","width":1200,"height":684},{"@type":"BreadcrumbList","@id":"http:\/\/elixirdivers.com\/sk\/about\/#breadcrumb","itemListElement":[{"@type":"ListItem","position":1,"name":"Home","item":"https:\/\/elixirdivers.com\/sk\/"},{"@type":"ListItem","position":2,"name":"O n\u00e1s"}]},{"@type":"WebSite","@id":"https:\/\/elixirdivers.com\/#website","url":"https:\/\/elixirdivers.com\/","name":"Elixir Divers","description":"","publisher":{"@id":"https:\/\/elixirdivers.com\/#organization"},"potentialAction":[{"@type":"SearchAction","target":{"@type":"EntryPoint","urlTemplate":"https:\/\/elixirdivers.com\/?s={search_term_string}"},"query-input":{"@type":"PropertyValueSpecification","valueRequired":true,"valueName":"search_term_string"}}],"inLanguage":"sk-SK"},{"@type":"Organization","@id":"https:\/\/elixirdivers.com\/#organization","name":"Elixir Divers","url":"https:\/\/elixirdivers.com\/","logo":{"@type":"ImageObject","inLanguage":"sk-SK","@id":"https:\/\/elixirdivers.com\/#\/schema\/logo\/image\/","url":"https:\/\/elixirdivers.com\/wp-content\/uploads\/2018\/12\/elixirdivers-logo-blue-1.svg","contentUrl":"https:\/\/elixirdivers.com\/wp-content\/uploads\/2018\/12\/elixirdivers-logo-blue-1.svg","width":800,"height":314,"caption":"Elixir Divers"},"image":{"@id":"https:\/\/elixirdivers.com\/#\/schema\/logo\/image\/"},"sameAs":["https:\/\/www.facebook.com\/Elixir.Divers\/","https:\/\/www.instagram.com\/elixirdivers\/","https:\/\/www.youtube.com\/@elixirdivers"]}]}},"jetpack_sharing_enabled":true,"_links":{"self":[{"href":"https:\/\/elixirdivers.com\/sk\/wp-json\/wp\/v2\/pages\/9448","targetHints":{"allow":["GET"]}}],"collection":[{"href":"https:\/\/elixirdivers.com\/sk\/wp-json\/wp\/v2\/pages"}],"about":[{"href":"https:\/\/elixirdivers.com\/sk\/wp-json\/wp\/v2\/types\/page"}],"author":[{"embeddable":true,"href":"https:\/\/elixirdivers.com\/sk\/wp-json\/wp\/v2\/users\/1"}],"replies":[{"embeddable":true,"href":"https:\/\/elixirdivers.com\/sk\/wp-json\/wp\/v2\/comments?post=9448"}],"version-history":[{"count":2,"href":"https:\/\/elixirdivers.com\/sk\/wp-json\/wp\/v2\/pages\/9448\/revisions"}],"predecessor-version":[{"id":10124,"href":"https:\/\/elixirdivers.com\/sk\/wp-json\/wp\/v2\/pages\/9448\/revisions\/10124"}],"wp:featuredmedia":[{"embeddable":true,"href":"https:\/\/elixirdivers.com\/sk\/wp-json\/wp\/v2\/media\/9400"}],"wp:attachment":[{"href":"https:\/\/elixirdivers.com\/sk\/wp-json\/wp\/v2\/media?parent=9448"}],"curies":[{"name":"wp","href":"https:\/\/api.w.org\/{rel}","templated":true}]}}