{"id":9450,"date":"2018-12-10T03:06:47","date_gmt":"2018-12-10T03:06:47","guid":{"rendered":"http:\/\/elixirdivers.com\/about\/elixir-divers\/"},"modified":"2024-01-24T05:23:09","modified_gmt":"2024-01-24T05:23:09","slug":"elixir-divers","status":"publish","type":"page","link":"https:\/\/elixirdivers.com\/sk\/about\/elixir-divers\/","title":{"rendered":"O Elixir Divers"},"content":{"rendered":"<section class=\"wpb-content-wrapper\"><p>[vc_row][vc_column][vc_empty_space height=&#8220;60px&#8220;][\/vc_column][\/vc_row][vc_row][vc_column width=&#8220;1\/2&#8243;][vc_single_image image=&#8220;9711&#8243; img_size=&#8220;full&#8220; alignment=&#8220;center&#8220; css_animation=&#8220;none&#8220;][vc_column_text el_class=&#8220;st-aboutus-title&#8220;]<\/p>\n<h3>N\u00e1\u0161 pr\u00edbeh<\/h3>\n<p>[\/vc_column_text][vc_column_text el_class=&#8220;st-aboutus-content&#8220;]Pot\u00e1pa\u010dsk\u00e9 centrum a cestovn\u00e1 agent\u00fara Elixir Divers, zalo\u017een\u00e9 v roku 2004 na ostrove Koh Yao Yai, bolo prv\u00fdm \u010desk\u00fdm pot\u00e1pa\u010dskym centrom v Thajsku. Jeho zakladate\u013e, in\u0161truktor Martin Vrti\u0161ka z pra\u017eskej pot\u00e1pa\u010dskej \u0161koly Happy Divers otvoril centrum v r\u00e1mci priestorov vtedy nov\u00e9ho Elixir rezortu, s ktor\u00fdm n\u00e1s dodnes sp\u00e1ja rovnak\u00e9 meno a \u00fazka spolupr\u00e1ca. V tom \u010dase to bol len druh\u00fd rezort na ostrove. Koh Yao Yai za\u010dali objavova\u0165 pot\u00e1pa\u010di z \u010ciech a Slovenska. Dnes u\u017e je na\u0161a klientela medzin\u00e1rodn\u00e1 a pestr\u00e1. Od roku 2010 postupne pribudli aj slovensk\u00ed spolumajitelia spolo\u010dnosti. Od roku 2016 s\u00eddlime v dedine Phrunai a sme dlh\u00e9 roky s\u00fa\u010das\u0165ou miestnej moslimskej komunity. Dodnes tu \u017eije a podnik\u00e1 len zop\u00e1r \u013eud\u00ed zo zahrani\u010dia \u010do je v Thajsku raritou. Tento ostrov je skryt\u00fd poklad Andamansk\u00e9ho mora a Phang Nga z\u00e1livu. V najbli\u017e\u010dej dek\u00e1de ostrov \u010dakaj\u00fa ve\u013ek\u00e9 zmeny a rozvoj. Vy m\u00e1te \u0161ancu ho spozna\u0165 v\u010faka n\u00e1m u\u017e dnes. Te\u0161\u00edme sa na va\u0161u n\u00e1v\u0161tevu.[\/vc_column_text][vc_empty_space height=&#8220;30px&#8220;][\/vc_column][vc_column width=&#8220;1\/2&#8243;][vc_single_image image=&#8220;8545&#8243; img_size=&#8220;full&#8220; alignment=&#8220;center&#8220; css_animation=&#8220;none&#8220;][vc_column_text el_class=&#8220;st-aboutus-title&#8220;]<\/p>\n<h3>Na\u0161a misia<\/h3>\n<p>[\/vc_column_text][vc_column_text el_class=&#8220;st-aboutus-content&#8220;]Elixir Divers chce prin\u00e1\u0161a\u0165 \u010desk\u00fdm a slovensk\u00fdm pot\u00e1pa\u010dom a turistom tie najlep\u0161ie z\u00e1\u017eitky z pot\u00e1pania a \u0161norchlovania na kr\u00e1snych miestach Andamansk\u00e9ho mora. Cestovanie s nami je v\u017edy o priv\u00e1tnej sk\u00fasenosti a kvalite slu\u017eieb od luxusn\u00fdch minivanov na transfery a\u017e po na\u0161u kr\u00e1snu lo\u010f.<\/p>\n<p>Kam do Thajska znie \u010dasto ot\u00e1zka cestovate\u013eov? Ako miestna cestovn\u00e1 agent\u00fara v Thajsku prin\u00e1\u0161ame dovolenku v Thajsku s autentick\u00fdmi z\u00e1\u017eitkami a pon\u00fakame klientom kompletn\u00e9 itiner\u00e1re zostaven\u00e9 na mieru a s osobn\u00fdm pr\u00edstupom. V\u017edy sa sna\u017e\u00edme \u013eu\u010fom poradi\u0165 a splni\u0165 ich individu\u00e1lne po\u017eiadavky a predstavy.<\/p>\n<p>Disponujeme v\u0161etk\u00fdmi thajsk\u00fdmi \u00faradn\u00fdmi licenciami a poisteniami.<\/p>\n<p>Organizujeme skupinov\u00e9 z\u00e1jazdy na sever Thajska, do Bangkoku \u010di Kambo\u010f\u017ee.[\/vc_column_text][vc_empty_space height=&#8220;30px&#8220;][\/vc_column][\/vc_row][vc_row][vc_column][vc_empty_space height=&#8220;20px&#8220;]<div class=\"st-list-statistic\"><div class=\"row\">            <div class=\"col-md-3 col-sm-6\">\r\n                <div class=\"item-wrapper\">\r\n                    <div class=\"item\">\r\n                        <div class=\"front\">\r\n                            <div class=\"inner\">\r\n                                <h4>19+<\/h4>\r\n                                <p class=\"sub-text\">years of experience<\/p>\r\n                            <\/div>\r\n                        <\/div>\r\n                        <div class=\"end\">\r\n                            <p class=\"desc\">We have been diving around Koh Yao Yai since 2004.<\/p>\r\n                        <\/div>\r\n                    <\/div>\r\n                <\/div>\r\n            <\/div>\r\n                        <div class=\"col-md-3 col-sm-6\">\r\n                <div class=\"item-wrapper\">\r\n                    <div class=\"item\">\r\n                        <div class=\"front\">\r\n                            <div class=\"inner\">\r\n                                <h4>3<\/h4>\r\n                                <p class=\"sub-text\">scuba instructors<\/p>\r\n                            <\/div>\r\n                        <\/div>\r\n                        <div class=\"end\">\r\n                            <p class=\"desc\">...<\/p>\r\n                        <\/div>\r\n                    <\/div>\r\n                <\/div>\r\n            <\/div>\r\n                        <div class=\"col-md-3 col-sm-6\">\r\n                <div class=\"item-wrapper\">\r\n                    <div class=\"item\">\r\n                        <div class=\"front\">\r\n                            <div class=\"inner\">\r\n                                <h4>10,000+<\/h4>\r\n                                <p class=\"sub-text\">dives<\/p>\r\n                            <\/div>\r\n                        <\/div>\r\n                        <div class=\"end\">\r\n                            <p class=\"desc\">Our dive masters have a combined experience of more than a thousand dives.<\/p>\r\n                        <\/div>\r\n                    <\/div>\r\n                <\/div>\r\n            <\/div>\r\n                        <div class=\"col-md-3 col-sm-6\">\r\n                <div class=\"item-wrapper\">\r\n                    <div class=\"item\">\r\n                        <div class=\"front\">\r\n                            <div class=\"inner\">\r\n                                <h4>2<\/h4>\r\n                                <p class=\"sub-text\">raised kids \ud83d\ude42<\/p>\r\n                            <\/div>\r\n                        <\/div>\r\n                        <div class=\"end\">\r\n                            <p class=\"desc\">...<\/p>\r\n                        <\/div>\r\n                    <\/div>\r\n                <\/div>\r\n            <\/div>\r\n            <\/div><\/div>[vc_empty_space height=&#8220;65px&#8220;]<div class=\"st-aboutus-info\">\r\n        <p class=\"message\">\"Sawadee Kap! N\u00e1\u0161 oddan\u00fd t\u00edm miluje Thajsko a jeho kult\u00faru a r\u00e1d by tieto z\u00e1\u017eitky priniesol na\u0161im mil\u00fdm cestovate\u013eom. Radi zdie\u013eame na\u0161u pot\u00e1pa\u010dsk\u00fa a podvodn\u00fa v\u00e1\u0161e\u0148 s prv\u00fdmi aj sk\u00fasen\u00fdmi pot\u00e1pa\u010dmi. U\u017e\u00edvajme si spolu tie najkraj\u0161ie chv\u00edle \u017eivota.\"<\/p>\r\n        <img decoding=\"async\" src=\"https:\/\/elixirdivers.com\/wp-content\/uploads\/2024\/01\/Elixir-Divers-owner.jpeg\" alt=\"O Elixir Divers\"\/>            <p class=\"name\">Igor B\u00e1lint<\/p>\r\n                <p class=\"pos\">Owner<\/p>\r\n    <\/div>[vc_empty_space height=&#8220;65px&#8220;][\/vc_column][\/vc_row][vc_row full_width=&#8220;stretch_row_content_no_spaces&#8220; row_fullwidth=&#8220;yes&#8220;][vc_column css=&#8220;.vc_custom_1543386510262{padding-right: 0px !important;padding-left: 0px !important;}&#8220;]<div class=\"st-aboutus-gallery\">\r\n            <div class=\"st-flickity st-gallery\">\r\n            <div class=\"carousel\"\r\n                 data-flickity='{ \"wrapAround\": true, \"pageDots\": true , \"autoPlay\" : true}'>\r\n                                    <div class=\"item\" style=\"background-image: url('https:\/\/elixirdivers.com\/wp-content\/uploads\/2023\/08\/Discover-Scuba-Diving.jpg')\"><\/div>\r\n                                        <div class=\"item\" style=\"background-image: url('https:\/\/elixirdivers.com\/wp-content\/uploads\/2023\/08\/discover-scuba-diving-1.jpg')\"><\/div>\r\n                                        <div class=\"item\" style=\"background-image: url('https:\/\/elixirdivers.com\/wp-content\/uploads\/2023\/08\/padi-scuba-diver-course.jpg')\"><\/div>\r\n                                        <div class=\"item\" style=\"background-image: url('https:\/\/elixirdivers.com\/wp-content\/uploads\/2023\/08\/Discover-Scuba-Diving1.jpg')\"><\/div>\r\n                                        <div class=\"item\" style=\"background-image: url('https:\/\/elixirdivers.com\/wp-content\/uploads\/2023\/08\/Discover-Scuba-Diving2.jpg')\"><\/div>\r\n                                        <div class=\"item\" style=\"background-image: url('https:\/\/elixirdivers.com\/wp-content\/uploads\/2023\/08\/Discover-Scuba-Diving3.jpg')\"><\/div>\r\n                                        <div class=\"item\" style=\"background-image: url('https:\/\/elixirdivers.com\/wp-content\/uploads\/2023\/08\/Discover-Scuba-Diving5.jpg')\"><\/div>\r\n                                        <div class=\"item\" style=\"background-image: url('https:\/\/elixirdivers.com\/wp-content\/uploads\/2023\/08\/Koh-Hong-Islands-Trip10.jpg')\"><\/div>\r\n                                        <div class=\"item\" style=\"background-image: url('https:\/\/elixirdivers.com\/wp-content\/uploads\/2023\/08\/Phi-Phi-Islands-Trip17.jpg')\"><\/div>\r\n                                <\/div>\r\n            <div class=\"slogan\">\r\n                <h4>\u017divot v Elixir Divers<\/h4>\r\n                                        <a href=\"\/search\/\" target=\"\" class=\"btn btn-primary\">Experience Koh Yao Yai With Us<\/a>\r\n                                <\/div>\r\n        <\/div>\r\n    <\/div>\r\n[vc_empty_space height=&#8220;130px&#8220;][\/vc_column][\/vc_row][vc_row disable_element=&#8220;yes&#8220;][vc_column][vc_row_inner][vc_column_inner width=&#8220;1\/3&#8243;][vc_single_image image=&#8220;8297&#8243; alignment=&#8220;center&#8220;][vc_column_text]<\/p>\n<h3>Kamila Bart\u00e1k<\/h3>\n<p><em>Diving since 2015<\/em><\/p>\n<p>Kamila discovered her passion for diving and underwater world in 2015 in Bali, Indonesia and after that she focused on diving very intensively. She has experiences in recreational, wreck and technical diving in seas (Sri Lanka, Mauritius, Egypt, Croatia) and also in lakes and quarries in Czech Republic, Slovakia, Germany. To share her passion she became diving instructor in 2017 and gained working experience in Honduras, Greece and Thailand. She also likes making underwater video &amp; photography.<\/p>\n<p>She has been member of Elixir Divers team since 2018.<\/p>\n<p><em>Instructor PADI #403082<\/em><br \/>\n<em>Advanced Nitrox<\/em><br \/>\n<em>EFR instructor<\/em><br \/>\n<em>Dry suit diver<\/em><br \/>\n<em>Ice diver<\/em>[\/vc_column_text][\/vc_column_inner][vc_column_inner width=&#8220;1\/3&#8243;][vc_single_image image=&#8220;8297&#8243; alignment=&#8220;center&#8220;][vc_column_text]<\/p>\n<h3>Tom\u00e1\u0161 Bart\u00e1k<\/h3>\n<p><em>Diving since 2015<\/em><\/p>\n<p>Tomas had first diving experince during his military service in Czech Army, but he got certified many years later in 2015 in Bali Indonesia. Diving has become his favorite sport consuming all of his free time. He passed several another courses and mastered his skills heading to technical diving. Tomas is interested especially in wreck diving and plan to gain more experince in the future in this field.<br \/>\nHe dives in quarries and lakes and also in seas and oceans in various parts of the world. In 2017 he became a scuba instructor and worked in Honduras, Greece and recently in Thailand.<\/p>\n<p>He has been member of Elixir Divers team since 2018.<\/p>\n<p><em>Instructor PADI #403080<\/em><br \/>\n<em>Advanced Nitrox<\/em><br \/>\n<em>EFR instructor<\/em><br \/>\n<em>Dry suit diver<\/em><br \/>\n<em>Ice diver<\/em>[\/vc_column_text][\/vc_column_inner][vc_column_inner width=&#8220;1\/3&#8243;][\/vc_column_inner][\/vc_row_inner][vc_empty_space height=&#8220;70px&#8220;][\/vc_column][\/vc_row]<\/p>\n<\/section>","protected":false},"excerpt":{"rendered":"<p>[vc_row][vc_column][vc_empty_space height=&#8220;60px&#8220;][\/vc_column][\/vc_row][vc_row][vc_column width=&#8220;1\/2&#8243;][vc_single_image image=&#8220;9711&#8243; img_size=&#8220;full&#8220; alignment=&#8220;center&#8220; css_animation=&#8220;none&#8220;][vc_column_text el_class=&#8220;st-aboutus-title&#8220;] N\u00e1\u0161 pr\u00edbeh [\/vc_column_text][vc_column_text el_class=&#8220;st-aboutus-content&#8220;]Pot\u00e1pa\u010dsk\u00e9 centrum a cestovn\u00e1 agent\u00fara Elixir Divers, zalo\u017een\u00e9 v roku 2004 na ostrove Koh Yao Yai, bolo prv\u00fdm \u010desk\u00fdm pot\u00e1pa\u010dskym centrom v Thajsku. Jeho zakladate\u013e, in\u0161truktor Martin Vrti\u0161ka z pra\u017eskej pot\u00e1pa\u010dskej \u0161koly Happy Divers otvoril centrum v r\u00e1mci priestorov vtedy nov\u00e9ho Elixir rezortu, s [&hellip;]<\/p>\n","protected":false},"author":1,"featured_media":8968,"parent":9448,"menu_order":0,"comment_status":"closed","ping_status":"closed","template":"template-home-modern.php","meta":{"footnotes":""},"class_list":["post-9450","page","type-page","status-publish","has-post-thumbnail","hentry"],"yoast_head":"<!-- This site is optimized with the Yoast SEO plugin v26.8 - https:\/\/yoast.com\/product\/yoast-seo-wordpress\/ -->\n<title>O Elixir Divers - Elixir Divers<\/title>\n<meta name=\"robots\" content=\"index, follow, max-snippet:-1, max-image-preview:large, max-video-preview:-1\" \/>\n<link rel=\"canonical\" href=\"http:\/\/elixirdivers.com\/sk\/about\/elixir-divers\/\" \/>\n<meta property=\"og:locale\" content=\"sk_SK\" \/>\n<meta property=\"og:type\" content=\"article\" \/>\n<meta property=\"og:title\" content=\"O Elixir Divers - Elixir Divers\" \/>\n<meta property=\"og:description\" content=\"[vc_row][vc_column][vc_empty_space height=&#8220;60px&#8220;][\/vc_column][\/vc_row][vc_row][vc_column width=&#8220;1\/2&#8243;][vc_single_image image=&#8220;9711&#8243; img_size=&#8220;full&#8220; alignment=&#8220;center&#8220; css_animation=&#8220;none&#8220;][vc_column_text el_class=&#8220;st-aboutus-title&#8220;] N\u00e1\u0161 pr\u00edbeh [\/vc_column_text][vc_column_text el_class=&#8220;st-aboutus-content&#8220;]Pot\u00e1pa\u010dsk\u00e9 centrum a cestovn\u00e1 agent\u00fara Elixir Divers, zalo\u017een\u00e9 v roku 2004 na ostrove Koh Yao Yai, bolo prv\u00fdm \u010desk\u00fdm pot\u00e1pa\u010dskym centrom v Thajsku. Jeho zakladate\u013e, in\u0161truktor Martin Vrti\u0161ka z pra\u017eskej pot\u00e1pa\u010dskej \u0161koly Happy Divers otvoril centrum v r\u00e1mci priestorov vtedy nov\u00e9ho Elixir rezortu, s [&hellip;]\" \/>\n<meta property=\"og:url\" content=\"http:\/\/elixirdivers.com\/sk\/about\/elixir-divers\/\" \/>\n<meta property=\"og:site_name\" content=\"Elixir Divers\" \/>\n<meta property=\"article:publisher\" content=\"https:\/\/www.facebook.com\/Elixir.Divers\/\" \/>\n<meta property=\"article:modified_time\" content=\"2024-01-24T05:23:09+00:00\" \/>\n<meta property=\"og:image\" content=\"http:\/\/elixirdivers.com\/wp-content\/uploads\/2023\/08\/Discover-Scuba-Diving6.jpg\" \/>\n\t<meta property=\"og:image:width\" content=\"1800\" \/>\n\t<meta property=\"og:image:height\" content=\"1350\" \/>\n\t<meta property=\"og:image:type\" content=\"image\/jpeg\" \/>\n<meta name=\"twitter:card\" content=\"summary_large_image\" \/>\n<meta name=\"twitter:label1\" content=\"Predpokladan\u00fd \u010das \u010d\u00edtania\" \/>\n\t<meta name=\"twitter:data1\" content=\"3 min\u00faty\" \/>\n<script type=\"application\/ld+json\" class=\"yoast-schema-graph\">{\"@context\":\"https:\/\/schema.org\",\"@graph\":[{\"@type\":\"WebPage\",\"@id\":\"http:\/\/elixirdivers.com\/sk\/about\/elixir-divers\/\",\"url\":\"http:\/\/elixirdivers.com\/sk\/about\/elixir-divers\/\",\"name\":\"O Elixir Divers - Elixir Divers\",\"isPartOf\":{\"@id\":\"https:\/\/elixirdivers.com\/#website\"},\"primaryImageOfPage\":{\"@id\":\"http:\/\/elixirdivers.com\/sk\/about\/elixir-divers\/#primaryimage\"},\"image\":{\"@id\":\"http:\/\/elixirdivers.com\/sk\/about\/elixir-divers\/#primaryimage\"},\"thumbnailUrl\":\"https:\/\/elixirdivers.com\/wp-content\/uploads\/2023\/08\/Discover-Scuba-Diving6.jpg\",\"datePublished\":\"2018-12-10T03:06:47+00:00\",\"dateModified\":\"2024-01-24T05:23:09+00:00\",\"breadcrumb\":{\"@id\":\"http:\/\/elixirdivers.com\/sk\/about\/elixir-divers\/#breadcrumb\"},\"inLanguage\":\"sk-SK\",\"potentialAction\":[{\"@type\":\"ReadAction\",\"target\":[\"http:\/\/elixirdivers.com\/sk\/about\/elixir-divers\/\"]}]},{\"@type\":\"ImageObject\",\"inLanguage\":\"sk-SK\",\"@id\":\"http:\/\/elixirdivers.com\/sk\/about\/elixir-divers\/#primaryimage\",\"url\":\"https:\/\/elixirdivers.com\/wp-content\/uploads\/2023\/08\/Discover-Scuba-Diving6.jpg\",\"contentUrl\":\"https:\/\/elixirdivers.com\/wp-content\/uploads\/2023\/08\/Discover-Scuba-Diving6.jpg\",\"width\":1800,\"height\":1350,\"caption\":\"About Elixir Divers\"},{\"@type\":\"BreadcrumbList\",\"@id\":\"http:\/\/elixirdivers.com\/sk\/about\/elixir-divers\/#breadcrumb\",\"itemListElement\":[{\"@type\":\"ListItem\",\"position\":1,\"name\":\"Home\",\"item\":\"https:\/\/elixirdivers.com\/sk\/\"},{\"@type\":\"ListItem\",\"position\":2,\"name\":\"O n\u00e1s\",\"item\":\"http:\/\/elixirdivers.com\/sk\/about\/\"},{\"@type\":\"ListItem\",\"position\":3,\"name\":\"O Elixir Divers\"}]},{\"@type\":\"WebSite\",\"@id\":\"https:\/\/elixirdivers.com\/#website\",\"url\":\"https:\/\/elixirdivers.com\/\",\"name\":\"Elixir Divers\",\"description\":\"\",\"publisher\":{\"@id\":\"https:\/\/elixirdivers.com\/#organization\"},\"potentialAction\":[{\"@type\":\"SearchAction\",\"target\":{\"@type\":\"EntryPoint\",\"urlTemplate\":\"https:\/\/elixirdivers.com\/?s={search_term_string}\"},\"query-input\":{\"@type\":\"PropertyValueSpecification\",\"valueRequired\":true,\"valueName\":\"search_term_string\"}}],\"inLanguage\":\"sk-SK\"},{\"@type\":\"Organization\",\"@id\":\"https:\/\/elixirdivers.com\/#organization\",\"name\":\"Elixir Divers\",\"url\":\"https:\/\/elixirdivers.com\/\",\"logo\":{\"@type\":\"ImageObject\",\"inLanguage\":\"sk-SK\",\"@id\":\"https:\/\/elixirdivers.com\/#\/schema\/logo\/image\/\",\"url\":\"https:\/\/elixirdivers.com\/wp-content\/uploads\/2018\/12\/elixirdivers-logo-blue-1.svg\",\"contentUrl\":\"https:\/\/elixirdivers.com\/wp-content\/uploads\/2018\/12\/elixirdivers-logo-blue-1.svg\",\"width\":800,\"height\":314,\"caption\":\"Elixir Divers\"},\"image\":{\"@id\":\"https:\/\/elixirdivers.com\/#\/schema\/logo\/image\/\"},\"sameAs\":[\"https:\/\/www.facebook.com\/Elixir.Divers\/\",\"https:\/\/www.instagram.com\/elixirdivers\/\",\"https:\/\/www.youtube.com\/@elixirdivers\"]}]}<\/script>\n<!-- \/ Yoast SEO plugin. -->","yoast_head_json":{"title":"O Elixir Divers - Elixir Divers","robots":{"index":"index","follow":"follow","max-snippet":"max-snippet:-1","max-image-preview":"max-image-preview:large","max-video-preview":"max-video-preview:-1"},"canonical":"http:\/\/elixirdivers.com\/sk\/about\/elixir-divers\/","og_locale":"sk_SK","og_type":"article","og_title":"O Elixir Divers - Elixir Divers","og_description":"[vc_row][vc_column][vc_empty_space height=&#8220;60px&#8220;][\/vc_column][\/vc_row][vc_row][vc_column width=&#8220;1\/2&#8243;][vc_single_image image=&#8220;9711&#8243; img_size=&#8220;full&#8220; alignment=&#8220;center&#8220; css_animation=&#8220;none&#8220;][vc_column_text el_class=&#8220;st-aboutus-title&#8220;] N\u00e1\u0161 pr\u00edbeh [\/vc_column_text][vc_column_text el_class=&#8220;st-aboutus-content&#8220;]Pot\u00e1pa\u010dsk\u00e9 centrum a cestovn\u00e1 agent\u00fara Elixir Divers, zalo\u017een\u00e9 v roku 2004 na ostrove Koh Yao Yai, bolo prv\u00fdm \u010desk\u00fdm pot\u00e1pa\u010dskym centrom v Thajsku. Jeho zakladate\u013e, in\u0161truktor Martin Vrti\u0161ka z pra\u017eskej pot\u00e1pa\u010dskej \u0161koly Happy Divers otvoril centrum v r\u00e1mci priestorov vtedy nov\u00e9ho Elixir rezortu, s [&hellip;]","og_url":"http:\/\/elixirdivers.com\/sk\/about\/elixir-divers\/","og_site_name":"Elixir Divers","article_publisher":"https:\/\/www.facebook.com\/Elixir.Divers\/","article_modified_time":"2024-01-24T05:23:09+00:00","og_image":[{"width":1800,"height":1350,"url":"http:\/\/elixirdivers.com\/wp-content\/uploads\/2023\/08\/Discover-Scuba-Diving6.jpg","type":"image\/jpeg"}],"twitter_card":"summary_large_image","twitter_misc":{"Predpokladan\u00fd \u010das \u010d\u00edtania":"3 min\u00faty"},"schema":{"@context":"https:\/\/schema.org","@graph":[{"@type":"WebPage","@id":"http:\/\/elixirdivers.com\/sk\/about\/elixir-divers\/","url":"http:\/\/elixirdivers.com\/sk\/about\/elixir-divers\/","name":"O Elixir Divers - Elixir Divers","isPartOf":{"@id":"https:\/\/elixirdivers.com\/#website"},"primaryImageOfPage":{"@id":"http:\/\/elixirdivers.com\/sk\/about\/elixir-divers\/#primaryimage"},"image":{"@id":"http:\/\/elixirdivers.com\/sk\/about\/elixir-divers\/#primaryimage"},"thumbnailUrl":"https:\/\/elixirdivers.com\/wp-content\/uploads\/2023\/08\/Discover-Scuba-Diving6.jpg","datePublished":"2018-12-10T03:06:47+00:00","dateModified":"2024-01-24T05:23:09+00:00","breadcrumb":{"@id":"http:\/\/elixirdivers.com\/sk\/about\/elixir-divers\/#breadcrumb"},"inLanguage":"sk-SK","potentialAction":[{"@type":"ReadAction","target":["http:\/\/elixirdivers.com\/sk\/about\/elixir-divers\/"]}]},{"@type":"ImageObject","inLanguage":"sk-SK","@id":"http:\/\/elixirdivers.com\/sk\/about\/elixir-divers\/#primaryimage","url":"https:\/\/elixirdivers.com\/wp-content\/uploads\/2023\/08\/Discover-Scuba-Diving6.jpg","contentUrl":"https:\/\/elixirdivers.com\/wp-content\/uploads\/2023\/08\/Discover-Scuba-Diving6.jpg","width":1800,"height":1350,"caption":"About Elixir Divers"},{"@type":"BreadcrumbList","@id":"http:\/\/elixirdivers.com\/sk\/about\/elixir-divers\/#breadcrumb","itemListElement":[{"@type":"ListItem","position":1,"name":"Home","item":"https:\/\/elixirdivers.com\/sk\/"},{"@type":"ListItem","position":2,"name":"O n\u00e1s","item":"http:\/\/elixirdivers.com\/sk\/about\/"},{"@type":"ListItem","position":3,"name":"O Elixir Divers"}]},{"@type":"WebSite","@id":"https:\/\/elixirdivers.com\/#website","url":"https:\/\/elixirdivers.com\/","name":"Elixir Divers","description":"","publisher":{"@id":"https:\/\/elixirdivers.com\/#organization"},"potentialAction":[{"@type":"SearchAction","target":{"@type":"EntryPoint","urlTemplate":"https:\/\/elixirdivers.com\/?s={search_term_string}"},"query-input":{"@type":"PropertyValueSpecification","valueRequired":true,"valueName":"search_term_string"}}],"inLanguage":"sk-SK"},{"@type":"Organization","@id":"https:\/\/elixirdivers.com\/#organization","name":"Elixir Divers","url":"https:\/\/elixirdivers.com\/","logo":{"@type":"ImageObject","inLanguage":"sk-SK","@id":"https:\/\/elixirdivers.com\/#\/schema\/logo\/image\/","url":"https:\/\/elixirdivers.com\/wp-content\/uploads\/2018\/12\/elixirdivers-logo-blue-1.svg","contentUrl":"https:\/\/elixirdivers.com\/wp-content\/uploads\/2018\/12\/elixirdivers-logo-blue-1.svg","width":800,"height":314,"caption":"Elixir Divers"},"image":{"@id":"https:\/\/elixirdivers.com\/#\/schema\/logo\/image\/"},"sameAs":["https:\/\/www.facebook.com\/Elixir.Divers\/","https:\/\/www.instagram.com\/elixirdivers\/","https:\/\/www.youtube.com\/@elixirdivers"]}]}},"jetpack_sharing_enabled":true,"_links":{"self":[{"href":"https:\/\/elixirdivers.com\/sk\/wp-json\/wp\/v2\/pages\/9450","targetHints":{"allow":["GET"]}}],"collection":[{"href":"https:\/\/elixirdivers.com\/sk\/wp-json\/wp\/v2\/pages"}],"about":[{"href":"https:\/\/elixirdivers.com\/sk\/wp-json\/wp\/v2\/types\/page"}],"author":[{"embeddable":true,"href":"https:\/\/elixirdivers.com\/sk\/wp-json\/wp\/v2\/users\/1"}],"replies":[{"embeddable":true,"href":"https:\/\/elixirdivers.com\/sk\/wp-json\/wp\/v2\/comments?post=9450"}],"version-history":[{"count":7,"href":"https:\/\/elixirdivers.com\/sk\/wp-json\/wp\/v2\/pages\/9450\/revisions"}],"predecessor-version":[{"id":10762,"href":"https:\/\/elixirdivers.com\/sk\/wp-json\/wp\/v2\/pages\/9450\/revisions\/10762"}],"up":[{"embeddable":true,"href":"https:\/\/elixirdivers.com\/sk\/wp-json\/wp\/v2\/pages\/9448"}],"wp:featuredmedia":[{"embeddable":true,"href":"https:\/\/elixirdivers.com\/sk\/wp-json\/wp\/v2\/media\/8968"}],"wp:attachment":[{"href":"https:\/\/elixirdivers.com\/sk\/wp-json\/wp\/v2\/media?parent=9450"}],"curies":[{"name":"wp","href":"https:\/\/api.w.org\/{rel}","templated":true}]}}