{"id":9454,"date":"2023-09-06T13:00:36","date_gmt":"2023-09-06T13:00:36","guid":{"rendered":"http:\/\/elixirdivers.com\/about\/our-speedboats\/"},"modified":"2024-01-14T03:17:24","modified_gmt":"2024-01-14T03:17:24","slug":"our-speedboats","status":"publish","type":"page","link":"https:\/\/elixirdivers.com\/sk\/about\/our-speedboats\/","title":{"rendered":"Pot\u00e1pa\u010dsk\u00fd motorov\u00fd \u010dln"},"content":{"rendered":"<section class=\"wpb-content-wrapper\"><p>[vc_row][vc_column][vc_empty_space height=&#8220;60px&#8220;][vc_column_text]<\/p>\n<h2 style=\"text-align: center;\">V\u00fdhody pot\u00e1pania z motorov\u00e9ho \u010dlna<\/h2>\n<p>[\/vc_column_text][vc_empty_space height=&#8220;10px&#8220;][\/vc_column][\/vc_row][vc_row el_class=&#8220;st-number-box&#8220;][vc_column width=&#8220;1\/3&#8243;][vc_row_inner][vc_column_inner width=&#8220;1\/4&#8243;][vc_column_text el_class=&#8220;st-number-circle&#8220;]1[\/vc_column_text][\/vc_column_inner][vc_column_inner width=&#8220;3\/4&#8243;][vc_column_text el_class=&#8220;st-aboutus-content&#8220;]<\/p>\n<h3>Kr\u00e1tke \u010dasy plavby<\/h3>\n<p>Maxim\u00e1lny \u010das plavby je 50 min\u00fat. V\u00e4\u010d\u0161ina pot\u00e1pa\u010dsk\u00fdch \u010dlnov potrebuje na prejdenie rovnakej vzdialenosti viac ako 1,5 hodiny.[\/vc_column_text][\/vc_column_inner][\/vc_row_inner][\/vc_column][vc_column width=&#8220;1\/3&#8243;][vc_row_inner][vc_column_inner width=&#8220;1\/4&#8243;][vc_column_text el_class=&#8220;st-number-circle&#8220;]2[\/vc_column_text][\/vc_column_inner][vc_column_inner width=&#8220;3\/4&#8243;][vc_column_text el_class=&#8220;st-aboutus-content&#8220;]<\/p>\n<h3>Pot\u00e1pajte sa na najlep\u0161\u00edch miestach<\/h3>\n<p>Motorov\u00fdm \u010dlnom sa dostanete do plytk\u00fdch koralov\u00fdch lag\u00fan &#8211; \u0161norchlovanie a n\u00e1dhern\u00e9 scen\u00e9rie.[\/vc_column_text][\/vc_column_inner][\/vc_row_inner][\/vc_column][vc_column width=&#8220;1\/3&#8243;][vc_row_inner][vc_column_inner width=&#8220;1\/4&#8243;][vc_column_text el_class=&#8220;st-number-circle&#8220;]3[\/vc_column_text][\/vc_column_inner][vc_column_inner width=&#8220;3\/4&#8243;][vc_column_text el_class=&#8220;st-aboutus-content&#8220;]<\/p>\n<h3>Mal\u00e9 skupiny<\/h3>\n<p>Maxim\u00e1lne 10 pot\u00e1pa\u010dov na palube \u2013 osobn\u00e1 starostlivos\u0165 a mal\u00e9 pot\u00e1pa\u010dsk\u00e9 skupiny.[\/vc_column_text][\/vc_column_inner][\/vc_row_inner][\/vc_column][\/vc_row][vc_row el_class=&#8220;st-become-feature-wrapper text-center&#8220;][vc_column][vc_column_text]<\/p>\n<h2 style=\"text-align: center;\">Speedboat Elixir II<\/h2>\n<p>[\/vc_column_text][vc_empty_space height=&#8220;10px&#8220;][\/vc_column][\/vc_row][vc_row][vc_column][vc_column_text el_class=&#8220;st-aboutus-content&#8220;]Elixir II je pot\u00e1pa\u010dsk\u00fd motorov\u00fd \u010dln zo sklenen\u00fdch vl\u00e1kien navrhnut\u00fd pot\u00e1pa\u010dmi pre pot\u00e1pa\u010dov. Unik\u00e1tna kon\u0161trukcia platforiem umo\u017e\u0148uje pohodln\u00fd vstup\/v\u00fdstup z mora. Na palube sa nach\u00e1dza toaleta a sprchy so sladkou vodou. Maxim\u00e1lny po\u010det pasa\u017eierov je 20 respekt\u00edve 10 pot\u00e1pa\u010dov.<\/p>\n<h3>\u0160pecifik\u00e1cia lode Elixir II<\/h3>\n<ul>\n<li><strong>D\u013a\u017eka<\/strong>: 12 m (38 st\u00f4p)<\/li>\n<li><strong>\u0160\u00edrka<\/strong>: 2,8 m<\/li>\n<li><strong>Ponor<\/strong>: 0,6 m<\/li>\n<li><strong>Motory<\/strong>: 2 x 300 HP 6V Suzuki<\/li>\n<li><strong>Max. r\u00fdchlos\u0165<\/strong>: 45 uzlov<\/li>\n<li><strong>Kapacita<\/strong>: 600 l benz\u00ednu \/ 200 l sladkej vody<\/li>\n<li><strong>Vybavenie<\/strong>: kysl\u00edk a prv\u00e1 pomoc, toaleta, sprchy so sladkou vodou<\/li>\n<li><strong>Pot\u00e1pa\u010dsk\u00e9 vybavenie<\/strong>: 12 l ALU n\u00e1dr\u017ee (DIN\/INT ventil\u00e1cie), Scubapro a Aqua Lung BCD, regul\u00e1tory Apeks, 3 mm kr\u00e1tke neopr\u00e9ny, masky a plutvy<\/li>\n<li><strong>D\u00e1tum v\u00fdstavby<\/strong>: 2006 (2019 \u2013 kompletn\u00e1 rekon\u0161trukcia)<\/li>\n<\/ul>\n<p>[\/vc_column_text][vc_empty_space height=&#8220;30px&#8220;][\/vc_column][\/vc_row][vc_row full_width=&#8220;stretch_row_content_no_spaces&#8220; row_fullwidth=&#8220;yes&#8220; css=&#8220;.vc_custom_1694013534714{background-color: #ffffff !important;}&#8220;][vc_column css=&#8220;.vc_custom_1695446154826{padding-right: 0px !important;padding-left: 0px !important;}&#8220;]<div class=\"st-aboutus-gallery\">\r\n            <div class=\"st-flickity st-gallery\">\r\n            <div class=\"carousel\"\r\n                 data-flickity='{ \"wrapAround\": true, \"pageDots\": true , \"autoPlay\" : true}'>\r\n                                    <div class=\"item\" style=\"background-image: url('https:\/\/elixirdivers.com\/wp-content\/uploads\/2023\/08\/Speedboat-charter4.jpg')\"><\/div>\r\n                                        <div class=\"item\" style=\"background-image: url('https:\/\/elixirdivers.com\/wp-content\/uploads\/2023\/08\/Speedboat-charter3.jpg')\"><\/div>\r\n                                        <div class=\"item\" style=\"background-image: url('https:\/\/elixirdivers.com\/wp-content\/uploads\/2023\/08\/Speedboat-charter2.jpg')\"><\/div>\r\n                                        <div class=\"item\" style=\"background-image: url('https:\/\/elixirdivers.com\/wp-content\/uploads\/2023\/08\/Speedboat-charter1.jpg')\"><\/div>\r\n                                        <div class=\"item\" style=\"background-image: url('https:\/\/elixirdivers.com\/wp-content\/uploads\/2023\/08\/Speedboat-charter.jpg')\"><\/div>\r\n                                <\/div>\r\n            <div class=\"slogan\">\r\n                <h4>N\u00e1\u0161 r\u00fdchlostn\u00fd \u010dln Elixir II<\/h4>\r\n                                        <a href=\"http:\/\/mikacz.savana-hosting.cz\/ed23\/transfers\/speedboat-transfers\/\" target=\"\" class=\"btn btn-primary\">Speedboat Transfers<\/a>\r\n                                <\/div>\r\n        <\/div>\r\n    <\/div>\r\n[vc_empty_space height=&#8220;120px&#8220;][\/vc_column][\/vc_row]<\/p>\n<\/section>","protected":false},"excerpt":{"rendered":"<p>[vc_row][vc_column][vc_empty_space height=&#8220;60px&#8220;][vc_column_text] V\u00fdhody pot\u00e1pania z motorov\u00e9ho \u010dlna [\/vc_column_text][vc_empty_space height=&#8220;10px&#8220;][\/vc_column][\/vc_row][vc_row el_class=&#8220;st-number-box&#8220;][vc_column width=&#8220;1\/3&#8243;][vc_row_inner][vc_column_inner width=&#8220;1\/4&#8243;][vc_column_text el_class=&#8220;st-number-circle&#8220;]1[\/vc_column_text][\/vc_column_inner][vc_column_inner width=&#8220;3\/4&#8243;][vc_column_text el_class=&#8220;st-aboutus-content&#8220;] Kr\u00e1tke \u010dasy plavby Maxim\u00e1lny \u010das plavby je 50 min\u00fat. V\u00e4\u010d\u0161ina pot\u00e1pa\u010dsk\u00fdch \u010dlnov potrebuje na prejdenie rovnakej vzdialenosti viac ako 1,5 hodiny.[\/vc_column_text][\/vc_column_inner][\/vc_row_inner][\/vc_column][vc_column width=&#8220;1\/3&#8243;][vc_row_inner][vc_column_inner width=&#8220;1\/4&#8243;][vc_column_text el_class=&#8220;st-number-circle&#8220;]2[\/vc_column_text][\/vc_column_inner][vc_column_inner width=&#8220;3\/4&#8243;][vc_column_text el_class=&#8220;st-aboutus-content&#8220;] Pot\u00e1pajte sa na najlep\u0161\u00edch miestach Motorov\u00fdm \u010dlnom sa dostanete do plytk\u00fdch koralov\u00fdch lag\u00fan &#8211; [&hellip;]<\/p>\n","protected":false},"author":1,"featured_media":12191,"parent":9448,"menu_order":0,"comment_status":"closed","ping_status":"closed","template":"template-home-modern.php","meta":{"footnotes":""},"class_list":["post-9454","page","type-page","status-publish","has-post-thumbnail","hentry"],"yoast_head":"<!-- This site is optimized with the Yoast SEO plugin v26.8 - https:\/\/yoast.com\/product\/yoast-seo-wordpress\/ -->\n<title>Pot\u00e1pa\u010dsk\u00fd motorov\u00fd \u010dln - Elixir Divers<\/title>\n<meta name=\"robots\" content=\"index, follow, max-snippet:-1, max-image-preview:large, max-video-preview:-1\" \/>\n<link rel=\"canonical\" href=\"https:\/\/elixirdivers.com\/about\/our-speedboats\/\" \/>\n<meta property=\"og:locale\" content=\"sk_SK\" \/>\n<meta property=\"og:type\" content=\"article\" \/>\n<meta property=\"og:title\" content=\"Pot\u00e1pa\u010dsk\u00fd motorov\u00fd \u010dln - Elixir Divers\" \/>\n<meta property=\"og:description\" content=\"[vc_row][vc_column][vc_empty_space height=&#8220;60px&#8220;][vc_column_text] V\u00fdhody pot\u00e1pania z motorov\u00e9ho \u010dlna [\/vc_column_text][vc_empty_space height=&#8220;10px&#8220;][\/vc_column][\/vc_row][vc_row el_class=&#8220;st-number-box&#8220;][vc_column width=&#8220;1\/3&#8243;][vc_row_inner][vc_column_inner width=&#8220;1\/4&#8243;][vc_column_text el_class=&#8220;st-number-circle&#8220;]1[\/vc_column_text][\/vc_column_inner][vc_column_inner width=&#8220;3\/4&#8243;][vc_column_text el_class=&#8220;st-aboutus-content&#8220;] Kr\u00e1tke \u010dasy plavby Maxim\u00e1lny \u010das plavby je 50 min\u00fat. V\u00e4\u010d\u0161ina pot\u00e1pa\u010dsk\u00fdch \u010dlnov potrebuje na prejdenie rovnakej vzdialenosti viac ako 1,5 hodiny.[\/vc_column_text][\/vc_column_inner][\/vc_row_inner][\/vc_column][vc_column width=&#8220;1\/3&#8243;][vc_row_inner][vc_column_inner width=&#8220;1\/4&#8243;][vc_column_text el_class=&#8220;st-number-circle&#8220;]2[\/vc_column_text][\/vc_column_inner][vc_column_inner width=&#8220;3\/4&#8243;][vc_column_text el_class=&#8220;st-aboutus-content&#8220;] Pot\u00e1pajte sa na najlep\u0161\u00edch miestach Motorov\u00fdm \u010dlnom sa dostanete do plytk\u00fdch koralov\u00fdch lag\u00fan &#8211; [&hellip;]\" \/>\n<meta property=\"og:url\" content=\"https:\/\/elixirdivers.com\/about\/our-speedboats\/\" \/>\n<meta property=\"og:site_name\" content=\"Elixir Divers\" \/>\n<meta property=\"article:publisher\" content=\"https:\/\/www.facebook.com\/Elixir.Divers\/\" \/>\n<meta property=\"article:modified_time\" content=\"2024-01-14T03:17:24+00:00\" \/>\n<meta property=\"og:image\" content=\"https:\/\/elixirdivers.com\/wp-content\/uploads\/2023\/08\/Speedboat-charter.jpg\" \/>\n\t<meta property=\"og:image:width\" content=\"1800\" \/>\n\t<meta property=\"og:image:height\" content=\"1200\" \/>\n\t<meta property=\"og:image:type\" content=\"image\/jpeg\" \/>\n<meta name=\"twitter:card\" content=\"summary_large_image\" \/>\n<meta name=\"twitter:label1\" content=\"Predpokladan\u00fd \u010das \u010d\u00edtania\" \/>\n\t<meta name=\"twitter:data1\" content=\"2 min\u00faty\" \/>\n<script type=\"application\/ld+json\" class=\"yoast-schema-graph\">{\"@context\":\"https:\/\/schema.org\",\"@graph\":[{\"@type\":\"WebPage\",\"@id\":\"https:\/\/elixirdivers.com\/about\/our-speedboats\/\",\"url\":\"https:\/\/elixirdivers.com\/about\/our-speedboats\/\",\"name\":\"Pot\u00e1pa\u010dsk\u00fd motorov\u00fd \u010dln - Elixir Divers\",\"isPartOf\":{\"@id\":\"https:\/\/elixirdivers.com\/#website\"},\"primaryImageOfPage\":{\"@id\":\"https:\/\/elixirdivers.com\/about\/our-speedboats\/#primaryimage\"},\"image\":{\"@id\":\"https:\/\/elixirdivers.com\/about\/our-speedboats\/#primaryimage\"},\"thumbnailUrl\":\"https:\/\/elixirdivers.com\/wp-content\/uploads\/2025\/10\/IMG_5979.jpeg\",\"datePublished\":\"2023-09-06T13:00:36+00:00\",\"dateModified\":\"2024-01-14T03:17:24+00:00\",\"breadcrumb\":{\"@id\":\"https:\/\/elixirdivers.com\/about\/our-speedboats\/#breadcrumb\"},\"inLanguage\":\"sk-SK\",\"potentialAction\":[{\"@type\":\"ReadAction\",\"target\":[\"https:\/\/elixirdivers.com\/about\/our-speedboats\/\"]}]},{\"@type\":\"ImageObject\",\"inLanguage\":\"sk-SK\",\"@id\":\"https:\/\/elixirdivers.com\/about\/our-speedboats\/#primaryimage\",\"url\":\"https:\/\/elixirdivers.com\/wp-content\/uploads\/2025\/10\/IMG_5979.jpeg\",\"contentUrl\":\"https:\/\/elixirdivers.com\/wp-content\/uploads\/2025\/10\/IMG_5979.jpeg\",\"width\":1800,\"height\":1350},{\"@type\":\"BreadcrumbList\",\"@id\":\"https:\/\/elixirdivers.com\/about\/our-speedboats\/#breadcrumb\",\"itemListElement\":[{\"@type\":\"ListItem\",\"position\":1,\"name\":\"Home\",\"item\":\"https:\/\/elixirdivers.com\/sk\/\"},{\"@type\":\"ListItem\",\"position\":2,\"name\":\"O n\u00e1s\",\"item\":\"http:\/\/elixirdivers.com\/sk\/about\/\"},{\"@type\":\"ListItem\",\"position\":3,\"name\":\"Pot\u00e1pa\u010dsk\u00fd motorov\u00fd \u010dln\"}]},{\"@type\":\"WebSite\",\"@id\":\"https:\/\/elixirdivers.com\/#website\",\"url\":\"https:\/\/elixirdivers.com\/\",\"name\":\"Elixir Divers\",\"description\":\"\",\"publisher\":{\"@id\":\"https:\/\/elixirdivers.com\/#organization\"},\"potentialAction\":[{\"@type\":\"SearchAction\",\"target\":{\"@type\":\"EntryPoint\",\"urlTemplate\":\"https:\/\/elixirdivers.com\/?s={search_term_string}\"},\"query-input\":{\"@type\":\"PropertyValueSpecification\",\"valueRequired\":true,\"valueName\":\"search_term_string\"}}],\"inLanguage\":\"sk-SK\"},{\"@type\":\"Organization\",\"@id\":\"https:\/\/elixirdivers.com\/#organization\",\"name\":\"Elixir Divers\",\"url\":\"https:\/\/elixirdivers.com\/\",\"logo\":{\"@type\":\"ImageObject\",\"inLanguage\":\"sk-SK\",\"@id\":\"https:\/\/elixirdivers.com\/#\/schema\/logo\/image\/\",\"url\":\"https:\/\/elixirdivers.com\/wp-content\/uploads\/2018\/12\/elixirdivers-logo-blue-1.svg\",\"contentUrl\":\"https:\/\/elixirdivers.com\/wp-content\/uploads\/2018\/12\/elixirdivers-logo-blue-1.svg\",\"width\":800,\"height\":314,\"caption\":\"Elixir Divers\"},\"image\":{\"@id\":\"https:\/\/elixirdivers.com\/#\/schema\/logo\/image\/\"},\"sameAs\":[\"https:\/\/www.facebook.com\/Elixir.Divers\/\",\"https:\/\/www.instagram.com\/elixirdivers\/\",\"https:\/\/www.youtube.com\/@elixirdivers\"]}]}<\/script>\n<!-- \/ Yoast SEO plugin. -->","yoast_head_json":{"title":"Pot\u00e1pa\u010dsk\u00fd motorov\u00fd \u010dln - Elixir Divers","robots":{"index":"index","follow":"follow","max-snippet":"max-snippet:-1","max-image-preview":"max-image-preview:large","max-video-preview":"max-video-preview:-1"},"canonical":"https:\/\/elixirdivers.com\/about\/our-speedboats\/","og_locale":"sk_SK","og_type":"article","og_title":"Pot\u00e1pa\u010dsk\u00fd motorov\u00fd \u010dln - Elixir Divers","og_description":"[vc_row][vc_column][vc_empty_space height=&#8220;60px&#8220;][vc_column_text] V\u00fdhody pot\u00e1pania z motorov\u00e9ho \u010dlna [\/vc_column_text][vc_empty_space height=&#8220;10px&#8220;][\/vc_column][\/vc_row][vc_row el_class=&#8220;st-number-box&#8220;][vc_column width=&#8220;1\/3&#8243;][vc_row_inner][vc_column_inner width=&#8220;1\/4&#8243;][vc_column_text el_class=&#8220;st-number-circle&#8220;]1[\/vc_column_text][\/vc_column_inner][vc_column_inner width=&#8220;3\/4&#8243;][vc_column_text el_class=&#8220;st-aboutus-content&#8220;] Kr\u00e1tke \u010dasy plavby Maxim\u00e1lny \u010das plavby je 50 min\u00fat. V\u00e4\u010d\u0161ina pot\u00e1pa\u010dsk\u00fdch \u010dlnov potrebuje na prejdenie rovnakej vzdialenosti viac ako 1,5 hodiny.[\/vc_column_text][\/vc_column_inner][\/vc_row_inner][\/vc_column][vc_column width=&#8220;1\/3&#8243;][vc_row_inner][vc_column_inner width=&#8220;1\/4&#8243;][vc_column_text el_class=&#8220;st-number-circle&#8220;]2[\/vc_column_text][\/vc_column_inner][vc_column_inner width=&#8220;3\/4&#8243;][vc_column_text el_class=&#8220;st-aboutus-content&#8220;] Pot\u00e1pajte sa na najlep\u0161\u00edch miestach Motorov\u00fdm \u010dlnom sa dostanete do plytk\u00fdch koralov\u00fdch lag\u00fan &#8211; [&hellip;]","og_url":"https:\/\/elixirdivers.com\/about\/our-speedboats\/","og_site_name":"Elixir Divers","article_publisher":"https:\/\/www.facebook.com\/Elixir.Divers\/","article_modified_time":"2024-01-14T03:17:24+00:00","og_image":[{"width":1800,"height":1200,"url":"https:\/\/elixirdivers.com\/wp-content\/uploads\/2023\/08\/Speedboat-charter.jpg","type":"image\/jpeg"}],"twitter_card":"summary_large_image","twitter_misc":{"Predpokladan\u00fd \u010das \u010d\u00edtania":"2 min\u00faty"},"schema":{"@context":"https:\/\/schema.org","@graph":[{"@type":"WebPage","@id":"https:\/\/elixirdivers.com\/about\/our-speedboats\/","url":"https:\/\/elixirdivers.com\/about\/our-speedboats\/","name":"Pot\u00e1pa\u010dsk\u00fd motorov\u00fd \u010dln - Elixir Divers","isPartOf":{"@id":"https:\/\/elixirdivers.com\/#website"},"primaryImageOfPage":{"@id":"https:\/\/elixirdivers.com\/about\/our-speedboats\/#primaryimage"},"image":{"@id":"https:\/\/elixirdivers.com\/about\/our-speedboats\/#primaryimage"},"thumbnailUrl":"https:\/\/elixirdivers.com\/wp-content\/uploads\/2025\/10\/IMG_5979.jpeg","datePublished":"2023-09-06T13:00:36+00:00","dateModified":"2024-01-14T03:17:24+00:00","breadcrumb":{"@id":"https:\/\/elixirdivers.com\/about\/our-speedboats\/#breadcrumb"},"inLanguage":"sk-SK","potentialAction":[{"@type":"ReadAction","target":["https:\/\/elixirdivers.com\/about\/our-speedboats\/"]}]},{"@type":"ImageObject","inLanguage":"sk-SK","@id":"https:\/\/elixirdivers.com\/about\/our-speedboats\/#primaryimage","url":"https:\/\/elixirdivers.com\/wp-content\/uploads\/2025\/10\/IMG_5979.jpeg","contentUrl":"https:\/\/elixirdivers.com\/wp-content\/uploads\/2025\/10\/IMG_5979.jpeg","width":1800,"height":1350},{"@type":"BreadcrumbList","@id":"https:\/\/elixirdivers.com\/about\/our-speedboats\/#breadcrumb","itemListElement":[{"@type":"ListItem","position":1,"name":"Home","item":"https:\/\/elixirdivers.com\/sk\/"},{"@type":"ListItem","position":2,"name":"O n\u00e1s","item":"http:\/\/elixirdivers.com\/sk\/about\/"},{"@type":"ListItem","position":3,"name":"Pot\u00e1pa\u010dsk\u00fd motorov\u00fd \u010dln"}]},{"@type":"WebSite","@id":"https:\/\/elixirdivers.com\/#website","url":"https:\/\/elixirdivers.com\/","name":"Elixir Divers","description":"","publisher":{"@id":"https:\/\/elixirdivers.com\/#organization"},"potentialAction":[{"@type":"SearchAction","target":{"@type":"EntryPoint","urlTemplate":"https:\/\/elixirdivers.com\/?s={search_term_string}"},"query-input":{"@type":"PropertyValueSpecification","valueRequired":true,"valueName":"search_term_string"}}],"inLanguage":"sk-SK"},{"@type":"Organization","@id":"https:\/\/elixirdivers.com\/#organization","name":"Elixir Divers","url":"https:\/\/elixirdivers.com\/","logo":{"@type":"ImageObject","inLanguage":"sk-SK","@id":"https:\/\/elixirdivers.com\/#\/schema\/logo\/image\/","url":"https:\/\/elixirdivers.com\/wp-content\/uploads\/2018\/12\/elixirdivers-logo-blue-1.svg","contentUrl":"https:\/\/elixirdivers.com\/wp-content\/uploads\/2018\/12\/elixirdivers-logo-blue-1.svg","width":800,"height":314,"caption":"Elixir Divers"},"image":{"@id":"https:\/\/elixirdivers.com\/#\/schema\/logo\/image\/"},"sameAs":["https:\/\/www.facebook.com\/Elixir.Divers\/","https:\/\/www.instagram.com\/elixirdivers\/","https:\/\/www.youtube.com\/@elixirdivers"]}]}},"jetpack_sharing_enabled":true,"_links":{"self":[{"href":"https:\/\/elixirdivers.com\/sk\/wp-json\/wp\/v2\/pages\/9454","targetHints":{"allow":["GET"]}}],"collection":[{"href":"https:\/\/elixirdivers.com\/sk\/wp-json\/wp\/v2\/pages"}],"about":[{"href":"https:\/\/elixirdivers.com\/sk\/wp-json\/wp\/v2\/types\/page"}],"author":[{"embeddable":true,"href":"https:\/\/elixirdivers.com\/sk\/wp-json\/wp\/v2\/users\/1"}],"replies":[{"embeddable":true,"href":"https:\/\/elixirdivers.com\/sk\/wp-json\/wp\/v2\/comments?post=9454"}],"version-history":[{"count":6,"href":"https:\/\/elixirdivers.com\/sk\/wp-json\/wp\/v2\/pages\/9454\/revisions"}],"predecessor-version":[{"id":10638,"href":"https:\/\/elixirdivers.com\/sk\/wp-json\/wp\/v2\/pages\/9454\/revisions\/10638"}],"up":[{"embeddable":true,"href":"https:\/\/elixirdivers.com\/sk\/wp-json\/wp\/v2\/pages\/9448"}],"wp:featuredmedia":[{"embeddable":true,"href":"https:\/\/elixirdivers.com\/sk\/wp-json\/wp\/v2\/media\/12191"}],"wp:attachment":[{"href":"https:\/\/elixirdivers.com\/sk\/wp-json\/wp\/v2\/media?parent=9454"}],"curies":[{"name":"wp","href":"https:\/\/api.w.org\/{rel}","templated":true}]}}