{"id":9458,"date":"2023-09-23T04:16:53","date_gmt":"2023-09-23T04:16:53","guid":{"rendered":"http:\/\/elixirdivers.com\/contact\/"},"modified":"2024-08-20T14:19:50","modified_gmt":"2024-08-20T14:19:50","slug":"kontakt","status":"publish","type":"page","link":"https:\/\/elixirdivers.com\/sk\/kontakt\/","title":{"rendered":"Kontakt"},"content":{"rendered":"<section class=\"wpb-content-wrapper\"><p>[vc_row][vc_column][vc_empty_space height=&#8220;75px&#8220;][\/vc_column][\/vc_row][vc_row][vc_column width=&#8220;5\/12&#8243;]\n<div class=\"wpcf7 no-js\" id=\"wpcf7-f7467-o1\" lang=\"en-US\" dir=\"ltr\" data-wpcf7-id=\"7467\">\n<div class=\"screen-reader-response\"><p role=\"status\" aria-live=\"polite\" aria-atomic=\"true\"><\/p> <ul><\/ul><\/div>\n<form action=\"\/sk\/wp-json\/wp\/v2\/pages\/9458#wpcf7-f7467-o1\" method=\"post\" class=\"wpcf7-form init\" aria-label=\"Contact form\" novalidate=\"novalidate\" data-status=\"init\">\n<fieldset class=\"hidden-fields-container\"><input type=\"hidden\" name=\"_wpcf7\" value=\"7467\" \/><input type=\"hidden\" name=\"_wpcf7_version\" value=\"6.1.4\" \/><input type=\"hidden\" name=\"_wpcf7_locale\" value=\"en_US\" \/><input type=\"hidden\" name=\"_wpcf7_unit_tag\" value=\"wpcf7-f7467-o1\" \/><input type=\"hidden\" name=\"_wpcf7_container_post\" value=\"0\" \/><input type=\"hidden\" name=\"_wpcf7_posted_data_hash\" value=\"\" \/><input type=\"hidden\" name=\"_wpcf7_recaptcha_response\" value=\"\" \/>\n<\/fieldset>\n<div class=\"st-contact-form\">\n\t<div class=\"contact-header\">\n\t\t<h3>We'd love to hear from you\n\t\t<\/h3>\n\t\t<p>Send us a message and we'll respond as soon as possible\n\t\t<\/p>\n\t<\/div>\n\t<div class=\"contact-form\">\n\t\t<div class=\"form-group\">\n\t\t\t<p><span class=\"wpcf7-form-control-wrap\" data-name=\"ed-name\"><input size=\"40\" maxlength=\"400\" class=\"wpcf7-form-control wpcf7-text wpcf7-validates-as-required form-control\" aria-required=\"true\" aria-invalid=\"false\" placeholder=\"Name*\" value=\"\" type=\"text\" name=\"ed-name\" \/><\/span>\n\t\t\t<\/p>\n\t\t<\/div>\n\t\t<div class=\"form-group\">\n\t\t\t<p><span class=\"wpcf7-form-control-wrap\" data-name=\"ed-email\"><input size=\"40\" maxlength=\"400\" class=\"wpcf7-form-control wpcf7-email wpcf7-validates-as-required wpcf7-text wpcf7-validates-as-email form-control\" aria-required=\"true\" aria-invalid=\"false\" placeholder=\"Email*\" value=\"\" type=\"email\" name=\"ed-email\" \/><\/span>\n\t\t\t<\/p>\n\t\t<\/div>\n\t\t<div class=\"form-group\">\n\t\t\t<p><span class=\"wpcf7-form-control-wrap\" data-name=\"ed-phone\"><input size=\"40\" maxlength=\"400\" class=\"wpcf7-form-control wpcf7-tel wpcf7-text wpcf7-validates-as-tel form-control\" aria-invalid=\"false\" placeholder=\"Phone\" value=\"\" type=\"tel\" name=\"ed-phone\" \/><\/span>\n\t\t\t<\/p>\n\t\t<\/div>\n\t\t<div class=\"form-group\">\n\t\t\t<p><span class=\"wpcf7-form-control-wrap\" data-name=\"ed-message\"><textarea cols=\"40\" rows=\"10\" maxlength=\"2000\" class=\"wpcf7-form-control wpcf7-textarea form-control\" aria-invalid=\"false\" placeholder=\"Message*\" name=\"ed-message\"><\/textarea><\/span>\n\t\t\t<\/p>\n\t\t<\/div>\n\t\t<p><input class=\"wpcf7-form-control wpcf7-submit has-spinner btn btn-primary\" type=\"submit\" value=\"SEND MESSAGE\" \/>\n\t\t<\/p>\n\t<\/div>\n<\/div><div class=\"wpcf7-response-output\" aria-hidden=\"true\"><\/div>\n<\/form>\n<\/div>\n[vc_empty_space height=&#8220;25px&#8220;][\/vc_column][vc_column width=&#8220;2\/12&#8243;][\/vc_column][vc_column width=&#8220;5\/12&#8243;]<div class=\"st-contact-info\">\r\n    <div class=\"info-bg\">\r\n        <img decoding=\"async\" src=\"https:\/\/elixirdivers.com\/wp-content\/uploads\/2023\/08\/Koh-Yao-Yai-Laam-Haad-Beach.jpg\" class=\"img-responsive\" alt=\"Background Contact Info\"\/>    <\/div>\r\n    <div class=\"info-content\">\r\n                <h3>Elixir Divers<\/h3>\r\n                        <div class=\"sub\">\r\n            TAT License #34\/02551<\/p>\n<p>2\/3 Moo 3, T. Phrunai<br \/>\nKoh Yao Yai<br \/>\nThailand<\/p>\n<p><a href=\"tel:+66878970076\">+66 878 970 076<\/a><br \/>\n<a href=\"mailto:info@elixirdivers.com\">info@elixirdivers.com<\/a><br \/>\n<a href=\"https:\/\/wa.me\/421907213879\">WhatsApp<\/a>            <!--<p>Tell. + 00 222 444 33<\/p>\r\n            <p>Email. hello@yoursite.com<\/p>\r\n            <p class=\"address\">1355 Market St, Suite 900San, Francisco, CA 94103 United States<\/p>-->\r\n        <\/div>\r\n            <\/div>\r\n<\/div>[vc_empty_space height=&#8220;75px&#8220;][\/vc_column][\/vc_row][vc_row full_width=&#8220;stretch_row_content_no_spaces&#8220; row_fullwidth=&#8220;yes&#8220; css=&#8220;.vc_custom_1543398264656{margin-bottom: -100px !important;}&#8220;][vc_column css=&#8220;.vc_custom_1543213048580{padding-right: 0px !important;padding-left: 0px !important;}&#8220;]\t\t<div id=\"contact-map-new\" data-lat=\"7.936537799999999\" data-lng=\"98.5797642\" style=\"width: 100%; height: 500px;\"><\/div>\r\n\t[\/vc_column][\/vc_row]<\/p>\n<\/section>","protected":false},"excerpt":{"rendered":"<p>[vc_row][vc_column][vc_empty_space height=&#8220;75px&#8220;][\/vc_column][\/vc_row][vc_row][vc_column width=&#8220;5\/12&#8243;][vc_empty_space height=&#8220;25px&#8220;][\/vc_column][vc_column width=&#8220;2\/12&#8243;][\/vc_column][vc_column width=&#8220;5\/12&#8243;][vc_empty_space height=&#8220;75px&#8220;][\/vc_column][\/vc_row][vc_row full_width=&#8220;stretch_row_content_no_spaces&#8220; row_fullwidth=&#8220;yes&#8220; css=&#8220;.vc_custom_1543398264656{margin-bottom: -100px !important;}&#8220;][vc_column css=&#8220;.vc_custom_1543213048580{padding-right: 0px !important;padding-left: 0px !important;}&#8220;][\/vc_column][\/vc_row]<\/p>\n","protected":false},"author":1,"featured_media":9240,"parent":0,"menu_order":0,"comment_status":"closed","ping_status":"closed","template":"template-home-modern.php","meta":{"footnotes":""},"class_list":["post-9458","page","type-page","status-publish","has-post-thumbnail","hentry"],"yoast_head":"<!-- This site is optimized with the Yoast SEO plugin v26.8 - https:\/\/yoast.com\/product\/yoast-seo-wordpress\/ -->\n<title>Kontakt - Elixir Divers<\/title>\n<meta name=\"description\" content=\"Kontaktujte n\u00e1s pros\u00edm elektronicky emailom alebo cez whatsapp spr\u00e1vy. Radi v\u00e1m zodpovieme na va\u0161e dotazy.\" \/>\n<meta name=\"robots\" content=\"index, follow, max-snippet:-1, max-image-preview:large, max-video-preview:-1\" \/>\n<link rel=\"canonical\" href=\"https:\/\/elixirdivers.com\/contact\/\" \/>\n<meta property=\"og:locale\" content=\"sk_SK\" \/>\n<meta property=\"og:type\" content=\"article\" \/>\n<meta property=\"og:title\" content=\"Kontakt - Elixir Divers\" \/>\n<meta property=\"og:description\" content=\"Kontaktujte n\u00e1s pros\u00edm elektronicky emailom alebo cez whatsapp spr\u00e1vy. Radi v\u00e1m zodpovieme na va\u0161e dotazy.\" \/>\n<meta property=\"og:url\" content=\"https:\/\/elixirdivers.com\/contact\/\" \/>\n<meta property=\"og:site_name\" content=\"Elixir Divers\" \/>\n<meta property=\"article:publisher\" content=\"https:\/\/www.facebook.com\/Elixir.Divers\/\" \/>\n<meta property=\"article:modified_time\" content=\"2024-08-20T14:19:50+00:00\" \/>\n<meta property=\"og:image\" content=\"https:\/\/elixirdivers.com\/wp-content\/uploads\/2023\/08\/Koh-Yao-Yai-sunset.jpg\" \/>\n\t<meta property=\"og:image:width\" content=\"1800\" \/>\n\t<meta property=\"og:image:height\" content=\"1200\" \/>\n\t<meta property=\"og:image:type\" content=\"image\/jpeg\" \/>\n<meta name=\"twitter:card\" content=\"summary_large_image\" \/>\n<meta name=\"twitter:label1\" content=\"Predpokladan\u00fd \u010das \u010d\u00edtania\" \/>\n\t<meta name=\"twitter:data1\" content=\"1 min\u00fata\" \/>\n<script type=\"application\/ld+json\" class=\"yoast-schema-graph\">{\"@context\":\"https:\/\/schema.org\",\"@graph\":[{\"@type\":\"WebPage\",\"@id\":\"https:\/\/elixirdivers.com\/contact\/\",\"url\":\"https:\/\/elixirdivers.com\/contact\/\",\"name\":\"Kontakt - Elixir Divers\",\"isPartOf\":{\"@id\":\"https:\/\/elixirdivers.com\/#website\"},\"primaryImageOfPage\":{\"@id\":\"https:\/\/elixirdivers.com\/contact\/#primaryimage\"},\"image\":{\"@id\":\"https:\/\/elixirdivers.com\/contact\/#primaryimage\"},\"thumbnailUrl\":\"https:\/\/elixirdivers.com\/wp-content\/uploads\/2023\/08\/Koh-Yao-Yai-sunset.jpg\",\"datePublished\":\"2023-09-23T04:16:53+00:00\",\"dateModified\":\"2024-08-20T14:19:50+00:00\",\"description\":\"Kontaktujte n\u00e1s pros\u00edm elektronicky emailom alebo cez whatsapp spr\u00e1vy. Radi v\u00e1m zodpovieme na va\u0161e dotazy.\",\"breadcrumb\":{\"@id\":\"https:\/\/elixirdivers.com\/contact\/#breadcrumb\"},\"inLanguage\":\"sk-SK\",\"potentialAction\":[{\"@type\":\"ReadAction\",\"target\":[\"https:\/\/elixirdivers.com\/contact\/\"]}]},{\"@type\":\"ImageObject\",\"inLanguage\":\"sk-SK\",\"@id\":\"https:\/\/elixirdivers.com\/contact\/#primaryimage\",\"url\":\"https:\/\/elixirdivers.com\/wp-content\/uploads\/2023\/08\/Koh-Yao-Yai-sunset.jpg\",\"contentUrl\":\"https:\/\/elixirdivers.com\/wp-content\/uploads\/2023\/08\/Koh-Yao-Yai-sunset.jpg\",\"width\":1800,\"height\":1200},{\"@type\":\"BreadcrumbList\",\"@id\":\"https:\/\/elixirdivers.com\/contact\/#breadcrumb\",\"itemListElement\":[{\"@type\":\"ListItem\",\"position\":1,\"name\":\"Home\",\"item\":\"https:\/\/elixirdivers.com\/sk\/\"},{\"@type\":\"ListItem\",\"position\":2,\"name\":\"Kontakt\"}]},{\"@type\":\"WebSite\",\"@id\":\"https:\/\/elixirdivers.com\/#website\",\"url\":\"https:\/\/elixirdivers.com\/\",\"name\":\"Elixir Divers\",\"description\":\"\",\"publisher\":{\"@id\":\"https:\/\/elixirdivers.com\/#organization\"},\"potentialAction\":[{\"@type\":\"SearchAction\",\"target\":{\"@type\":\"EntryPoint\",\"urlTemplate\":\"https:\/\/elixirdivers.com\/?s={search_term_string}\"},\"query-input\":{\"@type\":\"PropertyValueSpecification\",\"valueRequired\":true,\"valueName\":\"search_term_string\"}}],\"inLanguage\":\"sk-SK\"},{\"@type\":\"Organization\",\"@id\":\"https:\/\/elixirdivers.com\/#organization\",\"name\":\"Elixir Divers\",\"url\":\"https:\/\/elixirdivers.com\/\",\"logo\":{\"@type\":\"ImageObject\",\"inLanguage\":\"sk-SK\",\"@id\":\"https:\/\/elixirdivers.com\/#\/schema\/logo\/image\/\",\"url\":\"https:\/\/elixirdivers.com\/wp-content\/uploads\/2018\/12\/elixirdivers-logo-blue-1.svg\",\"contentUrl\":\"https:\/\/elixirdivers.com\/wp-content\/uploads\/2018\/12\/elixirdivers-logo-blue-1.svg\",\"width\":800,\"height\":314,\"caption\":\"Elixir Divers\"},\"image\":{\"@id\":\"https:\/\/elixirdivers.com\/#\/schema\/logo\/image\/\"},\"sameAs\":[\"https:\/\/www.facebook.com\/Elixir.Divers\/\",\"https:\/\/www.instagram.com\/elixirdivers\/\",\"https:\/\/www.youtube.com\/@elixirdivers\"]}]}<\/script>\n<!-- \/ Yoast SEO plugin. -->","yoast_head_json":{"title":"Kontakt - Elixir Divers","description":"Kontaktujte n\u00e1s pros\u00edm elektronicky emailom alebo cez whatsapp spr\u00e1vy. Radi v\u00e1m zodpovieme na va\u0161e dotazy.","robots":{"index":"index","follow":"follow","max-snippet":"max-snippet:-1","max-image-preview":"max-image-preview:large","max-video-preview":"max-video-preview:-1"},"canonical":"https:\/\/elixirdivers.com\/contact\/","og_locale":"sk_SK","og_type":"article","og_title":"Kontakt - Elixir Divers","og_description":"Kontaktujte n\u00e1s pros\u00edm elektronicky emailom alebo cez whatsapp spr\u00e1vy. Radi v\u00e1m zodpovieme na va\u0161e dotazy.","og_url":"https:\/\/elixirdivers.com\/contact\/","og_site_name":"Elixir Divers","article_publisher":"https:\/\/www.facebook.com\/Elixir.Divers\/","article_modified_time":"2024-08-20T14:19:50+00:00","og_image":[{"width":1800,"height":1200,"url":"https:\/\/elixirdivers.com\/wp-content\/uploads\/2023\/08\/Koh-Yao-Yai-sunset.jpg","type":"image\/jpeg"}],"twitter_card":"summary_large_image","twitter_misc":{"Predpokladan\u00fd \u010das \u010d\u00edtania":"1 min\u00fata"},"schema":{"@context":"https:\/\/schema.org","@graph":[{"@type":"WebPage","@id":"https:\/\/elixirdivers.com\/contact\/","url":"https:\/\/elixirdivers.com\/contact\/","name":"Kontakt - Elixir Divers","isPartOf":{"@id":"https:\/\/elixirdivers.com\/#website"},"primaryImageOfPage":{"@id":"https:\/\/elixirdivers.com\/contact\/#primaryimage"},"image":{"@id":"https:\/\/elixirdivers.com\/contact\/#primaryimage"},"thumbnailUrl":"https:\/\/elixirdivers.com\/wp-content\/uploads\/2023\/08\/Koh-Yao-Yai-sunset.jpg","datePublished":"2023-09-23T04:16:53+00:00","dateModified":"2024-08-20T14:19:50+00:00","description":"Kontaktujte n\u00e1s pros\u00edm elektronicky emailom alebo cez whatsapp spr\u00e1vy. Radi v\u00e1m zodpovieme na va\u0161e dotazy.","breadcrumb":{"@id":"https:\/\/elixirdivers.com\/contact\/#breadcrumb"},"inLanguage":"sk-SK","potentialAction":[{"@type":"ReadAction","target":["https:\/\/elixirdivers.com\/contact\/"]}]},{"@type":"ImageObject","inLanguage":"sk-SK","@id":"https:\/\/elixirdivers.com\/contact\/#primaryimage","url":"https:\/\/elixirdivers.com\/wp-content\/uploads\/2023\/08\/Koh-Yao-Yai-sunset.jpg","contentUrl":"https:\/\/elixirdivers.com\/wp-content\/uploads\/2023\/08\/Koh-Yao-Yai-sunset.jpg","width":1800,"height":1200},{"@type":"BreadcrumbList","@id":"https:\/\/elixirdivers.com\/contact\/#breadcrumb","itemListElement":[{"@type":"ListItem","position":1,"name":"Home","item":"https:\/\/elixirdivers.com\/sk\/"},{"@type":"ListItem","position":2,"name":"Kontakt"}]},{"@type":"WebSite","@id":"https:\/\/elixirdivers.com\/#website","url":"https:\/\/elixirdivers.com\/","name":"Elixir Divers","description":"","publisher":{"@id":"https:\/\/elixirdivers.com\/#organization"},"potentialAction":[{"@type":"SearchAction","target":{"@type":"EntryPoint","urlTemplate":"https:\/\/elixirdivers.com\/?s={search_term_string}"},"query-input":{"@type":"PropertyValueSpecification","valueRequired":true,"valueName":"search_term_string"}}],"inLanguage":"sk-SK"},{"@type":"Organization","@id":"https:\/\/elixirdivers.com\/#organization","name":"Elixir Divers","url":"https:\/\/elixirdivers.com\/","logo":{"@type":"ImageObject","inLanguage":"sk-SK","@id":"https:\/\/elixirdivers.com\/#\/schema\/logo\/image\/","url":"https:\/\/elixirdivers.com\/wp-content\/uploads\/2018\/12\/elixirdivers-logo-blue-1.svg","contentUrl":"https:\/\/elixirdivers.com\/wp-content\/uploads\/2018\/12\/elixirdivers-logo-blue-1.svg","width":800,"height":314,"caption":"Elixir Divers"},"image":{"@id":"https:\/\/elixirdivers.com\/#\/schema\/logo\/image\/"},"sameAs":["https:\/\/www.facebook.com\/Elixir.Divers\/","https:\/\/www.instagram.com\/elixirdivers\/","https:\/\/www.youtube.com\/@elixirdivers"]}]}},"jetpack_sharing_enabled":true,"_links":{"self":[{"href":"https:\/\/elixirdivers.com\/sk\/wp-json\/wp\/v2\/pages\/9458","targetHints":{"allow":["GET"]}}],"collection":[{"href":"https:\/\/elixirdivers.com\/sk\/wp-json\/wp\/v2\/pages"}],"about":[{"href":"https:\/\/elixirdivers.com\/sk\/wp-json\/wp\/v2\/types\/page"}],"author":[{"embeddable":true,"href":"https:\/\/elixirdivers.com\/sk\/wp-json\/wp\/v2\/users\/1"}],"replies":[{"embeddable":true,"href":"https:\/\/elixirdivers.com\/sk\/wp-json\/wp\/v2\/comments?post=9458"}],"version-history":[{"count":5,"href":"https:\/\/elixirdivers.com\/sk\/wp-json\/wp\/v2\/pages\/9458\/revisions"}],"predecessor-version":[{"id":10910,"href":"https:\/\/elixirdivers.com\/sk\/wp-json\/wp\/v2\/pages\/9458\/revisions\/10910"}],"wp:featuredmedia":[{"embeddable":true,"href":"https:\/\/elixirdivers.com\/sk\/wp-json\/wp\/v2\/media\/9240"}],"wp:attachment":[{"href":"https:\/\/elixirdivers.com\/sk\/wp-json\/wp\/v2\/media?parent=9458"}],"curies":[{"name":"wp","href":"https:\/\/api.w.org\/{rel}","templated":true}]}}