{"id":9462,"date":"2023-09-23T04:36:37","date_gmt":"2023-09-23T04:36:37","guid":{"rendered":"http:\/\/elixirdivers.com\/pricelist\/"},"modified":"2024-08-20T13:45:23","modified_gmt":"2024-08-20T13:45:23","slug":"cennik","status":"publish","type":"page","link":"https:\/\/elixirdivers.com\/sk\/cennik\/","title":{"rendered":"Cenn\u00edk"},"content":{"rendered":"<section class=\"wpb-content-wrapper\"><p>[vc_row][vc_column][vc_empty_space height=&#8220;60px&#8220;][vc_row_inner][vc_column_inner][vc_column_text]<\/p>\n<h2>Porovnanie v\u00fdletov s pot\u00e1pan\u00edm<\/h2>\n<p>[\/vc_column_text][vc_raw_html]JTVCdGFibGUlMjBpZCUzRCUyMjclMjIlNUQ=[\/vc_raw_html][vc_column_text]<\/p>\n<h3>Poplatok za vybavenie a NP<\/h3>\n<ul>\n<li>Poplatok za n\u00e1rodn\u00fd park na ostrovoch Phi Phi (600 THB\/pot\u00e1pa\u010d) nie je zahrnut\u00fd. Plat\u00ed sa na palube v hotovosti, ak pr\u00edde pobre\u017en\u00e1 str\u00e1\u017e<\/li>\n<li><strong>Pren\u00e1jom kompletn\u00e9ho vybavenia je 1 000 THB\/de\u0148<\/strong><\/li>\n<li>\u017eaket (300 THB), automatika (300 THB), neopr\u00e9n (200 THB), maska \u200b\u200b+ plutvy (200 THB), pot\u00e1pa\u010dsk\u00fd po\u010d\u00edta\u010d (300 THB)<\/li>\n<\/ul>\n<h3>Partner na \u0161norchlovanie po\u010das pot\u00e1pania<\/h3>\n<ul>\n<li>Cena za partnera na \u0161norchlovanie je 2 000 THB<\/li>\n<li>Cena za partnera na \u0161norchlovanie na Phi Phi je 3 500 THB + poplatok za park 400 THB<\/li>\n<\/ul>\n<h3>Zah\u0155\u0148aj\u00fa dva ponory<\/h3>\n<ul>\n<li>Divemaster<\/li>\n<li>Nealkoholick\u00e9 n\u00e1poje a \u010derstv\u00e9 ovocie<\/li>\n<li>Dve 12-litrov\u00e9 f\u013ea\u0161e<\/li>\n<li>Z\u00e1va\u017eia a opasok<\/li>\n<li>Pot\u00e1panie z motorov\u00e9ho \u010dlna<\/li>\n<li>Nitrox nepon\u00fakame<\/li>\n<\/ul>\n<h3 class=\"vc_custom_heading st-heading-section\">Pot\u00e1pa\u010dsk\u00e9 bal\u00ed\u010dky<\/h3>\n<div class=\"wpb_text_column wpb_content_element \">\n<div class=\"wpb_wrapper\">\n<ul>\n<li>6 a viac ponorov \u2013 z\u00edskajte z\u013eavu 15 %<\/li>\n<li>8 a viac ponorov \u2013 z\u00edskajte z\u013eavu 20 %<\/li>\n<li>10+ ponorov \u2013 z\u00edskajte z\u013eavu 25 %<\/li>\n<\/ul>\n<\/div>\n<\/div>\n<p>[\/vc_column_text][vc_btn title=&#8220;Zarezervujte si svoj celodenn\u00fd pot\u00e1pa\u010dsk\u00fd v\u00fdlet&#8220; style=&#8220;flat&#8220; color=&#8220;primary&#8220; align=&#8220;left&#8220; link=&#8220;url:http%3A%2F%2Felixirdivers.com%2Fsearch%2F%3Ftaxonomy%255Bst_tour_type%255D%3D79&#8243;][\/vc_column_inner][\/vc_row_inner][vc_row_inner][vc_column_inner][vc_separator border_width=&#8220;2&#8243;][vc_column_text]<\/p>\n<h2>PADI kurzy<\/h2>\n<p>[\/vc_column_text][vc_raw_html]JTVCdGFibGUlMjBpZCUzRCUyMjUlMjIlNUQ=[\/vc_raw_html][vc_column_text]<\/p>\n<h3>Zahrnut\u00e9<\/h3>\n<ul>\n<li>Online lekcie z te\u00f3rie pot\u00e1pania<\/li>\n<li>Baz\u00e9nov\u00e9 lekcie<\/li>\n<li>Ponory na otvorenej vode<\/li>\n<li>Poplatky PADI<\/li>\n<li>Mal\u00e9 triedy, maxim\u00e1lne dvaja \u0161tudenti na PADI in\u0161truktora<\/li>\n<\/ul>\n<p>[\/vc_column_text][vc_btn title=&#8220;Rezervujte si kurz PADI&#8220; style=&#8220;flat&#8220; color=&#8220;primary&#8220; align=&#8220;left&#8220; link=&#8220;url:http%3A%2F%2Felixirdivers.com%2Fsearch%2F%3Ftaxonomy%255Bst_tour_type%255D%3D80&#8243;][\/vc_column_inner][\/vc_row_inner][vc_row_inner][vc_column_inner][vc_separator border_width=&#8220;2&#8243;][vc_column_text]<\/p>\n<h2>Porovnanie jednod\u0148ov\u00fdch v\u00fdletov<\/h2>\n<p>[\/vc_column_text][vc_raw_html]JTVCdGFibGUlMjBpZCUzRCUyMjQlMjIlNUQ=[\/vc_raw_html][vc_column_text]<\/p>\n<h3>Zahrnut\u00e9<\/h3>\n<ul>\n<li>Poplatky za n\u00e1rodn\u00fd park (300\u2013400 THB na osobu)<\/li>\n<li>Obed (zvy\u010dajne vypr\u00e1\u017ean\u00e1 ry\u017ea s kurac\u00edm m\u00e4som a zeleninou)<\/li>\n<li>Nealkoholick\u00e9 n\u00e1poje<\/li>\n<li>\u010cerstv\u00e9 ovocie<\/li>\n<li>V\u00fdbava na \u0161norchlovanie<\/li>\n<li>Mal\u00e9 skupiny na motorovom \u010dlne<\/li>\n<li>S\u00fakromn\u00e9 \u200b\u200bv\u00fdlety tradi\u010dnou drevenou lo\u010fou<\/li>\n<\/ul>\n<p>[\/vc_column_text][vc_btn title=&#8220;Zarezervujte si svoj celodenn\u00fd v\u00fdlet&#8220; style=&#8220;flat&#8220; color=&#8220;primary&#8220; align=&#8220;left&#8220; link=&#8220;url:http%3A%2F%2Felixirdivers.com%2Fsearch%2F%3Ftaxonomy%255Bst_tour_type%255D%3D81&#8243;][vc_column_text]<em>Prices are subject to change.<\/em>[\/vc_column_text][\/vc_column_inner][\/vc_row_inner][vc_row_inner][vc_column_inner][vc_separator border_width=&#8220;2&#8243;][vc_column_text]<\/p>\n<h2>Porovnanie pot\u00e1pa\u010dsk\u00fdch plavieb na\u017eivo<\/h2>\n<p>[\/vc_column_text][vc_raw_html]JTVCdGFibGUlMjBpZCUzRCUyMjglMjIlNUQ=[\/vc_raw_html][vc_column_text]<\/p>\n<h3>Zahrnut\u00e9<\/h3>\n<ul>\n<li>Klimatizovan\u00e1 kajuta s vlastnou k\u00fape\u013e\u0148ou a toaletou<\/li>\n<li>Jedlo \u2013 pln\u00e1 penzia, ob\u010derstvenie<\/li>\n<li>K\u00e1va, \u010daj, nealkoholick\u00e9 n\u00e1poje<\/li>\n<li>\u010cerstv\u00e9 ovocie<\/li>\n<li>Divemaster<\/li>\n<li>Transfery z Phuketu alebo Khao Lak<\/li>\n<\/ul>\n<p>[\/vc_column_text][vc_btn title=&#8220;Rezervujte si svoj Diving Liveaboard&#8220; style=&#8220;flat&#8220; color=&#8220;primary&#8220; align=&#8220;left&#8220; link=&#8220;url:http%3A%2F%2Felixirdivers.com%2Fsearch%2F%3Ftaxonomy%255Bst_tour_type%255D%3D78&#8243;][\/vc_column_inner][\/vc_row_inner][vc_empty_space height=&#8220;60px&#8220;][\/vc_column][\/vc_row]<\/p>\n<\/section>","protected":false},"excerpt":{"rendered":"<p>[vc_row][vc_column][vc_empty_space height=&#8220;60px&#8220;][vc_row_inner][vc_column_inner][vc_column_text] Porovnanie v\u00fdletov s pot\u00e1pan\u00edm [\/vc_column_text][vc_raw_html]JTVCdGFibGUlMjBpZCUzRCUyMjclMjIlNUQ=[\/vc_raw_html][vc_column_text] Poplatok za vybavenie a NP Poplatok za n\u00e1rodn\u00fd park na ostrovoch Phi Phi (600 THB\/pot\u00e1pa\u010d) nie je zahrnut\u00fd. Plat\u00ed sa na palube v hotovosti, ak pr\u00edde pobre\u017en\u00e1 str\u00e1\u017e Pren\u00e1jom kompletn\u00e9ho vybavenia je 1 000 THB\/de\u0148 \u017eaket (300 THB), automatika (300 THB), neopr\u00e9n (200 THB), maska \u200b\u200b+ plutvy (200 [&hellip;]<\/p>\n","protected":false},"author":1,"featured_media":9404,"parent":0,"menu_order":0,"comment_status":"closed","ping_status":"closed","template":"template-home-modern.php","meta":{"footnotes":""},"class_list":["post-9462","page","type-page","status-publish","has-post-thumbnail","hentry"],"yoast_head":"<!-- This site is optimized with the Yoast SEO plugin v26.8 - https:\/\/yoast.com\/product\/yoast-seo-wordpress\/ -->\n<title>Cenn\u00edk - Elixir Divers<\/title>\n<meta name=\"description\" content=\"Cenn\u00edk pot\u00e1pa\u010dsk\u00fdch v\u00fdletov, jednod\u0148ov\u00fdch v\u00fdletov a kurzov PADI\" \/>\n<meta name=\"robots\" content=\"index, follow, max-snippet:-1, max-image-preview:large, max-video-preview:-1\" \/>\n<link rel=\"canonical\" href=\"https:\/\/elixirdivers.com\/pricelist\/\" \/>\n<meta property=\"og:locale\" content=\"sk_SK\" \/>\n<meta property=\"og:type\" content=\"article\" \/>\n<meta property=\"og:title\" content=\"Cenn\u00edk - Elixir Divers\" \/>\n<meta property=\"og:description\" content=\"Cenn\u00edk pot\u00e1pa\u010dsk\u00fdch v\u00fdletov, jednod\u0148ov\u00fdch v\u00fdletov a kurzov PADI\" \/>\n<meta property=\"og:url\" content=\"https:\/\/elixirdivers.com\/pricelist\/\" \/>\n<meta property=\"og:site_name\" content=\"Elixir Divers\" \/>\n<meta property=\"article:publisher\" content=\"https:\/\/www.facebook.com\/Elixir.Divers\/\" \/>\n<meta property=\"article:modified_time\" content=\"2024-08-20T13:45:23+00:00\" \/>\n<meta property=\"og:image\" content=\"https:\/\/elixirdivers.com\/wp-content\/uploads\/2023\/08\/james-bond-island-tour.jpg\" \/>\n\t<meta property=\"og:image:width\" content=\"1334\" \/>\n\t<meta property=\"og:image:height\" content=\"750\" \/>\n\t<meta property=\"og:image:type\" content=\"image\/jpeg\" \/>\n<meta name=\"twitter:card\" content=\"summary_large_image\" \/>\n<meta name=\"twitter:label1\" content=\"Predpokladan\u00fd \u010das \u010d\u00edtania\" \/>\n\t<meta name=\"twitter:data1\" content=\"2 min\u00faty\" \/>\n<script type=\"application\/ld+json\" class=\"yoast-schema-graph\">{\"@context\":\"https:\/\/schema.org\",\"@graph\":[{\"@type\":\"WebPage\",\"@id\":\"https:\/\/elixirdivers.com\/pricelist\/\",\"url\":\"https:\/\/elixirdivers.com\/pricelist\/\",\"name\":\"Cenn\u00edk - Elixir Divers\",\"isPartOf\":{\"@id\":\"https:\/\/elixirdivers.com\/#website\"},\"primaryImageOfPage\":{\"@id\":\"https:\/\/elixirdivers.com\/pricelist\/#primaryimage\"},\"image\":{\"@id\":\"https:\/\/elixirdivers.com\/pricelist\/#primaryimage\"},\"thumbnailUrl\":\"https:\/\/elixirdivers.com\/wp-content\/uploads\/2023\/08\/james-bond-island-tour.jpg\",\"datePublished\":\"2023-09-23T04:36:37+00:00\",\"dateModified\":\"2024-08-20T13:45:23+00:00\",\"description\":\"Cenn\u00edk pot\u00e1pa\u010dsk\u00fdch v\u00fdletov, jednod\u0148ov\u00fdch v\u00fdletov a kurzov PADI\",\"breadcrumb\":{\"@id\":\"https:\/\/elixirdivers.com\/pricelist\/#breadcrumb\"},\"inLanguage\":\"sk-SK\",\"potentialAction\":[{\"@type\":\"ReadAction\",\"target\":[\"https:\/\/elixirdivers.com\/pricelist\/\"]}]},{\"@type\":\"ImageObject\",\"inLanguage\":\"sk-SK\",\"@id\":\"https:\/\/elixirdivers.com\/pricelist\/#primaryimage\",\"url\":\"https:\/\/elixirdivers.com\/wp-content\/uploads\/2023\/08\/james-bond-island-tour.jpg\",\"contentUrl\":\"https:\/\/elixirdivers.com\/wp-content\/uploads\/2023\/08\/james-bond-island-tour.jpg\",\"width\":1334,\"height\":750},{\"@type\":\"BreadcrumbList\",\"@id\":\"https:\/\/elixirdivers.com\/pricelist\/#breadcrumb\",\"itemListElement\":[{\"@type\":\"ListItem\",\"position\":1,\"name\":\"Home\",\"item\":\"https:\/\/elixirdivers.com\/sk\/\"},{\"@type\":\"ListItem\",\"position\":2,\"name\":\"Cenn\u00edk\"}]},{\"@type\":\"WebSite\",\"@id\":\"https:\/\/elixirdivers.com\/#website\",\"url\":\"https:\/\/elixirdivers.com\/\",\"name\":\"Elixir Divers\",\"description\":\"\",\"publisher\":{\"@id\":\"https:\/\/elixirdivers.com\/#organization\"},\"potentialAction\":[{\"@type\":\"SearchAction\",\"target\":{\"@type\":\"EntryPoint\",\"urlTemplate\":\"https:\/\/elixirdivers.com\/?s={search_term_string}\"},\"query-input\":{\"@type\":\"PropertyValueSpecification\",\"valueRequired\":true,\"valueName\":\"search_term_string\"}}],\"inLanguage\":\"sk-SK\"},{\"@type\":\"Organization\",\"@id\":\"https:\/\/elixirdivers.com\/#organization\",\"name\":\"Elixir Divers\",\"url\":\"https:\/\/elixirdivers.com\/\",\"logo\":{\"@type\":\"ImageObject\",\"inLanguage\":\"sk-SK\",\"@id\":\"https:\/\/elixirdivers.com\/#\/schema\/logo\/image\/\",\"url\":\"https:\/\/elixirdivers.com\/wp-content\/uploads\/2018\/12\/elixirdivers-logo-blue-1.svg\",\"contentUrl\":\"https:\/\/elixirdivers.com\/wp-content\/uploads\/2018\/12\/elixirdivers-logo-blue-1.svg\",\"width\":800,\"height\":314,\"caption\":\"Elixir Divers\"},\"image\":{\"@id\":\"https:\/\/elixirdivers.com\/#\/schema\/logo\/image\/\"},\"sameAs\":[\"https:\/\/www.facebook.com\/Elixir.Divers\/\",\"https:\/\/www.instagram.com\/elixirdivers\/\",\"https:\/\/www.youtube.com\/@elixirdivers\"]}]}<\/script>\n<!-- \/ Yoast SEO plugin. -->","yoast_head_json":{"title":"Cenn\u00edk - Elixir Divers","description":"Cenn\u00edk pot\u00e1pa\u010dsk\u00fdch v\u00fdletov, jednod\u0148ov\u00fdch v\u00fdletov a kurzov PADI","robots":{"index":"index","follow":"follow","max-snippet":"max-snippet:-1","max-image-preview":"max-image-preview:large","max-video-preview":"max-video-preview:-1"},"canonical":"https:\/\/elixirdivers.com\/pricelist\/","og_locale":"sk_SK","og_type":"article","og_title":"Cenn\u00edk - Elixir Divers","og_description":"Cenn\u00edk pot\u00e1pa\u010dsk\u00fdch v\u00fdletov, jednod\u0148ov\u00fdch v\u00fdletov a kurzov PADI","og_url":"https:\/\/elixirdivers.com\/pricelist\/","og_site_name":"Elixir Divers","article_publisher":"https:\/\/www.facebook.com\/Elixir.Divers\/","article_modified_time":"2024-08-20T13:45:23+00:00","og_image":[{"width":1334,"height":750,"url":"https:\/\/elixirdivers.com\/wp-content\/uploads\/2023\/08\/james-bond-island-tour.jpg","type":"image\/jpeg"}],"twitter_card":"summary_large_image","twitter_misc":{"Predpokladan\u00fd \u010das \u010d\u00edtania":"2 min\u00faty"},"schema":{"@context":"https:\/\/schema.org","@graph":[{"@type":"WebPage","@id":"https:\/\/elixirdivers.com\/pricelist\/","url":"https:\/\/elixirdivers.com\/pricelist\/","name":"Cenn\u00edk - Elixir Divers","isPartOf":{"@id":"https:\/\/elixirdivers.com\/#website"},"primaryImageOfPage":{"@id":"https:\/\/elixirdivers.com\/pricelist\/#primaryimage"},"image":{"@id":"https:\/\/elixirdivers.com\/pricelist\/#primaryimage"},"thumbnailUrl":"https:\/\/elixirdivers.com\/wp-content\/uploads\/2023\/08\/james-bond-island-tour.jpg","datePublished":"2023-09-23T04:36:37+00:00","dateModified":"2024-08-20T13:45:23+00:00","description":"Cenn\u00edk pot\u00e1pa\u010dsk\u00fdch v\u00fdletov, jednod\u0148ov\u00fdch v\u00fdletov a kurzov PADI","breadcrumb":{"@id":"https:\/\/elixirdivers.com\/pricelist\/#breadcrumb"},"inLanguage":"sk-SK","potentialAction":[{"@type":"ReadAction","target":["https:\/\/elixirdivers.com\/pricelist\/"]}]},{"@type":"ImageObject","inLanguage":"sk-SK","@id":"https:\/\/elixirdivers.com\/pricelist\/#primaryimage","url":"https:\/\/elixirdivers.com\/wp-content\/uploads\/2023\/08\/james-bond-island-tour.jpg","contentUrl":"https:\/\/elixirdivers.com\/wp-content\/uploads\/2023\/08\/james-bond-island-tour.jpg","width":1334,"height":750},{"@type":"BreadcrumbList","@id":"https:\/\/elixirdivers.com\/pricelist\/#breadcrumb","itemListElement":[{"@type":"ListItem","position":1,"name":"Home","item":"https:\/\/elixirdivers.com\/sk\/"},{"@type":"ListItem","position":2,"name":"Cenn\u00edk"}]},{"@type":"WebSite","@id":"https:\/\/elixirdivers.com\/#website","url":"https:\/\/elixirdivers.com\/","name":"Elixir Divers","description":"","publisher":{"@id":"https:\/\/elixirdivers.com\/#organization"},"potentialAction":[{"@type":"SearchAction","target":{"@type":"EntryPoint","urlTemplate":"https:\/\/elixirdivers.com\/?s={search_term_string}"},"query-input":{"@type":"PropertyValueSpecification","valueRequired":true,"valueName":"search_term_string"}}],"inLanguage":"sk-SK"},{"@type":"Organization","@id":"https:\/\/elixirdivers.com\/#organization","name":"Elixir Divers","url":"https:\/\/elixirdivers.com\/","logo":{"@type":"ImageObject","inLanguage":"sk-SK","@id":"https:\/\/elixirdivers.com\/#\/schema\/logo\/image\/","url":"https:\/\/elixirdivers.com\/wp-content\/uploads\/2018\/12\/elixirdivers-logo-blue-1.svg","contentUrl":"https:\/\/elixirdivers.com\/wp-content\/uploads\/2018\/12\/elixirdivers-logo-blue-1.svg","width":800,"height":314,"caption":"Elixir Divers"},"image":{"@id":"https:\/\/elixirdivers.com\/#\/schema\/logo\/image\/"},"sameAs":["https:\/\/www.facebook.com\/Elixir.Divers\/","https:\/\/www.instagram.com\/elixirdivers\/","https:\/\/www.youtube.com\/@elixirdivers"]}]}},"jetpack_sharing_enabled":true,"_links":{"self":[{"href":"https:\/\/elixirdivers.com\/sk\/wp-json\/wp\/v2\/pages\/9462","targetHints":{"allow":["GET"]}}],"collection":[{"href":"https:\/\/elixirdivers.com\/sk\/wp-json\/wp\/v2\/pages"}],"about":[{"href":"https:\/\/elixirdivers.com\/sk\/wp-json\/wp\/v2\/types\/page"}],"author":[{"embeddable":true,"href":"https:\/\/elixirdivers.com\/sk\/wp-json\/wp\/v2\/users\/1"}],"replies":[{"embeddable":true,"href":"https:\/\/elixirdivers.com\/sk\/wp-json\/wp\/v2\/comments?post=9462"}],"version-history":[{"count":6,"href":"https:\/\/elixirdivers.com\/sk\/wp-json\/wp\/v2\/pages\/9462\/revisions"}],"predecessor-version":[{"id":11002,"href":"https:\/\/elixirdivers.com\/sk\/wp-json\/wp\/v2\/pages\/9462\/revisions\/11002"}],"wp:featuredmedia":[{"embeddable":true,"href":"https:\/\/elixirdivers.com\/sk\/wp-json\/wp\/v2\/media\/9404"}],"wp:attachment":[{"href":"https:\/\/elixirdivers.com\/sk\/wp-json\/wp\/v2\/media?parent=9462"}],"curies":[{"name":"wp","href":"https:\/\/api.w.org\/{rel}","templated":true}]}}