{"id":9466,"date":"2023-09-06T08:40:17","date_gmt":"2023-09-06T08:40:17","guid":{"rendered":"http:\/\/elixirdivers.com\/transfers\/"},"modified":"2024-01-14T02:04:56","modified_gmt":"2024-01-14T02:04:56","slug":"transfers","status":"publish","type":"page","link":"https:\/\/elixirdivers.com\/sk\/transfers\/","title":{"rendered":"Transfery"},"content":{"rendered":"<section class=\"wpb-content-wrapper\"><p>[vc_row el_class=&#8220;st-become-feature-wrapper text-center&#8220;][vc_column][vc_empty_space height=&#8220;60px&#8220;][vc_column_text]<\/p>\n<h2 style=\"text-align: center;\"><strong>Ak\u00fd druh transferu h\u013ead\u00e1te?<\/strong><\/h2>\n<p>[\/vc_column_text][vc_empty_space height=&#8220;15px&#8220;][vc_row_inner el_class=&#8220;st-become-feature text-center&#8220;][vc_column_inner el_class=&#8220;column1&#8243; width=&#8220;1\/4&#8243;][vc_single_image image=&#8220;8406&#8243; img_size=&#8220;medium&#8220; alignment=&#8220;center&#8220; onclick=&#8220;custom_link&#8220; link=&#8220;https:\/\/www.elixirdivers.com\/transfers\/full-service-transfers\/&#8220;][vc_column_text]<\/p>\n<h3>Kompletn\u00e9 transfery<\/h3>\n<p>Zabezpe\u010d\u00edme kompletn\u00e9 transfery z Phuketu a Krabi do v\u00e1\u0161ho rezortu na Koh Yao Yai a sp\u00e4\u0165.[\/vc_column_text][vc_btn title=&#8220;Viac inform\u00e1ci\u00ed&#8220; style=&#8220;flat&#8220; color=&#8220;primary&#8220; size=&#8220;sm&#8220; link=&#8220;url:%2Ftransfers%2Ffull-service-transfers%2F|title:Full%20Service%20Transfers&#8220;][\/vc_column_inner][vc_column_inner width=&#8220;1\/4&#8243;][vc_single_image image=&#8220;8681&#8243; img_size=&#8220;medium&#8220; alignment=&#8220;center&#8220; onclick=&#8220;custom_link&#8220; link=&#8220;https:\/\/elixirdivers.com\/transfers\/public-boat-schedule\/&#8220;][vc_column_text]<\/p>\n<h3>Ako sa dosta\u0165 na Koh Yao Yai<\/h3>\n<p>Pozrite si rozpis lod\u00ed, ak si chcete presun zabezpe\u010di\u0165 sami.[\/vc_column_text][vc_btn title=&#8220;Viac inform\u00e1ci\u00ed&#8220; style=&#8220;flat&#8220; color=&#8220;primary&#8220; size=&#8220;sm&#8220; link=&#8220;url:https%3A%2F%2Felixirdivers.com%2Ftransfers%2Fpublic-boat-schedule%2F|title:Public%20Boat%20Schedule%20to%20and%20from%20Koh%20Yao%20Yai&#8220;][\/vc_column_inner][vc_column_inner width=&#8220;1\/4&#8243;][vc_single_image image=&#8220;8404&#8243; img_size=&#8220;medium&#8220; alignment=&#8220;center&#8220; onclick=&#8220;custom_link&#8220; link=&#8220;https:\/\/www.elixirdivers.com\/transfers\/speedboat-transfers\/&#8220;][vc_column_text]<\/p>\n<h3>S\u00fakromn\u00e9 \u200b\u200btransfery motorov\u00fdm \u010dlnom<\/h3>\n<p>Jednosmern\u00e9 transfery motorov\u00fdm \u010dlnom na ostrov Koh Yao Yai a in\u00e9 lokality.<br \/>\nMaxim\u00e1lna kapacita 20 os\u00f4b.[\/vc_column_text][vc_btn title=&#8220;Viac inform\u00e1ci\u00ed&#8220; style=&#8220;flat&#8220; color=&#8220;primary&#8220; size=&#8220;sm&#8220; link=&#8220;url:%2Ftransfers%2Fspeedboat-transfers%2F|title:Speedboat%20Transfers%20to%20and%20from%20Koh%20Yao%20Yai&#8220;][\/vc_column_inner][vc_column_inner width=&#8220;1\/4&#8243;][vc_single_image image=&#8220;8403&#8243; img_size=&#8220;medium&#8220; alignment=&#8220;center&#8220; onclick=&#8220;custom_link&#8220; link=&#8220;https:\/\/www.elixirdivers.com\/transfers\/private-speedboat-charters\/&#8220;][vc_column_text]<\/p>\n<h3>S\u00fakromn\u00e9 \u200b\u200bpren\u00e1jmy motorov\u00fdch \u010dlnov<\/h3>\n<p>Pre t\u00fdch, ktor\u00ed si chc\u00fa u\u017ei\u0165 absol\u00fatne s\u00fakromn\u00e9 \u200b\u200bpot\u00e1panie alebo jednod\u0148ov\u00fd v\u00fdlet s priate\u013emi a rodinou. Maxim\u00e1lna kapacita 20 os\u00f4b.[\/vc_column_text][vc_btn title=&#8220;Viac inform\u00e1ci\u00ed&#8220; style=&#8220;flat&#8220; color=&#8220;primary&#8220; size=&#8220;sm&#8220; link=&#8220;url:%2Ftransfers%2Fprivate-speedboat-charters%2F|title:Private%20Speedboat%20Charters%20from%20Koh%20Yao%20Yai%20or%20Phuket&#8220;][\/vc_column_inner][\/vc_row_inner][vc_empty_space height=&#8220;60px&#8220;][\/vc_column][\/vc_row]<\/p>\n<\/section>","protected":false},"excerpt":{"rendered":"<p>[vc_row el_class=&#8220;st-become-feature-wrapper text-center&#8220;][vc_column][vc_empty_space height=&#8220;60px&#8220;][vc_column_text] Ak\u00fd druh transferu h\u013ead\u00e1te? [\/vc_column_text][vc_empty_space height=&#8220;15px&#8220;][vc_row_inner el_class=&#8220;st-become-feature text-center&#8220;][vc_column_inner el_class=&#8220;column1&#8243; width=&#8220;1\/4&#8243;][vc_single_image image=&#8220;8406&#8243; img_size=&#8220;medium&#8220; alignment=&#8220;center&#8220; onclick=&#8220;custom_link&#8220; link=&#8220;https:\/\/www.elixirdivers.com\/transfers\/full-service-transfers\/&#8220;][vc_column_text] Kompletn\u00e9 transfery Zabezpe\u010d\u00edme kompletn\u00e9 transfery z Phuketu a Krabi do v\u00e1\u0161ho rezortu na Koh Yao Yai a sp\u00e4\u0165.[\/vc_column_text][vc_btn title=&#8220;Viac inform\u00e1ci\u00ed&#8220; style=&#8220;flat&#8220; color=&#8220;primary&#8220; size=&#8220;sm&#8220; link=&#8220;url:%2Ftransfers%2Ffull-service-transfers%2F|title:Full%20Service%20Transfers&#8220;][\/vc_column_inner][vc_column_inner width=&#8220;1\/4&#8243;][vc_single_image image=&#8220;8681&#8243; img_size=&#8220;medium&#8220; alignment=&#8220;center&#8220; onclick=&#8220;custom_link&#8220; link=&#8220;https:\/\/elixirdivers.com\/transfers\/public-boat-schedule\/&#8220;][vc_column_text] Ako sa dosta\u0165 na Koh Yao [&hellip;]<\/p>\n","protected":false},"author":1,"featured_media":8964,"parent":0,"menu_order":0,"comment_status":"closed","ping_status":"closed","template":"template-home-modern.php","meta":{"footnotes":""},"class_list":["post-9466","page","type-page","status-publish","has-post-thumbnail","hentry"],"yoast_head":"<!-- This site is optimized with the Yoast SEO plugin v26.8 - https:\/\/yoast.com\/product\/yoast-seo-wordpress\/ -->\n<title>Transfery - Elixir Divers<\/title>\n<meta name=\"description\" content=\"Zabezpe\u010dujeme kompletn\u00e9 transfery z Phuketu a Krabi do rezortov Koh Yao Yai s\u00fakromn\u00fdmi autami a verejn\u00fdmi motorov\u00fdmi \u010dlnmi.\" \/>\n<meta name=\"robots\" content=\"index, follow, max-snippet:-1, max-image-preview:large, max-video-preview:-1\" \/>\n<link rel=\"canonical\" href=\"http:\/\/elixirdivers.com\/sk\/transfers\/\" \/>\n<meta property=\"og:locale\" content=\"sk_SK\" \/>\n<meta property=\"og:type\" content=\"article\" \/>\n<meta property=\"og:title\" content=\"Transfery - Elixir Divers\" \/>\n<meta property=\"og:description\" content=\"Zabezpe\u010dujeme kompletn\u00e9 transfery z Phuketu a Krabi do rezortov Koh Yao Yai s\u00fakromn\u00fdmi autami a verejn\u00fdmi motorov\u00fdmi \u010dlnmi.\" \/>\n<meta property=\"og:url\" content=\"http:\/\/elixirdivers.com\/sk\/transfers\/\" \/>\n<meta property=\"og:site_name\" content=\"Elixir Divers\" \/>\n<meta property=\"article:publisher\" content=\"https:\/\/www.facebook.com\/Elixir.Divers\/\" \/>\n<meta property=\"article:modified_time\" content=\"2024-01-14T02:04:56+00:00\" \/>\n<meta property=\"og:image\" content=\"http:\/\/elixirdivers.com\/wp-content\/uploads\/2023\/08\/Speedboat-charter3.jpg\" \/>\n\t<meta property=\"og:image:width\" content=\"1800\" \/>\n\t<meta property=\"og:image:height\" content=\"1200\" \/>\n\t<meta property=\"og:image:type\" content=\"image\/jpeg\" \/>\n<meta name=\"twitter:card\" content=\"summary_large_image\" \/>\n<meta name=\"twitter:label1\" content=\"Predpokladan\u00fd \u010das \u010d\u00edtania\" \/>\n\t<meta name=\"twitter:data1\" content=\"2 min\u00faty\" \/>\n<script type=\"application\/ld+json\" class=\"yoast-schema-graph\">{\"@context\":\"https:\/\/schema.org\",\"@graph\":[{\"@type\":\"WebPage\",\"@id\":\"http:\/\/elixirdivers.com\/sk\/transfers\/\",\"url\":\"http:\/\/elixirdivers.com\/sk\/transfers\/\",\"name\":\"Transfery - Elixir Divers\",\"isPartOf\":{\"@id\":\"https:\/\/elixirdivers.com\/#website\"},\"primaryImageOfPage\":{\"@id\":\"http:\/\/elixirdivers.com\/sk\/transfers\/#primaryimage\"},\"image\":{\"@id\":\"http:\/\/elixirdivers.com\/sk\/transfers\/#primaryimage\"},\"thumbnailUrl\":\"https:\/\/elixirdivers.com\/wp-content\/uploads\/2023\/08\/Speedboat-charter3.jpg\",\"datePublished\":\"2023-09-06T08:40:17+00:00\",\"dateModified\":\"2024-01-14T02:04:56+00:00\",\"description\":\"Zabezpe\u010dujeme kompletn\u00e9 transfery z Phuketu a Krabi do rezortov Koh Yao Yai s\u00fakromn\u00fdmi autami a verejn\u00fdmi motorov\u00fdmi \u010dlnmi.\",\"breadcrumb\":{\"@id\":\"http:\/\/elixirdivers.com\/sk\/transfers\/#breadcrumb\"},\"inLanguage\":\"sk-SK\",\"potentialAction\":[{\"@type\":\"ReadAction\",\"target\":[\"http:\/\/elixirdivers.com\/sk\/transfers\/\"]}]},{\"@type\":\"ImageObject\",\"inLanguage\":\"sk-SK\",\"@id\":\"http:\/\/elixirdivers.com\/sk\/transfers\/#primaryimage\",\"url\":\"https:\/\/elixirdivers.com\/wp-content\/uploads\/2023\/08\/Speedboat-charter3.jpg\",\"contentUrl\":\"https:\/\/elixirdivers.com\/wp-content\/uploads\/2023\/08\/Speedboat-charter3.jpg\",\"width\":1800,\"height\":1200,\"caption\":\"2-Engines Speedboat\"},{\"@type\":\"BreadcrumbList\",\"@id\":\"http:\/\/elixirdivers.com\/sk\/transfers\/#breadcrumb\",\"itemListElement\":[{\"@type\":\"ListItem\",\"position\":1,\"name\":\"Home\",\"item\":\"https:\/\/elixirdivers.com\/sk\/\"},{\"@type\":\"ListItem\",\"position\":2,\"name\":\"Transfery\"}]},{\"@type\":\"WebSite\",\"@id\":\"https:\/\/elixirdivers.com\/#website\",\"url\":\"https:\/\/elixirdivers.com\/\",\"name\":\"Elixir Divers\",\"description\":\"\",\"publisher\":{\"@id\":\"https:\/\/elixirdivers.com\/#organization\"},\"potentialAction\":[{\"@type\":\"SearchAction\",\"target\":{\"@type\":\"EntryPoint\",\"urlTemplate\":\"https:\/\/elixirdivers.com\/?s={search_term_string}\"},\"query-input\":{\"@type\":\"PropertyValueSpecification\",\"valueRequired\":true,\"valueName\":\"search_term_string\"}}],\"inLanguage\":\"sk-SK\"},{\"@type\":\"Organization\",\"@id\":\"https:\/\/elixirdivers.com\/#organization\",\"name\":\"Elixir Divers\",\"url\":\"https:\/\/elixirdivers.com\/\",\"logo\":{\"@type\":\"ImageObject\",\"inLanguage\":\"sk-SK\",\"@id\":\"https:\/\/elixirdivers.com\/#\/schema\/logo\/image\/\",\"url\":\"https:\/\/elixirdivers.com\/wp-content\/uploads\/2018\/12\/elixirdivers-logo-blue-1.svg\",\"contentUrl\":\"https:\/\/elixirdivers.com\/wp-content\/uploads\/2018\/12\/elixirdivers-logo-blue-1.svg\",\"width\":800,\"height\":314,\"caption\":\"Elixir Divers\"},\"image\":{\"@id\":\"https:\/\/elixirdivers.com\/#\/schema\/logo\/image\/\"},\"sameAs\":[\"https:\/\/www.facebook.com\/Elixir.Divers\/\",\"https:\/\/www.instagram.com\/elixirdivers\/\",\"https:\/\/www.youtube.com\/@elixirdivers\"]}]}<\/script>\n<!-- \/ Yoast SEO plugin. -->","yoast_head_json":{"title":"Transfery - Elixir Divers","description":"Zabezpe\u010dujeme kompletn\u00e9 transfery z Phuketu a Krabi do rezortov Koh Yao Yai s\u00fakromn\u00fdmi autami a verejn\u00fdmi motorov\u00fdmi \u010dlnmi.","robots":{"index":"index","follow":"follow","max-snippet":"max-snippet:-1","max-image-preview":"max-image-preview:large","max-video-preview":"max-video-preview:-1"},"canonical":"http:\/\/elixirdivers.com\/sk\/transfers\/","og_locale":"sk_SK","og_type":"article","og_title":"Transfery - Elixir Divers","og_description":"Zabezpe\u010dujeme kompletn\u00e9 transfery z Phuketu a Krabi do rezortov Koh Yao Yai s\u00fakromn\u00fdmi autami a verejn\u00fdmi motorov\u00fdmi \u010dlnmi.","og_url":"http:\/\/elixirdivers.com\/sk\/transfers\/","og_site_name":"Elixir Divers","article_publisher":"https:\/\/www.facebook.com\/Elixir.Divers\/","article_modified_time":"2024-01-14T02:04:56+00:00","og_image":[{"width":1800,"height":1200,"url":"http:\/\/elixirdivers.com\/wp-content\/uploads\/2023\/08\/Speedboat-charter3.jpg","type":"image\/jpeg"}],"twitter_card":"summary_large_image","twitter_misc":{"Predpokladan\u00fd \u010das \u010d\u00edtania":"2 min\u00faty"},"schema":{"@context":"https:\/\/schema.org","@graph":[{"@type":"WebPage","@id":"http:\/\/elixirdivers.com\/sk\/transfers\/","url":"http:\/\/elixirdivers.com\/sk\/transfers\/","name":"Transfery - Elixir Divers","isPartOf":{"@id":"https:\/\/elixirdivers.com\/#website"},"primaryImageOfPage":{"@id":"http:\/\/elixirdivers.com\/sk\/transfers\/#primaryimage"},"image":{"@id":"http:\/\/elixirdivers.com\/sk\/transfers\/#primaryimage"},"thumbnailUrl":"https:\/\/elixirdivers.com\/wp-content\/uploads\/2023\/08\/Speedboat-charter3.jpg","datePublished":"2023-09-06T08:40:17+00:00","dateModified":"2024-01-14T02:04:56+00:00","description":"Zabezpe\u010dujeme kompletn\u00e9 transfery z Phuketu a Krabi do rezortov Koh Yao Yai s\u00fakromn\u00fdmi autami a verejn\u00fdmi motorov\u00fdmi \u010dlnmi.","breadcrumb":{"@id":"http:\/\/elixirdivers.com\/sk\/transfers\/#breadcrumb"},"inLanguage":"sk-SK","potentialAction":[{"@type":"ReadAction","target":["http:\/\/elixirdivers.com\/sk\/transfers\/"]}]},{"@type":"ImageObject","inLanguage":"sk-SK","@id":"http:\/\/elixirdivers.com\/sk\/transfers\/#primaryimage","url":"https:\/\/elixirdivers.com\/wp-content\/uploads\/2023\/08\/Speedboat-charter3.jpg","contentUrl":"https:\/\/elixirdivers.com\/wp-content\/uploads\/2023\/08\/Speedboat-charter3.jpg","width":1800,"height":1200,"caption":"2-Engines Speedboat"},{"@type":"BreadcrumbList","@id":"http:\/\/elixirdivers.com\/sk\/transfers\/#breadcrumb","itemListElement":[{"@type":"ListItem","position":1,"name":"Home","item":"https:\/\/elixirdivers.com\/sk\/"},{"@type":"ListItem","position":2,"name":"Transfery"}]},{"@type":"WebSite","@id":"https:\/\/elixirdivers.com\/#website","url":"https:\/\/elixirdivers.com\/","name":"Elixir Divers","description":"","publisher":{"@id":"https:\/\/elixirdivers.com\/#organization"},"potentialAction":[{"@type":"SearchAction","target":{"@type":"EntryPoint","urlTemplate":"https:\/\/elixirdivers.com\/?s={search_term_string}"},"query-input":{"@type":"PropertyValueSpecification","valueRequired":true,"valueName":"search_term_string"}}],"inLanguage":"sk-SK"},{"@type":"Organization","@id":"https:\/\/elixirdivers.com\/#organization","name":"Elixir Divers","url":"https:\/\/elixirdivers.com\/","logo":{"@type":"ImageObject","inLanguage":"sk-SK","@id":"https:\/\/elixirdivers.com\/#\/schema\/logo\/image\/","url":"https:\/\/elixirdivers.com\/wp-content\/uploads\/2018\/12\/elixirdivers-logo-blue-1.svg","contentUrl":"https:\/\/elixirdivers.com\/wp-content\/uploads\/2018\/12\/elixirdivers-logo-blue-1.svg","width":800,"height":314,"caption":"Elixir Divers"},"image":{"@id":"https:\/\/elixirdivers.com\/#\/schema\/logo\/image\/"},"sameAs":["https:\/\/www.facebook.com\/Elixir.Divers\/","https:\/\/www.instagram.com\/elixirdivers\/","https:\/\/www.youtube.com\/@elixirdivers"]}]}},"jetpack_sharing_enabled":true,"_links":{"self":[{"href":"https:\/\/elixirdivers.com\/sk\/wp-json\/wp\/v2\/pages\/9466","targetHints":{"allow":["GET"]}}],"collection":[{"href":"https:\/\/elixirdivers.com\/sk\/wp-json\/wp\/v2\/pages"}],"about":[{"href":"https:\/\/elixirdivers.com\/sk\/wp-json\/wp\/v2\/types\/page"}],"author":[{"embeddable":true,"href":"https:\/\/elixirdivers.com\/sk\/wp-json\/wp\/v2\/users\/1"}],"replies":[{"embeddable":true,"href":"https:\/\/elixirdivers.com\/sk\/wp-json\/wp\/v2\/comments?post=9466"}],"version-history":[{"count":6,"href":"https:\/\/elixirdivers.com\/sk\/wp-json\/wp\/v2\/pages\/9466\/revisions"}],"predecessor-version":[{"id":10633,"href":"https:\/\/elixirdivers.com\/sk\/wp-json\/wp\/v2\/pages\/9466\/revisions\/10633"}],"wp:featuredmedia":[{"embeddable":true,"href":"https:\/\/elixirdivers.com\/sk\/wp-json\/wp\/v2\/media\/8964"}],"wp:attachment":[{"href":"https:\/\/elixirdivers.com\/sk\/wp-json\/wp\/v2\/media?parent=9466"}],"curies":[{"name":"wp","href":"https:\/\/api.w.org\/{rel}","templated":true}]}}