{"id":9468,"date":"2023-09-06T12:13:22","date_gmt":"2023-09-06T12:13:22","guid":{"rendered":"http:\/\/elixirdivers.com\/transfers\/full-service-transfers\/"},"modified":"2023-11-12T10:48:30","modified_gmt":"2023-11-12T10:48:30","slug":"full-service-transfers","status":"publish","type":"page","link":"https:\/\/elixirdivers.com\/sk\/transfers\/full-service-transfers\/","title":{"rendered":"Kompletn\u00e9 transfery z Phuketu do Kho Yao Yai"},"content":{"rendered":"<section class=\"wpb-content-wrapper\"><p>[vc_row][vc_column][vc_empty_space height=&#8220;60px&#8220;][vc_column_text el_class=&#8220;st-aboutus-content&#8220;]<strong>Zabezpe\u010d\u00edme kompletn\u00e9 transfery z medzin\u00e1rodn\u00e9ho letiska Phuket alebo ak\u00e9hoko\u013evek miesta v Phukete na ostrov Koh Yao Yai.<\/strong> Cena z\u00e1vis\u00ed od polohy a ve\u013ekosti skupiny. Pre n\u00e1ro\u010dnej\u0161\u00edch host\u00ed pon\u00fakame aj s\u00fakromn\u00fa dopravu motorov\u00fdm \u010dlnom z m\u00f3la Laem Hin v Phukete na ostrov Koh Yao Yai pomocou n\u00e1\u0161ho <a title=\"R\u00fdchlostn\u00e9ho \u010dlna\" href=\"\/?page_id=487\">r\u00fdchlov\u00fdm \u010dlnom Elixir II<\/a>. Priamo na juh Koh Yao to trv\u00e1 40 min\u00fat.<\/p>\n<p>Ak chcete z\u00edska\u0165 cenov\u00fa ponuku na tak\u00fato slu\u017ebu, kontaktujte n\u00e1s. V z\u00e1vislosti od dostupnosti.[\/vc_column_text][vc_custom_heading text=&#8220;Od rezerv\u00e1cie transferu z Phuketu na Koh Yao Yai v\u00e1s delia 3 jednoduch\u00e9 kroky&#8220; font_container=&#8220;tag:h2|text_align:center&#8220; use_theme_fonts=&#8220;yes&#8220; el_class=&#8220;st-aboutus-title&#8220;][vc_row_inner css=&#8220;.vc_custom_1693840740353{margin-top: 20px !important;}&#8220;][vc_column_inner width=&#8220;1\/3&#8243;][vc_icon icon_fontawesome=&#8220;fas fa-ship&#8220; color=&#8220;custom&#8220; align=&#8220;center&#8220; custom_color=&#8220;#0273c8&#8243;][vc_custom_heading text=&#8220;1. Dajte n\u00e1m pokyny&#8220; font_container=&#8220;tag:h3|text_align:center&#8220; use_theme_fonts=&#8220;yes&#8220;][\/vc_column_inner][vc_column_inner width=&#8220;1\/3&#8243;][vc_icon icon_fontawesome=&#8220;fas fa-user-circle&#8220; color=&#8220;custom&#8220; align=&#8220;center&#8220; custom_color=&#8220;#0273c8&#8243;][vc_custom_heading text=&#8220;2. Povedzte n\u00e1m, kto ste&#8220; font_container=&#8220;tag:h3|text_align:center&#8220; use_theme_fonts=&#8220;yes&#8220;][\/vc_column_inner][vc_column_inner width=&#8220;1\/3&#8243;][vc_icon icon_fontawesome=&#8220;far fa-money-bill-alt&#8220; color=&#8220;custom&#8220; align=&#8220;center&#8220; custom_color=&#8220;#0273c8&#8243;][vc_custom_heading text=&#8220;3. Zapla\u0165te pri pr\u00edchode&#8220; font_container=&#8220;tag:h3|text_align:center&#8220; use_theme_fonts=&#8220;yes&#8220;][\/vc_column_inner][\/vc_row_inner][vc_row_inner css=&#8220;.vc_custom_1693988814109{margin-top: 50px !important;padding-top: 30px !important;background-color: #ffffff !important;border-radius: 20px !important;}&#8220;][vc_column_inner][vc_custom_heading text=&#8220;Zarezervujte si transfer&#8220; font_container=&#8220;tag:h2|text_align:center&#8220; use_theme_fonts=&#8220;yes&#8220; el_class=&#8220;st-aboutus-title&#8220;][vc_raw_html]JTVCbmluamFfZm9ybSUyMGlkJTNEJTIyMiUyMiU1RA==[\/vc_raw_html][\/vc_column_inner][\/vc_row_inner][vc_empty_space height=&#8220;60px&#8220;][\/vc_column][\/vc_row]<\/p>\n<\/section>","protected":false},"excerpt":{"rendered":"<p>[vc_row][vc_column][vc_empty_space height=&#8220;60px&#8220;][vc_column_text el_class=&#8220;st-aboutus-content&#8220;]Zabezpe\u010d\u00edme kompletn\u00e9 transfery z medzin\u00e1rodn\u00e9ho letiska Phuket alebo ak\u00e9hoko\u013evek miesta v Phukete na ostrov Koh Yao Yai. Cena z\u00e1vis\u00ed od polohy a ve\u013ekosti skupiny. Pre n\u00e1ro\u010dnej\u0161\u00edch host\u00ed pon\u00fakame aj s\u00fakromn\u00fa dopravu motorov\u00fdm \u010dlnom z m\u00f3la Laem Hin v Phukete na ostrov Koh Yao Yai pomocou n\u00e1\u0161ho r\u00fdchlov\u00fdm \u010dlnom Elixir II. Priamo na juh [&hellip;]<\/p>\n","protected":false},"author":1,"featured_media":8966,"parent":9466,"menu_order":0,"comment_status":"closed","ping_status":"closed","template":"template-home-modern.php","meta":{"footnotes":""},"class_list":["post-9468","page","type-page","status-publish","has-post-thumbnail","hentry"],"yoast_head":"<!-- This site is optimized with the Yoast SEO plugin v26.8 - https:\/\/yoast.com\/product\/yoast-seo-wordpress\/ -->\n<title>Kompletn\u00e9 transfery z Phuketu do Kho Yao Yai - Elixir Divers<\/title>\n<meta name=\"robots\" content=\"index, follow, max-snippet:-1, max-image-preview:large, max-video-preview:-1\" \/>\n<link rel=\"canonical\" href=\"https:\/\/elixirdivers.com\/transfer-to-koh-yao-yai\/transfers-to-koh-yao-yai\/\" \/>\n<meta property=\"og:locale\" content=\"sk_SK\" \/>\n<meta property=\"og:type\" content=\"article\" \/>\n<meta property=\"og:title\" content=\"Kompletn\u00e9 transfery z Phuketu do Kho Yao Yai - Elixir Divers\" \/>\n<meta property=\"og:description\" content=\"[vc_row][vc_column][vc_empty_space height=&#8220;60px&#8220;][vc_column_text el_class=&#8220;st-aboutus-content&#8220;]Zabezpe\u010d\u00edme kompletn\u00e9 transfery z medzin\u00e1rodn\u00e9ho letiska Phuket alebo ak\u00e9hoko\u013evek miesta v Phukete na ostrov Koh Yao Yai. Cena z\u00e1vis\u00ed od polohy a ve\u013ekosti skupiny. Pre n\u00e1ro\u010dnej\u0161\u00edch host\u00ed pon\u00fakame aj s\u00fakromn\u00fa dopravu motorov\u00fdm \u010dlnom z m\u00f3la Laem Hin v Phukete na ostrov Koh Yao Yai pomocou n\u00e1\u0161ho r\u00fdchlov\u00fdm \u010dlnom Elixir II. Priamo na juh [&hellip;]\" \/>\n<meta property=\"og:url\" content=\"https:\/\/elixirdivers.com\/transfer-to-koh-yao-yai\/transfers-to-koh-yao-yai\/\" \/>\n<meta property=\"og:site_name\" content=\"Elixir Divers\" \/>\n<meta property=\"article:publisher\" content=\"https:\/\/www.facebook.com\/Elixir.Divers\/\" \/>\n<meta property=\"article:modified_time\" content=\"2023-11-12T10:48:30+00:00\" \/>\n<meta property=\"og:image\" content=\"https:\/\/elixirdivers.com\/wp-content\/uploads\/2023\/08\/Speedboat-charter4.jpg\" \/>\n\t<meta property=\"og:image:width\" content=\"1800\" \/>\n\t<meta property=\"og:image:height\" content=\"1200\" \/>\n\t<meta property=\"og:image:type\" content=\"image\/jpeg\" \/>\n<meta name=\"twitter:card\" content=\"summary_large_image\" \/>\n<meta name=\"twitter:label1\" content=\"Predpokladan\u00fd \u010das \u010d\u00edtania\" \/>\n\t<meta name=\"twitter:data1\" content=\"1 min\u00fata\" \/>\n<script type=\"application\/ld+json\" class=\"yoast-schema-graph\">{\"@context\":\"https:\/\/schema.org\",\"@graph\":[{\"@type\":\"WebPage\",\"@id\":\"https:\/\/elixirdivers.com\/transfer-to-koh-yao-yai\/transfers-to-koh-yao-yai\/\",\"url\":\"https:\/\/elixirdivers.com\/transfer-to-koh-yao-yai\/transfers-to-koh-yao-yai\/\",\"name\":\"Kompletn\u00e9 transfery z Phuketu do Kho Yao Yai - Elixir Divers\",\"isPartOf\":{\"@id\":\"https:\/\/elixirdivers.com\/#website\"},\"primaryImageOfPage\":{\"@id\":\"https:\/\/elixirdivers.com\/transfer-to-koh-yao-yai\/transfers-to-koh-yao-yai\/#primaryimage\"},\"image\":{\"@id\":\"https:\/\/elixirdivers.com\/transfer-to-koh-yao-yai\/transfers-to-koh-yao-yai\/#primaryimage\"},\"thumbnailUrl\":\"https:\/\/elixirdivers.com\/wp-content\/uploads\/2023\/08\/Speedboat-charter4.jpg\",\"datePublished\":\"2023-09-06T12:13:22+00:00\",\"dateModified\":\"2023-11-12T10:48:30+00:00\",\"breadcrumb\":{\"@id\":\"https:\/\/elixirdivers.com\/transfer-to-koh-yao-yai\/transfers-to-koh-yao-yai\/#breadcrumb\"},\"inLanguage\":\"sk-SK\",\"potentialAction\":[{\"@type\":\"ReadAction\",\"target\":[\"https:\/\/elixirdivers.com\/transfer-to-koh-yao-yai\/transfers-to-koh-yao-yai\/\"]}]},{\"@type\":\"ImageObject\",\"inLanguage\":\"sk-SK\",\"@id\":\"https:\/\/elixirdivers.com\/transfer-to-koh-yao-yai\/transfers-to-koh-yao-yai\/#primaryimage\",\"url\":\"https:\/\/elixirdivers.com\/wp-content\/uploads\/2023\/08\/Speedboat-charter4.jpg\",\"contentUrl\":\"https:\/\/elixirdivers.com\/wp-content\/uploads\/2023\/08\/Speedboat-charter4.jpg\",\"width\":1800,\"height\":1200,\"caption\":\"2-Engines Speedboat\"},{\"@type\":\"BreadcrumbList\",\"@id\":\"https:\/\/elixirdivers.com\/transfer-to-koh-yao-yai\/transfers-to-koh-yao-yai\/#breadcrumb\",\"itemListElement\":[{\"@type\":\"ListItem\",\"position\":1,\"name\":\"Home\",\"item\":\"https:\/\/elixirdivers.com\/sk\/\"},{\"@type\":\"ListItem\",\"position\":2,\"name\":\"Transfery\",\"item\":\"http:\/\/elixirdivers.com\/sk\/transfers\/\"},{\"@type\":\"ListItem\",\"position\":3,\"name\":\"Kompletn\u00e9 transfery z Phuketu do Kho Yao Yai\"}]},{\"@type\":\"WebSite\",\"@id\":\"https:\/\/elixirdivers.com\/#website\",\"url\":\"https:\/\/elixirdivers.com\/\",\"name\":\"Elixir Divers\",\"description\":\"\",\"publisher\":{\"@id\":\"https:\/\/elixirdivers.com\/#organization\"},\"potentialAction\":[{\"@type\":\"SearchAction\",\"target\":{\"@type\":\"EntryPoint\",\"urlTemplate\":\"https:\/\/elixirdivers.com\/?s={search_term_string}\"},\"query-input\":{\"@type\":\"PropertyValueSpecification\",\"valueRequired\":true,\"valueName\":\"search_term_string\"}}],\"inLanguage\":\"sk-SK\"},{\"@type\":\"Organization\",\"@id\":\"https:\/\/elixirdivers.com\/#organization\",\"name\":\"Elixir Divers\",\"url\":\"https:\/\/elixirdivers.com\/\",\"logo\":{\"@type\":\"ImageObject\",\"inLanguage\":\"sk-SK\",\"@id\":\"https:\/\/elixirdivers.com\/#\/schema\/logo\/image\/\",\"url\":\"https:\/\/elixirdivers.com\/wp-content\/uploads\/2018\/12\/elixirdivers-logo-blue-1.svg\",\"contentUrl\":\"https:\/\/elixirdivers.com\/wp-content\/uploads\/2018\/12\/elixirdivers-logo-blue-1.svg\",\"width\":800,\"height\":314,\"caption\":\"Elixir Divers\"},\"image\":{\"@id\":\"https:\/\/elixirdivers.com\/#\/schema\/logo\/image\/\"},\"sameAs\":[\"https:\/\/www.facebook.com\/Elixir.Divers\/\",\"https:\/\/www.instagram.com\/elixirdivers\/\",\"https:\/\/www.youtube.com\/@elixirdivers\"]}]}<\/script>\n<!-- \/ Yoast SEO plugin. -->","yoast_head_json":{"title":"Kompletn\u00e9 transfery z Phuketu do Kho Yao Yai - Elixir Divers","robots":{"index":"index","follow":"follow","max-snippet":"max-snippet:-1","max-image-preview":"max-image-preview:large","max-video-preview":"max-video-preview:-1"},"canonical":"https:\/\/elixirdivers.com\/transfer-to-koh-yao-yai\/transfers-to-koh-yao-yai\/","og_locale":"sk_SK","og_type":"article","og_title":"Kompletn\u00e9 transfery z Phuketu do Kho Yao Yai - Elixir Divers","og_description":"[vc_row][vc_column][vc_empty_space height=&#8220;60px&#8220;][vc_column_text el_class=&#8220;st-aboutus-content&#8220;]Zabezpe\u010d\u00edme kompletn\u00e9 transfery z medzin\u00e1rodn\u00e9ho letiska Phuket alebo ak\u00e9hoko\u013evek miesta v Phukete na ostrov Koh Yao Yai. Cena z\u00e1vis\u00ed od polohy a ve\u013ekosti skupiny. Pre n\u00e1ro\u010dnej\u0161\u00edch host\u00ed pon\u00fakame aj s\u00fakromn\u00fa dopravu motorov\u00fdm \u010dlnom z m\u00f3la Laem Hin v Phukete na ostrov Koh Yao Yai pomocou n\u00e1\u0161ho r\u00fdchlov\u00fdm \u010dlnom Elixir II. Priamo na juh [&hellip;]","og_url":"https:\/\/elixirdivers.com\/transfer-to-koh-yao-yai\/transfers-to-koh-yao-yai\/","og_site_name":"Elixir Divers","article_publisher":"https:\/\/www.facebook.com\/Elixir.Divers\/","article_modified_time":"2023-11-12T10:48:30+00:00","og_image":[{"width":1800,"height":1200,"url":"https:\/\/elixirdivers.com\/wp-content\/uploads\/2023\/08\/Speedboat-charter4.jpg","type":"image\/jpeg"}],"twitter_card":"summary_large_image","twitter_misc":{"Predpokladan\u00fd \u010das \u010d\u00edtania":"1 min\u00fata"},"schema":{"@context":"https:\/\/schema.org","@graph":[{"@type":"WebPage","@id":"https:\/\/elixirdivers.com\/transfer-to-koh-yao-yai\/transfers-to-koh-yao-yai\/","url":"https:\/\/elixirdivers.com\/transfer-to-koh-yao-yai\/transfers-to-koh-yao-yai\/","name":"Kompletn\u00e9 transfery z Phuketu do Kho Yao Yai - Elixir Divers","isPartOf":{"@id":"https:\/\/elixirdivers.com\/#website"},"primaryImageOfPage":{"@id":"https:\/\/elixirdivers.com\/transfer-to-koh-yao-yai\/transfers-to-koh-yao-yai\/#primaryimage"},"image":{"@id":"https:\/\/elixirdivers.com\/transfer-to-koh-yao-yai\/transfers-to-koh-yao-yai\/#primaryimage"},"thumbnailUrl":"https:\/\/elixirdivers.com\/wp-content\/uploads\/2023\/08\/Speedboat-charter4.jpg","datePublished":"2023-09-06T12:13:22+00:00","dateModified":"2023-11-12T10:48:30+00:00","breadcrumb":{"@id":"https:\/\/elixirdivers.com\/transfer-to-koh-yao-yai\/transfers-to-koh-yao-yai\/#breadcrumb"},"inLanguage":"sk-SK","potentialAction":[{"@type":"ReadAction","target":["https:\/\/elixirdivers.com\/transfer-to-koh-yao-yai\/transfers-to-koh-yao-yai\/"]}]},{"@type":"ImageObject","inLanguage":"sk-SK","@id":"https:\/\/elixirdivers.com\/transfer-to-koh-yao-yai\/transfers-to-koh-yao-yai\/#primaryimage","url":"https:\/\/elixirdivers.com\/wp-content\/uploads\/2023\/08\/Speedboat-charter4.jpg","contentUrl":"https:\/\/elixirdivers.com\/wp-content\/uploads\/2023\/08\/Speedboat-charter4.jpg","width":1800,"height":1200,"caption":"2-Engines Speedboat"},{"@type":"BreadcrumbList","@id":"https:\/\/elixirdivers.com\/transfer-to-koh-yao-yai\/transfers-to-koh-yao-yai\/#breadcrumb","itemListElement":[{"@type":"ListItem","position":1,"name":"Home","item":"https:\/\/elixirdivers.com\/sk\/"},{"@type":"ListItem","position":2,"name":"Transfery","item":"http:\/\/elixirdivers.com\/sk\/transfers\/"},{"@type":"ListItem","position":3,"name":"Kompletn\u00e9 transfery z Phuketu do Kho Yao Yai"}]},{"@type":"WebSite","@id":"https:\/\/elixirdivers.com\/#website","url":"https:\/\/elixirdivers.com\/","name":"Elixir Divers","description":"","publisher":{"@id":"https:\/\/elixirdivers.com\/#organization"},"potentialAction":[{"@type":"SearchAction","target":{"@type":"EntryPoint","urlTemplate":"https:\/\/elixirdivers.com\/?s={search_term_string}"},"query-input":{"@type":"PropertyValueSpecification","valueRequired":true,"valueName":"search_term_string"}}],"inLanguage":"sk-SK"},{"@type":"Organization","@id":"https:\/\/elixirdivers.com\/#organization","name":"Elixir Divers","url":"https:\/\/elixirdivers.com\/","logo":{"@type":"ImageObject","inLanguage":"sk-SK","@id":"https:\/\/elixirdivers.com\/#\/schema\/logo\/image\/","url":"https:\/\/elixirdivers.com\/wp-content\/uploads\/2018\/12\/elixirdivers-logo-blue-1.svg","contentUrl":"https:\/\/elixirdivers.com\/wp-content\/uploads\/2018\/12\/elixirdivers-logo-blue-1.svg","width":800,"height":314,"caption":"Elixir Divers"},"image":{"@id":"https:\/\/elixirdivers.com\/#\/schema\/logo\/image\/"},"sameAs":["https:\/\/www.facebook.com\/Elixir.Divers\/","https:\/\/www.instagram.com\/elixirdivers\/","https:\/\/www.youtube.com\/@elixirdivers"]}]}},"jetpack_sharing_enabled":true,"_links":{"self":[{"href":"https:\/\/elixirdivers.com\/sk\/wp-json\/wp\/v2\/pages\/9468","targetHints":{"allow":["GET"]}}],"collection":[{"href":"https:\/\/elixirdivers.com\/sk\/wp-json\/wp\/v2\/pages"}],"about":[{"href":"https:\/\/elixirdivers.com\/sk\/wp-json\/wp\/v2\/types\/page"}],"author":[{"embeddable":true,"href":"https:\/\/elixirdivers.com\/sk\/wp-json\/wp\/v2\/users\/1"}],"replies":[{"embeddable":true,"href":"https:\/\/elixirdivers.com\/sk\/wp-json\/wp\/v2\/comments?post=9468"}],"version-history":[{"count":2,"href":"https:\/\/elixirdivers.com\/sk\/wp-json\/wp\/v2\/pages\/9468\/revisions"}],"predecessor-version":[{"id":10149,"href":"https:\/\/elixirdivers.com\/sk\/wp-json\/wp\/v2\/pages\/9468\/revisions\/10149"}],"up":[{"embeddable":true,"href":"https:\/\/elixirdivers.com\/sk\/wp-json\/wp\/v2\/pages\/9466"}],"wp:featuredmedia":[{"embeddable":true,"href":"https:\/\/elixirdivers.com\/sk\/wp-json\/wp\/v2\/media\/8966"}],"wp:attachment":[{"href":"https:\/\/elixirdivers.com\/sk\/wp-json\/wp\/v2\/media?parent=9468"}],"curies":[{"name":"wp","href":"https:\/\/api.w.org\/{rel}","templated":true}]}}