{"id":9470,"date":"2023-09-06T12:38:19","date_gmt":"2023-09-06T12:38:19","guid":{"rendered":"http:\/\/elixirdivers.com\/transfers\/private-speedboat-charters\/"},"modified":"2023-11-12T11:40:22","modified_gmt":"2023-11-12T11:40:22","slug":"private-speedboat-charters","status":"publish","type":"page","link":"https:\/\/elixirdivers.com\/sk\/transfers\/private-speedboat-charters\/","title":{"rendered":"Soukrom\u00fd pren\u00e1jom motorov\u00e9ho \u010dlnu"},"content":{"rendered":"<section class=\"wpb-content-wrapper\"><p>[vc_row][vc_column][vc_empty_space height=&#8220;60px&#8220;][vc_column_text]Pren\u00e1jom motorov\u00e9ho \u010dlna je pre t\u00fdch, ktor\u00ed si chc\u00fa u\u017ei\u0165 absol\u00fatne s\u00fakromn\u00e9 \u200b\u200bpot\u00e1panie alebo jednod\u0148ov\u00fd v\u00fdlet s priate\u013emi a rodinou. \u010cas za\u010da\u0165 objavova\u0165 je na va\u0161om pohodl\u00ed a harmonogram z\u00e1vis\u00ed od v\u00e1s a podmienok na mori. N\u00e1\u0161 motorov\u00fd \u010dln m\u00e1 motory Suzuki 300 HP a je po kompletnej renov\u00e1cii v roku 2019.<\/p>\n<p>Na\u0161e chartery za\u010d\u00edname z Phuketu (Royal Phuket Marina, m\u00f3lo Jian Wanich), Koh Yao Yai alebo Koh Yao Noi.<\/p>\n<p>A ak m\u00e1te nejak\u00fa \u0161peci\u00e1lnu po\u017eiadavku alebo destin\u00e1ciu, dajte n\u00e1m vedie\u0165, vypracujeme V\u00e1m individu\u00e1lnu cenov\u00fa ponuku.<\/p>\n<p>Ni\u017e\u0161ie uveden\u00e9 ceny s\u00fa stanoven\u00e9 pre odchod z m\u00f3la Loh Jark na Koh Yao Yai<\/p>\n<h3>Miesta na pot\u00e1panie &amp; Ceny<\/h3>\n<p>[id tabu\u013eky=2 \/][\/vc_column_text][vc_raw_html]JTVCdGFibGUlMjBpZCUzRCUyMjMlMjIlNUQ=[\/vc_raw_html][vc_column_text]<\/p>\n<h4>Cena zah\u0155\u0148a<\/h4>\n<ul>\n<li>s\u00fakromn\u00fd pren\u00e1jom motorov\u00e9ho \u010dlna<\/li>\n<li>kapit\u00e1n, \u010dln a pot\u00e1pa\u010d<\/li>\n<li>nealkoholick\u00e9 n\u00e1poje a ovocie<\/li>\n<li>maxim\u00e1lne 5\u00a0pot\u00e1pa\u010dov<\/li>\n<\/ul>\n<h4>Nie je zahrnut\u00e9 v cene<\/h4>\n<ul>\n<li>Poplatky za n\u00e1rodn\u00fd park na ostrovoch Phi Phi \u2013 600 THB\/pot\u00e1pa\u010d, 400 THB\/nepot\u00e1pa\u010d<\/li>\n<li>2 n\u00e1dr\u017ee, vybavenie a z\u00e1va\u017eia na pot\u00e1pa\u010da \u2013 3 000 THB\/pot\u00e1pa\u010da<\/li>\n<\/ul>\n<p>[\/vc_column_text][vc_separator border_width=&#8220;2&#8243;][vc_column_text]<\/p>\n<h3>Celodenn\u00fd pren\u00e1jom motorov\u00e9ho \u010dlna<\/h3>\n<p>[\/vc_column_text][vc_raw_html]JTVCdGFibGUlMjBpZCUzRCUyMjIlMjIlNUQ=[\/vc_raw_html][vc_column_text]<\/p>\n<h4>Cena zah\u0155\u0148a<\/h4>\n<ul>\n<li>s\u00fakromn\u00fd pren\u00e1jom motorov\u00e9ho \u010dlna<\/li>\n<li>kapit\u00e1n, \u010dln a sprievodca<\/li>\n<li>nealkoholick\u00e9 n\u00e1poje a ovocie<\/li>\n<li>maxim\u00e1lne 6 os\u00f4b<\/li>\n<\/ul>\n<p><em>Ceny sa m\u00f4\u017eu zmeni\u0165.<\/em>[\/vc_column_text][vc_empty_space height=&#8220;60px&#8220;][\/vc_column][\/vc_row]<\/p>\n<\/section>","protected":false},"excerpt":{"rendered":"<p>[vc_row][vc_column][vc_empty_space height=&#8220;60px&#8220;][vc_column_text]Pren\u00e1jom motorov\u00e9ho \u010dlna je pre t\u00fdch, ktor\u00ed si chc\u00fa u\u017ei\u0165 absol\u00fatne s\u00fakromn\u00e9 \u200b\u200bpot\u00e1panie alebo jednod\u0148ov\u00fd v\u00fdlet s priate\u013emi a rodinou. \u010cas za\u010da\u0165 objavova\u0165 je na va\u0161om pohodl\u00ed a harmonogram z\u00e1vis\u00ed od v\u00e1s a podmienok na mori. N\u00e1\u0161 motorov\u00fd \u010dln m\u00e1 motory Suzuki 300 HP a je po kompletnej renov\u00e1cii v roku 2019. Na\u0161e chartery [&hellip;]<\/p>\n","protected":false},"author":1,"featured_media":8960,"parent":9466,"menu_order":0,"comment_status":"closed","ping_status":"closed","template":"template-home-modern.php","meta":{"footnotes":""},"class_list":["post-9470","page","type-page","status-publish","has-post-thumbnail","hentry"],"yoast_head":"<!-- This site is optimized with the Yoast SEO plugin v26.8 - https:\/\/yoast.com\/product\/yoast-seo-wordpress\/ -->\n<title>Soukrom\u00fd pren\u00e1jom motorov\u00e9ho \u010dlnu - Elixir Divers<\/title>\n<meta name=\"robots\" content=\"index, follow, max-snippet:-1, max-image-preview:large, max-video-preview:-1\" \/>\n<link rel=\"canonical\" href=\"https:\/\/elixirdivers.com\/transfer-to-koh-yao-yai\/private-speedboat-charters\/\" \/>\n<meta property=\"og:locale\" content=\"sk_SK\" \/>\n<meta property=\"og:type\" content=\"article\" \/>\n<meta property=\"og:title\" content=\"Soukrom\u00fd pren\u00e1jom motorov\u00e9ho \u010dlnu - Elixir Divers\" \/>\n<meta property=\"og:description\" content=\"[vc_row][vc_column][vc_empty_space height=&#8220;60px&#8220;][vc_column_text]Pren\u00e1jom motorov\u00e9ho \u010dlna je pre t\u00fdch, ktor\u00ed si chc\u00fa u\u017ei\u0165 absol\u00fatne s\u00fakromn\u00e9 \u200b\u200bpot\u00e1panie alebo jednod\u0148ov\u00fd v\u00fdlet s priate\u013emi a rodinou. \u010cas za\u010da\u0165 objavova\u0165 je na va\u0161om pohodl\u00ed a harmonogram z\u00e1vis\u00ed od v\u00e1s a podmienok na mori. N\u00e1\u0161 motorov\u00fd \u010dln m\u00e1 motory Suzuki 300 HP a je po kompletnej renov\u00e1cii v roku 2019. Na\u0161e chartery [&hellip;]\" \/>\n<meta property=\"og:url\" content=\"https:\/\/elixirdivers.com\/transfer-to-koh-yao-yai\/private-speedboat-charters\/\" \/>\n<meta property=\"og:site_name\" content=\"Elixir Divers\" \/>\n<meta property=\"article:publisher\" content=\"https:\/\/www.facebook.com\/Elixir.Divers\/\" \/>\n<meta property=\"article:modified_time\" content=\"2023-11-12T11:40:22+00:00\" \/>\n<meta property=\"og:image\" content=\"https:\/\/elixirdivers.com\/wp-content\/uploads\/2023\/08\/Speedboat-charter1.jpg\" \/>\n\t<meta property=\"og:image:width\" content=\"1800\" \/>\n\t<meta property=\"og:image:height\" content=\"1200\" \/>\n\t<meta property=\"og:image:type\" content=\"image\/jpeg\" \/>\n<meta name=\"twitter:card\" content=\"summary_large_image\" \/>\n<meta name=\"twitter:label1\" content=\"Predpokladan\u00fd \u010das \u010d\u00edtania\" \/>\n\t<meta name=\"twitter:data1\" content=\"1 min\u00fata\" \/>\n<script type=\"application\/ld+json\" class=\"yoast-schema-graph\">{\"@context\":\"https:\/\/schema.org\",\"@graph\":[{\"@type\":\"WebPage\",\"@id\":\"https:\/\/elixirdivers.com\/transfer-to-koh-yao-yai\/private-speedboat-charters\/\",\"url\":\"https:\/\/elixirdivers.com\/transfer-to-koh-yao-yai\/private-speedboat-charters\/\",\"name\":\"Soukrom\u00fd pren\u00e1jom motorov\u00e9ho \u010dlnu - Elixir Divers\",\"isPartOf\":{\"@id\":\"https:\/\/elixirdivers.com\/#website\"},\"primaryImageOfPage\":{\"@id\":\"https:\/\/elixirdivers.com\/transfer-to-koh-yao-yai\/private-speedboat-charters\/#primaryimage\"},\"image\":{\"@id\":\"https:\/\/elixirdivers.com\/transfer-to-koh-yao-yai\/private-speedboat-charters\/#primaryimage\"},\"thumbnailUrl\":\"https:\/\/elixirdivers.com\/wp-content\/uploads\/2023\/08\/Speedboat-charter1.jpg\",\"datePublished\":\"2023-09-06T12:38:19+00:00\",\"dateModified\":\"2023-11-12T11:40:22+00:00\",\"breadcrumb\":{\"@id\":\"https:\/\/elixirdivers.com\/transfer-to-koh-yao-yai\/private-speedboat-charters\/#breadcrumb\"},\"inLanguage\":\"sk-SK\",\"potentialAction\":[{\"@type\":\"ReadAction\",\"target\":[\"https:\/\/elixirdivers.com\/transfer-to-koh-yao-yai\/private-speedboat-charters\/\"]}]},{\"@type\":\"ImageObject\",\"inLanguage\":\"sk-SK\",\"@id\":\"https:\/\/elixirdivers.com\/transfer-to-koh-yao-yai\/private-speedboat-charters\/#primaryimage\",\"url\":\"https:\/\/elixirdivers.com\/wp-content\/uploads\/2023\/08\/Speedboat-charter1.jpg\",\"contentUrl\":\"https:\/\/elixirdivers.com\/wp-content\/uploads\/2023\/08\/Speedboat-charter1.jpg\",\"width\":1800,\"height\":1200,\"caption\":\"2-Engines Speedboat\"},{\"@type\":\"BreadcrumbList\",\"@id\":\"https:\/\/elixirdivers.com\/transfer-to-koh-yao-yai\/private-speedboat-charters\/#breadcrumb\",\"itemListElement\":[{\"@type\":\"ListItem\",\"position\":1,\"name\":\"Home\",\"item\":\"https:\/\/elixirdivers.com\/sk\/\"},{\"@type\":\"ListItem\",\"position\":2,\"name\":\"Transfery\",\"item\":\"http:\/\/elixirdivers.com\/sk\/transfers\/\"},{\"@type\":\"ListItem\",\"position\":3,\"name\":\"Soukrom\u00fd pren\u00e1jom motorov\u00e9ho \u010dlnu\"}]},{\"@type\":\"WebSite\",\"@id\":\"https:\/\/elixirdivers.com\/#website\",\"url\":\"https:\/\/elixirdivers.com\/\",\"name\":\"Elixir Divers\",\"description\":\"\",\"publisher\":{\"@id\":\"https:\/\/elixirdivers.com\/#organization\"},\"potentialAction\":[{\"@type\":\"SearchAction\",\"target\":{\"@type\":\"EntryPoint\",\"urlTemplate\":\"https:\/\/elixirdivers.com\/?s={search_term_string}\"},\"query-input\":{\"@type\":\"PropertyValueSpecification\",\"valueRequired\":true,\"valueName\":\"search_term_string\"}}],\"inLanguage\":\"sk-SK\"},{\"@type\":\"Organization\",\"@id\":\"https:\/\/elixirdivers.com\/#organization\",\"name\":\"Elixir Divers\",\"url\":\"https:\/\/elixirdivers.com\/\",\"logo\":{\"@type\":\"ImageObject\",\"inLanguage\":\"sk-SK\",\"@id\":\"https:\/\/elixirdivers.com\/#\/schema\/logo\/image\/\",\"url\":\"https:\/\/elixirdivers.com\/wp-content\/uploads\/2018\/12\/elixirdivers-logo-blue-1.svg\",\"contentUrl\":\"https:\/\/elixirdivers.com\/wp-content\/uploads\/2018\/12\/elixirdivers-logo-blue-1.svg\",\"width\":800,\"height\":314,\"caption\":\"Elixir Divers\"},\"image\":{\"@id\":\"https:\/\/elixirdivers.com\/#\/schema\/logo\/image\/\"},\"sameAs\":[\"https:\/\/www.facebook.com\/Elixir.Divers\/\",\"https:\/\/www.instagram.com\/elixirdivers\/\",\"https:\/\/www.youtube.com\/@elixirdivers\"]}]}<\/script>\n<!-- \/ Yoast SEO plugin. -->","yoast_head_json":{"title":"Soukrom\u00fd pren\u00e1jom motorov\u00e9ho \u010dlnu - Elixir Divers","robots":{"index":"index","follow":"follow","max-snippet":"max-snippet:-1","max-image-preview":"max-image-preview:large","max-video-preview":"max-video-preview:-1"},"canonical":"https:\/\/elixirdivers.com\/transfer-to-koh-yao-yai\/private-speedboat-charters\/","og_locale":"sk_SK","og_type":"article","og_title":"Soukrom\u00fd pren\u00e1jom motorov\u00e9ho \u010dlnu - Elixir Divers","og_description":"[vc_row][vc_column][vc_empty_space height=&#8220;60px&#8220;][vc_column_text]Pren\u00e1jom motorov\u00e9ho \u010dlna je pre t\u00fdch, ktor\u00ed si chc\u00fa u\u017ei\u0165 absol\u00fatne s\u00fakromn\u00e9 \u200b\u200bpot\u00e1panie alebo jednod\u0148ov\u00fd v\u00fdlet s priate\u013emi a rodinou. \u010cas za\u010da\u0165 objavova\u0165 je na va\u0161om pohodl\u00ed a harmonogram z\u00e1vis\u00ed od v\u00e1s a podmienok na mori. N\u00e1\u0161 motorov\u00fd \u010dln m\u00e1 motory Suzuki 300 HP a je po kompletnej renov\u00e1cii v roku 2019. Na\u0161e chartery [&hellip;]","og_url":"https:\/\/elixirdivers.com\/transfer-to-koh-yao-yai\/private-speedboat-charters\/","og_site_name":"Elixir Divers","article_publisher":"https:\/\/www.facebook.com\/Elixir.Divers\/","article_modified_time":"2023-11-12T11:40:22+00:00","og_image":[{"width":1800,"height":1200,"url":"https:\/\/elixirdivers.com\/wp-content\/uploads\/2023\/08\/Speedboat-charter1.jpg","type":"image\/jpeg"}],"twitter_card":"summary_large_image","twitter_misc":{"Predpokladan\u00fd \u010das \u010d\u00edtania":"1 min\u00fata"},"schema":{"@context":"https:\/\/schema.org","@graph":[{"@type":"WebPage","@id":"https:\/\/elixirdivers.com\/transfer-to-koh-yao-yai\/private-speedboat-charters\/","url":"https:\/\/elixirdivers.com\/transfer-to-koh-yao-yai\/private-speedboat-charters\/","name":"Soukrom\u00fd pren\u00e1jom motorov\u00e9ho \u010dlnu - Elixir Divers","isPartOf":{"@id":"https:\/\/elixirdivers.com\/#website"},"primaryImageOfPage":{"@id":"https:\/\/elixirdivers.com\/transfer-to-koh-yao-yai\/private-speedboat-charters\/#primaryimage"},"image":{"@id":"https:\/\/elixirdivers.com\/transfer-to-koh-yao-yai\/private-speedboat-charters\/#primaryimage"},"thumbnailUrl":"https:\/\/elixirdivers.com\/wp-content\/uploads\/2023\/08\/Speedboat-charter1.jpg","datePublished":"2023-09-06T12:38:19+00:00","dateModified":"2023-11-12T11:40:22+00:00","breadcrumb":{"@id":"https:\/\/elixirdivers.com\/transfer-to-koh-yao-yai\/private-speedboat-charters\/#breadcrumb"},"inLanguage":"sk-SK","potentialAction":[{"@type":"ReadAction","target":["https:\/\/elixirdivers.com\/transfer-to-koh-yao-yai\/private-speedboat-charters\/"]}]},{"@type":"ImageObject","inLanguage":"sk-SK","@id":"https:\/\/elixirdivers.com\/transfer-to-koh-yao-yai\/private-speedboat-charters\/#primaryimage","url":"https:\/\/elixirdivers.com\/wp-content\/uploads\/2023\/08\/Speedboat-charter1.jpg","contentUrl":"https:\/\/elixirdivers.com\/wp-content\/uploads\/2023\/08\/Speedboat-charter1.jpg","width":1800,"height":1200,"caption":"2-Engines Speedboat"},{"@type":"BreadcrumbList","@id":"https:\/\/elixirdivers.com\/transfer-to-koh-yao-yai\/private-speedboat-charters\/#breadcrumb","itemListElement":[{"@type":"ListItem","position":1,"name":"Home","item":"https:\/\/elixirdivers.com\/sk\/"},{"@type":"ListItem","position":2,"name":"Transfery","item":"http:\/\/elixirdivers.com\/sk\/transfers\/"},{"@type":"ListItem","position":3,"name":"Soukrom\u00fd pren\u00e1jom motorov\u00e9ho \u010dlnu"}]},{"@type":"WebSite","@id":"https:\/\/elixirdivers.com\/#website","url":"https:\/\/elixirdivers.com\/","name":"Elixir Divers","description":"","publisher":{"@id":"https:\/\/elixirdivers.com\/#organization"},"potentialAction":[{"@type":"SearchAction","target":{"@type":"EntryPoint","urlTemplate":"https:\/\/elixirdivers.com\/?s={search_term_string}"},"query-input":{"@type":"PropertyValueSpecification","valueRequired":true,"valueName":"search_term_string"}}],"inLanguage":"sk-SK"},{"@type":"Organization","@id":"https:\/\/elixirdivers.com\/#organization","name":"Elixir Divers","url":"https:\/\/elixirdivers.com\/","logo":{"@type":"ImageObject","inLanguage":"sk-SK","@id":"https:\/\/elixirdivers.com\/#\/schema\/logo\/image\/","url":"https:\/\/elixirdivers.com\/wp-content\/uploads\/2018\/12\/elixirdivers-logo-blue-1.svg","contentUrl":"https:\/\/elixirdivers.com\/wp-content\/uploads\/2018\/12\/elixirdivers-logo-blue-1.svg","width":800,"height":314,"caption":"Elixir Divers"},"image":{"@id":"https:\/\/elixirdivers.com\/#\/schema\/logo\/image\/"},"sameAs":["https:\/\/www.facebook.com\/Elixir.Divers\/","https:\/\/www.instagram.com\/elixirdivers\/","https:\/\/www.youtube.com\/@elixirdivers"]}]}},"jetpack_sharing_enabled":true,"_links":{"self":[{"href":"https:\/\/elixirdivers.com\/sk\/wp-json\/wp\/v2\/pages\/9470","targetHints":{"allow":["GET"]}}],"collection":[{"href":"https:\/\/elixirdivers.com\/sk\/wp-json\/wp\/v2\/pages"}],"about":[{"href":"https:\/\/elixirdivers.com\/sk\/wp-json\/wp\/v2\/types\/page"}],"author":[{"embeddable":true,"href":"https:\/\/elixirdivers.com\/sk\/wp-json\/wp\/v2\/users\/1"}],"replies":[{"embeddable":true,"href":"https:\/\/elixirdivers.com\/sk\/wp-json\/wp\/v2\/comments?post=9470"}],"version-history":[{"count":2,"href":"https:\/\/elixirdivers.com\/sk\/wp-json\/wp\/v2\/pages\/9470\/revisions"}],"predecessor-version":[{"id":10158,"href":"https:\/\/elixirdivers.com\/sk\/wp-json\/wp\/v2\/pages\/9470\/revisions\/10158"}],"up":[{"embeddable":true,"href":"https:\/\/elixirdivers.com\/sk\/wp-json\/wp\/v2\/pages\/9466"}],"wp:featuredmedia":[{"embeddable":true,"href":"https:\/\/elixirdivers.com\/sk\/wp-json\/wp\/v2\/media\/8960"}],"wp:attachment":[{"href":"https:\/\/elixirdivers.com\/sk\/wp-json\/wp\/v2\/media?parent=9470"}],"curies":[{"name":"wp","href":"https:\/\/api.w.org\/{rel}","templated":true}]}}