{"id":9472,"date":"2023-09-06T12:19:42","date_gmt":"2023-09-06T12:19:42","guid":{"rendered":"http:\/\/elixirdivers.com\/transfers\/public-boat-transfers\/"},"modified":"2023-11-12T11:29:42","modified_gmt":"2023-11-12T11:29:42","slug":"public-boat-schedule","status":"publish","type":"page","link":"https:\/\/elixirdivers.com\/sk\/transfers\/public-boat-schedule\/","title":{"rendered":"Verejn\u00e1 doprava lo\u010fou"},"content":{"rendered":"<section class=\"wpb-content-wrapper\"><p>[vc_row][vc_column][vc_empty_space height=&#8220;60px&#8220;][vc_column_text el_class=&#8220;st-aboutus-content&#8220;]Ako sa dosta\u0165 na Koh Yao Yai? Pozrite si cestovn\u00fd poriadok verejn\u00fdch plavidiel.<\/p>\n<p>Ni\u017e\u0161ie n\u00e1jdete <strong>verejn\u00fd cestovn\u00fd poriadok lod\u00ed platn\u00fd od 1. novembra 2023, <\/strong>ak si rad\u0161ej zabezpe\u010d\u00edte transfery sami.<\/p>\n<p>Upozor\u0148ujeme, \u017ee plavebn\u00fd poriadok lod\u00ed sa m\u00f4\u017ee zmeni\u0165 bez ak\u00e9hoko\u013evek varovania, preto odpor\u00fa\u010dame kontaktova\u0165 n\u00e1s, aby sme potvrdili \u010das odchodu, najm\u00e4 po\u010das mimosez\u00f3ny.<\/p>\n<p>Pozrite si pros\u00edm sekciu <a href=\"https:\/\/elixirdivers.com\/sk\/transfers\/full-service-transfers\/\">Prevody kompletn\u00fdch slu\u017eieb<\/a> a dovo\u013ete n\u00e1m to zariadi\u0165 za v\u00e1s.[\/vc_column_text][vc_row_inner][vc_column_inner][vc_separator border_width=&#8220;2&#8243;][vc_raw_html]JTVCdGFibGUlMjBpZCUzRCUyMjMxJTIyJTVE[\/vc_raw_html][\/vc_column_inner][\/vc_row_inner][vc_row_inner][vc_column_inner][vc_separator border_width=&#8220;2&#8243;][vc_raw_html]JTVCdGFibGUlMjBpZCUzRCUyMjM0JTIyJTVE[\/vc_raw_html][\/vc_column_inner][\/vc_row_inner][vc_row_inner][vc_column_inner][vc_separator border_width=&#8220;2&#8243;][vc_raw_html]JTVCdGFibGUlMjBpZCUzRCUyMjMyJTIyJTVE[\/vc_raw_html][\/vc_column_inner][\/vc_row_inner][vc_row_inner][vc_column_inner][vc_separator border_width=&#8220;2&#8243;][vc_raw_html]JTVCdGFibGUlMjBpZCUzRCUyMjMzJTIyJTVE[\/vc_raw_html][\/vc_column_inner][\/vc_row_inner][vc_empty_space height=&#8220;60px&#8220;][\/vc_column][\/vc_row]<\/p>\n<\/section>","protected":false},"excerpt":{"rendered":"<p>[vc_row][vc_column][vc_empty_space height=&#8220;60px&#8220;][vc_column_text el_class=&#8220;st-aboutus-content&#8220;]Ako sa dosta\u0165 na Koh Yao Yai? Pozrite si cestovn\u00fd poriadok verejn\u00fdch plavidiel. Ni\u017e\u0161ie n\u00e1jdete verejn\u00fd cestovn\u00fd poriadok lod\u00ed platn\u00fd od 1. novembra 2023, ak si rad\u0161ej zabezpe\u010d\u00edte transfery sami. Upozor\u0148ujeme, \u017ee plavebn\u00fd poriadok lod\u00ed sa m\u00f4\u017ee zmeni\u0165 bez ak\u00e9hoko\u013evek varovania, preto odpor\u00fa\u010dame kontaktova\u0165 n\u00e1s, aby sme potvrdili \u010das odchodu, najm\u00e4 po\u010das mimosez\u00f3ny. [&hellip;]<\/p>\n","protected":false},"author":1,"featured_media":9236,"parent":9466,"menu_order":0,"comment_status":"closed","ping_status":"closed","template":"template-home-modern.php","meta":{"footnotes":""},"class_list":["post-9472","page","type-page","status-publish","has-post-thumbnail","hentry"],"yoast_head":"<!-- This site is optimized with the Yoast SEO plugin v26.8 - https:\/\/yoast.com\/product\/yoast-seo-wordpress\/ -->\n<title>Verejn\u00e1 doprava lo\u010fou - Elixir Divers<\/title>\n<meta name=\"description\" content=\"Ako sa dosta\u0165 na Koh Yao Yai? Tu n\u00e1jdete cestovn\u00fd poriadok verejn\u00fdch lod\u00ed na Koh Yao Yai a sp\u00e4\u0165 na Phuket.\" \/>\n<meta name=\"robots\" content=\"index, follow, max-snippet:-1, max-image-preview:large, max-video-preview:-1\" \/>\n<link rel=\"canonical\" href=\"https:\/\/elixirdivers.com\/transfer-to-koh-yao-yai\/koh-yao-yai-public-boats-schedule\/\" \/>\n<meta property=\"og:locale\" content=\"sk_SK\" \/>\n<meta property=\"og:type\" content=\"article\" \/>\n<meta property=\"og:title\" content=\"Verejn\u00e1 doprava lo\u010fou - Elixir Divers\" \/>\n<meta property=\"og:description\" content=\"Ako sa dosta\u0165 na Koh Yao Yai? Tu n\u00e1jdete cestovn\u00fd poriadok verejn\u00fdch lod\u00ed na Koh Yao Yai a sp\u00e4\u0165 na Phuket.\" \/>\n<meta property=\"og:url\" content=\"https:\/\/elixirdivers.com\/transfer-to-koh-yao-yai\/koh-yao-yai-public-boats-schedule\/\" \/>\n<meta property=\"og:site_name\" content=\"Elixir Divers\" \/>\n<meta property=\"article:publisher\" content=\"https:\/\/www.facebook.com\/Elixir.Divers\/\" \/>\n<meta property=\"article:modified_time\" content=\"2023-11-12T11:29:42+00:00\" \/>\n<meta property=\"og:image\" content=\"https:\/\/elixirdivers.com\/wp-content\/uploads\/2023\/08\/Koh-Yao-Yai-Loh-Jark-pier.jpg\" \/>\n\t<meta property=\"og:image:width\" content=\"1800\" \/>\n\t<meta property=\"og:image:height\" content=\"1192\" \/>\n\t<meta property=\"og:image:type\" content=\"image\/jpeg\" \/>\n<meta name=\"twitter:card\" content=\"summary_large_image\" \/>\n<meta name=\"twitter:label1\" content=\"Predpokladan\u00fd \u010das \u010d\u00edtania\" \/>\n\t<meta name=\"twitter:data1\" content=\"1 min\u00fata\" \/>\n<script type=\"application\/ld+json\" class=\"yoast-schema-graph\">{\"@context\":\"https:\/\/schema.org\",\"@graph\":[{\"@type\":\"WebPage\",\"@id\":\"https:\/\/elixirdivers.com\/transfer-to-koh-yao-yai\/koh-yao-yai-public-boats-schedule\/\",\"url\":\"https:\/\/elixirdivers.com\/transfer-to-koh-yao-yai\/koh-yao-yai-public-boats-schedule\/\",\"name\":\"Verejn\u00e1 doprava lo\u010fou - Elixir Divers\",\"isPartOf\":{\"@id\":\"https:\/\/elixirdivers.com\/#website\"},\"primaryImageOfPage\":{\"@id\":\"https:\/\/elixirdivers.com\/transfer-to-koh-yao-yai\/koh-yao-yai-public-boats-schedule\/#primaryimage\"},\"image\":{\"@id\":\"https:\/\/elixirdivers.com\/transfer-to-koh-yao-yai\/koh-yao-yai-public-boats-schedule\/#primaryimage\"},\"thumbnailUrl\":\"https:\/\/elixirdivers.com\/wp-content\/uploads\/2023\/08\/Koh-Yao-Yai-Loh-Jark-pier.jpg\",\"datePublished\":\"2023-09-06T12:19:42+00:00\",\"dateModified\":\"2023-11-12T11:29:42+00:00\",\"description\":\"Ako sa dosta\u0165 na Koh Yao Yai? Tu n\u00e1jdete cestovn\u00fd poriadok verejn\u00fdch lod\u00ed na Koh Yao Yai a sp\u00e4\u0165 na Phuket.\",\"breadcrumb\":{\"@id\":\"https:\/\/elixirdivers.com\/transfer-to-koh-yao-yai\/koh-yao-yai-public-boats-schedule\/#breadcrumb\"},\"inLanguage\":\"sk-SK\",\"potentialAction\":[{\"@type\":\"ReadAction\",\"target\":[\"https:\/\/elixirdivers.com\/transfer-to-koh-yao-yai\/koh-yao-yai-public-boats-schedule\/\"]}]},{\"@type\":\"ImageObject\",\"inLanguage\":\"sk-SK\",\"@id\":\"https:\/\/elixirdivers.com\/transfer-to-koh-yao-yai\/koh-yao-yai-public-boats-schedule\/#primaryimage\",\"url\":\"https:\/\/elixirdivers.com\/wp-content\/uploads\/2023\/08\/Koh-Yao-Yai-Loh-Jark-pier.jpg\",\"contentUrl\":\"https:\/\/elixirdivers.com\/wp-content\/uploads\/2023\/08\/Koh-Yao-Yai-Loh-Jark-pier.jpg\",\"width\":1800,\"height\":1192,\"caption\":\"Koh Yao Yai Public Boats Schedule\"},{\"@type\":\"BreadcrumbList\",\"@id\":\"https:\/\/elixirdivers.com\/transfer-to-koh-yao-yai\/koh-yao-yai-public-boats-schedule\/#breadcrumb\",\"itemListElement\":[{\"@type\":\"ListItem\",\"position\":1,\"name\":\"Home\",\"item\":\"https:\/\/elixirdivers.com\/sk\/\"},{\"@type\":\"ListItem\",\"position\":2,\"name\":\"Transfery\",\"item\":\"http:\/\/elixirdivers.com\/sk\/transfers\/\"},{\"@type\":\"ListItem\",\"position\":3,\"name\":\"Verejn\u00e1 doprava lo\u010fou\"}]},{\"@type\":\"WebSite\",\"@id\":\"https:\/\/elixirdivers.com\/#website\",\"url\":\"https:\/\/elixirdivers.com\/\",\"name\":\"Elixir Divers\",\"description\":\"\",\"publisher\":{\"@id\":\"https:\/\/elixirdivers.com\/#organization\"},\"potentialAction\":[{\"@type\":\"SearchAction\",\"target\":{\"@type\":\"EntryPoint\",\"urlTemplate\":\"https:\/\/elixirdivers.com\/?s={search_term_string}\"},\"query-input\":{\"@type\":\"PropertyValueSpecification\",\"valueRequired\":true,\"valueName\":\"search_term_string\"}}],\"inLanguage\":\"sk-SK\"},{\"@type\":\"Organization\",\"@id\":\"https:\/\/elixirdivers.com\/#organization\",\"name\":\"Elixir Divers\",\"url\":\"https:\/\/elixirdivers.com\/\",\"logo\":{\"@type\":\"ImageObject\",\"inLanguage\":\"sk-SK\",\"@id\":\"https:\/\/elixirdivers.com\/#\/schema\/logo\/image\/\",\"url\":\"https:\/\/elixirdivers.com\/wp-content\/uploads\/2018\/12\/elixirdivers-logo-blue-1.svg\",\"contentUrl\":\"https:\/\/elixirdivers.com\/wp-content\/uploads\/2018\/12\/elixirdivers-logo-blue-1.svg\",\"width\":800,\"height\":314,\"caption\":\"Elixir Divers\"},\"image\":{\"@id\":\"https:\/\/elixirdivers.com\/#\/schema\/logo\/image\/\"},\"sameAs\":[\"https:\/\/www.facebook.com\/Elixir.Divers\/\",\"https:\/\/www.instagram.com\/elixirdivers\/\",\"https:\/\/www.youtube.com\/@elixirdivers\"]}]}<\/script>\n<!-- \/ Yoast SEO plugin. -->","yoast_head_json":{"title":"Verejn\u00e1 doprava lo\u010fou - Elixir Divers","description":"Ako sa dosta\u0165 na Koh Yao Yai? Tu n\u00e1jdete cestovn\u00fd poriadok verejn\u00fdch lod\u00ed na Koh Yao Yai a sp\u00e4\u0165 na Phuket.","robots":{"index":"index","follow":"follow","max-snippet":"max-snippet:-1","max-image-preview":"max-image-preview:large","max-video-preview":"max-video-preview:-1"},"canonical":"https:\/\/elixirdivers.com\/transfer-to-koh-yao-yai\/koh-yao-yai-public-boats-schedule\/","og_locale":"sk_SK","og_type":"article","og_title":"Verejn\u00e1 doprava lo\u010fou - Elixir Divers","og_description":"Ako sa dosta\u0165 na Koh Yao Yai? Tu n\u00e1jdete cestovn\u00fd poriadok verejn\u00fdch lod\u00ed na Koh Yao Yai a sp\u00e4\u0165 na Phuket.","og_url":"https:\/\/elixirdivers.com\/transfer-to-koh-yao-yai\/koh-yao-yai-public-boats-schedule\/","og_site_name":"Elixir Divers","article_publisher":"https:\/\/www.facebook.com\/Elixir.Divers\/","article_modified_time":"2023-11-12T11:29:42+00:00","og_image":[{"width":1800,"height":1192,"url":"https:\/\/elixirdivers.com\/wp-content\/uploads\/2023\/08\/Koh-Yao-Yai-Loh-Jark-pier.jpg","type":"image\/jpeg"}],"twitter_card":"summary_large_image","twitter_misc":{"Predpokladan\u00fd \u010das \u010d\u00edtania":"1 min\u00fata"},"schema":{"@context":"https:\/\/schema.org","@graph":[{"@type":"WebPage","@id":"https:\/\/elixirdivers.com\/transfer-to-koh-yao-yai\/koh-yao-yai-public-boats-schedule\/","url":"https:\/\/elixirdivers.com\/transfer-to-koh-yao-yai\/koh-yao-yai-public-boats-schedule\/","name":"Verejn\u00e1 doprava lo\u010fou - Elixir Divers","isPartOf":{"@id":"https:\/\/elixirdivers.com\/#website"},"primaryImageOfPage":{"@id":"https:\/\/elixirdivers.com\/transfer-to-koh-yao-yai\/koh-yao-yai-public-boats-schedule\/#primaryimage"},"image":{"@id":"https:\/\/elixirdivers.com\/transfer-to-koh-yao-yai\/koh-yao-yai-public-boats-schedule\/#primaryimage"},"thumbnailUrl":"https:\/\/elixirdivers.com\/wp-content\/uploads\/2023\/08\/Koh-Yao-Yai-Loh-Jark-pier.jpg","datePublished":"2023-09-06T12:19:42+00:00","dateModified":"2023-11-12T11:29:42+00:00","description":"Ako sa dosta\u0165 na Koh Yao Yai? Tu n\u00e1jdete cestovn\u00fd poriadok verejn\u00fdch lod\u00ed na Koh Yao Yai a sp\u00e4\u0165 na Phuket.","breadcrumb":{"@id":"https:\/\/elixirdivers.com\/transfer-to-koh-yao-yai\/koh-yao-yai-public-boats-schedule\/#breadcrumb"},"inLanguage":"sk-SK","potentialAction":[{"@type":"ReadAction","target":["https:\/\/elixirdivers.com\/transfer-to-koh-yao-yai\/koh-yao-yai-public-boats-schedule\/"]}]},{"@type":"ImageObject","inLanguage":"sk-SK","@id":"https:\/\/elixirdivers.com\/transfer-to-koh-yao-yai\/koh-yao-yai-public-boats-schedule\/#primaryimage","url":"https:\/\/elixirdivers.com\/wp-content\/uploads\/2023\/08\/Koh-Yao-Yai-Loh-Jark-pier.jpg","contentUrl":"https:\/\/elixirdivers.com\/wp-content\/uploads\/2023\/08\/Koh-Yao-Yai-Loh-Jark-pier.jpg","width":1800,"height":1192,"caption":"Koh Yao Yai Public Boats Schedule"},{"@type":"BreadcrumbList","@id":"https:\/\/elixirdivers.com\/transfer-to-koh-yao-yai\/koh-yao-yai-public-boats-schedule\/#breadcrumb","itemListElement":[{"@type":"ListItem","position":1,"name":"Home","item":"https:\/\/elixirdivers.com\/sk\/"},{"@type":"ListItem","position":2,"name":"Transfery","item":"http:\/\/elixirdivers.com\/sk\/transfers\/"},{"@type":"ListItem","position":3,"name":"Verejn\u00e1 doprava lo\u010fou"}]},{"@type":"WebSite","@id":"https:\/\/elixirdivers.com\/#website","url":"https:\/\/elixirdivers.com\/","name":"Elixir Divers","description":"","publisher":{"@id":"https:\/\/elixirdivers.com\/#organization"},"potentialAction":[{"@type":"SearchAction","target":{"@type":"EntryPoint","urlTemplate":"https:\/\/elixirdivers.com\/?s={search_term_string}"},"query-input":{"@type":"PropertyValueSpecification","valueRequired":true,"valueName":"search_term_string"}}],"inLanguage":"sk-SK"},{"@type":"Organization","@id":"https:\/\/elixirdivers.com\/#organization","name":"Elixir Divers","url":"https:\/\/elixirdivers.com\/","logo":{"@type":"ImageObject","inLanguage":"sk-SK","@id":"https:\/\/elixirdivers.com\/#\/schema\/logo\/image\/","url":"https:\/\/elixirdivers.com\/wp-content\/uploads\/2018\/12\/elixirdivers-logo-blue-1.svg","contentUrl":"https:\/\/elixirdivers.com\/wp-content\/uploads\/2018\/12\/elixirdivers-logo-blue-1.svg","width":800,"height":314,"caption":"Elixir Divers"},"image":{"@id":"https:\/\/elixirdivers.com\/#\/schema\/logo\/image\/"},"sameAs":["https:\/\/www.facebook.com\/Elixir.Divers\/","https:\/\/www.instagram.com\/elixirdivers\/","https:\/\/www.youtube.com\/@elixirdivers"]}]}},"jetpack_sharing_enabled":true,"_links":{"self":[{"href":"https:\/\/elixirdivers.com\/sk\/wp-json\/wp\/v2\/pages\/9472","targetHints":{"allow":["GET"]}}],"collection":[{"href":"https:\/\/elixirdivers.com\/sk\/wp-json\/wp\/v2\/pages"}],"about":[{"href":"https:\/\/elixirdivers.com\/sk\/wp-json\/wp\/v2\/types\/page"}],"author":[{"embeddable":true,"href":"https:\/\/elixirdivers.com\/sk\/wp-json\/wp\/v2\/users\/1"}],"replies":[{"embeddable":true,"href":"https:\/\/elixirdivers.com\/sk\/wp-json\/wp\/v2\/comments?post=9472"}],"version-history":[{"count":6,"href":"https:\/\/elixirdivers.com\/sk\/wp-json\/wp\/v2\/pages\/9472\/revisions"}],"predecessor-version":[{"id":10153,"href":"https:\/\/elixirdivers.com\/sk\/wp-json\/wp\/v2\/pages\/9472\/revisions\/10153"}],"up":[{"embeddable":true,"href":"https:\/\/elixirdivers.com\/sk\/wp-json\/wp\/v2\/pages\/9466"}],"wp:featuredmedia":[{"embeddable":true,"href":"https:\/\/elixirdivers.com\/sk\/wp-json\/wp\/v2\/media\/9236"}],"wp:attachment":[{"href":"https:\/\/elixirdivers.com\/sk\/wp-json\/wp\/v2\/media?parent=9472"}],"curies":[{"name":"wp","href":"https:\/\/api.w.org\/{rel}","templated":true}]}}