{"id":9474,"date":"2023-09-06T12:29:16","date_gmt":"2023-09-06T12:29:16","guid":{"rendered":"http:\/\/elixirdivers.com\/transfers\/speedboat-transfers\/"},"modified":"2023-11-12T11:37:11","modified_gmt":"2023-11-12T11:37:11","slug":"speedboat-transfers","status":"publish","type":"page","link":"https:\/\/elixirdivers.com\/sk\/transfers\/speedboat-transfers\/","title":{"rendered":"Jednosmern\u00e9 transfery r\u00fdchlo\u010dlnom"},"content":{"rendered":"<section class=\"wpb-content-wrapper\"><p>[vc_row][vc_column][vc_empty_space height=&#8220;60px&#8220;][vc_column_text]<\/p>\n<h2>Jednosmern\u00e1 doprava motorov\u00fdm \u010dlnom<\/h2>\n<p>[\/vc_column_text][vc_raw_html]JTVCdGFibGUlMjBpZCUzRCUyMjElMjIlNUQ=[\/vc_raw_html][vc_column_text]Royal Phuket Marina si \u00fa\u010dtuje poplatky za odvoz.<\/p>\n<p>Ceny sa m\u00f4\u017eu zmeni\u0165. Ceny z\u00e1visia aj od presn\u00e9ho miesta odchodu a po\u010dtu cestuj\u00facich.[\/vc_column_text][vc_empty_space height=&#8220;60px&#8220;][\/vc_column][\/vc_row]<\/p>\n<\/section>","protected":false},"excerpt":{"rendered":"<p>[vc_row][vc_column][vc_empty_space height=&#8220;60px&#8220;][vc_column_text] Jednosmern\u00e1 doprava motorov\u00fdm \u010dlnom [\/vc_column_text][vc_raw_html]JTVCdGFibGUlMjBpZCUzRCUyMjElMjIlNUQ=[\/vc_raw_html][vc_column_text]Royal Phuket Marina si \u00fa\u010dtuje poplatky za odvoz. Ceny sa m\u00f4\u017eu zmeni\u0165. Ceny z\u00e1visia aj od presn\u00e9ho miesta odchodu a po\u010dtu cestuj\u00facich.[\/vc_column_text][vc_empty_space height=&#8220;60px&#8220;][\/vc_column][\/vc_row]<\/p>\n","protected":false},"author":1,"featured_media":8962,"parent":9466,"menu_order":0,"comment_status":"closed","ping_status":"closed","template":"template-home-modern.php","meta":{"footnotes":""},"class_list":["post-9474","page","type-page","status-publish","has-post-thumbnail","hentry"],"yoast_head":"<!-- This site is optimized with the Yoast SEO plugin v27.5 - https:\/\/yoast.com\/product\/yoast-seo-wordpress\/ -->\n<title>Jednosmern\u00e9 transfery r\u00fdchlo\u010dlnom - Elixir Divers<\/title>\n<meta name=\"robots\" content=\"index, follow, max-snippet:-1, max-image-preview:large, max-video-preview:-1\" \/>\n<link rel=\"canonical\" href=\"http:\/\/elixirdivers.com\/sk\/transfers\/speedboat-transfers\/\" \/>\n<meta property=\"og:locale\" content=\"sk_SK\" \/>\n<meta property=\"og:type\" content=\"article\" \/>\n<meta property=\"og:title\" content=\"Jednosmern\u00e9 transfery r\u00fdchlo\u010dlnom - Elixir Divers\" \/>\n<meta property=\"og:description\" content=\"[vc_row][vc_column][vc_empty_space height=&#8220;60px&#8220;][vc_column_text] Jednosmern\u00e1 doprava motorov\u00fdm \u010dlnom [\/vc_column_text][vc_raw_html]JTVCdGFibGUlMjBpZCUzRCUyMjElMjIlNUQ=[\/vc_raw_html][vc_column_text]Royal Phuket Marina si \u00fa\u010dtuje poplatky za odvoz. Ceny sa m\u00f4\u017eu zmeni\u0165. Ceny z\u00e1visia aj od presn\u00e9ho miesta odchodu a po\u010dtu cestuj\u00facich.[\/vc_column_text][vc_empty_space height=&#8220;60px&#8220;][\/vc_column][\/vc_row]\" \/>\n<meta property=\"og:url\" content=\"http:\/\/elixirdivers.com\/sk\/transfers\/speedboat-transfers\/\" \/>\n<meta property=\"og:site_name\" content=\"Elixir Divers\" \/>\n<meta property=\"article:publisher\" content=\"https:\/\/www.facebook.com\/Elixir.Divers\/\" \/>\n<meta property=\"article:modified_time\" content=\"2023-11-12T11:37:11+00:00\" \/>\n<meta property=\"og:image\" content=\"http:\/\/elixirdivers.com\/wp-content\/uploads\/2023\/08\/Speedboat-charter2.jpg\" \/>\n\t<meta property=\"og:image:width\" content=\"1800\" \/>\n\t<meta property=\"og:image:height\" content=\"1200\" \/>\n\t<meta property=\"og:image:type\" content=\"image\/jpeg\" \/>\n<meta name=\"twitter:card\" content=\"summary_large_image\" \/>\n<meta name=\"twitter:label1\" content=\"Predpokladan\u00fd \u010das \u010d\u00edtania\" \/>\n\t<meta name=\"twitter:data1\" content=\"1 min\u00fata\" \/>\n<script type=\"application\/ld+json\" class=\"yoast-schema-graph\">{\"@context\":\"https:\\\/\\\/schema.org\",\"@graph\":[{\"@type\":\"WebPage\",\"@id\":\"http:\\\/\\\/elixirdivers.com\\\/sk\\\/transfers\\\/speedboat-transfers\\\/\",\"url\":\"http:\\\/\\\/elixirdivers.com\\\/sk\\\/transfers\\\/speedboat-transfers\\\/\",\"name\":\"Jednosmern\u00e9 transfery r\u00fdchlo\u010dlnom - Elixir Divers\",\"isPartOf\":{\"@id\":\"https:\\\/\\\/elixirdivers.com\\\/#website\"},\"primaryImageOfPage\":{\"@id\":\"http:\\\/\\\/elixirdivers.com\\\/sk\\\/transfers\\\/speedboat-transfers\\\/#primaryimage\"},\"image\":{\"@id\":\"http:\\\/\\\/elixirdivers.com\\\/sk\\\/transfers\\\/speedboat-transfers\\\/#primaryimage\"},\"thumbnailUrl\":\"https:\\\/\\\/elixirdivers.com\\\/wp-content\\\/uploads\\\/2023\\\/08\\\/Speedboat-charter2.jpg\",\"datePublished\":\"2023-09-06T12:29:16+00:00\",\"dateModified\":\"2023-11-12T11:37:11+00:00\",\"breadcrumb\":{\"@id\":\"http:\\\/\\\/elixirdivers.com\\\/sk\\\/transfers\\\/speedboat-transfers\\\/#breadcrumb\"},\"inLanguage\":\"sk-SK\",\"potentialAction\":[{\"@type\":\"ReadAction\",\"target\":[\"http:\\\/\\\/elixirdivers.com\\\/sk\\\/transfers\\\/speedboat-transfers\\\/\"]}]},{\"@type\":\"ImageObject\",\"inLanguage\":\"sk-SK\",\"@id\":\"http:\\\/\\\/elixirdivers.com\\\/sk\\\/transfers\\\/speedboat-transfers\\\/#primaryimage\",\"url\":\"https:\\\/\\\/elixirdivers.com\\\/wp-content\\\/uploads\\\/2023\\\/08\\\/Speedboat-charter2.jpg\",\"contentUrl\":\"https:\\\/\\\/elixirdivers.com\\\/wp-content\\\/uploads\\\/2023\\\/08\\\/Speedboat-charter2.jpg\",\"width\":1800,\"height\":1200,\"caption\":\"2-Engines Speedboat\"},{\"@type\":\"BreadcrumbList\",\"@id\":\"http:\\\/\\\/elixirdivers.com\\\/sk\\\/transfers\\\/speedboat-transfers\\\/#breadcrumb\",\"itemListElement\":[{\"@type\":\"ListItem\",\"position\":1,\"name\":\"Home\",\"item\":\"https:\\\/\\\/elixirdivers.com\\\/sk\\\/\"},{\"@type\":\"ListItem\",\"position\":2,\"name\":\"Transfery\",\"item\":\"http:\\\/\\\/elixirdivers.com\\\/sk\\\/transfers\\\/\"},{\"@type\":\"ListItem\",\"position\":3,\"name\":\"Jednosmern\u00e9 transfery r\u00fdchlo\u010dlnom\"}]},{\"@type\":\"WebSite\",\"@id\":\"https:\\\/\\\/elixirdivers.com\\\/#website\",\"url\":\"https:\\\/\\\/elixirdivers.com\\\/\",\"name\":\"Elixir Divers\",\"description\":\"\",\"publisher\":{\"@id\":\"https:\\\/\\\/elixirdivers.com\\\/#organization\"},\"potentialAction\":[{\"@type\":\"SearchAction\",\"target\":{\"@type\":\"EntryPoint\",\"urlTemplate\":\"https:\\\/\\\/elixirdivers.com\\\/?s={search_term_string}\"},\"query-input\":{\"@type\":\"PropertyValueSpecification\",\"valueRequired\":true,\"valueName\":\"search_term_string\"}}],\"inLanguage\":\"sk-SK\"},{\"@type\":\"Organization\",\"@id\":\"https:\\\/\\\/elixirdivers.com\\\/#organization\",\"name\":\"Elixir Divers\",\"url\":\"https:\\\/\\\/elixirdivers.com\\\/\",\"logo\":{\"@type\":\"ImageObject\",\"inLanguage\":\"sk-SK\",\"@id\":\"https:\\\/\\\/elixirdivers.com\\\/#\\\/schema\\\/logo\\\/image\\\/\",\"url\":\"https:\\\/\\\/elixirdivers.com\\\/wp-content\\\/uploads\\\/2018\\\/12\\\/elixirdivers-logo-blue-1.svg\",\"contentUrl\":\"https:\\\/\\\/elixirdivers.com\\\/wp-content\\\/uploads\\\/2018\\\/12\\\/elixirdivers-logo-blue-1.svg\",\"width\":800,\"height\":314,\"caption\":\"Elixir Divers\"},\"image\":{\"@id\":\"https:\\\/\\\/elixirdivers.com\\\/#\\\/schema\\\/logo\\\/image\\\/\"},\"sameAs\":[\"https:\\\/\\\/www.facebook.com\\\/Elixir.Divers\\\/\",\"https:\\\/\\\/www.instagram.com\\\/elixirdivers\\\/\",\"https:\\\/\\\/www.youtube.com\\\/@elixirdivers\"]}]}<\/script>\n<!-- \/ Yoast SEO plugin. -->","yoast_head_json":{"title":"Jednosmern\u00e9 transfery r\u00fdchlo\u010dlnom - Elixir Divers","robots":{"index":"index","follow":"follow","max-snippet":"max-snippet:-1","max-image-preview":"max-image-preview:large","max-video-preview":"max-video-preview:-1"},"canonical":"http:\/\/elixirdivers.com\/sk\/transfers\/speedboat-transfers\/","og_locale":"sk_SK","og_type":"article","og_title":"Jednosmern\u00e9 transfery r\u00fdchlo\u010dlnom - Elixir Divers","og_description":"[vc_row][vc_column][vc_empty_space height=&#8220;60px&#8220;][vc_column_text] Jednosmern\u00e1 doprava motorov\u00fdm \u010dlnom [\/vc_column_text][vc_raw_html]JTVCdGFibGUlMjBpZCUzRCUyMjElMjIlNUQ=[\/vc_raw_html][vc_column_text]Royal Phuket Marina si \u00fa\u010dtuje poplatky za odvoz. Ceny sa m\u00f4\u017eu zmeni\u0165. Ceny z\u00e1visia aj od presn\u00e9ho miesta odchodu a po\u010dtu cestuj\u00facich.[\/vc_column_text][vc_empty_space height=&#8220;60px&#8220;][\/vc_column][\/vc_row]","og_url":"http:\/\/elixirdivers.com\/sk\/transfers\/speedboat-transfers\/","og_site_name":"Elixir Divers","article_publisher":"https:\/\/www.facebook.com\/Elixir.Divers\/","article_modified_time":"2023-11-12T11:37:11+00:00","og_image":[{"width":1800,"height":1200,"url":"http:\/\/elixirdivers.com\/wp-content\/uploads\/2023\/08\/Speedboat-charter2.jpg","type":"image\/jpeg"}],"twitter_card":"summary_large_image","twitter_misc":{"Predpokladan\u00fd \u010das \u010d\u00edtania":"1 min\u00fata"},"schema":{"@context":"https:\/\/schema.org","@graph":[{"@type":"WebPage","@id":"http:\/\/elixirdivers.com\/sk\/transfers\/speedboat-transfers\/","url":"http:\/\/elixirdivers.com\/sk\/transfers\/speedboat-transfers\/","name":"Jednosmern\u00e9 transfery r\u00fdchlo\u010dlnom - Elixir Divers","isPartOf":{"@id":"https:\/\/elixirdivers.com\/#website"},"primaryImageOfPage":{"@id":"http:\/\/elixirdivers.com\/sk\/transfers\/speedboat-transfers\/#primaryimage"},"image":{"@id":"http:\/\/elixirdivers.com\/sk\/transfers\/speedboat-transfers\/#primaryimage"},"thumbnailUrl":"https:\/\/elixirdivers.com\/wp-content\/uploads\/2023\/08\/Speedboat-charter2.jpg","datePublished":"2023-09-06T12:29:16+00:00","dateModified":"2023-11-12T11:37:11+00:00","breadcrumb":{"@id":"http:\/\/elixirdivers.com\/sk\/transfers\/speedboat-transfers\/#breadcrumb"},"inLanguage":"sk-SK","potentialAction":[{"@type":"ReadAction","target":["http:\/\/elixirdivers.com\/sk\/transfers\/speedboat-transfers\/"]}]},{"@type":"ImageObject","inLanguage":"sk-SK","@id":"http:\/\/elixirdivers.com\/sk\/transfers\/speedboat-transfers\/#primaryimage","url":"https:\/\/elixirdivers.com\/wp-content\/uploads\/2023\/08\/Speedboat-charter2.jpg","contentUrl":"https:\/\/elixirdivers.com\/wp-content\/uploads\/2023\/08\/Speedboat-charter2.jpg","width":1800,"height":1200,"caption":"2-Engines Speedboat"},{"@type":"BreadcrumbList","@id":"http:\/\/elixirdivers.com\/sk\/transfers\/speedboat-transfers\/#breadcrumb","itemListElement":[{"@type":"ListItem","position":1,"name":"Home","item":"https:\/\/elixirdivers.com\/sk\/"},{"@type":"ListItem","position":2,"name":"Transfery","item":"http:\/\/elixirdivers.com\/sk\/transfers\/"},{"@type":"ListItem","position":3,"name":"Jednosmern\u00e9 transfery r\u00fdchlo\u010dlnom"}]},{"@type":"WebSite","@id":"https:\/\/elixirdivers.com\/#website","url":"https:\/\/elixirdivers.com\/","name":"Elixir Divers","description":"","publisher":{"@id":"https:\/\/elixirdivers.com\/#organization"},"potentialAction":[{"@type":"SearchAction","target":{"@type":"EntryPoint","urlTemplate":"https:\/\/elixirdivers.com\/?s={search_term_string}"},"query-input":{"@type":"PropertyValueSpecification","valueRequired":true,"valueName":"search_term_string"}}],"inLanguage":"sk-SK"},{"@type":"Organization","@id":"https:\/\/elixirdivers.com\/#organization","name":"Elixir Divers","url":"https:\/\/elixirdivers.com\/","logo":{"@type":"ImageObject","inLanguage":"sk-SK","@id":"https:\/\/elixirdivers.com\/#\/schema\/logo\/image\/","url":"https:\/\/elixirdivers.com\/wp-content\/uploads\/2018\/12\/elixirdivers-logo-blue-1.svg","contentUrl":"https:\/\/elixirdivers.com\/wp-content\/uploads\/2018\/12\/elixirdivers-logo-blue-1.svg","width":800,"height":314,"caption":"Elixir Divers"},"image":{"@id":"https:\/\/elixirdivers.com\/#\/schema\/logo\/image\/"},"sameAs":["https:\/\/www.facebook.com\/Elixir.Divers\/","https:\/\/www.instagram.com\/elixirdivers\/","https:\/\/www.youtube.com\/@elixirdivers"]}]}},"jetpack_sharing_enabled":true,"_links":{"self":[{"href":"https:\/\/elixirdivers.com\/sk\/wp-json\/wp\/v2\/pages\/9474","targetHints":{"allow":["GET"]}}],"collection":[{"href":"https:\/\/elixirdivers.com\/sk\/wp-json\/wp\/v2\/pages"}],"about":[{"href":"https:\/\/elixirdivers.com\/sk\/wp-json\/wp\/v2\/types\/page"}],"author":[{"embeddable":true,"href":"https:\/\/elixirdivers.com\/sk\/wp-json\/wp\/v2\/users\/1"}],"replies":[{"embeddable":true,"href":"https:\/\/elixirdivers.com\/sk\/wp-json\/wp\/v2\/comments?post=9474"}],"version-history":[{"count":4,"href":"https:\/\/elixirdivers.com\/sk\/wp-json\/wp\/v2\/pages\/9474\/revisions"}],"predecessor-version":[{"id":10156,"href":"https:\/\/elixirdivers.com\/sk\/wp-json\/wp\/v2\/pages\/9474\/revisions\/10156"}],"up":[{"embeddable":true,"href":"https:\/\/elixirdivers.com\/sk\/wp-json\/wp\/v2\/pages\/9466"}],"wp:featuredmedia":[{"embeddable":true,"href":"https:\/\/elixirdivers.com\/sk\/wp-json\/wp\/v2\/media\/8962"}],"wp:attachment":[{"href":"https:\/\/elixirdivers.com\/sk\/wp-json\/wp\/v2\/media?parent=9474"}],"curies":[{"name":"wp","href":"https:\/\/api.w.org\/{rel}","templated":true}]}}